{"id":2859,"date":"2016-10-03T16:29:39","date_gmt":"2016-10-03T15:29:39","guid":{"rendered":"http:\/\/persoclo.fr\/?post_type=product&#038;p=2859"},"modified":"2017-08-30T00:08:16","modified_gmt":"2017-08-29T23:08:16","slug":"t-shirt-glamour-famous","status":"publish","type":"product","link":"https:\/\/persoclo.fr\/en\/shopping\/t-shirt-glamour-famous\/","title":{"rendered":"T-Shirt Glamour &#038; Famous"},"content":{"rendered":"<h3 class=\"page-product-heading\">FICHE TECHNIQUE<\/h3>\n<table class=\"table-data-sheet\">\n<tbody>\n<tr class=\"odd\">\n<td>Lavable en machine<\/td>\n<td>30\u00b0<\/td>\n<\/tr>\n<tr class=\"even\">\n<td>S\u00e8che linge<\/td>\n<td>Non<\/td>\n<\/tr>\n<tr class=\"odd\">\n<td>Repassage<\/td>\n<td>\u2022<\/td>\n<\/tr>\n<tr class=\"even\">\n<td>Mati\u00e8res<\/td>\n<td>100% coton<\/td>\n<\/tr>\n<tr class=\"odd\">\n<td>Longueur<\/td>\n<td style=\"text-align: left;\">70 cm<\/td>\n<\/tr>\n<\/tbody>\n<\/table>\n<h3>Fabrication :<\/h3>\n<ul class=\"block_content bullet\">\n<li>\n<h5>Fil : Italie<\/h5>\n<\/li>\n<li>\n<h5>Tricotage tissu : France<\/h5>\n<\/li>\n<li>\n<h5>Impression : France<\/h5>\n<\/li>\n<li>\n<h5>Confection : France<\/h5>\n<\/li>\n<li>\n<h5>Mod\u00e8le et dessin : France<\/h5>\n<\/li>\n<\/ul>\n","protected":false},"excerpt":{"rendered":"<p>Ce t-shirt long (70cm) \u00e0 col rond en jersey 100% coton 140g\/m\u00b2 de qualit\u00e9 premium, allie \u00e9l\u00e9gance, romantisme et glamour.<\/p>\n<p>La coupe cintr\u00e9 rehausse son cot\u00e9 \u00e9l\u00e9gant tandis que l&#8217;imprim\u00e9 int\u00e9gral lui donne une touche de caract\u00e8re.<\/p>\n<p>Adoptez la tendance de l&#8217;imprim\u00e9 int\u00e9gral de la saison.<\/p>\n<p><strong>Dessin en \u00e9dition limit\u00e9e.<\/strong><\/p>\n<p>Tissu tricot\u00e9, imprim\u00e9 et confectionn\u00e9 en France.<\/p>\n","protected":false},"featured_media":2864,"comment_status":"open","ping_status":"closed","template":"","meta":[],"product_brand":[],"product_cat":[6,18,42,215],"product_tag":[160],"class_list":{"0":"post-2859","1":"product","2":"type-product","3":"status-publish","4":"has-post-thumbnail","6":"product_cat-femme","7":"product_cat-haut-pour-elle","8":"product_cat-tout","9":"product_cat-vetements","10":"product_tag-gohia","12":"first","13":"instock","14":"taxable","15":"shipping-taxable","16":"purchasable","17":"product-type-variable"},"translation":{"provider":"WPGlobus","version":"3.0.2","language":"en","enabled_languages":["fr","en"],"languages":{"fr":{"title":true,"content":true,"excerpt":true},"en":{"title":false,"content":false,"excerpt":false}}},"aioseo_notices":[],"_links":{"self":[{"href":"https:\/\/persoclo.fr\/en\/wp-json\/wp\/v2\/product\/2859","targetHints":{"allow":["GET"]}}],"collection":[{"href":"https:\/\/persoclo.fr\/en\/wp-json\/wp\/v2\/product"}],"about":[{"href":"https:\/\/persoclo.fr\/en\/wp-json\/wp\/v2\/types\/product"}],"replies":[{"embeddable":true,"href":"https:\/\/persoclo.fr\/en\/wp-json\/wp\/v2\/comments?post=2859"}],"wp:featuredmedia":[{"embeddable":true,"href":"https:\/\/persoclo.fr\/en\/wp-json\/wp\/v2\/media\/2864"}],"wp:attachment":[{"href":"https:\/\/persoclo.fr\/en\/wp-json\/wp\/v2\/media?parent=2859"}],"wp:term":[{"taxonomy":"product_brand","embeddable":true,"href":"https:\/\/persoclo.fr\/en\/wp-json\/wp\/v2\/product_brand?post=2859"},{"taxonomy":"product_cat","embeddable":true,"href":"https:\/\/persoclo.fr\/en\/wp-json\/wp\/v2\/product_cat?post=2859"},{"taxonomy":"product_tag","embeddable":true,"href":"https:\/\/persoclo.fr\/en\/wp-json\/wp\/v2\/product_tag?post=2859"}],"curies":[{"name":"wp","href":"https:\/\/api.w.org\/{rel}","templated":true}]}}