{"id":2852,"date":"2016-10-03T16:16:10","date_gmt":"2016-10-03T15:16:10","guid":{"rendered":"http:\/\/persoclo.fr\/?post_type=product&#038;p=2852"},"modified":"2017-08-30T00:08:35","modified_gmt":"2017-08-29T23:08:35","slug":"boxer-araignee","status":"publish","type":"product","link":"https:\/\/persoclo.fr\/en\/shopping\/boxer-araignee\/","title":{"rendered":"Boxer Araign\u00e9e"},"content":{"rendered":"<h3 class=\"page-product-heading\">FICHE TECHNIQUE<\/h3>\n<table class=\"table-data-sheet\">\n<tbody>\n<tr class=\"odd\">\n<td>Lavable en machine<\/td>\n<td>30\u00b0<\/td>\n<\/tr>\n<tr class=\"even\">\n<td>S\u00e8che linge<\/td>\n<td>Non<\/td>\n<\/tr>\n<tr class=\"odd\">\n<td>Repassage<\/td>\n<td>d\u00e9conseill\u00e9<\/td>\n<\/tr>\n<tr class=\"even\">\n<td>Mati\u00e8res<\/td>\n<td>95% coton \/ 5% \u00e9lasthane<\/td>\n<\/tr>\n<tr class=\"odd\">\n<td>Ceinture<\/td>\n<td>45% polyamide \/ 28% polyester \/ 27% \u00e9lastodiene<\/td>\n<\/tr>\n<tr class=\"even\">\n<td>Tour de ceinture Boxer Homme<\/td>\n<td>Taille S de 68 \u00e0 74 cm &#8211; Taille M de 74 \u00e0 82 cm &#8211; Taille L de 82 \u00e0 90 cm &#8211; Taille XL de 90 \u00e0 98 cm &#8211; Taille XXL de 98 \u00e0 106 cm &#8211; Taille XXXL de 106 \u00e0 116 cm<\/td>\n<\/tr>\n<\/tbody>\n<\/table>\n<h3 class=\"page-product-heading\">EN SAVOIR PLUS<\/h3>\n<div class=\"rte\">\n<p>La fabrication des boxers GOHIA\u00ae Imprim\u00e9s \u00e0 n\u00e9cessit\u00e9 l&#8217;intervention de 2 bureaux de style et de 6 ateliers de fabrication <strong>tous situ\u00e9s en France<\/strong> b\u00e9n\u00e9ficiant de labels d&#8217;excellence et engag\u00e9s pour:<\/p>\n<ul>\n<li>Un textile \u00e9thique \u00e9co-responsable<\/li>\n<li>Des textiles ne contenant\u00a0<strong>pas d\u2019\u00e9l\u00e9ments chimiques nocifs<\/strong> pour<strong>\u00a0<\/strong>la sant\u00e9 et la peau<\/li>\n<li>La ma\u00eetrise des impacts li\u00e9s \u00e0 l\u2019activit\u00e9 de l\u2019entreprise<\/li>\n<li>Le maintien des emplois en France<\/li>\n<li>La transmission du savoir-faire<\/li>\n<\/ul>\n<\/div>\n","protected":false},"excerpt":{"rendered":"<p><strong>Le boxer GOHIA\u00ae Brush est enti\u00e8rement fabriqu\u00e9 en France, de la fabrication du tissu, \u00e0 la confection de l&#8217;article en passant par sa ceinture. La hauteur de celle ci ainsi que le tissu 95% coton 5% \u00e9lasthanne, vous garantissent un confort exceptionnel pour ce produit de tr\u00e8s haute qualit\u00e9.<\/strong><\/p>\n<p>Se d\u00e9cline en 3 variantes Brush vert, rouge ou bleu<br \/>\n<strong>Plut\u00f4t qu&#8217;un boxer portez un GOHIA !<\/strong><\/p>\n<ul>\n<li>\n<h3>Tissage ou tricotage : France<\/h3>\n<\/li>\n<li>\n<h3>Impression ou teinture : France<\/h3>\n<\/li>\n<li>\n<h3>Confection : France<\/h3>\n<\/li>\n<li>\n<h3>Elastiques &amp; \u00e9tiquettes : France<\/h3>\n<\/li>\n<\/ul>\n","protected":false},"featured_media":2857,"comment_status":"open","ping_status":"closed","template":"","meta":[],"product_brand":[],"product_cat":[66,12,42,215],"product_tag":[160],"class_list":{"0":"post-2852","1":"product","2":"type-product","3":"status-publish","4":"has-post-thumbnail","6":"product_cat-calecon-boxer-slip","7":"product_cat-homme","8":"product_cat-tout","9":"product_cat-vetements","10":"product_tag-gohia","12":"first","13":"instock","14":"taxable","15":"shipping-taxable","16":"purchasable","17":"product-type-variable"},"translation":{"provider":"WPGlobus","version":"3.0.2","language":"en","enabled_languages":["fr","en"],"languages":{"fr":{"title":true,"content":true,"excerpt":true},"en":{"title":false,"content":false,"excerpt":false}}},"aioseo_notices":[],"_links":{"self":[{"href":"https:\/\/persoclo.fr\/en\/wp-json\/wp\/v2\/product\/2852","targetHints":{"allow":["GET"]}}],"collection":[{"href":"https:\/\/persoclo.fr\/en\/wp-json\/wp\/v2\/product"}],"about":[{"href":"https:\/\/persoclo.fr\/en\/wp-json\/wp\/v2\/types\/product"}],"replies":[{"embeddable":true,"href":"https:\/\/persoclo.fr\/en\/wp-json\/wp\/v2\/comments?post=2852"}],"wp:featuredmedia":[{"embeddable":true,"href":"https:\/\/persoclo.fr\/en\/wp-json\/wp\/v2\/media\/2857"}],"wp:attachment":[{"href":"https:\/\/persoclo.fr\/en\/wp-json\/wp\/v2\/media?parent=2852"}],"wp:term":[{"taxonomy":"product_brand","embeddable":true,"href":"https:\/\/persoclo.fr\/en\/wp-json\/wp\/v2\/product_brand?post=2852"},{"taxonomy":"product_cat","embeddable":true,"href":"https:\/\/persoclo.fr\/en\/wp-json\/wp\/v2\/product_cat?post=2852"},{"taxonomy":"product_tag","embeddable":true,"href":"https:\/\/persoclo.fr\/en\/wp-json\/wp\/v2\/product_tag?post=2852"}],"curies":[{"name":"wp","href":"https:\/\/api.w.org\/{rel}","templated":true}]}}