{"id":2785,"date":"2016-11-26T20:09:41","date_gmt":"2016-11-26T19:09:41","guid":{"rendered":"http:\/\/persoclo.fr\/?post_type=product&#038;p=2785"},"modified":"2019-09-12T04:15:10","modified_gmt":"2019-09-12T03:15:10","slug":"boxers-unis-skin","status":"publish","type":"product","link":"https:\/\/persoclo.fr\/en\/shopping\/boxers-unis-skin\/","title":{"rendered":"Boxers Unis &#8220;SKIN&#8221;"},"content":{"rendered":"<p><strong>FICHE TECHNIQUE<\/strong><\/p>\n<p>Lavable en machine 30\u00b0<br \/>\nS\u00e8che linge Non<br \/>\nRepassage Non<br \/>\nMati\u00e8res 95% coton \/ 5% \u00e9lasthane<br \/>\nCeinture 45% polyamide \/ 28% polyester \/ 27% \u00e9lastodiene<br \/>\nEN SAVOIR PLUS<\/p>\n<p>La fabrication des boxers GOHIA\u00ae &#8220;SKIN&#8221; \u00e0 n\u00e9cessit\u00e9 l&#8217;intervention de 6 ateliers de fabrication tous situ\u00e9s en France b\u00e9n\u00e9ficiant de labels d&#8217;excellence et engag\u00e9s pour:<\/p>\n<ul>\n<li>Un textile \u00e9thique \u00e9co-responsable<\/li>\n<li>Des textiles ne contenant pas d\u2019\u00e9l\u00e9ments chimiques nocifs pour la sant\u00e9 et la peau<\/li>\n<li>La ma\u00eetrise des impacts li\u00e9s \u00e0 l\u2019activit\u00e9 de l\u2019entreprise<\/li>\n<li>Le maintien des emplois en France<\/li>\n<li>La transmission du savoir-faire<\/li>\n<li>Tissage ou tricotage : France<\/li>\n<li>Impression ou teinture : France<\/li>\n<li>Confection : France<\/li>\n<li>Elastiques &amp; \u00e9tiquettes : France<\/li>\n<\/ul>\n","protected":false},"excerpt":{"rendered":"<p style=\"text-align: justify;\">Le Boxer collection SKIN par GOHIA\u00ae &#8230; comme une seconde peau. R\u00e9sultat du d\u00e9veloppement par nos partenaires, le boxer SKIN se distingue par la souplesse de son tissu. En coton 95%, \u00e9lasthanne 5% ,il s&#8217;ajuste parfaitement \u00e0 toutes les silhouettes<br \/>\nTous les \u00e9l\u00e9ments composant cet article sont fabriqu\u00e9s en France<\/p>\n","protected":false},"featured_media":2848,"comment_status":"open","ping_status":"closed","template":"","meta":[],"product_brand":[],"product_cat":[84,66,12,42,215],"product_tag":[160],"class_list":{"0":"post-2785","1":"product","2":"type-product","3":"status-publish","4":"has-post-thumbnail","6":"product_cat-best-of","7":"product_cat-calecon-boxer-slip","8":"product_cat-homme","9":"product_cat-tout","10":"product_cat-vetements","11":"product_tag-gohia","13":"first","14":"instock","15":"taxable","16":"shipping-taxable","17":"purchasable","18":"product-type-variable"},"translation":{"provider":"WPGlobus","version":"3.0.2","language":"en","enabled_languages":["fr","en"],"languages":{"fr":{"title":true,"content":true,"excerpt":true},"en":{"title":false,"content":false,"excerpt":false}}},"aioseo_notices":[],"_links":{"self":[{"href":"https:\/\/persoclo.fr\/en\/wp-json\/wp\/v2\/product\/2785","targetHints":{"allow":["GET"]}}],"collection":[{"href":"https:\/\/persoclo.fr\/en\/wp-json\/wp\/v2\/product"}],"about":[{"href":"https:\/\/persoclo.fr\/en\/wp-json\/wp\/v2\/types\/product"}],"replies":[{"embeddable":true,"href":"https:\/\/persoclo.fr\/en\/wp-json\/wp\/v2\/comments?post=2785"}],"wp:featuredmedia":[{"embeddable":true,"href":"https:\/\/persoclo.fr\/en\/wp-json\/wp\/v2\/media\/2848"}],"wp:attachment":[{"href":"https:\/\/persoclo.fr\/en\/wp-json\/wp\/v2\/media?parent=2785"}],"wp:term":[{"taxonomy":"product_brand","embeddable":true,"href":"https:\/\/persoclo.fr\/en\/wp-json\/wp\/v2\/product_brand?post=2785"},{"taxonomy":"product_cat","embeddable":true,"href":"https:\/\/persoclo.fr\/en\/wp-json\/wp\/v2\/product_cat?post=2785"},{"taxonomy":"product_tag","embeddable":true,"href":"https:\/\/persoclo.fr\/en\/wp-json\/wp\/v2\/product_tag?post=2785"}],"curies":[{"name":"wp","href":"https:\/\/api.w.org\/{rel}","templated":true}]}}