{"id":2777,"date":"2016-09-24T19:32:20","date_gmt":"2016-09-24T18:32:20","guid":{"rendered":"http:\/\/persoclo.fr\/?post_type=product&#038;p=2777"},"modified":"2017-08-30T00:09:41","modified_gmt":"2017-08-29T23:09:41","slug":"foulard-cheche-sans-colorants","status":"publish","type":"product","link":"https:\/\/persoclo.fr\/en\/shopping\/foulard-cheche-sans-colorants\/","title":{"rendered":"Foulard Ch\u00e8che &#8211; Sans colorant"},"content":{"rendered":"<p style=\"text-align: justify;\">La fabrication des ch\u00e8ches GOHIA\u00ae Imprim\u00e9es ou teintes a n\u00e9cessit\u00e9 l&#8217;intervention d&#8217; 1 bureau de style et de 4 ateliers de fabrication tous situ\u00e9s en France b\u00e9n\u00e9ficiant de labels d&#8217;excellence et engag\u00e9s pour:<\/p>\n<ul style=\"list-style-type: disc;\">\n<li style=\"text-align: justify;\">Un textile \u00e9thique \u00e9co-responsable<\/li>\n<li style=\"text-align: justify;\">Des textiles ne contenant pas d\u2019\u00e9l\u00e9ments chimiques nocifs pour la sant\u00e9 et la peau<\/li>\n<li style=\"text-align: justify;\">La ma\u00eetrise des impacts li\u00e9s \u00e0 l\u2019activit\u00e9 de l\u2019entreprise<\/li>\n<li style=\"text-align: justify;\">Le maintien des emplois en France<\/li>\n<li style=\"text-align: justify;\">La transmission du savoir-faire<\/li>\n<\/ul>\n","protected":false},"excerpt":{"rendered":"<p>\u00c9charpe Ch\u00e9che GOHIA en Coton 44% Viscose 39% Laine 17% pour un confort exceptionnel. Fabrication totale en France. 190cm X 45cm. Sans colorant pour plus de naturel.<\/p>\n<p>Tissage ou tricotage : France<br \/>\nFinition du tissu : France<br \/>\nConfection : France<br \/>\n\u00c9tiquettes : France<\/p>\n","protected":false},"featured_media":2778,"comment_status":"open","ping_status":"closed","template":"","meta":[],"product_brand":[],"product_cat":[84,21,6,42,215],"product_tag":[235,160],"class_list":{"0":"post-2777","1":"product","2":"type-product","3":"status-publish","4":"has-post-thumbnail","6":"product_cat-best-of","7":"product_cat-echarpes-foulard","8":"product_cat-femme","9":"product_cat-tout","10":"product_cat-vetements","11":"product_tag-echarpe","12":"product_tag-gohia","13":"product_shipping_class-classe-1","15":"first","16":"instock","17":"taxable","18":"shipping-taxable","19":"purchasable","20":"product-type-simple"},"translation":{"provider":"WPGlobus","version":"3.0.2","language":"en","enabled_languages":["fr","en"],"languages":{"fr":{"title":true,"content":true,"excerpt":true},"en":{"title":false,"content":false,"excerpt":false}}},"aioseo_notices":[],"_links":{"self":[{"href":"https:\/\/persoclo.fr\/en\/wp-json\/wp\/v2\/product\/2777","targetHints":{"allow":["GET"]}}],"collection":[{"href":"https:\/\/persoclo.fr\/en\/wp-json\/wp\/v2\/product"}],"about":[{"href":"https:\/\/persoclo.fr\/en\/wp-json\/wp\/v2\/types\/product"}],"replies":[{"embeddable":true,"href":"https:\/\/persoclo.fr\/en\/wp-json\/wp\/v2\/comments?post=2777"}],"wp:featuredmedia":[{"embeddable":true,"href":"https:\/\/persoclo.fr\/en\/wp-json\/wp\/v2\/media\/2778"}],"wp:attachment":[{"href":"https:\/\/persoclo.fr\/en\/wp-json\/wp\/v2\/media?parent=2777"}],"wp:term":[{"taxonomy":"product_brand","embeddable":true,"href":"https:\/\/persoclo.fr\/en\/wp-json\/wp\/v2\/product_brand?post=2777"},{"taxonomy":"product_cat","embeddable":true,"href":"https:\/\/persoclo.fr\/en\/wp-json\/wp\/v2\/product_cat?post=2777"},{"taxonomy":"product_tag","embeddable":true,"href":"https:\/\/persoclo.fr\/en\/wp-json\/wp\/v2\/product_tag?post=2777"}],"curies":[{"name":"wp","href":"https:\/\/api.w.org\/{rel}","templated":true}]}}