{"id":2692,"date":"2016-02-21T14:18:42","date_gmt":"2016-02-21T13:18:42","guid":{"rendered":"http:\/\/persoclo.fr\/?post_type=product&#038;p=2692"},"modified":"2017-08-30T01:21:14","modified_gmt":"2017-08-30T00:21:14","slug":"tampon-fait-main-personnalisable","status":"publish","type":"product","link":"https:\/\/persoclo.fr\/en\/shopping\/tampon-fait-main-personnalisable\/","title":{"rendered":"Tampon &#8220;fait main&#8221; personnalisable"},"content":{"rendered":"<p><span style=\"color: #ffffff;\">5678<\/span><\/p>\n","protected":false},"excerpt":{"rendered":"<p>Tous nos tampons sont fabriqu\u00e9s \u00e0 la main et sur commande. Il faut donc compter entre une et deux semaines entre la fabrication et l&#8217;envoi du b\u00e9b\u00e9 tampon sevr\u00e9 et tatou\u00e9. Si vous \u00eates press\u00e9, envoyez nous un mail pour voir ce qu&#8217;on peut faire (service client ISO9001).<\/p>\n<p>&#8211; Gr\u00e2ce \u00e0 une technologie spatiale allemande, les tampons sont pr\u00e9-encr\u00e9s et tamponnables 7000 fois (on a le num\u00e9ro de tel du gars qui a test\u00e9 si vous voulez). Donc pas besoin d&#8217;encrier, on est au 21eme si\u00e8cle.<\/p>\n<p>&#8211; Si vous avez une subite envie de tampons personnalis\u00e9s (votre t\u00eate, votre logo, vos envies, vos d\u00e9lices) envoyez nous un mail via le formulaire de contact, Romain notre maitre tampon (diplom\u00e9 de l&#8217; International Stamp Business School of Ohio) vous donnera la marche \u00e0 suivre.<\/p>\n<p>&#8211; On vous aime d&#8217;amour.<\/p>\n","protected":false},"featured_media":2702,"comment_status":"open","ping_status":"closed","template":"","meta":[],"product_brand":[],"product_cat":[220,110,42],"product_tag":[471],"class_list":{"0":"post-2692","1":"product","2":"type-product","3":"status-publish","4":"has-post-thumbnail","6":"product_cat-maison-deco","7":"product_cat-personnalisable","8":"product_cat-tout","9":"product_tag-tamponneuse","10":"product_shipping_class-classe-1","12":"first","13":"instock","14":"taxable","15":"shipping-taxable","16":"purchasable","17":"product-type-variable"},"translation":{"provider":"WPGlobus","version":"3.0.2","language":"en","enabled_languages":["fr","en"],"languages":{"fr":{"title":true,"content":true,"excerpt":true},"en":{"title":false,"content":false,"excerpt":false}}},"aioseo_notices":[],"_links":{"self":[{"href":"https:\/\/persoclo.fr\/en\/wp-json\/wp\/v2\/product\/2692","targetHints":{"allow":["GET"]}}],"collection":[{"href":"https:\/\/persoclo.fr\/en\/wp-json\/wp\/v2\/product"}],"about":[{"href":"https:\/\/persoclo.fr\/en\/wp-json\/wp\/v2\/types\/product"}],"replies":[{"embeddable":true,"href":"https:\/\/persoclo.fr\/en\/wp-json\/wp\/v2\/comments?post=2692"}],"wp:featuredmedia":[{"embeddable":true,"href":"https:\/\/persoclo.fr\/en\/wp-json\/wp\/v2\/media\/2702"}],"wp:attachment":[{"href":"https:\/\/persoclo.fr\/en\/wp-json\/wp\/v2\/media?parent=2692"}],"wp:term":[{"taxonomy":"product_brand","embeddable":true,"href":"https:\/\/persoclo.fr\/en\/wp-json\/wp\/v2\/product_brand?post=2692"},{"taxonomy":"product_cat","embeddable":true,"href":"https:\/\/persoclo.fr\/en\/wp-json\/wp\/v2\/product_cat?post=2692"},{"taxonomy":"product_tag","embeddable":true,"href":"https:\/\/persoclo.fr\/en\/wp-json\/wp\/v2\/product_tag?post=2692"}],"curies":[{"name":"wp","href":"https:\/\/api.w.org\/{rel}","templated":true}]}}