{"id":2547,"date":"2016-07-09T04:40:29","date_gmt":"2016-07-09T03:40:29","guid":{"rendered":"http:\/\/persoclo.fr\/?post_type=product&#038;p=2547"},"modified":"2018-09-08T22:29:04","modified_gmt":"2018-09-08T21:29:04","slug":"top-illusion","status":"publish","type":"product","link":"https:\/\/persoclo.fr\/en\/shopping\/top-illusion\/","title":{"rendered":"Top &#8220;Illusion&#8221;"},"content":{"rendered":"<div class=\"product-box-details\">\n<div class=\"collateral-titre\">D\u00c9TAILS<\/div>\n<div class=\"collateral-contenu\">\n<p>&#8211; Le top Illusion est fabriqu\u00e9 avec amour, \u00e0 la main.<br \/>\n&#8211; Uni bleu marine : 97% coton 3% \u00e9lasthanne<br \/>\n&#8211; Mousseline de soie : 100% soie<br \/>\n&#8211; Origine mati\u00e8res : R\u00e9gion Lyonnaise<br \/>\n&#8211; Illusion se lave \u00e0 la main<br \/>\n<b>&#8211; 100% Made in France<\/b><\/p>\n<\/div>\n<\/div>\n<div class=\"product-box-description\">\n<div class=\"collateral-titre\">DESCRIPTION<\/div>\n<div class=\"collateral-contenu\">\n<p>Livraison 72h &#8211; 3 jours ouvr\u00e9s<br \/>\nChaque pi\u00e8ce est fabriqu\u00e9e \u00e0 la main dans nos ateliers Proven\u00e7aux<br \/>\nL&#8217;ensemble des composantes du v\u00eatement (tissus, fils, boutons, \u00e9tiquettes &amp; accessoires) sont issues de fabriques Fran\u00e7aises.<br \/>\nRetour : sur simple demande par mail &#8211; voir conditions de vente.<\/p>\n<\/div>\n<\/div>\n","protected":false},"excerpt":{"rendered":"<p style=\"text-align: justify;\">Ultra f\u00e9minin, Illusion porte bien son nom, classique \u00e0 premi\u00e8re vue, il n\u2019est finalement pas si sage\u2026 Il saura d\u00e9voiler votre sensualit\u00e9 par ses jeux de transparence uniques, gr\u00e2ce \u00e0 ses empi\u00e8cements en mousseline 100% soie, qui lui procure un style particuli\u00e8rement sophistiqu\u00e9 et f\u00e9minin.<\/p>\n<p><strong>Le petit mot de la Cr\u00e9atrice :<\/strong> Associez Illusion avec le bermuda Nude, accessoirisez le tout avec des compens\u00e9es et une capeline pour vos belles journ\u00e9es d\u2019\u00e9t\u00e9.<\/p>\n<p>&#8211; Coupe ajsut\u00e9e<br \/>\n&#8211; Encolure en V<br \/>\n&#8211; Manches courtes<br \/>\n&#8211;\u00a0Jeu de transparence sur les c\u00f4t\u00e9s<br \/>\n&#8211;\u00a0Uni bleu effet rayures<br \/>\n<strong>&#8211; Illusion est fabriqu\u00e9 en France<\/strong><\/p>\n<p style=\"text-align: justify;\"><img loading=\"lazy\" decoding=\"async\" class=\"size-full wp-image-2264 aligncenter\" src=\"http:\/\/persoclo.fr\/wp-content\/uploads\/2016\/06\/Capture6.png\" alt=\"Capture6\" width=\"753\" height=\"159\" srcset=\"https:\/\/persoclo.fr\/wp-content\/uploads\/2016\/06\/Capture6.png 753w, https:\/\/persoclo.fr\/wp-content\/uploads\/2016\/06\/Capture6-600x127.png 600w, https:\/\/persoclo.fr\/wp-content\/uploads\/2016\/06\/Capture6-300x63.png 300w\" sizes=\"auto, (max-width: 753px) 100vw, 753px\" \/> <img loading=\"lazy\" decoding=\"async\" class=\"size-full wp-image-2265 aligncenter\" src=\"http:\/\/persoclo.fr\/wp-content\/uploads\/2016\/06\/Capture7.png\" alt=\"Tailles\" width=\"445\" height=\"62\" srcset=\"https:\/\/persoclo.fr\/wp-content\/uploads\/2016\/06\/Capture7.png 445w, https:\/\/persoclo.fr\/wp-content\/uploads\/2016\/06\/Capture7-300x42.png 300w\" sizes=\"auto, (max-width: 445px) 100vw, 445px\" \/><\/p>\n","protected":false},"featured_media":2548,"comment_status":"open","ping_status":"closed","template":"","meta":[],"product_brand":[],"product_cat":[25,6,18,42,215],"product_tag":[229,224],"class_list":{"0":"post-2547","1":"product","2":"type-product","3":"status-publish","4":"has-post-thumbnail","6":"product_cat-surprises","7":"product_cat-femme","8":"product_cat-haut-pour-elle","9":"product_cat-tout","10":"product_cat-vetements","11":"product_tag-haut","12":"product_tag-maison-borelly","13":"product_shipping_class-classe-1","15":"first","16":"outofstock","17":"taxable","18":"shipping-taxable","19":"purchasable","20":"product-type-variable"},"translation":{"provider":"WPGlobus","version":"3.0.2","language":"en","enabled_languages":["fr","en"],"languages":{"fr":{"title":true,"content":true,"excerpt":true},"en":{"title":false,"content":false,"excerpt":false}}},"aioseo_notices":[],"_links":{"self":[{"href":"https:\/\/persoclo.fr\/en\/wp-json\/wp\/v2\/product\/2547","targetHints":{"allow":["GET"]}}],"collection":[{"href":"https:\/\/persoclo.fr\/en\/wp-json\/wp\/v2\/product"}],"about":[{"href":"https:\/\/persoclo.fr\/en\/wp-json\/wp\/v2\/types\/product"}],"replies":[{"embeddable":true,"href":"https:\/\/persoclo.fr\/en\/wp-json\/wp\/v2\/comments?post=2547"}],"wp:featuredmedia":[{"embeddable":true,"href":"https:\/\/persoclo.fr\/en\/wp-json\/wp\/v2\/media\/2548"}],"wp:attachment":[{"href":"https:\/\/persoclo.fr\/en\/wp-json\/wp\/v2\/media?parent=2547"}],"wp:term":[{"taxonomy":"product_brand","embeddable":true,"href":"https:\/\/persoclo.fr\/en\/wp-json\/wp\/v2\/product_brand?post=2547"},{"taxonomy":"product_cat","embeddable":true,"href":"https:\/\/persoclo.fr\/en\/wp-json\/wp\/v2\/product_cat?post=2547"},{"taxonomy":"product_tag","embeddable":true,"href":"https:\/\/persoclo.fr\/en\/wp-json\/wp\/v2\/product_tag?post=2547"}],"curies":[{"name":"wp","href":"https:\/\/api.w.org\/{rel}","templated":true}]}}