{"id":2542,"date":"2016-07-09T04:19:43","date_gmt":"2016-07-09T03:19:43","guid":{"rendered":"http:\/\/persoclo.fr\/?post_type=product&#038;p=2542"},"modified":"2018-09-08T22:29:15","modified_gmt":"2018-09-08T21:29:15","slug":"2542","status":"publish","type":"product","link":"https:\/\/persoclo.fr\/en\/shopping\/2542\/","title":{"rendered":"Foulard \/ Par\u00e9o &#8220;Coral&#8221;"},"content":{"rendered":"<div class=\"product-box-details\">\n<div class=\"collateral-titre\">D\u00c9TAILS<\/div>\n<div class=\"collateral-contenu\">\n<p>&#8211; Le foulard par\u00e9o Coral est fabriqu\u00e9 avec amour, \u00e0 la main.<br \/>\n&#8211; Imprim\u00e9 100% Viscose<br \/>\n&#8211; Origine mati\u00e8res : R\u00e9gion Lyonnaise<br \/>\n&#8211; Coral se lave d\u00e9licatement \u00e0 la machine \u00e0 30\u00b0C<br \/>\n<b>&#8211; 100% Made in France<\/b><\/p>\n<\/div>\n<\/div>\n<div class=\"product-box-description\">\n<div class=\"collateral-titre\">DESCRIPTION<\/div>\n<div class=\"collateral-contenu\">\n<p>Livraison 72h &#8211; 3 jours ouvr\u00e9s<br \/>\nChaque pi\u00e8ce est fabriqu\u00e9e \u00e0 la main dans nos ateliers Proven\u00e7aux<br \/>\nL&#8217;ensemble des composantes du v\u00eatement (tissus, fils, boutons, \u00e9tiquettes &amp; accessoires) sont issues de fabriques Fran\u00e7aises.<br \/>\nRetour : sur simple demande par mail &#8211; voir conditions de vente.<\/p>\n<\/div>\n<\/div>\n","protected":false},"excerpt":{"rendered":"<p style=\"text-align: justify;\">Coral est le foulard par\u00e9o de l\u2019\u00e9t\u00e9. Sp\u00e9cialement d\u00e9velopp\u00e9 pour vous par La Maison Borrelly. A glisser sur vos \u00e9paules ou \u00e0 enrouler autour du cou Coral rehaussera toutes vos tenues par son imprim\u00e9 printanier.<\/p>\n<p><strong>Le petit mot de la Cr\u00e9atrice :<\/strong>PPour une journ\u00e9e plage ou un heureux \u00e9v\u00e8nement ce foulard sera votre meilleur ami !<\/p>\n<p>&#8211; Dimensions 200 x 70 cm<br \/>\n&#8211; Blason brod\u00e9<br \/>\n&#8211; Imprim\u00e9 exclusif La Maison Borrelly<br \/>\n<strong>&#8211; Coral est fabriqu\u00e9 en France<\/strong><\/p>\n","protected":false},"featured_media":2545,"comment_status":"open","ping_status":"closed","template":"","meta":[],"product_brand":[],"product_cat":[25,21,6,42,215],"product_tag":[235,236],"class_list":{"0":"post-2542","1":"product","2":"type-product","3":"status-publish","4":"has-post-thumbnail","6":"product_cat-surprises","7":"product_cat-echarpes-foulard","8":"product_cat-femme","9":"product_cat-tout","10":"product_cat-vetements","11":"product_tag-echarpe","12":"product_tag-foulard","14":"first","15":"outofstock","16":"taxable","17":"shipping-taxable","18":"purchasable","19":"product-type-simple"},"translation":{"provider":"WPGlobus","version":"3.0.2","language":"en","enabled_languages":["fr","en"],"languages":{"fr":{"title":true,"content":true,"excerpt":true},"en":{"title":false,"content":false,"excerpt":false}}},"aioseo_notices":[],"_links":{"self":[{"href":"https:\/\/persoclo.fr\/en\/wp-json\/wp\/v2\/product\/2542","targetHints":{"allow":["GET"]}}],"collection":[{"href":"https:\/\/persoclo.fr\/en\/wp-json\/wp\/v2\/product"}],"about":[{"href":"https:\/\/persoclo.fr\/en\/wp-json\/wp\/v2\/types\/product"}],"replies":[{"embeddable":true,"href":"https:\/\/persoclo.fr\/en\/wp-json\/wp\/v2\/comments?post=2542"}],"wp:featuredmedia":[{"embeddable":true,"href":"https:\/\/persoclo.fr\/en\/wp-json\/wp\/v2\/media\/2545"}],"wp:attachment":[{"href":"https:\/\/persoclo.fr\/en\/wp-json\/wp\/v2\/media?parent=2542"}],"wp:term":[{"taxonomy":"product_brand","embeddable":true,"href":"https:\/\/persoclo.fr\/en\/wp-json\/wp\/v2\/product_brand?post=2542"},{"taxonomy":"product_cat","embeddable":true,"href":"https:\/\/persoclo.fr\/en\/wp-json\/wp\/v2\/product_cat?post=2542"},{"taxonomy":"product_tag","embeddable":true,"href":"https:\/\/persoclo.fr\/en\/wp-json\/wp\/v2\/product_tag?post=2542"}],"curies":[{"name":"wp","href":"https:\/\/api.w.org\/{rel}","templated":true}]}}