{"id":2539,"date":"2016-07-09T04:14:13","date_gmt":"2016-07-09T03:14:13","guid":{"rendered":"http:\/\/persoclo.fr\/?post_type=product&#038;p=2539"},"modified":"2018-09-08T22:29:27","modified_gmt":"2018-09-08T21:29:27","slug":"chale-cosmo","status":"publish","type":"product","link":"https:\/\/persoclo.fr\/en\/shopping\/chale-cosmo\/","title":{"rendered":"Ch\u00e2le &#8220;Cosmo&#8221;"},"content":{"rendered":"<div class=\"product-box-details\">\n<div class=\"collateral-titre\" style=\"text-align: justify;\">D\u00c9TAILS<\/div>\n<div class=\"collateral-contenu\" style=\"text-align: justify;\">\n<p>&#8211; Le ch\u00e2le Cosmo est fabriqu\u00e9 avec amour, \u00e0 la main.<br \/>\n&#8211;\u00a0Jacquard : 100% coton<br \/>\n&#8211;\u00a0<strong>Cosmo se lave d\u00e9licatement \u00e0 la machine \u00e0 30\u00b0C<\/strong><br \/>\n&#8211; Origine mati\u00e8res : R\u00e9gion Lyonnaise<br \/>\n&#8211; 100% Made in France<\/p>\n<\/div>\n<\/div>\n<div class=\"product-box-description\">\n<div class=\"collateral-titre\" style=\"text-align: justify;\">DESCRIPTION<\/div>\n<div class=\"collateral-contenu\">\n<p style=\"text-align: justify;\">Livraison 72h &#8211; 3 jours ouvr\u00e9s<br \/>\nChaque pi\u00e8ce est fabriqu\u00e9e \u00e0 la main dans nos ateliers Proven\u00e7aux<br \/>\nL&#8217;ensemble des composantes du v\u00eatement (tissus, fils, boutons, \u00e9tiquettes &amp; accessoires) sont issues de fabriques Fran\u00e7aises.<br \/>\nRetour : sur simple demande par mail &#8211; voir conditions de vente.<\/p>\n<\/div>\n<\/div>\n","protected":false},"excerpt":{"rendered":"<p>Cosmo joue de motifs et de textures pour vous apporter le confort que vous avez toujours m\u00e9rit\u00e9. A la fois chic et d\u00e9contract\u00e9, ce ch\u00e2le 100% coton se mariera \u00e9l\u00e9gamment avec toutes vos tenues. Port\u00e9 sur vos \u00e9paules il sera votre compagnon le plus fid\u00e8le pour vos longues soir\u00e9es d\u2019\u00e9t\u00e9.<\/p>\n<p>Le petit mot de la cr\u00e9atrice\u00a0:\u00a0Emmenez Cosmo partout avec vous\u00a0: drap de plage, ch\u00e2le, petit pled de survie\u2026 il saura toujours r\u00e9pondre \u00e0 vos attentes.<\/p>\n<p>&#8211; Dimensions 200&#215;70 cm<br \/>\n&#8211; Blason brod\u00e9<br \/>\n&#8211; Mati\u00e8re Jacquard<br \/>\n&#8211; Double face<br \/>\n&#8211; Cosmo est fabriqu\u00e9 en France<\/p>\n","protected":false},"featured_media":2540,"comment_status":"open","ping_status":"closed","template":"","meta":[],"product_brand":[],"product_cat":[25,21,42,215],"product_tag":[235],"class_list":{"0":"post-2539","1":"product","2":"type-product","3":"status-publish","4":"has-post-thumbnail","6":"product_cat-surprises","7":"product_cat-echarpes-foulard","8":"product_cat-tout","9":"product_cat-vetements","10":"product_tag-echarpe","12":"first","13":"outofstock","14":"taxable","15":"shipping-taxable","16":"purchasable","17":"product-type-simple"},"translation":{"provider":"WPGlobus","version":"3.0.2","language":"en","enabled_languages":["fr","en"],"languages":{"fr":{"title":true,"content":true,"excerpt":true},"en":{"title":false,"content":false,"excerpt":false}}},"aioseo_notices":[],"_links":{"self":[{"href":"https:\/\/persoclo.fr\/en\/wp-json\/wp\/v2\/product\/2539","targetHints":{"allow":["GET"]}}],"collection":[{"href":"https:\/\/persoclo.fr\/en\/wp-json\/wp\/v2\/product"}],"about":[{"href":"https:\/\/persoclo.fr\/en\/wp-json\/wp\/v2\/types\/product"}],"replies":[{"embeddable":true,"href":"https:\/\/persoclo.fr\/en\/wp-json\/wp\/v2\/comments?post=2539"}],"wp:featuredmedia":[{"embeddable":true,"href":"https:\/\/persoclo.fr\/en\/wp-json\/wp\/v2\/media\/2540"}],"wp:attachment":[{"href":"https:\/\/persoclo.fr\/en\/wp-json\/wp\/v2\/media?parent=2539"}],"wp:term":[{"taxonomy":"product_brand","embeddable":true,"href":"https:\/\/persoclo.fr\/en\/wp-json\/wp\/v2\/product_brand?post=2539"},{"taxonomy":"product_cat","embeddable":true,"href":"https:\/\/persoclo.fr\/en\/wp-json\/wp\/v2\/product_cat?post=2539"},{"taxonomy":"product_tag","embeddable":true,"href":"https:\/\/persoclo.fr\/en\/wp-json\/wp\/v2\/product_tag?post=2539"}],"curies":[{"name":"wp","href":"https:\/\/api.w.org\/{rel}","templated":true}]}}