{"id":2531,"date":"2016-07-09T04:07:24","date_gmt":"2016-07-09T03:07:24","guid":{"rendered":"http:\/\/persoclo.fr\/?post_type=product&#038;p=2531"},"modified":"2018-09-08T22:29:42","modified_gmt":"2018-09-08T21:29:42","slug":"robe-vega","status":"publish","type":"product","link":"https:\/\/persoclo.fr\/en\/shopping\/robe-vega\/","title":{"rendered":"Robe &#8220;V\u00e9ga&#8221;"},"content":{"rendered":"<div class=\"product-box-details\">\n<div class=\"collateral-titre\" style=\"text-align: justify;\">D\u00c9TAILS<\/div>\n<div class=\"collateral-contenu\" style=\"text-align: justify;\">\n<p>&#8211; La robe V\u00e9ga est fabriqu\u00e9e avec amour, \u00e0 la main.<br \/>\n&#8211;\u00a0Imprim\u00e9 unique 65% coton 35% soie<br \/>\n&#8211; Origine mati\u00e8res : R\u00e9gion Lyonnaise<br \/>\n&#8211;\u00a0<strong>V\u00e9ga se lave d\u00e9licatement \u00e0 30\u00b0C<\/strong><br \/>\n&#8211; 100% Made in France<\/p>\n<\/div>\n<\/div>\n<div class=\"product-box-description\">\n<div class=\"collateral-titre\" style=\"text-align: justify;\">DESCRIPTION<\/div>\n<div class=\"collateral-contenu\">\n<p style=\"text-align: justify;\">Livraison 72h &#8211; 3 jours ouvr\u00e9s<br \/>\nChaque pi\u00e8ce est fabriqu\u00e9e \u00e0 la main dans nos ateliers Proven\u00e7aux<br \/>\nL&#8217;ensemble des composantes du v\u00eatement (tissus, fils, boutons, \u00e9tiquettes &amp; accessoires) sont issues de fabriques Fran\u00e7aises.<br \/>\nRetour : sur simple demande par mail &#8211; voir conditions de vente.<\/p>\n<\/div>\n<\/div>\n","protected":false},"excerpt":{"rendered":"<p style=\"text-align: justify;\"><strong>V\u00e9ga<\/strong> est la robe imprim\u00e9e de l\u2019ann\u00e9e, avec sa coupe fluide mais ajust\u00e9e \u00e0 la taille par une d\u00e9coupe \u00e9lastiqu\u00e9e, elle s\u2019affranchit des codes pour mieux cr\u00e9er les siens.\u00a0 Son imprim\u00e9 unique dans un m\u00e9lange de coton et de soie lui procure un port\u00e9 doux et une \u00e9l\u00e9gance naturelle. V\u00e9ga sera votre meilleure amie pour vos folles soir\u00e9es d\u2019hiver et pourquoi pas plus si affinit\u00e9s\u2026<\/p>\n<p><strong>Le petit mot de la cr\u00e9atrice<\/strong>\u00a0:\u00a0Portez V\u00e9ga avec une petite paire de ballerines pour vous sentir l\u00e9g\u00e8re comme jamais ou avec un perfecto et des bottes de motards pour vos soir\u00e9es Rock &amp; Rolls.<\/p>\n<p>&#8211; Coupe fluide<br \/>\n&#8211; Encolure arrondie<br \/>\n&#8211; Taille ajust\u00e9e \u00e9lastiqu\u00e9e<br \/>\n&#8211; Manches 3\/4<br \/>\n&#8211; 2 poches discr\u00e8tes devant<br \/>\n&#8211; Imprim\u00e9 exclusif d\u00e9velopp\u00e9 par La Maison Borerlly<br \/>\n&#8211; Vega est fabriqu\u00e9e en France<\/p>\n","protected":false},"featured_media":2533,"comment_status":"open","ping_status":"closed","template":"","meta":[],"product_brand":[],"product_cat":[84,6,205,42,215],"product_tag":[224,227],"class_list":{"0":"post-2531","1":"product","2":"type-product","3":"status-publish","4":"has-post-thumbnail","6":"product_cat-best-of","7":"product_cat-femme","8":"product_cat-robes","9":"product_cat-tout","10":"product_cat-vetements","11":"product_tag-maison-borelly","12":"product_tag-robe","13":"product_shipping_class-classe-1","15":"first","16":"outofstock","17":"taxable","18":"shipping-taxable","19":"purchasable","20":"product-type-variable"},"translation":{"provider":"WPGlobus","version":"3.0.2","language":"en","enabled_languages":["fr","en"],"languages":{"fr":{"title":true,"content":true,"excerpt":true},"en":{"title":false,"content":false,"excerpt":false}}},"aioseo_notices":[],"_links":{"self":[{"href":"https:\/\/persoclo.fr\/en\/wp-json\/wp\/v2\/product\/2531","targetHints":{"allow":["GET"]}}],"collection":[{"href":"https:\/\/persoclo.fr\/en\/wp-json\/wp\/v2\/product"}],"about":[{"href":"https:\/\/persoclo.fr\/en\/wp-json\/wp\/v2\/types\/product"}],"replies":[{"embeddable":true,"href":"https:\/\/persoclo.fr\/en\/wp-json\/wp\/v2\/comments?post=2531"}],"wp:featuredmedia":[{"embeddable":true,"href":"https:\/\/persoclo.fr\/en\/wp-json\/wp\/v2\/media\/2533"}],"wp:attachment":[{"href":"https:\/\/persoclo.fr\/en\/wp-json\/wp\/v2\/media?parent=2531"}],"wp:term":[{"taxonomy":"product_brand","embeddable":true,"href":"https:\/\/persoclo.fr\/en\/wp-json\/wp\/v2\/product_brand?post=2531"},{"taxonomy":"product_cat","embeddable":true,"href":"https:\/\/persoclo.fr\/en\/wp-json\/wp\/v2\/product_cat?post=2531"},{"taxonomy":"product_tag","embeddable":true,"href":"https:\/\/persoclo.fr\/en\/wp-json\/wp\/v2\/product_tag?post=2531"}],"curies":[{"name":"wp","href":"https:\/\/api.w.org\/{rel}","templated":true}]}}