{"id":2524,"date":"2016-07-09T03:45:26","date_gmt":"2016-07-09T02:45:26","guid":{"rendered":"http:\/\/persoclo.fr\/?post_type=product&#038;p=2524"},"modified":"2018-09-08T22:29:54","modified_gmt":"2018-09-08T21:29:54","slug":"pantalon-78-jacinthe","status":"publish","type":"product","link":"https:\/\/persoclo.fr\/en\/shopping\/pantalon-78-jacinthe\/","title":{"rendered":"Pantalon 7\/8 &#8220;Jacinthe&#8221;"},"content":{"rendered":"<div class=\"product-box-details\">\n<div class=\"collateral-titre\">D\u00c9TAILS<\/div>\n<div class=\"collateral-contenu\">\n<p>&#8211; Le pantalon 7\/8 Jacinthe est fabriqu\u00e9 avec amour, \u00e0 la main.<br \/>\n&#8211; Uni framboise : 55% ac\u00e9tate de cellulose 45% viscose<br \/>\n&#8211; Doublure : 90% coton 10% \u00e9lasthanne<br \/>\n&#8211; Origine mati\u00e8res : R\u00e9gion de la Loire<br \/>\n&#8211;<strong>\u00a0Jacinthe se nettoie d\u00e9licatement au pressing \u00e0 sec<\/strong><br \/>\n&#8211; 100% Made in France<\/p>\n<\/div>\n<\/div>\n<div class=\"product-box-description\">\n<div class=\"collateral-titre\">DESCRIPTION<\/div>\n<div class=\"collateral-contenu\">\n<p>Livraison 72h &#8211; 3 jours ouvr\u00e9s<br \/>\nChaque pi\u00e8ce est fabriqu\u00e9e \u00e0 la main dans nos ateliers Proven\u00e7aux<br \/>\nL&#8217;ensemble des composantes du v\u00eatement (tissus, fils, boutons, \u00e9tiquettes &amp; accessoires) sont issues de fabriques Fran\u00e7aises.<br \/>\nRetour : sur simple demande par mail &#8211; voir conditions de vente.<\/p>\n<\/div>\n<\/div>\n","protected":false},"excerpt":{"rendered":"<p style=\"text-align: justify;\">Ce pantalon 7\/8, r\u00e9f\u00e9rence d\u2019une garde-robe moderne, profite d\u2019une taille mi haute, d\u2019une coupe cigarette pour une silhouette flatteuse et \u00e9l\u00e9gante. Sa mati\u00e8re confortable et parfaite donne un effet de seconde peau.<\/p>\n<p><strong>Le petit mot de la Cr\u00e9atrice :<\/strong> A porter avec un <a title=\"Caraco 100% soie P\u00e9tunia\" href=\"http:\/\/www.lamaisonborrelly.com\/collection\/petunia.html\" target=\"_blank\">petit caraco<\/a> P\u00e9tunia en soie noir et la <a title=\"Veste tailleur Aster\" href=\"http:\/\/www.lamaisonborrelly.com\/collection\/aster.html\" target=\"_blank\">veste tailleur<\/a> Aster pour se transformer en parfaite working girl, ou pour plus de folies avec le <a title=\"Top blanc travaill\u00e9 Cam\u00e9lia\" href=\"http:\/\/www.lamaisonborrelly.com\/collection\/camelia.html\" target=\"_blank\">top blanc<\/a> Cam\u00e9lia.<\/p>\n<p>Optez pour la version framboise, notre couleur de l\u2019\u00e9t\u00e9.<\/p>\n<p>&#8211; Taille mi-haute<br \/>\n&#8211; Forme Cigarette<br \/>\n&#8211; Fermeture \u00e0 un bouton dor\u00e9 + fermeture \u00e9clair<br \/>\n&#8211; Devant 2 poches italiennes<br \/>\n&#8211; Dos : 2 fausses poches passepoil\u00e9es<br \/>\n&#8211; Doublure poche coton blanc<br \/>\n&#8211; Finition bas de pantalon fente<br \/>\n&#8211; Couleur Framboise d\u00e9velopp\u00e9e sp\u00e9cialement pour La Maison Borrelly<br \/>\n&#8211; Broderie blason<br \/>\n&#8211; <strong>Jacinthe est fabriqu\u00e9 en France<\/strong><\/p>\n","protected":false},"featured_media":2525,"comment_status":"open","ping_status":"closed","template":"","meta":[],"product_brand":[],"product_cat":[25,6,27,42,215],"product_tag":[234],"class_list":{"0":"post-2524","1":"product","2":"type-product","3":"status-publish","4":"has-post-thumbnail","6":"product_cat-surprises","7":"product_cat-femme","8":"product_cat-pantalons-pour-elle","9":"product_cat-tout","10":"product_cat-vetements","11":"product_tag-pantalon","13":"first","14":"outofstock","15":"taxable","16":"shipping-taxable","17":"purchasable","18":"product-type-variable"},"translation":{"provider":"WPGlobus","version":"3.0.2","language":"en","enabled_languages":["fr","en"],"languages":{"fr":{"title":true,"content":true,"excerpt":true},"en":{"title":false,"content":false,"excerpt":false}}},"aioseo_notices":[],"_links":{"self":[{"href":"https:\/\/persoclo.fr\/en\/wp-json\/wp\/v2\/product\/2524","targetHints":{"allow":["GET"]}}],"collection":[{"href":"https:\/\/persoclo.fr\/en\/wp-json\/wp\/v2\/product"}],"about":[{"href":"https:\/\/persoclo.fr\/en\/wp-json\/wp\/v2\/types\/product"}],"replies":[{"embeddable":true,"href":"https:\/\/persoclo.fr\/en\/wp-json\/wp\/v2\/comments?post=2524"}],"wp:featuredmedia":[{"embeddable":true,"href":"https:\/\/persoclo.fr\/en\/wp-json\/wp\/v2\/media\/2525"}],"wp:attachment":[{"href":"https:\/\/persoclo.fr\/en\/wp-json\/wp\/v2\/media?parent=2524"}],"wp:term":[{"taxonomy":"product_brand","embeddable":true,"href":"https:\/\/persoclo.fr\/en\/wp-json\/wp\/v2\/product_brand?post=2524"},{"taxonomy":"product_cat","embeddable":true,"href":"https:\/\/persoclo.fr\/en\/wp-json\/wp\/v2\/product_cat?post=2524"},{"taxonomy":"product_tag","embeddable":true,"href":"https:\/\/persoclo.fr\/en\/wp-json\/wp\/v2\/product_tag?post=2524"}],"curies":[{"name":"wp","href":"https:\/\/api.w.org\/{rel}","templated":true}]}}