{"id":2509,"date":"2016-07-05T09:38:17","date_gmt":"2016-07-05T08:38:17","guid":{"rendered":"http:\/\/persoclo.fr\/?post_type=product&#038;p=2509"},"modified":"2018-10-10T05:06:35","modified_gmt":"2018-10-10T04:06:35","slug":"housse-tablettepc-10-13-ou-15","status":"publish","type":"product","link":"https:\/\/persoclo.fr\/en\/shopping\/housse-tablettepc-10-13-ou-15\/","title":{"rendered":"Housse Tablette\/PC &#8211; 10&#8243; 13&#8243; ou 15&#8243;"},"content":{"rendered":"<table class=\"shop_attributes\">\n<tbody>\n<tr class=\"\">\n<th>Mati\u00e8re<\/th>\n<td>Ext\u00e9rieur: housse en lin certifi\u00e9 Oeko-Tex\u00ae classe 100, tiss\u00e9 et teint\u00e9 en France. Int\u00e9rieur : jersey de bambou certifi\u00e9 Oeko-Tex\u00ae classe 100 et issu d\u2019une bambouseraie certifi\u00e9e FSC\u00ae.<\/td>\n<\/tr>\n<tr class=\"alt\">\n<th>Autres informations<\/th>\n<td>Protection : mousse visco-v\u00e9g\u00e9tale \u00e0 m\u00e9moire de forme<\/td>\n<\/tr>\n<tr class=\"\">\n<th>Compatibilit\u00e9<\/th>\n<td>13 et 15 pouces : PC Mac, 10 pouces : Netbook, iPad, Disque dur 3,5\u2033, DVD portable<\/td>\n<\/tr>\n<\/tbody>\n<\/table>\n","protected":false},"excerpt":{"rendered":"<p style=\"text-align: justify;\">Des mati\u00e8res naturelles, pour naviguer naturellement vers tes opportunit\u00e9s ?<\/p>\n<p style=\"text-align: justify;\">C\u2019est bien le fruit de l\u2019alliance entre le <strong>lin<\/strong> qui habille mon ext\u00e9rieur et le <strong>jersey de bambou<\/strong> dont est fait mon int\u00e9rieur. Humble housse \u00e0 ton service, j\u2019assure la protection de ton fid\u00e8le ordinateur gr\u00e2ce \u00e0 ma mousse visco-v\u00e9g\u00e9tale \u00e0 m\u00e9moire de forme. <em>Made in France<\/em> de surcro\u00eet, je t\u2019accompagnerai vers tous les horizons auxquels tu aspires.<\/p>\n<p style=\"text-align: center;\"><span style=\"color: #3366ff;\"><strong>-Choisir les options pour ajouter au panier-<\/strong><\/span><\/p>\n","protected":false},"featured_media":2510,"comment_status":"open","ping_status":"closed","template":"","meta":[],"product_brand":[],"product_cat":[207,524,42],"product_tag":[233],"class_list":{"0":"post-2509","1":"product","2":"type-product","3":"status-publish","4":"has-post-thumbnail","6":"product_cat-accessoires","7":"product_cat-bagagerie","8":"product_cat-tout","9":"product_tag-housse","11":"first","12":"outofstock","13":"taxable","14":"shipping-taxable","15":"purchasable","16":"product-type-variable"},"translation":{"provider":"WPGlobus","version":"3.0.2","language":"en","enabled_languages":["fr","en"],"languages":{"fr":{"title":true,"content":true,"excerpt":true},"en":{"title":false,"content":false,"excerpt":false}}},"aioseo_notices":[],"_links":{"self":[{"href":"https:\/\/persoclo.fr\/en\/wp-json\/wp\/v2\/product\/2509","targetHints":{"allow":["GET"]}}],"collection":[{"href":"https:\/\/persoclo.fr\/en\/wp-json\/wp\/v2\/product"}],"about":[{"href":"https:\/\/persoclo.fr\/en\/wp-json\/wp\/v2\/types\/product"}],"replies":[{"embeddable":true,"href":"https:\/\/persoclo.fr\/en\/wp-json\/wp\/v2\/comments?post=2509"}],"wp:featuredmedia":[{"embeddable":true,"href":"https:\/\/persoclo.fr\/en\/wp-json\/wp\/v2\/media\/2510"}],"wp:attachment":[{"href":"https:\/\/persoclo.fr\/en\/wp-json\/wp\/v2\/media?parent=2509"}],"wp:term":[{"taxonomy":"product_brand","embeddable":true,"href":"https:\/\/persoclo.fr\/en\/wp-json\/wp\/v2\/product_brand?post=2509"},{"taxonomy":"product_cat","embeddable":true,"href":"https:\/\/persoclo.fr\/en\/wp-json\/wp\/v2\/product_cat?post=2509"},{"taxonomy":"product_tag","embeddable":true,"href":"https:\/\/persoclo.fr\/en\/wp-json\/wp\/v2\/product_tag?post=2509"}],"curies":[{"name":"wp","href":"https:\/\/api.w.org\/{rel}","templated":true}]}}