{"id":2491,"date":"2016-07-05T07:18:45","date_gmt":"2016-07-05T06:18:45","guid":{"rendered":"http:\/\/persoclo.fr\/?post_type=product&#038;p=2491"},"modified":"2018-12-17T20:26:55","modified_gmt":"2018-12-17T19:26:55","slug":"haut-present-modulable","status":"publish","type":"product","link":"https:\/\/persoclo.fr\/en\/shopping\/haut-present-modulable\/","title":{"rendered":"Haut &#8220;Pr\u00e9sent&#8221; &#8211; Modulable"},"content":{"rendered":"<p><strong>Tissu principal<\/strong><\/p>\n<p><em>Composition :<\/em>\u00a056% Ac\u00e9tate 41% Polyester, 3% Viscose.<\/p>\n<p>L\u2019ac\u00e9tate de cellulose est une fibre r\u00e9g\u00e9n\u00e9r\u00e9e fabriqu\u00e9e \u00e0 partir de bois de pin. Elle offre une bonne r\u00e9tention de forme et est douce et lustr\u00e9e. Le tissu principal de \u00ab\u00a0Instant pr\u00e9sent\u00bb est tiss\u00e9 et ennobli par des entreprises fran\u00e7aises certifi\u00e9es \u00ab\u00a0Entreprise du Patrimoine Vivant\u00a0\u00bb (EPV) pour leur savoir-faire artisanal et leur pratiques industrielles d\u2019excellence.<\/p>\n<p><strong>Doublure\u00a0<\/strong><\/p>\n<p><em>Dor\u00e9e<\/em><\/p>\n<p><em>Inspiration :<\/em>\u00a0Invisible de l\u2019ext\u00e9rieur, la couleur caract\u00e9ristique des doublures de vos robes symbolise que la v\u00e9ritable richesse, dont l\u2019or est le symbole, est int\u00e9rieure.<\/p>\n<p><em>Composition :<\/em>\u00a065% Ac\u00e9tate de cellulose, 35% Polyester<\/p>\n<p>L\u2019ac\u00e9tate de cellulose est une fibre r\u00e9g\u00e9n\u00e9r\u00e9e fabriqu\u00e9e \u00e0 partir de bois de pin. Elle offre une bonne r\u00e9tention de forme et est douce et lustr\u00e9e. La doublure est stretch, pour plus de confort. La doublure est \u00e9galement certifi\u00e9e selon la norme Oeko-Tex\u00ae Classe 100.<\/p>\n<p>+ Le label \u201cEntreprise du Patrimoine Vivant\u201d est une distinction r\u00e9compensant la pr\u00e9servation de savoir-faire artisanaux et des pratiques industrielles d\u2019excellence, gage de qualit\u00e9.<\/p>\n<p>+ Livraison entre 2 et 4 jours ouvrables.<\/p>\n<p>+\u00a0Retour ou Echange : 14 jours\u00a0\u00e0 compter de la livraison de \u201cPr\u00e9sent\u201d.<\/p>\n","protected":false},"excerpt":{"rendered":"<p style=\"text-align: justify;\">Le tissu du module de robe \u201c<strong>Pr\u00e9sent<\/strong>\u201d\u00a0est tiss\u00e9 au sein d\u2019une \u201cEntreprise du Patrimoine Vivant\u201d en Rh\u00f4ne-Alpes, et\u00a0est fa\u00e7onn\u00e9 dans un atelier d\u2019excellence\u00a0\u00e0 Marseille.\u00a0Ses motifs rappellent les ailes d\u2019un oiseau dans les cieux londoniens, tout en b\u00e9n\u00e9ficiant de la beaut\u00e9 du\u00a0<strong>savoir-faire fran\u00e7ais<\/strong>. La fermeture \u00e9clair vous permet de\u00a0<strong>combiner ce module<\/strong>\u00a0avec les autres pour cr\u00e9er votre robe, ou de le porter comme un top !<\/p>\n<p style=\"text-align: justify;\">#madeinfrance #prestigiouslabels #playwithitasapuzzle<\/p>\n<p style=\"text-align: justify;\"><img loading=\"lazy\" decoding=\"async\" class=\"alignleft wp-image-2494 size-full\" src=\"http:\/\/persoclo.fr\/wp-content\/uploads\/2016\/07\/tailles-GH.png\" alt=\"tailles GH\" width=\"1104\" height=\"301\" srcset=\"https:\/\/persoclo.fr\/wp-content\/uploads\/2016\/07\/tailles-GH.png 1104w, https:\/\/persoclo.fr\/wp-content\/uploads\/2016\/07\/tailles-GH-600x164.png 600w, https:\/\/persoclo.fr\/wp-content\/uploads\/2016\/07\/tailles-GH-300x82.png 300w, https:\/\/persoclo.fr\/wp-content\/uploads\/2016\/07\/tailles-GH-768x209.png 768w, https:\/\/persoclo.fr\/wp-content\/uploads\/2016\/07\/tailles-GH-1024x279.png 1024w\" sizes=\"auto, (max-width: 1104px) 100vw, 1104px\" \/><\/p>\n<p style=\"text-align: center;\"><strong><span style=\"color: #ff0000;\"><a style=\"color: #ff0000;\" href=\"http:\/\/persoclo.fr\/produit\/robes-modulables-made-in-france\/\">\u00a0-cliquez ici pour Assembler sa robe modulable-<\/a><\/span><\/strong><\/p>\n<p style=\"text-align: center;\">ou<\/p>\n<p style=\"text-align: center;\"><strong><span style=\"color: #3366ff;\">-Choisir la taille pour ajouter au panier-<\/span><\/strong><\/p>\n","protected":false},"featured_media":2066,"comment_status":"open","ping_status":"closed","template":"","meta":[],"product_brand":[],"product_cat":[6,18,42,215],"product_tag":[229,230],"class_list":{"0":"post-2491","1":"product","2":"type-product","3":"status-publish","4":"has-post-thumbnail","6":"product_cat-femme","7":"product_cat-haut-pour-elle","8":"product_cat-tout","9":"product_cat-vetements","10":"product_tag-haut","11":"product_tag-modulable","13":"first","14":"instock","15":"taxable","16":"shipping-taxable","17":"purchasable","18":"product-type-variable"},"translation":{"provider":"WPGlobus","version":"3.0.2","language":"en","enabled_languages":["fr","en"],"languages":{"fr":{"title":true,"content":true,"excerpt":true},"en":{"title":false,"content":false,"excerpt":false}}},"aioseo_notices":[],"_links":{"self":[{"href":"https:\/\/persoclo.fr\/en\/wp-json\/wp\/v2\/product\/2491","targetHints":{"allow":["GET"]}}],"collection":[{"href":"https:\/\/persoclo.fr\/en\/wp-json\/wp\/v2\/product"}],"about":[{"href":"https:\/\/persoclo.fr\/en\/wp-json\/wp\/v2\/types\/product"}],"replies":[{"embeddable":true,"href":"https:\/\/persoclo.fr\/en\/wp-json\/wp\/v2\/comments?post=2491"}],"wp:featuredmedia":[{"embeddable":true,"href":"https:\/\/persoclo.fr\/en\/wp-json\/wp\/v2\/media\/2066"}],"wp:attachment":[{"href":"https:\/\/persoclo.fr\/en\/wp-json\/wp\/v2\/media?parent=2491"}],"wp:term":[{"taxonomy":"product_brand","embeddable":true,"href":"https:\/\/persoclo.fr\/en\/wp-json\/wp\/v2\/product_brand?post=2491"},{"taxonomy":"product_cat","embeddable":true,"href":"https:\/\/persoclo.fr\/en\/wp-json\/wp\/v2\/product_cat?post=2491"},{"taxonomy":"product_tag","embeddable":true,"href":"https:\/\/persoclo.fr\/en\/wp-json\/wp\/v2\/product_tag?post=2491"}],"curies":[{"name":"wp","href":"https:\/\/api.w.org\/{rel}","templated":true}]}}