{"id":2473,"date":"2017-04-01T03:24:36","date_gmt":"2017-04-01T02:24:36","guid":{"rendered":"http:\/\/persoclo.fr\/?post_type=product&#038;p=2473"},"modified":"2018-09-08T22:28:32","modified_gmt":"2018-09-08T21:28:32","slug":"robe-dete-made-in-france","status":"publish","type":"product","link":"https:\/\/persoclo.fr\/en\/shopping\/robe-dete-made-in-france\/","title":{"rendered":"Robe d&#8217;\u00e9t\u00e9 &#8211; Made in France"},"content":{"rendered":"<div class=\"product-box-details\">\n<div class=\"collateral-titre\">D\u00c9TAILS<\/div>\n<div class=\"collateral-contenu\">\n<p><b>\u00a0<\/b>&#8211; La Robe Adonis d\u2019\u00e9t\u00e9 est fabriqu\u00e9e avec amour, \u00e0 la main.<br \/>\n&#8211; Imprim\u00e9 : 100% viscose<br \/>\n&#8211; Origine mati\u00e8res : R\u00e9gion Lyonnaise<br \/>\n<b>&#8211; Adonis d\u2019\u00e9t\u00e9 se lave d\u00e9licatement \u00e0 la machine \u00e0 30\u00b0C\u00a0<\/b><br \/>\n&#8211; 100% Made in France<\/p>\n<\/div>\n<\/div>\n<div class=\"product-box-description\">\n<div class=\"collateral-titre\">DESCRIPTION<\/div>\n<div class=\"collateral-contenu\">\n<p>Livraison 72h &#8211; 3 jours ouvr\u00e9s<br \/>\nChaque pi\u00e8ce est fabriqu\u00e9e \u00e0 la main dans nos ateliers Proven\u00e7aux<br \/>\nL&#8217;ensemble des composantes du v\u00eatement (tissus, fils, boutons, \u00e9tiquettes &amp; accessoires) sont issues de fabriques Fran\u00e7aises.<br \/>\nRetour : sur simple demande par mail &#8211; voir conditions de vente.<\/p>\n<\/div>\n<\/div>\n","protected":false},"excerpt":{"rendered":"<p>Adonis est la robe imprim\u00e9e de l\u2019\u00e9t\u00e9, avec sa coupe fluide mais ajust\u00e9e \u00e0 la taille par une d\u00e9coupe \u00e9lastiqu\u00e9e. Sans manches, simple et l\u00e9g\u00e8re, facile \u00e0 porter, Adonis sera votre meilleure alli\u00e9e pour les vacances et pourquoi pas pour la vie\u00a0?<\/p>\n<p><b>Le petit mot de la Cr\u00e9atrice<\/b> : Compl\u00e9tez Adonis avec un chapeau, un panier en osier et des sandales pour un look total plage.<\/p>\n<p>&#8211; Coupe fluide<br \/>\n&#8211; D\u00e9collet\u00e9 en V arrondi<br \/>\n&#8211; Taille ajust\u00e9e \u00e9lastiqu\u00e9e<br \/>\n&#8211; Devant : petites fronces au niveau des \u00e9paules<br \/>\n&#8211; Imprim\u00e9 exclusif d\u00e9velopp\u00e9 par La Maison Borrelly<br \/>\n&#8211; <b>Adonis d&#8217;\u00e9t\u00e9 est fabriqu\u00e9e en France<\/b><\/p>\n<p><img loading=\"lazy\" decoding=\"async\" class=\"size-full wp-image-2264 aligncenter\" src=\"http:\/\/persoclo.fr\/wp-content\/uploads\/2016\/06\/Capture6.png\" alt=\"Capture6\" width=\"753\" height=\"159\" srcset=\"https:\/\/persoclo.fr\/wp-content\/uploads\/2016\/06\/Capture6.png 753w, https:\/\/persoclo.fr\/wp-content\/uploads\/2016\/06\/Capture6-600x127.png 600w, https:\/\/persoclo.fr\/wp-content\/uploads\/2016\/06\/Capture6-300x63.png 300w\" sizes=\"auto, (max-width: 753px) 100vw, 753px\" \/> <img loading=\"lazy\" decoding=\"async\" class=\"size-full wp-image-2265 aligncenter\" src=\"http:\/\/persoclo.fr\/wp-content\/uploads\/2016\/06\/Capture7.png\" alt=\"Tailles\" width=\"445\" height=\"62\" srcset=\"https:\/\/persoclo.fr\/wp-content\/uploads\/2016\/06\/Capture7.png 445w, https:\/\/persoclo.fr\/wp-content\/uploads\/2016\/06\/Capture7-300x42.png 300w\" sizes=\"auto, (max-width: 445px) 100vw, 445px\" \/><\/p>\n","protected":false},"featured_media":2474,"comment_status":"open","ping_status":"closed","template":"","meta":[],"product_brand":[],"product_cat":[84,6,205,42,215],"product_tag":[227],"class_list":{"0":"post-2473","1":"product","2":"type-product","3":"status-publish","4":"has-post-thumbnail","6":"product_cat-best-of","7":"product_cat-femme","8":"product_cat-robes","9":"product_cat-tout","10":"product_cat-vetements","11":"product_tag-robe","13":"first","14":"outofstock","15":"taxable","16":"shipping-taxable","17":"purchasable","18":"product-type-variable"},"translation":{"provider":"WPGlobus","version":"3.0.2","language":"en","enabled_languages":["fr","en"],"languages":{"fr":{"title":true,"content":true,"excerpt":true},"en":{"title":false,"content":false,"excerpt":false}}},"aioseo_notices":[],"_links":{"self":[{"href":"https:\/\/persoclo.fr\/en\/wp-json\/wp\/v2\/product\/2473","targetHints":{"allow":["GET"]}}],"collection":[{"href":"https:\/\/persoclo.fr\/en\/wp-json\/wp\/v2\/product"}],"about":[{"href":"https:\/\/persoclo.fr\/en\/wp-json\/wp\/v2\/types\/product"}],"replies":[{"embeddable":true,"href":"https:\/\/persoclo.fr\/en\/wp-json\/wp\/v2\/comments?post=2473"}],"wp:featuredmedia":[{"embeddable":true,"href":"https:\/\/persoclo.fr\/en\/wp-json\/wp\/v2\/media\/2474"}],"wp:attachment":[{"href":"https:\/\/persoclo.fr\/en\/wp-json\/wp\/v2\/media?parent=2473"}],"wp:term":[{"taxonomy":"product_brand","embeddable":true,"href":"https:\/\/persoclo.fr\/en\/wp-json\/wp\/v2\/product_brand?post=2473"},{"taxonomy":"product_cat","embeddable":true,"href":"https:\/\/persoclo.fr\/en\/wp-json\/wp\/v2\/product_cat?post=2473"},{"taxonomy":"product_tag","embeddable":true,"href":"https:\/\/persoclo.fr\/en\/wp-json\/wp\/v2\/product_tag?post=2473"}],"curies":[{"name":"wp","href":"https:\/\/api.w.org\/{rel}","templated":true}]}}