{"id":2463,"date":"2016-07-04T03:05:25","date_gmt":"2016-07-04T02:05:25","guid":{"rendered":"http:\/\/persoclo.fr\/produit\/t-shirt-100-made-in-france-3\/"},"modified":"2017-08-30T02:25:20","modified_gmt":"2017-08-30T01:25:20","slug":"t-shirt-100-made-in-france-3","status":"publish","type":"product","link":"https:\/\/persoclo.fr\/en\/shopping\/t-shirt-100-made-in-france-3\/","title":{"rendered":"T-shirt &#8211; 100% Made in France"},"content":{"rendered":"<p><span style=\"text-decoration: underline;\"><strong>D\u00e9tails :<\/strong><\/span><\/p>\n<p>Mati\u00e8re premi\u00e8re : coton issu de l\u2019agriculture biologique certifi\u00e9 \u00ab\u00a0GOTS\u00a0\u00bb ( Global Organic Textile Standart ) et OEKO-TEX.<br \/>\nEnti\u00e8rement tricot\u00e9s et confectionn\u00e9s dans une usine certifi\u00e9e \u00ab\u00a0Origine France Garantie\u00a0\u00bb \u00e0 Saint-Andr\u00e9 lez Lille, \u00e0 c\u00f4t\u00e9 de Lille, en France.<br \/>\nS\u00e9rigraphie r\u00e9alis\u00e9e \u00e0 Villeneuve d\u2019Ascq, \u00e0 c\u00f4t\u00e9 de Lille, en France.<br \/>\nTeinture \u00e9cru certifi\u00e9e \u00ab\u00a0GOTS\u00a0\u00bb r\u00e9alis\u00e9e en Belgique (plus proche de Lille que de Bordeaux !)<\/p>\n<p>Le mannequin homme porte une taille : M<br \/>\nLe mannequin femme porte une taille : M<br \/>\nSi vous h\u00e9sitez entre deux tailles, choisissez la plus grande.<\/p>\n<p>This first collection of Made in France T-shirts, 100% organic cotton, highlights \u00ab\u00a0hand-made\u00a0\u00bb processes, one of the first FANTOME\u2019s value.<br \/>\nThe illustrations are made by the famous Steven Burke\u2019s hand, a.k.a. Lucky Left Hand (www.luckylefthand.com) the son of FANTOME\u2019s family and international known illustrator since more than ten years.<\/p>\n<p>100% Combed Organic Coton 158g\/m2 &#8211; Prewashed &#8211; Straight cut &#8211; Unisex<br \/>\nSizes : S &#8211; M &#8211; L &#8211; XL<\/p>\n<p>Details :<br \/>\nWe use Organic cotton that is certified \u00ab\u00a0GOTS\u00a0\u00bb and OEKO-TEX<br \/>\nThe T-shirts are entirely knitted and made in a french \u00ab\u00a0Origine France Garantie\u00a0\u00bb factory.<br \/>\nThe print is made in France too.<br \/>\nThe color ecru is realized by a GOTS factory in Belgium.<\/p>\n<p>The man model is wearing a : M<br \/>\nThe woman model is wearing a : M<br \/>\nIf you hesitate between two sizes, choose the bigger one.<\/p>\n","protected":false},"excerpt":{"rendered":"<p style=\"text-align: justify;\">Cette premi\u00e8re collection de T-shirts Made in France 100% coton bio met en valeur le \u00ab\u00a0fait-main\u00a0\u00bb, une des premi\u00e8res valeurs de FANTOME, partenaire officiel de <strong>PersoClo<\/strong>.<br \/>\nLes illustrations ont \u00e9t\u00e9 r\u00e9alis\u00e9es par la fameuse main gauche de Steven Burke, alias Lucky Left Hand, (www.luckylefthand.com) le fils dans la famille FANTOME et illustrateur de renomm\u00e9e internationale depuis plus de 10 ans.<\/p>\n<p style=\"text-align: justify;\">100% Coton Peign\u00e9 Biologique 158g\/m2 &#8211; Maille Pr\u00e9lav\u00e9e &#8211; Coupe Droite &#8211; Unisexe.<br \/>\nTailles disponibles : S &#8211; M &#8211; L &#8211; XL<\/p>\n","protected":false},"featured_media":1724,"comment_status":"open","ping_status":"closed","template":"","meta":[],"product_brand":[],"product_cat":[6,18,42],"product_tag":[182],"class_list":{"0":"post-2463","1":"product","2":"type-product","3":"status-publish","4":"has-post-thumbnail","6":"product_cat-femme","7":"product_cat-haut-pour-elle","8":"product_cat-tout","9":"product_tag-fantome","10":"product_shipping_class-classe-1","12":"first","13":"instock","14":"taxable","15":"shipping-taxable","16":"purchasable","17":"product-type-variable"},"translation":{"provider":"WPGlobus","version":"3.0.2","language":"en","enabled_languages":["fr","en"],"languages":{"fr":{"title":true,"content":true,"excerpt":true},"en":{"title":false,"content":false,"excerpt":false}}},"aioseo_notices":[],"_links":{"self":[{"href":"https:\/\/persoclo.fr\/en\/wp-json\/wp\/v2\/product\/2463","targetHints":{"allow":["GET"]}}],"collection":[{"href":"https:\/\/persoclo.fr\/en\/wp-json\/wp\/v2\/product"}],"about":[{"href":"https:\/\/persoclo.fr\/en\/wp-json\/wp\/v2\/types\/product"}],"replies":[{"embeddable":true,"href":"https:\/\/persoclo.fr\/en\/wp-json\/wp\/v2\/comments?post=2463"}],"wp:featuredmedia":[{"embeddable":true,"href":"https:\/\/persoclo.fr\/en\/wp-json\/wp\/v2\/media\/1724"}],"wp:attachment":[{"href":"https:\/\/persoclo.fr\/en\/wp-json\/wp\/v2\/media?parent=2463"}],"wp:term":[{"taxonomy":"product_brand","embeddable":true,"href":"https:\/\/persoclo.fr\/en\/wp-json\/wp\/v2\/product_brand?post=2463"},{"taxonomy":"product_cat","embeddable":true,"href":"https:\/\/persoclo.fr\/en\/wp-json\/wp\/v2\/product_cat?post=2463"},{"taxonomy":"product_tag","embeddable":true,"href":"https:\/\/persoclo.fr\/en\/wp-json\/wp\/v2\/product_tag?post=2463"}],"curies":[{"name":"wp","href":"https:\/\/api.w.org\/{rel}","templated":true}]}}