{"id":2299,"date":"2016-07-01T10:49:51","date_gmt":"2016-07-01T09:49:51","guid":{"rendered":"http:\/\/persoclo.fr\/?post_type=product&#038;p=2299"},"modified":"2017-08-30T00:18:50","modified_gmt":"2017-08-29T23:18:50","slug":"espadrilles-made-in-france-2","status":"publish","type":"product","link":"https:\/\/persoclo.fr\/en\/shopping\/espadrilles-made-in-france-2\/","title":{"rendered":"Espadrilles &#8211; Made in France"},"content":{"rendered":"","protected":false},"excerpt":{"rendered":"<p><strong>Dessus \/ Tige<\/strong> = Coton<\/p>\n<p><strong>Semelle Int\u00e9rieure<\/strong> = Jute (fibre v\u00e9g\u00e9tale)<\/p>\n<p><strong>Semelle Ext\u00e9rieure<\/strong> = Caoutchouc 2,5 mm<\/p>\n<p><strong>Hauteur<\/strong> = Semelle plate 1 cm<\/p>\n<p><strong>Origine<\/strong> = Fabrication Fran\u00e7aise \u00e0 Maul\u00e9on<\/p>\n<p><strong>Info Pointure<\/strong> = Idem chaussures de ville<\/p>\n<p><strong>Bout de l&#8217;espadrille<\/strong> = Rond<\/p>\n<p><strong>Genre<\/strong> = Mixte (hommes et femmes)<\/p>\n","protected":false},"featured_media":2301,"comment_status":"open","ping_status":"closed","template":"","meta":[],"product_brand":[],"product_cat":[13,7,507,6,12,42],"product_tag":[57],"class_list":{"0":"post-2299","1":"product","2":"type-product","3":"status-publish","4":"has-post-thumbnail","6":"product_cat-chaussures-pour-lui","7":"product_cat-chaussures-pour-elle","8":"product_cat-chaussures","9":"product_cat-femme","10":"product_cat-homme","11":"product_cat-tout","12":"product_tag-espadrille","13":"product_shipping_class-classe-2","15":"first","16":"instock","17":"taxable","18":"shipping-taxable","19":"purchasable","20":"product-type-variable"},"translation":{"provider":"WPGlobus","version":"3.0.2","language":"en","enabled_languages":["fr","en"],"languages":{"fr":{"title":true,"content":false,"excerpt":true},"en":{"title":false,"content":false,"excerpt":false}}},"aioseo_notices":[],"_links":{"self":[{"href":"https:\/\/persoclo.fr\/en\/wp-json\/wp\/v2\/product\/2299","targetHints":{"allow":["GET"]}}],"collection":[{"href":"https:\/\/persoclo.fr\/en\/wp-json\/wp\/v2\/product"}],"about":[{"href":"https:\/\/persoclo.fr\/en\/wp-json\/wp\/v2\/types\/product"}],"replies":[{"embeddable":true,"href":"https:\/\/persoclo.fr\/en\/wp-json\/wp\/v2\/comments?post=2299"}],"wp:featuredmedia":[{"embeddable":true,"href":"https:\/\/persoclo.fr\/en\/wp-json\/wp\/v2\/media\/2301"}],"wp:attachment":[{"href":"https:\/\/persoclo.fr\/en\/wp-json\/wp\/v2\/media?parent=2299"}],"wp:term":[{"taxonomy":"product_brand","embeddable":true,"href":"https:\/\/persoclo.fr\/en\/wp-json\/wp\/v2\/product_brand?post=2299"},{"taxonomy":"product_cat","embeddable":true,"href":"https:\/\/persoclo.fr\/en\/wp-json\/wp\/v2\/product_cat?post=2299"},{"taxonomy":"product_tag","embeddable":true,"href":"https:\/\/persoclo.fr\/en\/wp-json\/wp\/v2\/product_tag?post=2299"}],"curies":[{"name":"wp","href":"https:\/\/api.w.org\/{rel}","templated":true}]}}