{"id":2295,"date":"2015-09-01T10:03:41","date_gmt":"2015-09-01T09:03:41","guid":{"rendered":"http:\/\/persoclo.fr\/?post_type=product&#038;p=2295"},"modified":"2017-08-30T01:40:32","modified_gmt":"2017-08-30T00:40:32","slug":"25-paires-despadrilles-personnalisees","status":"publish","type":"product","link":"https:\/\/persoclo.fr\/en\/shopping\/25-paires-despadrilles-personnalisees\/","title":{"rendered":"25 paires d&#8217;espadrilles personnalis\u00e9es"},"content":{"rendered":"","protected":false},"excerpt":{"rendered":"<p>V\u00e9ritables espadrilles fran\u00e7aises de Maul\u00e9on :\u00a0personnalisables<\/p>\n<p>Nous avons la possibilit\u00e9 de personnaliser les espadrilles avec une photo, un logo, du texte pour des \u00e9v\u00e8nements (soir\u00e9es, mariages, s\u00e9minaires, promotions)<\/p>\n<p>Minimum de commande : 25 paires<\/p>\n<p>Espadrilles cousues machine<\/p>\n<p>Semelle int\u00e9rieure en corde<\/p>\n<p>Semelle ext\u00e9rieure en caoutchouc sur sa totalit\u00e9<\/p>\n<p>Toile : 50% coton et 50% polyester<\/p>\n<p>Chic, facile \u00e0 porter et ultra confortable, ces espadrilles allient la mode et le graphisme<\/p>\n<p>Nous vous contacterons pour les d\u00e9tails.<\/p>\n","protected":false},"featured_media":2297,"comment_status":"open","ping_status":"closed","template":"","meta":[],"product_brand":[],"product_cat":[7,13,6,12,110,42,215],"product_tag":[226],"class_list":{"0":"post-2295","1":"product","2":"type-product","3":"status-publish","4":"has-post-thumbnail","6":"product_cat-chaussures-pour-elle","7":"product_cat-chaussures-pour-lui","8":"product_cat-femme","9":"product_cat-homme","10":"product_cat-personnalisable","11":"product_cat-tout","12":"product_cat-vetements","13":"product_tag-personnalisable","15":"first","16":"instock","17":"taxable","18":"shipping-taxable","19":"purchasable","20":"product-type-simple"},"translation":{"provider":"WPGlobus","version":"3.0.2","language":"en","enabled_languages":["fr","en"],"languages":{"fr":{"title":true,"content":false,"excerpt":true},"en":{"title":false,"content":false,"excerpt":false}}},"aioseo_notices":[],"_links":{"self":[{"href":"https:\/\/persoclo.fr\/en\/wp-json\/wp\/v2\/product\/2295","targetHints":{"allow":["GET"]}}],"collection":[{"href":"https:\/\/persoclo.fr\/en\/wp-json\/wp\/v2\/product"}],"about":[{"href":"https:\/\/persoclo.fr\/en\/wp-json\/wp\/v2\/types\/product"}],"replies":[{"embeddable":true,"href":"https:\/\/persoclo.fr\/en\/wp-json\/wp\/v2\/comments?post=2295"}],"wp:featuredmedia":[{"embeddable":true,"href":"https:\/\/persoclo.fr\/en\/wp-json\/wp\/v2\/media\/2297"}],"wp:attachment":[{"href":"https:\/\/persoclo.fr\/en\/wp-json\/wp\/v2\/media?parent=2295"}],"wp:term":[{"taxonomy":"product_brand","embeddable":true,"href":"https:\/\/persoclo.fr\/en\/wp-json\/wp\/v2\/product_brand?post=2295"},{"taxonomy":"product_cat","embeddable":true,"href":"https:\/\/persoclo.fr\/en\/wp-json\/wp\/v2\/product_cat?post=2295"},{"taxonomy":"product_tag","embeddable":true,"href":"https:\/\/persoclo.fr\/en\/wp-json\/wp\/v2\/product_tag?post=2295"}],"curies":[{"name":"wp","href":"https:\/\/api.w.org\/{rel}","templated":true}]}}