{"id":22818,"date":"2020-09-24T00:18:47","date_gmt":"2020-09-23T23:18:47","guid":{"rendered":"https:\/\/persoclo.fr\/?post_type=product&#038;p=22818"},"modified":"2020-09-24T00:19:34","modified_gmt":"2020-09-23T23:19:34","slug":"tapis-etoile-mauve","status":"publish","type":"product","link":"https:\/\/persoclo.fr\/en\/shopping\/tapis-etoile-mauve\/","title":{"rendered":"Tapis \u00e9toile mauve"},"content":{"rendered":"","protected":false},"excerpt":{"rendered":"<p style=\"text-align: justify;\">Ce grand tapis \u00e9toile mauve gris\u00e9, d&#8217;une douceur infinie\u00a0apportera charme et po\u00e9sie dans une chambre ou un salon.\u00a0Son colori mauve gris\u00e9 est moderne, classique et \u00e9l\u00e9gant.\u00a0Avec sa fausse fourrure tricot\u00e9e, Made In France, toute douce et avec son antid\u00e9rapant contre-coller directement, ce tapis peut devenir un\u00a0aire de jeux de r\u00eave !<\/p>\n","protected":false},"featured_media":22820,"comment_status":"open","ping_status":"closed","template":"","meta":[],"product_brand":[],"product_cat":[220,42],"product_tag":[85],"class_list":{"0":"post-22818","1":"product","2":"type-product","3":"status-publish","4":"has-post-thumbnail","6":"product_cat-maison-deco","7":"product_cat-tout","8":"product_tag-pilepoil","10":"first","11":"instock","12":"taxable","13":"shipping-taxable","14":"purchasable","15":"product-type-variable"},"translation":{"provider":"WPGlobus","version":"3.0.2","language":"en","enabled_languages":["fr","en"],"languages":{"fr":{"title":true,"content":false,"excerpt":true},"en":{"title":false,"content":false,"excerpt":false}}},"aioseo_notices":[],"_links":{"self":[{"href":"https:\/\/persoclo.fr\/en\/wp-json\/wp\/v2\/product\/22818","targetHints":{"allow":["GET"]}}],"collection":[{"href":"https:\/\/persoclo.fr\/en\/wp-json\/wp\/v2\/product"}],"about":[{"href":"https:\/\/persoclo.fr\/en\/wp-json\/wp\/v2\/types\/product"}],"replies":[{"embeddable":true,"href":"https:\/\/persoclo.fr\/en\/wp-json\/wp\/v2\/comments?post=22818"}],"wp:featuredmedia":[{"embeddable":true,"href":"https:\/\/persoclo.fr\/en\/wp-json\/wp\/v2\/media\/22820"}],"wp:attachment":[{"href":"https:\/\/persoclo.fr\/en\/wp-json\/wp\/v2\/media?parent=22818"}],"wp:term":[{"taxonomy":"product_brand","embeddable":true,"href":"https:\/\/persoclo.fr\/en\/wp-json\/wp\/v2\/product_brand?post=22818"},{"taxonomy":"product_cat","embeddable":true,"href":"https:\/\/persoclo.fr\/en\/wp-json\/wp\/v2\/product_cat?post=22818"},{"taxonomy":"product_tag","embeddable":true,"href":"https:\/\/persoclo.fr\/en\/wp-json\/wp\/v2\/product_tag?post=22818"}],"curies":[{"name":"wp","href":"https:\/\/api.w.org\/{rel}","templated":true}]}}