{"id":2274,"date":"2016-06-29T06:51:03","date_gmt":"2016-06-29T05:51:03","guid":{"rendered":"http:\/\/persoclo.fr\/?post_type=product&#038;p=2274"},"modified":"2018-09-08T22:30:22","modified_gmt":"2018-09-08T21:30:22","slug":"debardeur-asarina-100-made-in-france","status":"publish","type":"product","link":"https:\/\/persoclo.fr\/en\/shopping\/debardeur-asarina-100-made-in-france\/","title":{"rendered":"D\u00e9bardeur Asarina &#8211; 100% Made in France"},"content":{"rendered":"","protected":false},"excerpt":{"rendered":"<p style=\"text-align: justify;\">Notre d\u00e9bardeur coton blanc Asarina, avec son d\u00e9collet\u00e9 profond dans le dos, vous fera chavirer telle une danseuse \u00e9toil\u00e9e. Cette pi\u00e8ce pr\u00e9sente une petite poche \u00e0 pois dor\u00e9s au niveau de la poitrine lui apportant un d\u00e9tail subtil.<\/p>\n<p><strong>Le petit mot de la Cr\u00e9atrice :<\/strong> Asaria s\u2019associe ais\u00e9ment avec votre garde-robe, comme par exemple sous laveste tailleur ajust\u00e9e Aster.<\/p>\n<p>&#8211; Larges emmanchures \u2194\u00a0Encolure arrondie devant et derri\u00e8re<br \/>\n&#8211; Jersey coton : 92% coton ; 8% \u00e9lasthanne<br \/>\n&#8211; Petite poche poitrine<br \/>\n&#8211; Jacquard \u00e0 pois dor\u00e9s \u00a0\u2192\u00a046% coton ; 42% polyester ;12% polyamide<br \/>\n&#8211; Origine mati\u00e8res : R\u00e9gion Lyonnaise \u2192 100% Made in France<strong><br \/>\n<\/strong>&#8211; Le d\u00e9bardeur Asarina est fabriqu\u00e9 en France\u00a0avec amour, \u00e0 la main.<br \/>\n&#8211; <b>Asarina se lave \u00e0 la machine \u00e0 30\u00b0C<\/b><\/p>\n<p><img loading=\"lazy\" decoding=\"async\" class=\"size-full wp-image-2264 aligncenter\" src=\"http:\/\/persoclo.fr\/wp-content\/uploads\/2016\/06\/Capture6.png\" alt=\"Capture6\" width=\"753\" height=\"159\" srcset=\"https:\/\/persoclo.fr\/wp-content\/uploads\/2016\/06\/Capture6.png 753w, https:\/\/persoclo.fr\/wp-content\/uploads\/2016\/06\/Capture6-600x127.png 600w, https:\/\/persoclo.fr\/wp-content\/uploads\/2016\/06\/Capture6-300x63.png 300w\" sizes=\"auto, (max-width: 753px) 100vw, 753px\" \/> <img loading=\"lazy\" decoding=\"async\" class=\"size-full wp-image-2265 aligncenter\" src=\"http:\/\/persoclo.fr\/wp-content\/uploads\/2016\/06\/Capture7.png\" alt=\"Capture7\" width=\"445\" height=\"62\" srcset=\"https:\/\/persoclo.fr\/wp-content\/uploads\/2016\/06\/Capture7.png 445w, https:\/\/persoclo.fr\/wp-content\/uploads\/2016\/06\/Capture7-300x42.png 300w\" sizes=\"auto, (max-width: 445px) 100vw, 445px\" \/><\/p>\n<p style=\"text-align: center;\"><strong><span style=\"color: #3366ff;\">&#8211; Choisir une taille pour ajouter au panier &#8211;\u00a0<\/span><\/strong><\/p>\n<p style=\"text-align: center;\">\n","protected":false},"featured_media":2279,"comment_status":"open","ping_status":"closed","template":"","meta":[],"product_brand":[],"product_cat":[6,18,215],"product_tag":[224],"class_list":{"0":"post-2274","1":"product","2":"type-product","3":"status-publish","4":"has-post-thumbnail","6":"product_cat-femme","7":"product_cat-haut-pour-elle","8":"product_cat-vetements","9":"product_tag-maison-borelly","11":"first","12":"outofstock","13":"taxable","14":"shipping-taxable","15":"purchasable","16":"product-type-variable"},"translation":{"provider":"WPGlobus","version":"3.0.2","language":"en","enabled_languages":["fr","en"],"languages":{"fr":{"title":true,"content":false,"excerpt":true},"en":{"title":false,"content":false,"excerpt":false}}},"aioseo_notices":[],"_links":{"self":[{"href":"https:\/\/persoclo.fr\/en\/wp-json\/wp\/v2\/product\/2274","targetHints":{"allow":["GET"]}}],"collection":[{"href":"https:\/\/persoclo.fr\/en\/wp-json\/wp\/v2\/product"}],"about":[{"href":"https:\/\/persoclo.fr\/en\/wp-json\/wp\/v2\/types\/product"}],"replies":[{"embeddable":true,"href":"https:\/\/persoclo.fr\/en\/wp-json\/wp\/v2\/comments?post=2274"}],"wp:featuredmedia":[{"embeddable":true,"href":"https:\/\/persoclo.fr\/en\/wp-json\/wp\/v2\/media\/2279"}],"wp:attachment":[{"href":"https:\/\/persoclo.fr\/en\/wp-json\/wp\/v2\/media?parent=2274"}],"wp:term":[{"taxonomy":"product_brand","embeddable":true,"href":"https:\/\/persoclo.fr\/en\/wp-json\/wp\/v2\/product_brand?post=2274"},{"taxonomy":"product_cat","embeddable":true,"href":"https:\/\/persoclo.fr\/en\/wp-json\/wp\/v2\/product_cat?post=2274"},{"taxonomy":"product_tag","embeddable":true,"href":"https:\/\/persoclo.fr\/en\/wp-json\/wp\/v2\/product_tag?post=2274"}],"curies":[{"name":"wp","href":"https:\/\/api.w.org\/{rel}","templated":true}]}}