{"id":22710,"date":"2020-09-21T22:15:51","date_gmt":"2020-09-21T21:15:51","guid":{"rendered":"https:\/\/persoclo.fr\/?post_type=product&#038;p=22710"},"modified":"2020-09-21T22:17:35","modified_gmt":"2020-09-21T21:17:35","slug":"tapis-nuage-blanc","status":"publish","type":"product","link":"https:\/\/persoclo.fr\/en\/shopping\/tapis-nuage-blanc\/","title":{"rendered":"Tapis nuage blanc"},"content":{"rendered":"<div id=\"pl-22710\"  class=\"panel-layout\" ><div id=\"pg-22710-0\"  class=\"panel-grid panel-no-style\" ><div id=\"pgc-22710-0-0\"  class=\"panel-grid-cell\" ><div id=\"panel-22710-0-0-0\" class=\"so-panel widget widget_sow-editor panel-first-child panel-last-child\" data-index=\"0\" ><div\n\t\t\t\n\t\t\tclass=\"so-widget-sow-editor so-widget-sow-editor-base\"\n\t\t\t\n\t\t>\n<div class=\"siteorigin-widget-tinymce textwidget\">\n\t<h3 class=\"s8gg2 _2UIKs\" data-hook=\"info-section-title\">Composition:<\/h3>\n<div class=\"rah-static rah-static--height-auto\" aria-hidden=\"false\">\n<div>\n<div class=\"_1yvxJ fggS- cell\">\n<div class=\"WncCi\" data-hook=\"info-section-description\">\n<p>100% modacrylique<\/p>\n<h3 class=\"s8gg2 _2UIKs\" data-hook=\"info-section-title\">Entretien:<\/h3>\n<div class=\"rah-static rah-static--height-auto\" aria-hidden=\"false\">\n<div>\n<div class=\"_1yvxJ fggS- cell\">\n<div class=\"WncCi\" data-hook=\"info-section-description\">\n<p>Nous conseillons de le laver en machine \u00e0 une temp\u00e9rature de maximum 30\u00b0, en utilisant principalement de l\u2019adoucissant et un peu de lessive.<\/p>\n<p>Attention le s\u00e9chage se fait \u00e0 plat !<\/p>\n<p>En cas de perte de poils, pas d'inqui\u00e9tude ! Ce sont des r\u00e9sidus de la fibre qui apparaissent \u00e0 la coupe. Il convient de brosser le tapis \u00e0 l'aide d'une brosse dure dans le sens du poil les premiers jours ; ensuite, il est recommand\u00e9 d'utiliser l'aspirateur.<\/p>\n<\/div>\n<\/div>\n<\/div>\n<\/div>\n<\/div>\n<\/div>\n<\/div>\n<\/div>\n<\/div>\n<\/div><\/div><\/div><\/div><\/div>","protected":false},"excerpt":{"rendered":"<p>Un tapis tout doux qui fera r\u00eaver les grands et les tous petits. Fabriqu\u00e9 in France en plus !!!<\/p>\n","protected":false},"featured_media":22716,"comment_status":"open","ping_status":"closed","template":"","meta":[],"product_brand":[],"product_cat":[220,42],"product_tag":[85],"class_list":{"0":"post-22710","1":"product","2":"type-product","3":"status-publish","4":"has-post-thumbnail","6":"product_cat-maison-deco","7":"product_cat-tout","8":"product_tag-pilepoil","10":"first","11":"instock","12":"taxable","13":"shipping-taxable","14":"purchasable","15":"product-type-variable"},"translation":{"provider":"WPGlobus","version":"3.0.2","language":"en","enabled_languages":["fr","en"],"languages":{"fr":{"title":true,"content":true,"excerpt":true},"en":{"title":false,"content":false,"excerpt":false}}},"aioseo_notices":[],"_links":{"self":[{"href":"https:\/\/persoclo.fr\/en\/wp-json\/wp\/v2\/product\/22710","targetHints":{"allow":["GET"]}}],"collection":[{"href":"https:\/\/persoclo.fr\/en\/wp-json\/wp\/v2\/product"}],"about":[{"href":"https:\/\/persoclo.fr\/en\/wp-json\/wp\/v2\/types\/product"}],"replies":[{"embeddable":true,"href":"https:\/\/persoclo.fr\/en\/wp-json\/wp\/v2\/comments?post=22710"}],"wp:featuredmedia":[{"embeddable":true,"href":"https:\/\/persoclo.fr\/en\/wp-json\/wp\/v2\/media\/22716"}],"wp:attachment":[{"href":"https:\/\/persoclo.fr\/en\/wp-json\/wp\/v2\/media?parent=22710"}],"wp:term":[{"taxonomy":"product_brand","embeddable":true,"href":"https:\/\/persoclo.fr\/en\/wp-json\/wp\/v2\/product_brand?post=22710"},{"taxonomy":"product_cat","embeddable":true,"href":"https:\/\/persoclo.fr\/en\/wp-json\/wp\/v2\/product_cat?post=22710"},{"taxonomy":"product_tag","embeddable":true,"href":"https:\/\/persoclo.fr\/en\/wp-json\/wp\/v2\/product_tag?post=22710"}],"curies":[{"name":"wp","href":"https:\/\/api.w.org\/{rel}","templated":true}]}}