{"id":2257,"date":"2016-06-29T05:21:08","date_gmt":"2016-06-29T04:21:08","guid":{"rendered":"http:\/\/persoclo.fr\/?post_type=product&#038;p=2257"},"modified":"2018-09-08T22:30:37","modified_gmt":"2018-09-08T21:30:37","slug":"top-sham-100-made-in-france","status":"publish","type":"product","link":"https:\/\/persoclo.fr\/en\/shopping\/top-sham-100-made-in-france\/","title":{"rendered":"TOP Sham"},"content":{"rendered":"<div class=\"product-box-details\">\n<div class=\"collateral-contenu\">\n<p>&#8211; Le top Sham est fabriqu\u00e9 avec amour, \u00e0 la main.<br \/>\n&#8211;\u00a0Uni bordeaux\u00a0: 99% Viscose 1% \u00e9lasthanne<br \/>\n&#8211; Mousseline de soie : 100% soie<br \/>\n&#8211;\u00a0<strong>Sham se lave \u00e0 la main<\/strong><br \/>\n&#8211; Origine mati\u00e8res : R\u00e9gion Alsacienne<br \/>\n&#8211; 100% Made in France<\/p>\n<\/div>\n<\/div>\n<div class=\"product-box-description\">\n<div class=\"collateral-contenu\">\n<p>Livraison 72h &#8211; 3 jours ouvr\u00e9s<br \/>\nChaque pi\u00e8ce est fabriqu\u00e9e \u00e0 la main dans nos ateliers Proven\u00e7aux<br \/>\nL&#8217;ensemble des composantes du v\u00eatement (tissus, fils, boutons, \u00e9tiquettes &amp; accessoires) sont issues de fabriques Fran\u00e7aises.<br \/>\nRetour : sur simple demande par mail &#8211; voir conditions de vente.<\/p>\n<\/div>\n<\/div>\n","protected":false},"excerpt":{"rendered":"<p style=\"text-align: justify;\">S\u00e9duisant par son association de couleurs,\u00a0 <strong>Sham<\/strong> r\u00e9v\u00e8lera toute votre f\u00e9minit\u00e9 par son jeu de transparence gr\u00e2ce \u00e0 ses empi\u00e8cements en mousseline de soie. Espi\u00e8gle, il sera votre meilleur alli\u00e9 pour attirer tous les regards.<\/p>\n<p style=\"text-align: left;\"><strong>Le petit mot de la cr\u00e9atrice<\/strong>\u00a0: Port\u00e9 avec une jupe crayon et de hauts talons, vous ferez des ravages sur votre passage\u00a0\ud83d\ude09<\/p>\n<div style=\"text-align: left;\">&#8211; Coupe ajust\u00e9e<br \/>\n&#8211; Jeu de transparence sur les c\u00f4t\u00e9s \u00a0\u2192\u00a0Mousseline de soie : 100% soie<br \/>\n&#8211; Bordeaux, couleur de l&#8217;hiver\u00a0\u2192\u00a099% Viscose 1% \u00e9lasthanne<br \/>\n&#8211; Sham est fabriqu\u00e9 avec amour \u00e0 la main et en France.<br \/>\n&#8211; Origine mati\u00e8res : R\u00e9gion Alsacienne\u00a0\u2192\u00a0100% Made in France<\/div>\n<div style=\"text-align: left;\">&#8211;\u00a0<strong>Sham se lave \u00e0 la main<\/strong><\/div>\n<div style=\"text-align: left;\"><\/div>\n<div style=\"text-align: left;\"><img loading=\"lazy\" decoding=\"async\" class=\"wp-image-2264 aligncenter\" src=\"http:\/\/persoclo.fr\/wp-content\/uploads\/2016\/06\/Capture6.png\" alt=\"Capture6\" width=\"512\" height=\"108\" srcset=\"https:\/\/persoclo.fr\/wp-content\/uploads\/2016\/06\/Capture6.png 753w, https:\/\/persoclo.fr\/wp-content\/uploads\/2016\/06\/Capture6-600x127.png 600w, https:\/\/persoclo.fr\/wp-content\/uploads\/2016\/06\/Capture6-300x63.png 300w\" sizes=\"auto, (max-width: 512px) 100vw, 512px\" \/> <img loading=\"lazy\" decoding=\"async\" class=\"wp-image-2265 aligncenter\" src=\"http:\/\/persoclo.fr\/wp-content\/uploads\/2016\/06\/Capture7.png\" alt=\"Capture7\" width=\"337\" height=\"47\" srcset=\"https:\/\/persoclo.fr\/wp-content\/uploads\/2016\/06\/Capture7.png 445w, https:\/\/persoclo.fr\/wp-content\/uploads\/2016\/06\/Capture7-300x42.png 300w\" sizes=\"auto, (max-width: 337px) 100vw, 337px\" \/><\/div>\n<div style=\"text-align: left;\"><\/div>\n<div style=\"text-align: center;\"><strong><span style=\"color: #3366ff;\">&#8211; Choisir une taille pour ajouter au panier &#8211;\u00a0<\/span><\/strong><\/div>\n<div style=\"text-align: center;\"><\/div>\n","protected":false},"featured_media":2258,"comment_status":"open","ping_status":"closed","template":"","meta":[],"product_brand":[],"product_cat":[84,6,18,42,215],"product_tag":[224],"class_list":{"0":"post-2257","1":"product","2":"type-product","3":"status-publish","4":"has-post-thumbnail","6":"product_cat-best-of","7":"product_cat-femme","8":"product_cat-haut-pour-elle","9":"product_cat-tout","10":"product_cat-vetements","11":"product_tag-maison-borelly","13":"first","14":"outofstock","15":"taxable","16":"shipping-taxable","17":"purchasable","18":"product-type-variable"},"translation":{"provider":"WPGlobus","version":"3.0.2","language":"en","enabled_languages":["fr","en"],"languages":{"fr":{"title":true,"content":true,"excerpt":true},"en":{"title":false,"content":false,"excerpt":false}}},"aioseo_notices":[],"_links":{"self":[{"href":"https:\/\/persoclo.fr\/en\/wp-json\/wp\/v2\/product\/2257","targetHints":{"allow":["GET"]}}],"collection":[{"href":"https:\/\/persoclo.fr\/en\/wp-json\/wp\/v2\/product"}],"about":[{"href":"https:\/\/persoclo.fr\/en\/wp-json\/wp\/v2\/types\/product"}],"replies":[{"embeddable":true,"href":"https:\/\/persoclo.fr\/en\/wp-json\/wp\/v2\/comments?post=2257"}],"wp:featuredmedia":[{"embeddable":true,"href":"https:\/\/persoclo.fr\/en\/wp-json\/wp\/v2\/media\/2258"}],"wp:attachment":[{"href":"https:\/\/persoclo.fr\/en\/wp-json\/wp\/v2\/media?parent=2257"}],"wp:term":[{"taxonomy":"product_brand","embeddable":true,"href":"https:\/\/persoclo.fr\/en\/wp-json\/wp\/v2\/product_brand?post=2257"},{"taxonomy":"product_cat","embeddable":true,"href":"https:\/\/persoclo.fr\/en\/wp-json\/wp\/v2\/product_cat?post=2257"},{"taxonomy":"product_tag","embeddable":true,"href":"https:\/\/persoclo.fr\/en\/wp-json\/wp\/v2\/product_tag?post=2257"}],"curies":[{"name":"wp","href":"https:\/\/api.w.org\/{rel}","templated":true}]}}