{"id":22472,"date":"2020-09-08T12:35:20","date_gmt":"2020-09-08T11:35:20","guid":{"rendered":"https:\/\/persoclo.fr\/?post_type=product&#038;p=22472"},"modified":"2020-09-08T12:36:00","modified_gmt":"2020-09-08T11:36:00","slug":"tapis-nuage-gris","status":"publish","type":"product","link":"https:\/\/persoclo.fr\/en\/shopping\/tapis-nuage-gris\/","title":{"rendered":"Tapis nuage Gris"},"content":{"rendered":"<div id=\"pl-22472\"  class=\"panel-layout\" ><div id=\"pg-22472-0\"  class=\"panel-grid panel-no-style\" ><div id=\"pgc-22472-0-0\"  class=\"panel-grid-cell\" ><div id=\"panel-22472-0-0-0\" class=\"so-panel widget widget_sow-editor panel-first-child panel-last-child\" data-index=\"0\" ><div\n\t\t\t\n\t\t\tclass=\"so-widget-sow-editor so-widget-sow-editor-base\"\n\t\t\t\n\t\t>\n<div class=\"siteorigin-widget-tinymce textwidget\">\n\t<p><strong>Composition:\u00a0<\/strong>Le tapis est compos\u00e9 de 100% de fibres modacrylique<\/p>\n<p><strong>Entretien:\u00a0<\/strong>Lavable en machine \u00e0 30\u00b0 (mode d\u00e9licat) et s\u00e9chage \u00e0 plat.<\/p>\n<p><strong>Dimensions:<\/strong>\u00a0140*100 cm<\/p>\n<\/div>\n<\/div><\/div><\/div><\/div><\/div>","protected":false},"excerpt":{"rendered":"<p><img loading=\"lazy\" decoding=\"async\" class=\"aligncenter\" src=\"http:\/\/persoclo.fr\/wp-content\/uploads\/2017\/05\/H.png\" width=\"475\" height=\"171\" \/><\/p>\n<p style=\"text-align: justify;\">Ce tapis Pilepoil en forme de nuage apportera une touche de douceur dans la chambre de votre enfant. Ce sera pour ce dernier une v\u00e9ritable aire de jeux. Avec cette fausse fourrure tricot\u00e9e en France, pas de pertes de poils. Un aspect naturel et soyeux. Antid\u00e9rapant contre-coller directement, le tapis Pilepoil assure une s\u00e9curit\u00e9 pour tous.<\/p>\n","protected":false},"featured_media":22476,"comment_status":"open","ping_status":"closed","template":"","meta":[],"product_brand":[],"product_cat":[220],"product_tag":[85],"class_list":{"0":"post-22472","1":"product","2":"type-product","3":"status-publish","4":"has-post-thumbnail","6":"product_cat-maison-deco","7":"product_tag-pilepoil","9":"first","10":"instock","11":"taxable","12":"shipping-taxable","13":"purchasable","14":"product-type-variable"},"translation":{"provider":"WPGlobus","version":"3.0.2","language":"en","enabled_languages":["fr","en"],"languages":{"fr":{"title":true,"content":true,"excerpt":true},"en":{"title":false,"content":false,"excerpt":false}}},"aioseo_notices":[],"_links":{"self":[{"href":"https:\/\/persoclo.fr\/en\/wp-json\/wp\/v2\/product\/22472","targetHints":{"allow":["GET"]}}],"collection":[{"href":"https:\/\/persoclo.fr\/en\/wp-json\/wp\/v2\/product"}],"about":[{"href":"https:\/\/persoclo.fr\/en\/wp-json\/wp\/v2\/types\/product"}],"replies":[{"embeddable":true,"href":"https:\/\/persoclo.fr\/en\/wp-json\/wp\/v2\/comments?post=22472"}],"wp:featuredmedia":[{"embeddable":true,"href":"https:\/\/persoclo.fr\/en\/wp-json\/wp\/v2\/media\/22476"}],"wp:attachment":[{"href":"https:\/\/persoclo.fr\/en\/wp-json\/wp\/v2\/media?parent=22472"}],"wp:term":[{"taxonomy":"product_brand","embeddable":true,"href":"https:\/\/persoclo.fr\/en\/wp-json\/wp\/v2\/product_brand?post=22472"},{"taxonomy":"product_cat","embeddable":true,"href":"https:\/\/persoclo.fr\/en\/wp-json\/wp\/v2\/product_cat?post=22472"},{"taxonomy":"product_tag","embeddable":true,"href":"https:\/\/persoclo.fr\/en\/wp-json\/wp\/v2\/product_tag?post=22472"}],"curies":[{"name":"wp","href":"https:\/\/api.w.org\/{rel}","templated":true}]}}