{"id":2217,"date":"2016-06-27T18:08:02","date_gmt":"2016-06-27T17:08:02","guid":{"rendered":"http:\/\/persoclo.fr\/?post_type=product&#038;p=2217"},"modified":"2017-08-30T00:53:28","modified_gmt":"2017-08-29T23:53:28","slug":"sac-en-cuir-made-in-france","status":"publish","type":"product","link":"https:\/\/persoclo.fr\/en\/shopping\/sac-en-cuir-made-in-france\/","title":{"rendered":"Sac en Cuir &#8211; Made in France"},"content":{"rendered":"<p>Renaissance de la petite sacoche du t\u00e9l\u00e9graphiste que l&#8217;on peut porter \u00e0 son choix en bandouli\u00e8re soit \u00e0 la ceinture. Un sac deux en un donnant ainsi un style diff\u00e9rent selon son humeur.<\/p>\n","protected":false},"excerpt":{"rendered":"<p>POCHETTE DU T\u00c9L\u00c9GRAPHISTE<\/p>\n<p style=\"text-align: justify;\">Cette petite sacoche de forme pochette poss\u00e8de une poche int\u00e9rieure et aussi une poche ext\u00e9rieure sous le rabat ferm\u00e9e par un zip.<br \/>\nCe m\u00eame rabat est muni d&#039;une fermeture \u00e0 poussoir.<br \/>\nAu dos, deux passants permettent de glisser ceinture et ou ceinturons pour un port\u00e9 \u00e0 la taille.<br \/>\nLa bretelle de 140 cm qui permet le port en bandouli\u00e8re est amovible au moyen de mousquetons.<br \/>\nLe logo TELEGRAPHE est marqu\u00e9 \u00e0 chaud sur le rabat du cuir.<\/p>\n<p style=\"text-align: justify;\"><em><u>Point d&#039;histoire:<\/u><br \/>\nLe facteur t\u00e9l\u00e9graphiste \u00e9tait en charge de remettre \u00e0 domicile \u00e0 leurs destinataires les t\u00e9l\u00e9grammes et autres messages urgents. A pied ou \u00e0 v\u00e9lo, souvent tr\u00e8s jeunes ces facteurs disposaient d&#039;une petite sacoche sp\u00e9ciale qu&#039;ils portaient.<\/em><\/p>\n<div>\n<ul>\n<li>Dimensions:\u00a0 21 x 15 x 5,5 cm<\/li>\n<li>Couelur: Brun\u00a0fonc\u00e9<\/li>\n<li><strong>Fabriqu\u00e9 en France<\/strong><\/li>\n<li>Cuir vachette cir\u00e9,\u00a0Tann\u00e9 en Italie<\/li>\n<\/ul>\n<\/div>\n","protected":false},"featured_media":2218,"comment_status":"open","ping_status":"closed","template":"","meta":[],"product_brand":[],"product_cat":[25,207,524,42],"product_tag":[],"class_list":{"0":"post-2217","1":"product","2":"type-product","3":"status-publish","4":"has-post-thumbnail","6":"product_cat-surprises","7":"product_cat-accessoires","8":"product_cat-bagagerie","9":"product_cat-tout","11":"first","12":"instock","13":"taxable","14":"shipping-taxable","15":"purchasable","16":"product-type-simple"},"translation":{"provider":"WPGlobus","version":"3.0.2","language":"en","enabled_languages":["fr","en"],"languages":{"fr":{"title":true,"content":true,"excerpt":true},"en":{"title":false,"content":false,"excerpt":false}}},"aioseo_notices":[],"_links":{"self":[{"href":"https:\/\/persoclo.fr\/en\/wp-json\/wp\/v2\/product\/2217","targetHints":{"allow":["GET"]}}],"collection":[{"href":"https:\/\/persoclo.fr\/en\/wp-json\/wp\/v2\/product"}],"about":[{"href":"https:\/\/persoclo.fr\/en\/wp-json\/wp\/v2\/types\/product"}],"replies":[{"embeddable":true,"href":"https:\/\/persoclo.fr\/en\/wp-json\/wp\/v2\/comments?post=2217"}],"wp:featuredmedia":[{"embeddable":true,"href":"https:\/\/persoclo.fr\/en\/wp-json\/wp\/v2\/media\/2218"}],"wp:attachment":[{"href":"https:\/\/persoclo.fr\/en\/wp-json\/wp\/v2\/media?parent=2217"}],"wp:term":[{"taxonomy":"product_brand","embeddable":true,"href":"https:\/\/persoclo.fr\/en\/wp-json\/wp\/v2\/product_brand?post=2217"},{"taxonomy":"product_cat","embeddable":true,"href":"https:\/\/persoclo.fr\/en\/wp-json\/wp\/v2\/product_cat?post=2217"},{"taxonomy":"product_tag","embeddable":true,"href":"https:\/\/persoclo.fr\/en\/wp-json\/wp\/v2\/product_tag?post=2217"}],"curies":[{"name":"wp","href":"https:\/\/api.w.org\/{rel}","templated":true}]}}