{"id":2203,"date":"2016-06-27T12:32:39","date_gmt":"2016-06-27T11:32:39","guid":{"rendered":"http:\/\/persoclo.fr\/?post_type=product&#038;p=2203"},"modified":"2017-08-30T00:54:12","modified_gmt":"2017-08-29T23:54:12","slug":"etui-pour-ipad-100-made-in-france","status":"publish","type":"product","link":"https:\/\/persoclo.fr\/en\/shopping\/etui-pour-ipad-100-made-in-france\/","title":{"rendered":"Etui pour IPAD &#8211; 100% Made in France"},"content":{"rendered":"<p>&nbsp;<\/p>\n<p><em><u>Point d&#8217;histoire:<\/u><\/em><\/p>\n<p><em>Le t\u00e9l\u00e9gramme, premier moyen rapide de transmission, est bien l&#8217;anc\u00eatre de nos courriers \u00e9lectroniques. D&#8217;abord optique, il devien \u00e9lectrique et est introduit en France en 1854. Cette innovation r\u00e9volutionnera l&#8217;administration postale qui prendra l&#8217;enseigne POSTES TELEGRAPHES. Celle-ci figure encore sur certains frontons de bureaux de Postes.<\/em><\/p>\n<div>\n<ul>\n<li>Dimensions:\u00a0 25 x 19,5 x 2,5 cm<\/li>\n<li>Couelur: Brun\u00a0fonc\u00e9<\/li>\n<li><strong>Fabriqu\u00e9 en France<\/strong><\/li>\n<li>Textile polyester 80 gr\/m2 enduit PVC, renforc\u00e9 de mousse.<\/li>\n<\/ul>\n<p>&gt; Frais de port offert pour la France m\u00e9tropolitaine<\/p>\n<\/div>\n","protected":false},"excerpt":{"rendered":"<p style=\"text-align: justify;\">Cet \u00e9tui sp\u00e9cial convenant aux Ipad 1, 2 et 3. Il se pr\u00e9sente comme un conf\u00e9rencier avec patte de fermeture \u00e0 pression. Cette patte est rotative et permet donc de le mettre en position chevalet. Le logo Postes et T\u00e9l\u00e9graphes lui donne une singularit\u00e9 forte.<\/p>\n<p><img decoding=\"async\" class=\"aligncenter\" src=\"http:\/\/www.codepostalfrance.com\/image\/data\/tampon.png\" alt=\"\" \/><\/p>\n<p>Cet \u00e9tui pour Ipad a \u00e9t\u00e9 sp\u00e9cialement \u00e9tudi\u00e9 pour apporter toute la protection n\u00e9cessaire \u00e0 votre tablette.<\/p>\n<p>L&#8217;Ipad est maintenu par 4 coins \u00e0 soufflet.<br \/>\nLe marquage Postes T\u00e9l\u00e9graphes est r\u00e9alis\u00e9 en creux.<br \/>\nCette mati\u00e8re extr\u00eamement r\u00e9sistante est recyclable. Les pressions ne le sont pas.<\/p>\n<p>&nbsp;<\/p>\n","protected":false},"featured_media":2208,"comment_status":"open","ping_status":"closed","template":"","meta":[],"product_brand":[],"product_cat":[207,524,42],"product_tag":[223],"class_list":{"0":"post-2203","1":"product","2":"type-product","3":"status-publish","4":"has-post-thumbnail","6":"product_cat-accessoires","7":"product_cat-bagagerie","8":"product_cat-tout","9":"product_tag-code-postal","10":"product_shipping_class-classe-1","12":"first","13":"instock","14":"taxable","15":"shipping-taxable","16":"purchasable","17":"product-type-simple"},"translation":{"provider":"WPGlobus","version":"3.0.2","language":"en","enabled_languages":["fr","en"],"languages":{"fr":{"title":true,"content":true,"excerpt":true},"en":{"title":false,"content":false,"excerpt":false}}},"aioseo_notices":[],"_links":{"self":[{"href":"https:\/\/persoclo.fr\/en\/wp-json\/wp\/v2\/product\/2203","targetHints":{"allow":["GET"]}}],"collection":[{"href":"https:\/\/persoclo.fr\/en\/wp-json\/wp\/v2\/product"}],"about":[{"href":"https:\/\/persoclo.fr\/en\/wp-json\/wp\/v2\/types\/product"}],"replies":[{"embeddable":true,"href":"https:\/\/persoclo.fr\/en\/wp-json\/wp\/v2\/comments?post=2203"}],"wp:featuredmedia":[{"embeddable":true,"href":"https:\/\/persoclo.fr\/en\/wp-json\/wp\/v2\/media\/2208"}],"wp:attachment":[{"href":"https:\/\/persoclo.fr\/en\/wp-json\/wp\/v2\/media?parent=2203"}],"wp:term":[{"taxonomy":"product_brand","embeddable":true,"href":"https:\/\/persoclo.fr\/en\/wp-json\/wp\/v2\/product_brand?post=2203"},{"taxonomy":"product_cat","embeddable":true,"href":"https:\/\/persoclo.fr\/en\/wp-json\/wp\/v2\/product_cat?post=2203"},{"taxonomy":"product_tag","embeddable":true,"href":"https:\/\/persoclo.fr\/en\/wp-json\/wp\/v2\/product_tag?post=2203"}],"curies":[{"name":"wp","href":"https:\/\/api.w.org\/{rel}","templated":true}]}}