{"id":2196,"date":"2016-06-27T12:20:39","date_gmt":"2016-06-27T11:20:39","guid":{"rendered":"http:\/\/persoclo.fr\/?post_type=product&#038;p=2196"},"modified":"2020-11-08T11:46:22","modified_gmt":"2020-11-08T10:46:22","slug":"housse-ordinateur-100-made-in-france","status":"publish","type":"product","link":"https:\/\/persoclo.fr\/en\/shopping\/housse-ordinateur-100-made-in-france\/","title":{"rendered":"Housse ordinateur &#8211; 100% Made in France"},"content":{"rendered":"<p>Housse sp\u00e9cialement con\u00e7ue pour les ordinateurs portables de 13 \u00e0 15 pouces. Elle prot\u00e8ge votre portable gr\u00e2ce \u00e0 une mati\u00e8re extr\u00eamement r\u00e9sistante renforc\u00e9 d&#8217;une mousse de 3mm d&#8217;\u00e9paisseur.<br \/>\nR\u00e9siste \u00e0 l&#8217;eau et facile \u00e0 nettoyer. Cette mati\u00e8re est recyclable. Cette housse s&#8217;ouvre et se ferme sur 3 c\u00f4t\u00e9s par une glissi\u00e8re.<br \/>\nLe marquage du logo <strong>Postes T\u00e9l\u00e9graphes<\/strong> est r\u00e9alis\u00e9 en creux.<\/p>\n<p><em><u>Point d&#8217;histoire:<\/u><\/em><\/p>\n<p><em>Le t\u00e9l\u00e9gramme, premier moyen rapide de transmission, est bien l&#8217;anc\u00eatre de nos courriers \u00e9lectroniques. D&#8217;abord optique, il devien \u00e9lectrique et est introduit en France en 1854. Cette innovation r\u00e9volutionnera l&#8217;administration postale qui prendra l&#8217;enseigne POSTES TELEGRAPHES. Celle-ci figure encore sur certains frontons de bureaux de Postes.<\/em><\/p>\n<div>\n<ul>\n<li>Dimensions:\u00a0 37,5 x 29,5 x 4 cm<\/li>\n<li>Couelur: Brun\u00a0fonc\u00e9<\/li>\n<li><strong>Fabriqu\u00e9 en France<\/strong><\/li>\n<li>Textile polyester 80 gr\/m2 enduit PVC, renforc\u00e9 de mousse.<\/li>\n<\/ul>\n<p>&gt; Frais de port offert pour la France m\u00e9tropolitaine<\/p>\n<\/div>\n","protected":false},"excerpt":{"rendered":"<p style=\"text-align: justify;\">Cette housse qui rappelle les portes documents des ann\u00e9es 50 est sp\u00e9cialement con\u00e7ue pour les ordinateurs portables de 13 \u00e0 15 pouces gr\u00e2ce \u00e0 une mati\u00e8re protectrice extr\u00eamement r\u00e9sistante.<br \/>\nLe logo POSTES TELEGRAPHES est inscrit en hommage au t\u00e9l\u00e9graphe anc\u00eatre de nos courriers \u00e9lectroniques.<\/p>\n","protected":false},"featured_media":2197,"comment_status":"open","ping_status":"closed","template":"","meta":[],"product_brand":[],"product_cat":[207,524,42],"product_tag":[223],"class_list":{"0":"post-2196","1":"product","2":"type-product","3":"status-publish","4":"has-post-thumbnail","6":"product_cat-accessoires","7":"product_cat-bagagerie","8":"product_cat-tout","9":"product_tag-code-postal","10":"product_shipping_class-classe-1","12":"first","13":"outofstock","14":"taxable","15":"shipping-taxable","16":"purchasable","17":"product-type-simple"},"translation":{"provider":"WPGlobus","version":"3.0.2","language":"en","enabled_languages":["fr","en"],"languages":{"fr":{"title":true,"content":true,"excerpt":true},"en":{"title":false,"content":false,"excerpt":false}}},"aioseo_notices":[],"_links":{"self":[{"href":"https:\/\/persoclo.fr\/en\/wp-json\/wp\/v2\/product\/2196","targetHints":{"allow":["GET"]}}],"collection":[{"href":"https:\/\/persoclo.fr\/en\/wp-json\/wp\/v2\/product"}],"about":[{"href":"https:\/\/persoclo.fr\/en\/wp-json\/wp\/v2\/types\/product"}],"replies":[{"embeddable":true,"href":"https:\/\/persoclo.fr\/en\/wp-json\/wp\/v2\/comments?post=2196"}],"wp:featuredmedia":[{"embeddable":true,"href":"https:\/\/persoclo.fr\/en\/wp-json\/wp\/v2\/media\/2197"}],"wp:attachment":[{"href":"https:\/\/persoclo.fr\/en\/wp-json\/wp\/v2\/media?parent=2196"}],"wp:term":[{"taxonomy":"product_brand","embeddable":true,"href":"https:\/\/persoclo.fr\/en\/wp-json\/wp\/v2\/product_brand?post=2196"},{"taxonomy":"product_cat","embeddable":true,"href":"https:\/\/persoclo.fr\/en\/wp-json\/wp\/v2\/product_cat?post=2196"},{"taxonomy":"product_tag","embeddable":true,"href":"https:\/\/persoclo.fr\/en\/wp-json\/wp\/v2\/product_tag?post=2196"}],"curies":[{"name":"wp","href":"https:\/\/api.w.org\/{rel}","templated":true}]}}