{"id":1870,"date":"2016-07-08T21:15:47","date_gmt":"2016-07-08T20:15:47","guid":{"rendered":"http:\/\/persoclo.fr\/?post_type=product&#038;p=1870"},"modified":"2017-08-30T00:12:54","modified_gmt":"2017-08-29T23:12:54","slug":"drap-de-plage-100-made-in-france","status":"publish","type":"product","link":"https:\/\/persoclo.fr\/en\/shopping\/drap-de-plage-100-made-in-france\/","title":{"rendered":"Drap de plage &#8211; 100% Made in France"},"content":{"rendered":"<p style=\"text-align: justify;\">Un \u00a0 bleu \u00a0 \u00e9vasion pour \u00a0 le \u00a0 mod\u00e8le \u00a0 Saint \u00a0 Barth, \u00a0 un \u00a0 framboise \u00a0 gourmand \u00a0 pour \u00a0 le \u00a0 mod\u00e8le \u00a0 Cuba, \u00a0 un turquoise \u00a0 exotique pour \u00a0 le \u00a0 mod\u00e8le \u00a0 Moor\u00e9a, \u00a0 un \u00a0 vert \u00a0 ensoleill\u00e9 \u00a0 pour \u00a0 le \u00a0 mod\u00e8le \u00a0 Versailles, \u00a0 un \u00a0 bleu \u00a0Klein pour \u00a0le \u00a0mod\u00e8le \u00a0Deauville \u00a0et \u00a0un \u00a0gris \u00a0chaleureux \u00a0pour \u00a0la \u00a0 collection \u00a0 capsule \u00a0New \u00a0 York \u00a0 composent cette nouvelle \u00a0 collection \u00a0 2016. \u00a0 Au \u00a0choix \u00a0trois \u00a0tailles : \u00a0XXL+ et \u00a0ses \u00a05m2 \u00a0(2.15m \u00a0x \u00a02.30m) \u00a0pour \u00a0la \u00a0 famille \u00a0ou \u00a0les amis, \u00a0le \u00a0\u00f4baba \u00a0XXL \u00a0de \u00a03.5m2 \u00a0(2.15m \u00a0x \u00a01.60m) pour \u00a0 les \u00a0couples \u00a0et \u00a0le \u00a0format \u00a0SOLO (2.15m \u00a0x \u00a01.00m) \u00a0de \u00a02.15 m2 \u00a0pour \u00a0 une \u00a0personne. Un \u00a0\u00e9cusson \u00a0noir \u00a0carr\u00e9 \u00a0remplace \u00a0l\u2019\u00e9cusson \u00a0losange \u00a0de \u00a0la \u00a0collection \u00a0 2015.<\/p>\n","protected":false},"excerpt":{"rendered":"<p style=\"text-align: justify;\">\u00d4baba, \u00a0le \u00a0premier \u00a0drap de \u00a0plage \u00a0 XXL \u00a0qui \u00a0ne \u00a0s\u2019envole \u00a0pas Envie \u00a0de \u00a0s\u2019\u00e9vader, \u00a0de \u00a0profiter \u00a0de \u00a0l\u2019arriv\u00e9e \u00a0des \u00a0beaux \u00a0jours, \u00a0et \u00a0de \u00a0se \u00a0 faire \u00a0une \u00a0place \u00a0au \u00a0soleil ? \u00a0 Une \u00a0production \u00a0fran\u00e7aise \u00a0en \u00a0s\u00e9ries \u00a0limit\u00e9es \u00a0et \u00a0un \u00a0voile \u00a0100% \u00a0coton \u00a0 naturellement \u00a0doux \u00a0sp\u00e9cialement \u00a0tiss\u00e9 \u00a0dans les \u00a0Vosges \u00a0pour \u00a0\u00d4BABA \u00a0 du \u00a0 fait \u00a0de \u00a0sa \u00a0l\u00e9g\u00e8ret\u00e9 \u00a0et \u00a0de \u00a0sa \u00a0r\u00e9sistance \u00a0distinguent \u00a0cet \u00a0accessoire \u00a0 de \u00a0mode \u00a0unique \u00a0\u00e0 \u00a0partager. Design, \u00a0 tendance \u00a0 et pratique, \u00a0 \u00f4baba \u00a0 est \u00a0 l\u2019accessoire \u00a0 \u00e0 \u00a0 utiliser \u00a0 \u00e0 \u00a0 la \u00a0 plage \u00a0 et \u00a0 dans \u00a0 les \u00a0 parcs \u00a0 pour \u00a0 une \u00a0 balade \u00a0 ou \u00a0 pour un \u00a0 pique-\u00ad\u2010nique. \u00a0 Confectionn\u00e9 \u00a0 dans \u00a0 un \u00a0 voile \u00a0 100% \u00a0 coton, \u00a0 \u00d4baba \u00a0 est \u00a0 unique, \u00a0 spacieux, \u00a0 naturellement \u00a0 doux \u00a0 et \u00a0 l\u00e9ger. \u00a0 Retenu \u00a0 \u00e0 \u00a0 chaque \u00a0 extr\u00e9mit\u00e9 \u00a0 par \u00a0 des \u00a0 &#8220;piquetas&#8221; \u00a0 en \u00a0 fibre \u00a0 ultra \u00a0 l\u00e9g\u00e8re, positionn\u00e9es \u00a0 dans \u00a0 4 \u00a0 boutonni\u00e8res \u00a0renforc\u00e9es, \u00a0\u00f4baba \u00a0a \u00a0la \u00a0sp\u00e9cificit\u00e9 \u00a0de \u00a0ne \u00a0pas \u00a0s\u2019envoler. Enroul\u00e9, \u00f4baba est \u00a0 compact, \u00a0 il \u00a0 prend \u00a0 ainsi \u00a0 tr\u00e8s \u00a0 peu \u00a0 de \u00a0 place \u00a0 dans \u00a0 vos \u00a0bagages \u00a0et \u00a0sacs. \u00a0Son \u00a0ruban \u00a0\u00e9lastique facilite \u00a0son \u00a0transport \u00a0et \u00a0son \u00a0 rangement. \u00a0 \u00d4baba \u00a0est \u00a0\u00e9dit\u00e9 \u00a0en \u00a0s\u00e9ries \u00a0limit\u00e9es. \u00a0Chaque \u00a0collection \u00a0est unique. \u00a0 V\u00e9ritable \u00a0espace \u00a0de \u00a0convivialit\u00e9 \u00a0\u00e0 \u00a0partager \u00a0en \u00a0couple, \u00a0en \u00a0famille \u00a0ou \u00a0 entre \u00a0amis \u00a0d\u00e8s \u00a0l\u2019arriv\u00e9e des \u00a0beaux \u00a0jours.<\/p>\n","protected":false},"featured_media":1871,"comment_status":"open","ping_status":"closed","template":"","meta":[],"product_brand":[],"product_cat":[207,84,42],"product_tag":[195],"class_list":{"0":"post-1870","1":"product","2":"type-product","3":"status-publish","4":"has-post-thumbnail","6":"product_cat-accessoires","7":"product_cat-best-of","8":"product_cat-tout","9":"product_tag-obaba","11":"first","12":"instock","13":"taxable","14":"shipping-taxable","15":"purchasable","16":"product-type-variable"},"translation":{"provider":"WPGlobus","version":"3.0.2","language":"en","enabled_languages":["fr","en"],"languages":{"fr":{"title":true,"content":true,"excerpt":true},"en":{"title":false,"content":false,"excerpt":false}}},"aioseo_notices":[],"_links":{"self":[{"href":"https:\/\/persoclo.fr\/en\/wp-json\/wp\/v2\/product\/1870","targetHints":{"allow":["GET"]}}],"collection":[{"href":"https:\/\/persoclo.fr\/en\/wp-json\/wp\/v2\/product"}],"about":[{"href":"https:\/\/persoclo.fr\/en\/wp-json\/wp\/v2\/types\/product"}],"replies":[{"embeddable":true,"href":"https:\/\/persoclo.fr\/en\/wp-json\/wp\/v2\/comments?post=1870"}],"wp:featuredmedia":[{"embeddable":true,"href":"https:\/\/persoclo.fr\/en\/wp-json\/wp\/v2\/media\/1871"}],"wp:attachment":[{"href":"https:\/\/persoclo.fr\/en\/wp-json\/wp\/v2\/media?parent=1870"}],"wp:term":[{"taxonomy":"product_brand","embeddable":true,"href":"https:\/\/persoclo.fr\/en\/wp-json\/wp\/v2\/product_brand?post=1870"},{"taxonomy":"product_cat","embeddable":true,"href":"https:\/\/persoclo.fr\/en\/wp-json\/wp\/v2\/product_cat?post=1870"},{"taxonomy":"product_tag","embeddable":true,"href":"https:\/\/persoclo.fr\/en\/wp-json\/wp\/v2\/product_tag?post=1870"}],"curies":[{"name":"wp","href":"https:\/\/api.w.org\/{rel}","templated":true}]}}