{"id":1826,"date":"2016-04-01T06:23:54","date_gmt":"2016-04-01T05:23:54","guid":{"rendered":"http:\/\/persoclo.fr\/?post_type=product&#038;p=1826"},"modified":"2017-08-30T01:20:50","modified_gmt":"2017-08-30T00:20:50","slug":"vannerie-2-tailles-100-made-in-france","status":"publish","type":"product","link":"https:\/\/persoclo.fr\/en\/shopping\/vannerie-2-tailles-100-made-in-france\/","title":{"rendered":"Vannerie 2 tailles"},"content":{"rendered":"<p>100% Made in France <span style=\"color: #ffffff;\">Rec123<\/span><\/p>\n","protected":false},"excerpt":{"rendered":"<p>Composition :<br \/>\nOsier d\u2019origine France (Haute-Marne et Indre-et-Loire) et chambres \u00e0 air de v\u00e9lo recycl\u00e9es en France.<br \/>\nChaque pi\u00e8ce est unique de par sa fabrication \u00e0 la main. Num\u00e9rot\u00e9e sur son \u00e9tiquette.<br \/>\nFabrication artisanale \u00e0 Ecouen, en \u00cele de France, \u00e0 l\u2019atelier K-batz.<\/p>\n","protected":false},"featured_media":1831,"comment_status":"open","ping_status":"closed","template":"","meta":[],"product_brand":[],"product_cat":[25,207,524,42],"product_tag":[182],"class_list":{"0":"post-1826","1":"product","2":"type-product","3":"status-publish","4":"has-post-thumbnail","6":"product_cat-surprises","7":"product_cat-accessoires","8":"product_cat-bagagerie","9":"product_cat-tout","10":"product_tag-fantome","11":"product_shipping_class-classe-1","13":"first","14":"instock","15":"taxable","16":"shipping-taxable","17":"purchasable","18":"product-type-variable"},"translation":{"provider":"WPGlobus","version":"3.0.2","language":"en","enabled_languages":["fr","en"],"languages":{"fr":{"title":true,"content":true,"excerpt":true},"en":{"title":false,"content":false,"excerpt":false}}},"aioseo_notices":[],"_links":{"self":[{"href":"https:\/\/persoclo.fr\/en\/wp-json\/wp\/v2\/product\/1826","targetHints":{"allow":["GET"]}}],"collection":[{"href":"https:\/\/persoclo.fr\/en\/wp-json\/wp\/v2\/product"}],"about":[{"href":"https:\/\/persoclo.fr\/en\/wp-json\/wp\/v2\/types\/product"}],"replies":[{"embeddable":true,"href":"https:\/\/persoclo.fr\/en\/wp-json\/wp\/v2\/comments?post=1826"}],"wp:featuredmedia":[{"embeddable":true,"href":"https:\/\/persoclo.fr\/en\/wp-json\/wp\/v2\/media\/1831"}],"wp:attachment":[{"href":"https:\/\/persoclo.fr\/en\/wp-json\/wp\/v2\/media?parent=1826"}],"wp:term":[{"taxonomy":"product_brand","embeddable":true,"href":"https:\/\/persoclo.fr\/en\/wp-json\/wp\/v2\/product_brand?post=1826"},{"taxonomy":"product_cat","embeddable":true,"href":"https:\/\/persoclo.fr\/en\/wp-json\/wp\/v2\/product_cat?post=1826"},{"taxonomy":"product_tag","embeddable":true,"href":"https:\/\/persoclo.fr\/en\/wp-json\/wp\/v2\/product_tag?post=1826"}],"curies":[{"name":"wp","href":"https:\/\/api.w.org\/{rel}","templated":true}]}}