{"id":1822,"date":"2016-01-28T06:00:22","date_gmt":"2016-01-28T05:00:22","guid":{"rendered":"http:\/\/persoclo.fr\/?post_type=product&#038;p=1822"},"modified":"2017-08-30T01:23:32","modified_gmt":"2017-08-30T00:23:32","slug":"cabas-100-made-in-france","status":"publish","type":"product","link":"https:\/\/persoclo.fr\/en\/shopping\/cabas-100-made-in-france\/","title":{"rendered":"Cabas &#8211; 100% Made in France"},"content":{"rendered":"<p>100% Made in France (ou presque)<\/p>\n","protected":false},"excerpt":{"rendered":"<p>Le sac f\u00e9minin des matin\u00e9es au march\u00e9, des journ\u00e9es improvis\u00e9es et des routines calibr\u00e9es. Vous pourrez tout emporter dans ce sac qui ne laissera percevoir que votre go\u00fbt distingu\u00e9 pour les beaux accessoires, qui plus est raisonn\u00e9s ! Tout en restant active, trouver vos petits \u00e9l\u00e9ments sera facile gr\u00e2ce \u00e0 son compartiment en filet, accessible par zip de l\u2019ext\u00e9rieur du sac.<br \/>\n100% fabriqu\u00e9 en France, avec des chambres \u00e0 air de v\u00e9lo 100% up-cycl\u00e9es, vous aimerez cette texture tr\u00e8s simple d\u2019entretien et qui s\u00e8che en un rien de temps. Son imperm\u00e9abilit\u00e9 s\u00e9curisera vos affaires lors des averses inattendues !<\/p>\n<p>dimensions en cm : 36(h)x47(L)x1(l)<br \/>\npoids en grammes : 700<\/p>\n<p>-Mati\u00e8re premi\u00e8re : Chambre \u00e0 air 100% collect\u00e9e en France.<br \/>\n-Tissu additionnel en minorit\u00e9 : fabrication en Europe<br \/>\n-Fil : fabrication en Allemagne<br \/>\n-Fermeture \u00e0 glissi\u00e8re : entreprise fran\u00e7aise \/ fabrication en Europe<br \/>\n-Sangle : entreprise fran\u00e7aise \/ fabrication en France<br \/>\n-Parties m\u00e9talliques et plastiques (rivets \/ fermoirs \/ anneaux) : entreprise fran\u00e7aise \/ fabrication en Italie<br \/>\n-Etiquettes caoutchouc : entreprise fran\u00e7aise \/ fabrication au Portugal<\/p>\n<p>Tous les produits FANTOME sont des pi\u00e8ces uniques, fabriqu\u00e9s main dans notre atelier pr\u00e8s de Bordeaux.<br \/>\nLes particularit\u00e9s de la chambre \u00e0 air de v\u00e9lo recycl\u00e9e apportent des variations en terme de couleurs, d&#8217;inscriptions et de pr\u00e9sence (ou absence) de rustines. Chaque article est num\u00e9rot\u00e9 et livr\u00e9 dans son carton d&#8217;emballage individuel.<\/p>\n<p>A feminin bag thought for market mornings, improvised days and calibrated routines. It won&#8217;t let perceive all you can carry in it, instead of your distinguished taste for beautiful accessories. 100 % made in France, with upcycled bicycle inner tubes, you will like this raw material, easy to wash and which dries in seconds. This bag is rain safe ! unexpected showers won&#8217;t bother you.<\/p>\n<p>All FANTOME products are unique items, handmade in our atelier near Bordeaux. The peculiarities of the recycled bicycle inner tube bring variations in term of colors, inscriptions and presence (or absence) of rubber patches. Every article is numbered and delivered in its individual cardboard packaging.<\/p>\n","protected":false},"featured_media":1825,"comment_status":"open","ping_status":"closed","template":"","meta":[],"product_brand":[],"product_cat":[25,207,524,42],"product_tag":[182],"class_list":{"0":"post-1822","1":"product","2":"type-product","3":"status-publish","4":"has-post-thumbnail","6":"product_cat-surprises","7":"product_cat-accessoires","8":"product_cat-bagagerie","9":"product_cat-tout","10":"product_tag-fantome","11":"product_shipping_class-classe-1","13":"first","14":"instock","15":"taxable","16":"shipping-taxable","17":"purchasable","18":"product-type-simple"},"translation":{"provider":"WPGlobus","version":"3.0.2","language":"en","enabled_languages":["fr","en"],"languages":{"fr":{"title":true,"content":true,"excerpt":true},"en":{"title":false,"content":false,"excerpt":false}}},"aioseo_notices":[],"_links":{"self":[{"href":"https:\/\/persoclo.fr\/en\/wp-json\/wp\/v2\/product\/1822","targetHints":{"allow":["GET"]}}],"collection":[{"href":"https:\/\/persoclo.fr\/en\/wp-json\/wp\/v2\/product"}],"about":[{"href":"https:\/\/persoclo.fr\/en\/wp-json\/wp\/v2\/types\/product"}],"replies":[{"embeddable":true,"href":"https:\/\/persoclo.fr\/en\/wp-json\/wp\/v2\/comments?post=1822"}],"wp:featuredmedia":[{"embeddable":true,"href":"https:\/\/persoclo.fr\/en\/wp-json\/wp\/v2\/media\/1825"}],"wp:attachment":[{"href":"https:\/\/persoclo.fr\/en\/wp-json\/wp\/v2\/media?parent=1822"}],"wp:term":[{"taxonomy":"product_brand","embeddable":true,"href":"https:\/\/persoclo.fr\/en\/wp-json\/wp\/v2\/product_brand?post=1822"},{"taxonomy":"product_cat","embeddable":true,"href":"https:\/\/persoclo.fr\/en\/wp-json\/wp\/v2\/product_cat?post=1822"},{"taxonomy":"product_tag","embeddable":true,"href":"https:\/\/persoclo.fr\/en\/wp-json\/wp\/v2\/product_tag?post=1822"}],"curies":[{"name":"wp","href":"https:\/\/api.w.org\/{rel}","templated":true}]}}