{"id":1815,"date":"2016-01-26T23:24:37","date_gmt":"2016-01-26T22:24:37","guid":{"rendered":"http:\/\/persoclo.fr\/?post_type=product&#038;p=1815"},"modified":"2017-08-30T01:24:23","modified_gmt":"2017-08-30T00:24:23","slug":"panier-de-marche","status":"publish","type":"product","link":"https:\/\/persoclo.fr\/en\/shopping\/panier-de-marche\/","title":{"rendered":"Panier de march\u00e9 tendance"},"content":{"rendered":"","protected":false},"excerpt":{"rendered":"<p style=\"text-align: justify;\">Contenance pratique et anses souples agr\u00e9ables pour vos mains.<br \/>\nIl serait dommage de ne l\u2019utiliser que pour aller au march\u00e9.<br \/>\n\u00c9l\u00e9gant, structur\u00e9, moderne et raisonn\u00e9.<\/p>\n<p style=\"text-align: justify;\">Composition :<br \/>\nOsier d\u2019origine France (Haute-Marne et Indre et Loire) et chambres \u00e0 air de v\u00e9lo r\u00e9colt\u00e9es et recycl\u00e9es en France.<br \/>\nChaque pi\u00e8ce est unique de par sa fabrication \u00e0 la main. Num\u00e9rot\u00e9e sur son \u00e9tiquette.<br \/>\nFabrication artisanale \u00e0 Ecouen en \u00cele de France, \u00e0 l\u2019atelier K-batz.<\/p>\n<p style=\"text-align: justify;\">Dimensions : 41x17x26 cm +\/- 1cm<br \/>\nPoids : 950 grs<br \/>\nAnses : 54 cm<\/p>\n<p style=\"text-align: justify;\">Has a practical volume and flexible handles that are pleasant for your hands.<br \/>\nIt would be a pity to use it only to go to the market.<br \/>\nElegant, structured, modern, and reasoned.<\/p>\n<p style=\"text-align: justify;\">Composition:<br \/>\nFrench wicker and bike inner tubes recycled in France.<br \/>\nEach piece is unique due to the nature of handcrafting. Numbered on its label.<br \/>\nHand crafted in Ecouen, near Paris, at K-batz workshop.<\/p>\n<p style=\"text-align: justify;\">Size : 41x17x26 cm +\/- 1cm<br \/>\nWeight : 950 grs<br \/>\nHandles : 54 cm<\/p>\n","protected":false},"featured_media":1818,"comment_status":"open","ping_status":"closed","template":"","meta":[],"product_brand":[],"product_cat":[25,207,524,42],"product_tag":[182],"class_list":{"0":"post-1815","1":"product","2":"type-product","3":"status-publish","4":"has-post-thumbnail","6":"product_cat-surprises","7":"product_cat-accessoires","8":"product_cat-bagagerie","9":"product_cat-tout","10":"product_tag-fantome","11":"product_shipping_class-classe-1","13":"first","14":"instock","15":"taxable","16":"shipping-taxable","17":"purchasable","18":"product-type-simple"},"translation":{"provider":"WPGlobus","version":"3.0.2","language":"en","enabled_languages":["fr","en"],"languages":{"fr":{"title":true,"content":false,"excerpt":true},"en":{"title":false,"content":false,"excerpt":false}}},"aioseo_notices":[],"_links":{"self":[{"href":"https:\/\/persoclo.fr\/en\/wp-json\/wp\/v2\/product\/1815","targetHints":{"allow":["GET"]}}],"collection":[{"href":"https:\/\/persoclo.fr\/en\/wp-json\/wp\/v2\/product"}],"about":[{"href":"https:\/\/persoclo.fr\/en\/wp-json\/wp\/v2\/types\/product"}],"replies":[{"embeddable":true,"href":"https:\/\/persoclo.fr\/en\/wp-json\/wp\/v2\/comments?post=1815"}],"wp:featuredmedia":[{"embeddable":true,"href":"https:\/\/persoclo.fr\/en\/wp-json\/wp\/v2\/media\/1818"}],"wp:attachment":[{"href":"https:\/\/persoclo.fr\/en\/wp-json\/wp\/v2\/media?parent=1815"}],"wp:term":[{"taxonomy":"product_brand","embeddable":true,"href":"https:\/\/persoclo.fr\/en\/wp-json\/wp\/v2\/product_brand?post=1815"},{"taxonomy":"product_cat","embeddable":true,"href":"https:\/\/persoclo.fr\/en\/wp-json\/wp\/v2\/product_cat?post=1815"},{"taxonomy":"product_tag","embeddable":true,"href":"https:\/\/persoclo.fr\/en\/wp-json\/wp\/v2\/product_tag?post=1815"}],"curies":[{"name":"wp","href":"https:\/\/api.w.org\/{rel}","templated":true}]}}