{"id":1809,"date":"2016-01-26T23:14:42","date_gmt":"2016-01-26T22:14:42","guid":{"rendered":"http:\/\/persoclo.fr\/?post_type=product&#038;p=1809"},"modified":"2017-08-30T01:24:48","modified_gmt":"2017-08-30T00:24:48","slug":"sac-en-bandouiliere","status":"publish","type":"product","link":"https:\/\/persoclo.fr\/en\/shopping\/sac-en-bandouiliere\/","title":{"rendered":"Sac en bandouli\u00e8re &#8211; 100% Made in France"},"content":{"rendered":"<p>Made in France<\/p>\n","protected":false},"excerpt":{"rendered":"<p style=\"text-align: justify;\">Petit sac unisexe qui se comporte comme une poche en plus. Ample mais clair, l\u00e9ger mais solide, pour chacun de vos jours, toute l\u2019ann\u00e9e. Il s\u2019adaptera \u00e0 vos envies incessamment changeantes d\u2019activit\u00e9s intenses et promenades fl\u00e2neuses.<br \/>\n100% fabriqu\u00e9 en France, avec des chambres \u00e0 air de v\u00e9lo 100% up-cycl\u00e9es, vous aimerez cette texture tr\u00e8s simple d\u2019entretien et qui s\u00e8che en un rien de temps.<\/p>\n<p style=\"text-align: justify;\">dimensions en cm : 19(h)x15(L)x7,5(l)<br \/>\npoids en grammes : 300<\/p>\n<p style=\"text-align: justify;\">-Mati\u00e8re premi\u00e8re : Chambre \u00e0 air 100% collect\u00e9e en France.<br \/>\n-Tissu additionnel en minorit\u00e9 : fabrication en Europe<br \/>\n-Fil : fabrication en Allemagne<br \/>\n-Fermeture \u00e0 glissi\u00e8re : entreprise fran\u00e7aise \/ fabrication en Europe<br \/>\n-Sangle : entreprise fran\u00e7aise \/ fabrication en France<br \/>\n-Parties m\u00e9talliques et plastiques (rivets \/ fermoirs \/ anneaux) : entreprise fran\u00e7aise \/ fabrication en Italie<br \/>\n-Etiquettes caoutchouc : entreprise fran\u00e7aise \/ fabrication au Portugal<br \/>\n-Pneu : 100% collect\u00e9s en France<\/p>\n<p style=\"text-align: justify;\">Tous les produits FANTOME sont des pi\u00e8ces uniques, fabriqu\u00e9s main dans notre atelier pr\u00e8s de Bordeaux.<br \/>\nLes particularit\u00e9s de la chambre \u00e0 air de v\u00e9lo recycl\u00e9e apportent des variations en terme de couleurs, d&#8217;inscriptions et de pr\u00e9sence (ou absence) de rustines. Chaque article est num\u00e9rot\u00e9 et livr\u00e9 dans son carton d&#8217;emballage individuel.<\/p>\n<p style=\"text-align: justify;\">Small unisex bag which behaves as an additional pocket. Ample but clear, light but solid, for each of your days, all year long. It will adapt itself to your presently changeable desires for intense activities and strolling walks.<br \/>\n100 % made in France, with upcycled bicycle inner tubes, you will like this raw material, easy to wash and which dries in seconds. This bag is rain safe ! unexpected showers won&#8217;t bother you.<\/p>\n<p style=\"text-align: justify;\">All FANTOME products are unique items, handmade in our atelier near Bordeaux. The peculiarities of the recycled bicycle inner tube bring variations in term of colors, inscriptions and presence (or absence) of rubber patches. Every article is numbered and delivered in its individual cardboard packaging.<\/p>\n","protected":false},"featured_media":1811,"comment_status":"open","ping_status":"closed","template":"","meta":[],"product_brand":[],"product_cat":[25,207,524,42],"product_tag":[182],"class_list":{"0":"post-1809","1":"product","2":"type-product","3":"status-publish","4":"has-post-thumbnail","6":"product_cat-surprises","7":"product_cat-accessoires","8":"product_cat-bagagerie","9":"product_cat-tout","10":"product_tag-fantome","11":"product_shipping_class-classe-1","13":"first","14":"instock","15":"taxable","16":"shipping-taxable","17":"purchasable","18":"product-type-simple"},"translation":{"provider":"WPGlobus","version":"3.0.2","language":"en","enabled_languages":["fr","en"],"languages":{"fr":{"title":true,"content":true,"excerpt":true},"en":{"title":false,"content":false,"excerpt":false}}},"aioseo_notices":[],"_links":{"self":[{"href":"https:\/\/persoclo.fr\/en\/wp-json\/wp\/v2\/product\/1809","targetHints":{"allow":["GET"]}}],"collection":[{"href":"https:\/\/persoclo.fr\/en\/wp-json\/wp\/v2\/product"}],"about":[{"href":"https:\/\/persoclo.fr\/en\/wp-json\/wp\/v2\/types\/product"}],"replies":[{"embeddable":true,"href":"https:\/\/persoclo.fr\/en\/wp-json\/wp\/v2\/comments?post=1809"}],"wp:featuredmedia":[{"embeddable":true,"href":"https:\/\/persoclo.fr\/en\/wp-json\/wp\/v2\/media\/1811"}],"wp:attachment":[{"href":"https:\/\/persoclo.fr\/en\/wp-json\/wp\/v2\/media?parent=1809"}],"wp:term":[{"taxonomy":"product_brand","embeddable":true,"href":"https:\/\/persoclo.fr\/en\/wp-json\/wp\/v2\/product_brand?post=1809"},{"taxonomy":"product_cat","embeddable":true,"href":"https:\/\/persoclo.fr\/en\/wp-json\/wp\/v2\/product_cat?post=1809"},{"taxonomy":"product_tag","embeddable":true,"href":"https:\/\/persoclo.fr\/en\/wp-json\/wp\/v2\/product_tag?post=1809"}],"curies":[{"name":"wp","href":"https:\/\/api.w.org\/{rel}","templated":true}]}}