{"id":1803,"date":"2016-01-26T22:59:34","date_gmt":"2016-01-26T21:59:34","guid":{"rendered":"http:\/\/persoclo.fr\/?post_type=product&#038;p=1803"},"modified":"2017-08-30T01:25:09","modified_gmt":"2017-08-30T00:25:09","slug":"trousse-etudiant-100-made-in-france","status":"publish","type":"product","link":"https:\/\/persoclo.fr\/en\/shopping\/trousse-etudiant-100-made-in-france\/","title":{"rendered":"Trousse Etudiant &#8211; 100% Made in France"},"content":{"rendered":"<p>100% Made in France<\/p>\n","protected":false},"excerpt":{"rendered":"<p style=\"text-align: justify;\">Trousse d&#8217;\u00e9tudiant.<br \/>\nRangez vos stylos, surligneurs, colle, trombones et r\u00e8gle double d\u00e9cim\u00e8tres. C&#8217;est aussi simple que \u00e7a. Et c&#8217;est \u00e9l\u00e9gant, raisonn\u00e9, et made in France.<\/p>\n<p style=\"text-align: justify;\">100% fabriqu\u00e9 en France, avec des chambres \u00e0 air de v\u00e9lo 100% up-cycl\u00e9es, vous aimerez cette texture tr\u00e8s simple d\u2019entretien et qui s\u00e8che en un rien de temps. Son imperm\u00e9abilit\u00e9 s\u00e9curisera vos affaires lors des averses inattendues !<\/p>\n<p style=\"text-align: justify;\">-Mati\u00e8re premi\u00e8re : Chambre \u00e0 air 100% collect\u00e9e en France.<br \/>\n-Fil : fabrication en Allemagne<br \/>\n-Fermeture \u00e0 glissi\u00e8re : entreprise fran\u00e7aise \/ fabrication en Europe<br \/>\n-Etiquette caoutchouc : entreprise fran\u00e7aise \/ fabrication au Portugal<\/p>\n<p style=\"text-align: justify;\">dimensions en cm : 15(h) x 20,5(L) x 3,5(l)<br \/>\npoids en grammes : 74<\/p>\n<p style=\"text-align: justify;\">Tous les produits FANTOME sont des pi\u00e8ces uniques, fabriqu\u00e9s main dans notre atelier pr\u00e8s de Bordeaux.<br \/>\nLes particularit\u00e9s de la chambre \u00e0 air de v\u00e9lo recycl\u00e9e apportent des variations en terme de couleurs, d&#8217;inscriptions et de pr\u00e9sence (ou absence) de rustines. Chaque article est num\u00e9rot\u00e9 et livr\u00e9 dans son carton d&#8217;emballage individuel.<\/p>\n<p style=\"text-align: justify;\">Student&#8217;s case.<br \/>\nTidy up your pens, highlighters, glue and paper clips&#8230; It&#8217;s simple as that. And it is elegant, reasoned, and made in France.<\/p>\n<p style=\"text-align: justify;\">100 % made in France, with upcycled bicycle inner tubes, you will like this raw material, easy to wash and which dries in seconds. This bag is rain safe ! unexpected showers won&#8217;t bother you.<\/p>\n<p style=\"text-align: justify;\">All FANTOME products are unique items, handmade in our atelier near Bordeaux. The peculiarities of the recycled bicycle inner tube bring variations in term of colors, inscriptions and presence (or absence) of rubber patches. Every article is numbered and delivered in its individual cardboard packaging.<\/p>\n","protected":false},"featured_media":1804,"comment_status":"open","ping_status":"closed","template":"","meta":[],"product_brand":[],"product_cat":[25,207,97,524,42],"product_tag":[182],"class_list":{"0":"post-1803","1":"product","2":"type-product","3":"status-publish","4":"has-post-thumbnail","6":"product_cat-surprises","7":"product_cat-accessoires","8":"product_cat-enfant","9":"product_cat-bagagerie","10":"product_cat-tout","11":"product_tag-fantome","13":"first","14":"instock","15":"taxable","16":"shipping-taxable","17":"purchasable","18":"product-type-simple"},"translation":{"provider":"WPGlobus","version":"3.0.2","language":"en","enabled_languages":["fr","en"],"languages":{"fr":{"title":true,"content":true,"excerpt":true},"en":{"title":false,"content":false,"excerpt":false}}},"aioseo_notices":[],"_links":{"self":[{"href":"https:\/\/persoclo.fr\/en\/wp-json\/wp\/v2\/product\/1803","targetHints":{"allow":["GET"]}}],"collection":[{"href":"https:\/\/persoclo.fr\/en\/wp-json\/wp\/v2\/product"}],"about":[{"href":"https:\/\/persoclo.fr\/en\/wp-json\/wp\/v2\/types\/product"}],"replies":[{"embeddable":true,"href":"https:\/\/persoclo.fr\/en\/wp-json\/wp\/v2\/comments?post=1803"}],"wp:featuredmedia":[{"embeddable":true,"href":"https:\/\/persoclo.fr\/en\/wp-json\/wp\/v2\/media\/1804"}],"wp:attachment":[{"href":"https:\/\/persoclo.fr\/en\/wp-json\/wp\/v2\/media?parent=1803"}],"wp:term":[{"taxonomy":"product_brand","embeddable":true,"href":"https:\/\/persoclo.fr\/en\/wp-json\/wp\/v2\/product_brand?post=1803"},{"taxonomy":"product_cat","embeddable":true,"href":"https:\/\/persoclo.fr\/en\/wp-json\/wp\/v2\/product_cat?post=1803"},{"taxonomy":"product_tag","embeddable":true,"href":"https:\/\/persoclo.fr\/en\/wp-json\/wp\/v2\/product_tag?post=1803"}],"curies":[{"name":"wp","href":"https:\/\/api.w.org\/{rel}","templated":true}]}}