{"id":1799,"date":"2016-01-26T22:49:25","date_gmt":"2016-01-26T21:49:25","guid":{"rendered":"http:\/\/persoclo.fr\/?post_type=product&#038;p=1799"},"modified":"2017-08-30T01:25:22","modified_gmt":"2017-08-30T00:25:22","slug":"trousse-a-maquillage-100-made-in-france","status":"publish","type":"product","link":"https:\/\/persoclo.fr\/en\/shopping\/trousse-a-maquillage-100-made-in-france\/","title":{"rendered":"Trousse \u00e0 Maquillage &#8211; 100% Made in France"},"content":{"rendered":"<p>100% Made in France<\/p>\n","protected":false},"excerpt":{"rendered":"<p style=\"text-align: justify;\">Trousse de maquillage \u00e0 glisser dans son sac pour \u00eatre impeccable lors de vos d\u00e9placements et journ\u00e9es charg\u00e9es en \u00e9v\u00e9nements. Vous pourrez ainsi passer d\u2019un d\u00e9jeuner d\u2019affaires \u00e0 une sortie entre amis, la mine toujours assortie !<br \/>\nPour ceux dont le maquillage ne se porte que rarement, utilisez cette trousse comme un rangement \u00e0 connecteurs : cl\u00e9s USB , chargeurs de portable et \u00e9couteurs ne s\u2019emm\u00ealeront plus au fond du sac !<br \/>\n100% fabriqu\u00e9 en France, avec des chambres \u00e0 air de v\u00e9lo 100% up-cycl\u00e9es, vous aimerez cette texture tr\u00e8s simple d\u2019entretien et qui s\u00e8che en un rien de temps. Son imperm\u00e9abilit\u00e9 s\u00e9curisera vos affaires lors des averses inattendues !<\/p>\n<p style=\"text-align: justify;\">dimensions en cm : 8,5(h)x18(L)x10(l)<br \/>\npoids en grammes : 100<\/p>\n<p style=\"text-align: justify;\">-Mati\u00e8re premi\u00e8re : Chambre \u00e0 air 100% collect\u00e9e en France.<br \/>\n-Fil : fabrication en Allemagne<br \/>\n-Fermeture \u00e0 glissi\u00e8re : entreprise fran\u00e7aise \/ fabrication en Europe<br \/>\n-Etiquettes caoutchouc : entreprise fran\u00e7aise \/ fabrication au Portugal.<\/p>\n<p style=\"text-align: justify;\">Tous les produits FANTOME sont des pi\u00e8ces uniques, fabriqu\u00e9s main dans notre atelier pr\u00e8s de Bordeaux.<br \/>\nLes particularit\u00e9s de la chambre \u00e0 air de v\u00e9lo recycl\u00e9e apportent des variations en terme de couleurs, d&#8217;inscriptions et de pr\u00e9sence (ou absence) de rustines. Chaque article est num\u00e9rot\u00e9 et livr\u00e9 dans son carton d&#8217;emballage individuel.<\/p>\n<p style=\"text-align: justify;\">Vanity case to be slid in your bag to be impeccable during your travels and busy days. You can now switch from a business lunch to an outing with friends, your mine will always matched!<br \/>\nFor those who make-up goes only rarely, use this case as an arrangement with connectors: USB keys, phone chargers and earphones will not get tangled any more in the bottom of your bag!<br \/>\n100 % made in France, with upcycled bicycle inner tubes, you will like this raw material, easy to wash and which dries in seconds. This bag is rain safe ! unexpected showers won&#8217;t bother you.<\/p>\n<p style=\"text-align: justify;\">All FANTOME products are unique items, handmade in our atelier near Bordeaux. The peculiarities of the recycled bicycle inner tube bring variations in term of colors, inscriptions and presence (or absence) of rubber patches. Every article is numbered and delivered in its individual cardboard packaging.<\/p>\n","protected":false},"featured_media":1802,"comment_status":"open","ping_status":"closed","template":"","meta":[],"product_brand":[],"product_cat":[25,207,148,524,42],"product_tag":[182],"class_list":{"0":"post-1799","1":"product","2":"type-product","3":"status-publish","4":"has-post-thumbnail","6":"product_cat-surprises","7":"product_cat-accessoires","8":"product_cat-cosmetique","9":"product_cat-bagagerie","10":"product_cat-tout","11":"product_tag-fantome","13":"first","14":"instock","15":"taxable","16":"shipping-taxable","17":"purchasable","18":"product-type-simple"},"translation":{"provider":"WPGlobus","version":"3.0.2","language":"en","enabled_languages":["fr","en"],"languages":{"fr":{"title":true,"content":true,"excerpt":true},"en":{"title":false,"content":false,"excerpt":false}}},"aioseo_notices":[],"_links":{"self":[{"href":"https:\/\/persoclo.fr\/en\/wp-json\/wp\/v2\/product\/1799","targetHints":{"allow":["GET"]}}],"collection":[{"href":"https:\/\/persoclo.fr\/en\/wp-json\/wp\/v2\/product"}],"about":[{"href":"https:\/\/persoclo.fr\/en\/wp-json\/wp\/v2\/types\/product"}],"replies":[{"embeddable":true,"href":"https:\/\/persoclo.fr\/en\/wp-json\/wp\/v2\/comments?post=1799"}],"wp:featuredmedia":[{"embeddable":true,"href":"https:\/\/persoclo.fr\/en\/wp-json\/wp\/v2\/media\/1802"}],"wp:attachment":[{"href":"https:\/\/persoclo.fr\/en\/wp-json\/wp\/v2\/media?parent=1799"}],"wp:term":[{"taxonomy":"product_brand","embeddable":true,"href":"https:\/\/persoclo.fr\/en\/wp-json\/wp\/v2\/product_brand?post=1799"},{"taxonomy":"product_cat","embeddable":true,"href":"https:\/\/persoclo.fr\/en\/wp-json\/wp\/v2\/product_cat?post=1799"},{"taxonomy":"product_tag","embeddable":true,"href":"https:\/\/persoclo.fr\/en\/wp-json\/wp\/v2\/product_tag?post=1799"}],"curies":[{"name":"wp","href":"https:\/\/api.w.org\/{rel}","templated":true}]}}