{"id":1787,"date":"2016-01-26T09:26:02","date_gmt":"2016-01-26T08:26:02","guid":{"rendered":"http:\/\/persoclo.fr\/?post_type=product&#038;p=1787"},"modified":"2017-08-30T01:26:19","modified_gmt":"2017-08-30T00:26:19","slug":"porte-clef-100-made-in-france","status":"publish","type":"product","link":"https:\/\/persoclo.fr\/en\/shopping\/porte-clef-100-made-in-france\/","title":{"rendered":"Porte-clef &#8211; 100% Made in France"},"content":{"rendered":"","protected":false},"excerpt":{"rendered":"<p>Porte-Clefs, gravure laser.<br \/>\ntout simplement.<\/p>\n<p>100% fabriqu\u00e9 en France, avec des chambres \u00e0 air de v\u00e9lo 100% up-cycl\u00e9es.<\/p>\n<p>-Mati\u00e8re premi\u00e8re : Chambre \u00e0 air 100% collect\u00e9e en France.<\/p>\n<p>Tous les produits FANTOME sont des pi\u00e8ces uniques, fabriqu\u00e9s main dans notre atelier pr\u00e8s de Bordeaux.<\/p>\n<p>Key ring.<br \/>\nLaser engraved.<br \/>\nSo simple, so chic !<\/p>\n","protected":false},"featured_media":1788,"comment_status":"open","ping_status":"closed","template":"","meta":[],"product_brand":[],"product_cat":[25,207,42],"product_tag":[182],"class_list":{"0":"post-1787","1":"product","2":"type-product","3":"status-publish","4":"has-post-thumbnail","6":"product_cat-surprises","7":"product_cat-accessoires","8":"product_cat-tout","9":"product_tag-fantome","10":"product_shipping_class-classe-1","12":"first","13":"instock","14":"taxable","15":"shipping-taxable","16":"purchasable","17":"product-type-simple"},"translation":{"provider":"WPGlobus","version":"3.0.2","language":"en","enabled_languages":["fr","en"],"languages":{"fr":{"title":true,"content":false,"excerpt":true},"en":{"title":false,"content":false,"excerpt":false}}},"aioseo_notices":[],"_links":{"self":[{"href":"https:\/\/persoclo.fr\/en\/wp-json\/wp\/v2\/product\/1787","targetHints":{"allow":["GET"]}}],"collection":[{"href":"https:\/\/persoclo.fr\/en\/wp-json\/wp\/v2\/product"}],"about":[{"href":"https:\/\/persoclo.fr\/en\/wp-json\/wp\/v2\/types\/product"}],"replies":[{"embeddable":true,"href":"https:\/\/persoclo.fr\/en\/wp-json\/wp\/v2\/comments?post=1787"}],"wp:featuredmedia":[{"embeddable":true,"href":"https:\/\/persoclo.fr\/en\/wp-json\/wp\/v2\/media\/1788"}],"wp:attachment":[{"href":"https:\/\/persoclo.fr\/en\/wp-json\/wp\/v2\/media?parent=1787"}],"wp:term":[{"taxonomy":"product_brand","embeddable":true,"href":"https:\/\/persoclo.fr\/en\/wp-json\/wp\/v2\/product_brand?post=1787"},{"taxonomy":"product_cat","embeddable":true,"href":"https:\/\/persoclo.fr\/en\/wp-json\/wp\/v2\/product_cat?post=1787"},{"taxonomy":"product_tag","embeddable":true,"href":"https:\/\/persoclo.fr\/en\/wp-json\/wp\/v2\/product_tag?post=1787"}],"curies":[{"name":"wp","href":"https:\/\/api.w.org\/{rel}","templated":true}]}}