{"id":1750,"date":"2016-01-25T04:39:03","date_gmt":"2016-01-25T03:39:03","guid":{"rendered":"http:\/\/persoclo.fr\/?post_type=product&#038;p=1750"},"modified":"2017-08-30T01:26:56","modified_gmt":"2017-08-30T00:26:56","slug":"porte-monnaie-100-made-in-france","status":"publish","type":"product","link":"https:\/\/persoclo.fr\/en\/shopping\/porte-monnaie-100-made-in-france\/","title":{"rendered":"Porte-monnaie &#8211; 100% Made in France"},"content":{"rendered":"<p>Tous les produits FANTOME sont des pi\u00e8ces uniques, fabriqu\u00e9s main dans notre atelier pr\u00e8s de Bordeaux, sans mati\u00e8re animale et sans colle.<br \/>\nChaque article est num\u00e9rot\u00e9 et livr\u00e9 dans son carton d&#8217;emballage individuel. \u2028Les particularit\u00e9s de la chambre \u00e0 air de v\u00e9lo recycl\u00e9e apportent des variations de couleurs, d&#8217;inscriptions et de pr\u00e9sence (ou absence) de rustines.\u2028Entretenez et lavez votre FANTOME \u00e0 l&#8217;aide d&#8217;une eau l\u00e9g\u00e8rement savonneuse.<\/p>\n<p>All FANTOME products are unique items, handmade in our atelier near Bordeaux in France, vegan and without glue.<br \/>\nEvery article is numbered and delivered in its individual cardboard packaging.<br \/>\nThe peculiarities of the recycled bicycle inner tube bring variations of colors, inscriptions and presence (or absence) of rubber patches.<br \/>\nWash your FANTOME with a slightly soapy water and a sponge.<\/p>\n","protected":false},"excerpt":{"rendered":"<p>Porte-monnaie assez dodu dans lequel vous pouvez y placer monnaies, billets pli\u00e9s, cartes bancaires et de visites et tickets de transports.<br \/>\nTout simplement, mais efficacement.<br \/>\nMod\u00e8le unisexe.<\/p>\n<p>Rather plump coin purse in which you can place also some folded bills,credit and business cards and transport tickets.<br \/>\nSimply but surely.<br \/>\nUnisex item.<\/p>\n<p>dimensions en cm : 6(h) x 9(L) x 4,5(l)<br \/>\npoids en grammes : 37<\/p>\n<p>Mat\u00e9riaux :<br \/>\n&#8211; Chambre \u00e0 air 100% collect\u00e9e en France.<br \/>\n&#8211; Fil : Fabrication en Allemagne<br \/>\n&#8211; Accessoires m\u00e9talliques et plastiques\u00a0: Fabrication en Italie<br \/>\n&#8211; \u00c9tiquette caoutchouc : Fabriqu\u00e9es au Portugal<\/p>\n","protected":false},"featured_media":4226,"comment_status":"open","ping_status":"closed","template":"","meta":[],"product_brand":[],"product_cat":[25,207,524,42],"product_tag":[182],"class_list":{"0":"post-1750","1":"product","2":"type-product","3":"status-publish","4":"has-post-thumbnail","6":"product_cat-surprises","7":"product_cat-accessoires","8":"product_cat-bagagerie","9":"product_cat-tout","10":"product_tag-fantome","12":"first","13":"instock","14":"taxable","15":"shipping-taxable","16":"purchasable","17":"product-type-simple"},"translation":{"provider":"WPGlobus","version":"3.0.2","language":"en","enabled_languages":["fr","en"],"languages":{"fr":{"title":true,"content":true,"excerpt":true},"en":{"title":false,"content":false,"excerpt":false}}},"aioseo_notices":[],"_links":{"self":[{"href":"https:\/\/persoclo.fr\/en\/wp-json\/wp\/v2\/product\/1750","targetHints":{"allow":["GET"]}}],"collection":[{"href":"https:\/\/persoclo.fr\/en\/wp-json\/wp\/v2\/product"}],"about":[{"href":"https:\/\/persoclo.fr\/en\/wp-json\/wp\/v2\/types\/product"}],"replies":[{"embeddable":true,"href":"https:\/\/persoclo.fr\/en\/wp-json\/wp\/v2\/comments?post=1750"}],"wp:featuredmedia":[{"embeddable":true,"href":"https:\/\/persoclo.fr\/en\/wp-json\/wp\/v2\/media\/4226"}],"wp:attachment":[{"href":"https:\/\/persoclo.fr\/en\/wp-json\/wp\/v2\/media?parent=1750"}],"wp:term":[{"taxonomy":"product_brand","embeddable":true,"href":"https:\/\/persoclo.fr\/en\/wp-json\/wp\/v2\/product_brand?post=1750"},{"taxonomy":"product_cat","embeddable":true,"href":"https:\/\/persoclo.fr\/en\/wp-json\/wp\/v2\/product_cat?post=1750"},{"taxonomy":"product_tag","embeddable":true,"href":"https:\/\/persoclo.fr\/en\/wp-json\/wp\/v2\/product_tag?post=1750"}],"curies":[{"name":"wp","href":"https:\/\/api.w.org\/{rel}","templated":true}]}}