{"id":1678,"date":"2016-01-22T01:41:46","date_gmt":"2016-01-22T00:41:46","guid":{"rendered":"http:\/\/persoclo.fr\/?post_type=product&#038;p=1678"},"modified":"2017-08-30T01:28:50","modified_gmt":"2017-08-30T00:28:50","slug":"gel-demaquillant-nettoyant-bio-et-100-made-in-france","status":"publish","type":"product","link":"https:\/\/persoclo.fr\/en\/shopping\/gel-demaquillant-nettoyant-bio-et-100-made-in-france\/","title":{"rendered":"Gel d\u00e9maquillant nettoyant &#8211; Bio et 100% Made in France"},"content":{"rendered":"<p><strong>Composition\/ Liste INCI:<\/strong><\/p>\n<p>CAPRYLIC\/CAPRIC TRIGLYCERIDE \u2013 RICINUS COMMUNIS (CASTOR) SEED OIL* \u2013 CENTAUREA CYANUS FLOWER WATER* \u2013 GLYCERIN \u2013 SUCROSE LAURATE \u2013 AQUA (WATER) \u2013 PARFUM (FRAGRANCE) \u2013 SUCROSE STEARATE \u2013 HELIANTHUS ANNUUS (SUNFLOWER) SEED OIL \u2013 TOCOPHEROL \u2013 SQUALENE \u2013 CAFFEINE \u2013 LACTOBACILLUS FERMENT LYSATE \u2013 CAMELLIA SINENSIS LEAF EXTRACT \u2013 PUNICA GRANATUM EXTRACT \u2013 LACTOBACILLUS FERMENT \u2013 LAURYL GLUCOSIDE \u2013 POLYGLYCERYL-2 DIPOLYHYDROXYSTEARATE \u2013 DEHYDROACETIC ACID \u2013 BENZYL ALCOHOL \u2013 BETA-SITOSTEROL \u2013 CITRIC ACID \u2013 SODIUM BENZOATE \u2013 POTASSIUM SORBATE<\/p>\n<p><strong>Certification:<\/strong><\/p>\n<p><em>*99% du total des ingr\u00e9dients sont d\u2019origine naturelle<\/em><\/p>\n<p><em>*19.9% du total des ingr\u00e9dients sont issus de l\u2019Agriculture Biologique<\/em><\/p>\n<p><em>*Cosm\u00e9tique Ecologique et Biologique certifi\u00e9 par ECOCERT GREENLIFE selon le r\u00e9f\u00e9rentiel ECOCERT<\/em><\/p>\n<p><strong>Conseils d\u2019utilisation:<\/strong><\/p>\n<p>Appliquez le Gel D\u00e9maquillant n\u00b014 sur l\u2019ensemble du visage et du cou et frictionnez d\u00e9licatement le produit \u00e0 l\u2019aide de vos mains.<\/p>\n<p>Afin de d\u00e9maquiller les yeux et les l\u00e8vres, appliquez le Gel D\u00e9maquillant n\u00b014 sur un coton.<\/p>\n<p>Le Gel se transforme progressivement en huile au contact de la peau et adoucit l\u2019action du d\u00e9maquillage. Rincez \u00e0 l\u2019eau.<\/p>\n<p><strong>Astuce :<\/strong> Laissez poser le Gel D\u00e9maquillant 14 comme un masque quelques minutes sur les paupi\u00e8res ferm\u00e9es avant de d\u00e9maquiller les cils. Son effet hydratant et r\u00e9g\u00e9n\u00e9rant sera ainsi optimis\u00e9 !<\/p>\n","protected":false},"excerpt":{"rendered":"<p style=\"text-align: justify;\">Le Gel d\u00e9maquille et nettoie tous les types de peaux.<\/p>\n<p style=\"text-align: justify;\">V\u00e9ritable innovation cosm\u00e9tique, la texture est un gel qui, au contact de la peau, se transforme en huile pour un d\u00e9maquillage et un nettoyage tout en douceur et d\u2019une grande efficacit\u00e9.<\/p>\n<p style=\"text-align: justify;\">La texture, 100% d\u2019origine v\u00e9g\u00e9tale et biod\u00e9gradable a un excellent profil de tol\u00e9rance cutan\u00e9.<\/p>\n","protected":false},"featured_media":1679,"comment_status":"open","ping_status":"closed","template":"","meta":[],"product_brand":[],"product_cat":[148],"product_tag":[111],"class_list":{"0":"post-1678","1":"product","2":"type-product","3":"status-publish","4":"has-post-thumbnail","6":"product_cat-cosmetique","7":"product_tag-syllepse","9":"first","10":"instock","11":"taxable","12":"shipping-taxable","13":"purchasable","14":"product-type-simple"},"translation":{"provider":"WPGlobus","version":"3.0.2","language":"en","enabled_languages":["fr","en"],"languages":{"fr":{"title":true,"content":true,"excerpt":true},"en":{"title":false,"content":false,"excerpt":false}}},"aioseo_notices":[],"_links":{"self":[{"href":"https:\/\/persoclo.fr\/en\/wp-json\/wp\/v2\/product\/1678","targetHints":{"allow":["GET"]}}],"collection":[{"href":"https:\/\/persoclo.fr\/en\/wp-json\/wp\/v2\/product"}],"about":[{"href":"https:\/\/persoclo.fr\/en\/wp-json\/wp\/v2\/types\/product"}],"replies":[{"embeddable":true,"href":"https:\/\/persoclo.fr\/en\/wp-json\/wp\/v2\/comments?post=1678"}],"wp:featuredmedia":[{"embeddable":true,"href":"https:\/\/persoclo.fr\/en\/wp-json\/wp\/v2\/media\/1679"}],"wp:attachment":[{"href":"https:\/\/persoclo.fr\/en\/wp-json\/wp\/v2\/media?parent=1678"}],"wp:term":[{"taxonomy":"product_brand","embeddable":true,"href":"https:\/\/persoclo.fr\/en\/wp-json\/wp\/v2\/product_brand?post=1678"},{"taxonomy":"product_cat","embeddable":true,"href":"https:\/\/persoclo.fr\/en\/wp-json\/wp\/v2\/product_cat?post=1678"},{"taxonomy":"product_tag","embeddable":true,"href":"https:\/\/persoclo.fr\/en\/wp-json\/wp\/v2\/product_tag?post=1678"}],"curies":[{"name":"wp","href":"https:\/\/api.w.org\/{rel}","templated":true}]}}