{"id":1674,"date":"2016-01-22T01:00:51","date_gmt":"2016-01-22T00:00:51","guid":{"rendered":"http:\/\/persoclo.fr\/?post_type=product&#038;p=1674"},"modified":"2017-08-30T01:29:05","modified_gmt":"2017-08-30T00:29:05","slug":"creme-visage-bio-et-100-made-in-france","status":"publish","type":"product","link":"https:\/\/persoclo.fr\/en\/shopping\/creme-visage-bio-et-100-made-in-france\/","title":{"rendered":"Cr\u00e8me visage &#8211; Bio et 100% Made in France"},"content":{"rendered":"<p>Cr\u00e8me cosmopolite, pour tout type de peau (50 ml)<\/p>\n<p>&nbsp;<\/p>\n","protected":false},"excerpt":{"rendered":"<p style=\"text-align: justify;\">La cr\u00e8me cosmopolite &#8220;16&#8221; Syllepse est une cr\u00e8me r\u00e9gulant le Ph cutan\u00e9 et est donc id\u00e9ale pour tout type de peaux. Gr\u00e2ce \u00e0 la synergie du M\u00fbrier Blanc, de la cire de Jojoba et des baies de Goji, elle offre une hydratation quotidienne profonde, une protection contre les agressions ext\u00e9rieures et une pr\u00e9vention du vieilissement cutan\u00e9.<\/p>\n<p style=\"text-align: justify;\">Elle s&#8217;utilise seule, ou en duo avec le s\u00e9rum Syllepse personnalise (il existe 4 s\u00e9rums selon le type de peau) pour un soin complet. Prendre une noisette de cr\u00e8me dans le creu de la main, verser 2 \u00e0 3 gouttes de s\u00e9rum, m\u00e9langer puis appliquer sur le visage et le cou.<\/p>\n<p style=\"text-align: justify;\">La cr\u00e8me favorise la r\u00e9g\u00e9naration cellulaire et ass\u00e8che les petites imperfections.<\/p>\n<p style=\"text-align: justify;\">Pourquoi &#8220;16&#8221; ? Ce nombre correspond \u00e0 l&#8217;\u00e9chantillon parfait de la cr\u00e8me lors de son \u00e9laboration<\/p>\n<p style=\"text-align: justify;\">Pot : 50 ml<\/p>\n<p style=\"text-align: justify;\">Labels : Ecocert<\/p>\n<p style=\"text-align: justify;\">Compos\u00e9 de 98,7 % d&#8217;ingr\u00e9dients d&#8217;origine naturelle et 14,3% d&#8217;ingr\u00e9dients issus de l&#8217;agriculture biologique.<\/p>\n<p style=\"text-align: justify;\">R\u00e9gion : Sud-Ouest<\/p>\n<p style=\"text-align: justify;\">Ingr\u00e9dients principaux :<\/p>\n<ul>\n<li style=\"text-align: justify;\">Extraits de Camomille, Alo\u00e9 V\u00e9ra, Beurre de Karit\u00e9 et Huile de Germe de bl\u00e9 pour une hydratation parfaite et une bonne souplesse de la peau.<\/li>\n<li style=\"text-align: justify;\">Extraits de Murier Blanc pour pr\u00e9venir l&#8217;apparation des t\u00e2ches.<\/li>\n<li style=\"text-align: justify;\">Extraits de Baies de Goji pour leur richesse en vitamines et vertus anti-radicalaires et anti-oxydantes<\/li>\n<\/ul>\n<p style=\"text-align: justify;\">\n","protected":false},"featured_media":1677,"comment_status":"open","ping_status":"closed","template":"","meta":[],"product_brand":[],"product_cat":[148,42],"product_tag":[111],"class_list":{"0":"post-1674","1":"product","2":"type-product","3":"status-publish","4":"has-post-thumbnail","6":"product_cat-cosmetique","7":"product_cat-tout","8":"product_tag-syllepse","10":"first","11":"instock","12":"taxable","13":"shipping-taxable","14":"purchasable","15":"product-type-simple"},"translation":{"provider":"WPGlobus","version":"3.0.2","language":"en","enabled_languages":["fr","en"],"languages":{"fr":{"title":true,"content":true,"excerpt":true},"en":{"title":false,"content":false,"excerpt":false}}},"aioseo_notices":[],"_links":{"self":[{"href":"https:\/\/persoclo.fr\/en\/wp-json\/wp\/v2\/product\/1674","targetHints":{"allow":["GET"]}}],"collection":[{"href":"https:\/\/persoclo.fr\/en\/wp-json\/wp\/v2\/product"}],"about":[{"href":"https:\/\/persoclo.fr\/en\/wp-json\/wp\/v2\/types\/product"}],"replies":[{"embeddable":true,"href":"https:\/\/persoclo.fr\/en\/wp-json\/wp\/v2\/comments?post=1674"}],"wp:featuredmedia":[{"embeddable":true,"href":"https:\/\/persoclo.fr\/en\/wp-json\/wp\/v2\/media\/1677"}],"wp:attachment":[{"href":"https:\/\/persoclo.fr\/en\/wp-json\/wp\/v2\/media?parent=1674"}],"wp:term":[{"taxonomy":"product_brand","embeddable":true,"href":"https:\/\/persoclo.fr\/en\/wp-json\/wp\/v2\/product_brand?post=1674"},{"taxonomy":"product_cat","embeddable":true,"href":"https:\/\/persoclo.fr\/en\/wp-json\/wp\/v2\/product_cat?post=1674"},{"taxonomy":"product_tag","embeddable":true,"href":"https:\/\/persoclo.fr\/en\/wp-json\/wp\/v2\/product_tag?post=1674"}],"curies":[{"name":"wp","href":"https:\/\/api.w.org\/{rel}","templated":true}]}}