{"id":1474,"date":"2017-04-02T22:52:45","date_gmt":"2017-04-02T21:52:45","guid":{"rendered":"http:\/\/persoclo.fr\/?post_type=product&#038;p=1474"},"modified":"2017-08-30T00:03:38","modified_gmt":"2017-08-29T23:03:38","slug":"foulard-cheche-pour-lui","status":"publish","type":"product","link":"https:\/\/persoclo.fr\/en\/shopping\/foulard-cheche-pour-lui\/","title":{"rendered":"Foulard \/ Ch\u00e8che &#8211; Pour lui"},"content":{"rendered":"<p>100% Made in France<\/p>\n","protected":false},"excerpt":{"rendered":"<p style=\"text-align: justify;\">Ce Foulard Ch\u00e8che est compos\u00e9 de cr\u00eape Coton 100% Son tissage sp\u00e9cifique, combin\u00e9 \u00e0 un choix de fil haut de gamme lui conf\u00e8re confort, douceur et l\u00e9g\u00e8ret\u00e9. Il vous prot\u00e9gera toute l\u2019ann\u00e9e.<\/p>\n<p style=\"text-align: justify;\">Ch\u00e9che de fabrication totale en France. 190cm X 45cm<\/p>\n","protected":false},"featured_media":1754,"comment_status":"open","ping_status":"closed","template":"","meta":[],"product_brand":[],"product_cat":[25,72,21,12,42,215],"product_tag":[160],"class_list":{"0":"post-1474","1":"product","2":"type-product","3":"status-publish","4":"has-post-thumbnail","6":"product_cat-surprises","7":"product_cat-echarpes-foulards-homme","8":"product_cat-echarpes-foulard","9":"product_cat-homme","10":"product_cat-tout","11":"product_cat-vetements","12":"product_tag-gohia","14":"first","15":"instock","16":"taxable","17":"shipping-taxable","18":"purchasable","19":"product-type-variable"},"translation":{"provider":"WPGlobus","version":"3.0.2","language":"en","enabled_languages":["fr","en"],"languages":{"fr":{"title":true,"content":true,"excerpt":true},"en":{"title":false,"content":false,"excerpt":false}}},"aioseo_notices":[],"_links":{"self":[{"href":"https:\/\/persoclo.fr\/en\/wp-json\/wp\/v2\/product\/1474","targetHints":{"allow":["GET"]}}],"collection":[{"href":"https:\/\/persoclo.fr\/en\/wp-json\/wp\/v2\/product"}],"about":[{"href":"https:\/\/persoclo.fr\/en\/wp-json\/wp\/v2\/types\/product"}],"replies":[{"embeddable":true,"href":"https:\/\/persoclo.fr\/en\/wp-json\/wp\/v2\/comments?post=1474"}],"wp:featuredmedia":[{"embeddable":true,"href":"https:\/\/persoclo.fr\/en\/wp-json\/wp\/v2\/media\/1754"}],"wp:attachment":[{"href":"https:\/\/persoclo.fr\/en\/wp-json\/wp\/v2\/media?parent=1474"}],"wp:term":[{"taxonomy":"product_brand","embeddable":true,"href":"https:\/\/persoclo.fr\/en\/wp-json\/wp\/v2\/product_brand?post=1474"},{"taxonomy":"product_cat","embeddable":true,"href":"https:\/\/persoclo.fr\/en\/wp-json\/wp\/v2\/product_cat?post=1474"},{"taxonomy":"product_tag","embeddable":true,"href":"https:\/\/persoclo.fr\/en\/wp-json\/wp\/v2\/product_tag?post=1474"}],"curies":[{"name":"wp","href":"https:\/\/api.w.org\/{rel}","templated":true}]}}