{"id":1355,"date":"2016-01-14T03:46:33","date_gmt":"2016-01-14T02:46:33","guid":{"rendered":"http:\/\/persoclo.fr\/?post_type=product&#038;p=1355"},"modified":"2017-08-30T01:31:01","modified_gmt":"2017-08-30T00:31:01","slug":"foulard-soie-savoir-faire-francais","status":"publish","type":"product","link":"https:\/\/persoclo.fr\/en\/shopping\/foulard-soie-savoir-faire-francais\/","title":{"rendered":"Foulards en soie &#8211; 100% fran\u00e7ais"},"content":{"rendered":"<p style=\"text-align: justify;\">L\u2019Art, ma muse pour d\u00e9couvrir de nouveaux horizons en toute \u00e9l\u00e9gance.<\/p>\n<p style=\"text-align: justify;\">Ce foulard en soie reprend le d\u00e9tail d\u2019une Eau-forte de Rembrandt.<\/p>\n<p style=\"text-align: justify;\">D\u2019apr\u00e8s Eug\u00e8ne Fromentin, Rembrandt, \u00ab\u00a0c\u2019\u00e9tait un homme \u00e0 part, un r\u00eaveur, peut-\u00eatre un taciturne, quoique sa figure dise le contraire. On cherchait, au bout de son burin et de sa brosse, des secrets qui venaient de plus loin. Sa mani\u00e8re \u00e9tait si nouvelle, qu&#8217;elle d\u00e9routait les esprits forts, passionnait les esprits simples. Tout ce qu&#8217;il y avait de jeune, d&#8217;entreprenant, d&#8217;insubordonn\u00e9 et d&#8217;\u00e9tourdi parmi les \u00e9coliers peintres courait \u00e0 lui.\u00a0\u00bb Extrait de \u00ab\u00a0Les ma\u00eetres d&#8217;autrefois: Belgique, Hollande, Paris, Plon, 14e \u00e9d. 1904, chap. XVI.\u00a0\u00bb<\/p>\n","protected":false},"excerpt":{"rendered":"<table class=\"shop_attributes\">\n<tbody>\n<tr class=\"\">\n<th>Dimensions<\/th>\n<td class=\"product_dimensions\">140 cm<\/td>\n<\/tr>\n<tr class=\"alt\">\n<th>Matiere<\/th>\n<td>100% soie tiss\u00e9e en France<\/td>\n<\/tr>\n<tr class=\"\">\n<th>Lieu de production<\/th>\n<td>France<\/td>\n<\/tr>\n<tr class=\"alt\">\n<th>Autres informations<\/th>\n<td>Mousseline<\/td>\n<\/tr>\n<\/tbody>\n<\/table>\n<p>&nbsp;<\/p>\n<p style=\"text-align: center;\"><span style=\"color: #3366ff;\"><strong>-Choisir les options pour afficher la photo et ajouter au panier-\u00a0<\/strong><\/span><\/p>\n","protected":false},"featured_media":1360,"comment_status":"open","ping_status":"closed","template":"","meta":[],"product_brand":[],"product_cat":[25,21,6,42,215],"product_tag":[140],"class_list":{"0":"post-1355","1":"product","2":"type-product","3":"status-publish","4":"has-post-thumbnail","6":"product_cat-surprises","7":"product_cat-echarpes-foulard","8":"product_cat-femme","9":"product_cat-tout","10":"product_cat-vetements","11":"product_tag-graine-dhorizon","13":"first","14":"instock","15":"taxable","16":"shipping-taxable","17":"purchasable","18":"product-type-variable"},"translation":{"provider":"WPGlobus","version":"3.0.2","language":"en","enabled_languages":["fr","en"],"languages":{"fr":{"title":true,"content":true,"excerpt":true},"en":{"title":false,"content":false,"excerpt":false}}},"aioseo_notices":[],"_links":{"self":[{"href":"https:\/\/persoclo.fr\/en\/wp-json\/wp\/v2\/product\/1355","targetHints":{"allow":["GET"]}}],"collection":[{"href":"https:\/\/persoclo.fr\/en\/wp-json\/wp\/v2\/product"}],"about":[{"href":"https:\/\/persoclo.fr\/en\/wp-json\/wp\/v2\/types\/product"}],"replies":[{"embeddable":true,"href":"https:\/\/persoclo.fr\/en\/wp-json\/wp\/v2\/comments?post=1355"}],"wp:featuredmedia":[{"embeddable":true,"href":"https:\/\/persoclo.fr\/en\/wp-json\/wp\/v2\/media\/1360"}],"wp:attachment":[{"href":"https:\/\/persoclo.fr\/en\/wp-json\/wp\/v2\/media?parent=1355"}],"wp:term":[{"taxonomy":"product_brand","embeddable":true,"href":"https:\/\/persoclo.fr\/en\/wp-json\/wp\/v2\/product_brand?post=1355"},{"taxonomy":"product_cat","embeddable":true,"href":"https:\/\/persoclo.fr\/en\/wp-json\/wp\/v2\/product_cat?post=1355"},{"taxonomy":"product_tag","embeddable":true,"href":"https:\/\/persoclo.fr\/en\/wp-json\/wp\/v2\/product_tag?post=1355"}],"curies":[{"name":"wp","href":"https:\/\/api.w.org\/{rel}","templated":true}]}}