{"id":11192,"date":"2019-09-20T06:02:02","date_gmt":"2019-09-20T05:02:02","guid":{"rendered":"https:\/\/persoclo.fr\/?post_type=product&#038;p=11192"},"modified":"2019-09-20T06:14:56","modified_gmt":"2019-09-20T05:14:56","slug":"tapis-rectangle-vert","status":"publish","type":"product","link":"https:\/\/persoclo.fr\/en\/shopping\/tapis-rectangle-vert\/","title":{"rendered":"Tapis rectangle vert"},"content":{"rendered":"<p>Composition :<br \/>\nLe poil est compos\u00e9 de 100 % de fibres modacrylique.<\/p>\n<p>Entretien :<br \/>\nLavable en machine \u00e0 30\u00b0 (mode d\u00e9licat) et s\u00e9chage \u00e0 plat.<\/p>\n<p>Dimensions :<br \/>\n140*200 cm.<\/p>\n","protected":false},"excerpt":{"rendered":"<p class=\"_28cEs\" style=\"text-align: justify;\" data-hook=\"description\">Ce tapis Pilepoil en forme rectangle apportera une touche de douceur dans la chambre de votre enfant. Ce sera pour ce dernier une v\u00e9ritable aire de jeux.<\/p>\n<p>Avec cette fausse fourrure tricot\u00e9e, Made in France, pas de perte de poils, un aspect naturel et soyeux et avec son antid\u00e9rapant contre-coller directement, le tapis Pilepoil, assure une s\u00e9curit\u00e9 pour toute la famille.<\/p>\n<p>&#8230;&#8230;&#8230;&#8230;&#8230;&#8230;&#8230;&#8230;&#8230;&#8230;&#8230;&#8230;&#8230;&#8230;.<\/p>\n<p>Perfect for a bedroom or nursery, this circle faux-fur rug by Pilepoil will make an interesting home decoration focal point. The eco-friendly rug is shaped like a large star and thanks to its tactile furry soft finish it will provide comfort too.<\/p>\n","protected":false},"featured_media":11196,"comment_status":"open","ping_status":"closed","template":"","meta":[],"product_brand":[],"product_cat":[220,42],"product_tag":[85],"class_list":{"0":"post-11192","1":"product","2":"type-product","3":"status-publish","4":"has-post-thumbnail","6":"product_cat-maison-deco","7":"product_cat-tout","8":"product_tag-pilepoil","9":"product_shipping_class-classe-1","11":"first","12":"instock","13":"featured","14":"taxable","15":"shipping-taxable","16":"purchasable","17":"product-type-simple"},"translation":{"provider":"WPGlobus","version":"3.0.2","language":"en","enabled_languages":["fr","en"],"languages":{"fr":{"title":true,"content":true,"excerpt":true},"en":{"title":false,"content":false,"excerpt":false}}},"aioseo_notices":[],"_links":{"self":[{"href":"https:\/\/persoclo.fr\/en\/wp-json\/wp\/v2\/product\/11192","targetHints":{"allow":["GET"]}}],"collection":[{"href":"https:\/\/persoclo.fr\/en\/wp-json\/wp\/v2\/product"}],"about":[{"href":"https:\/\/persoclo.fr\/en\/wp-json\/wp\/v2\/types\/product"}],"replies":[{"embeddable":true,"href":"https:\/\/persoclo.fr\/en\/wp-json\/wp\/v2\/comments?post=11192"}],"wp:featuredmedia":[{"embeddable":true,"href":"https:\/\/persoclo.fr\/en\/wp-json\/wp\/v2\/media\/11196"}],"wp:attachment":[{"href":"https:\/\/persoclo.fr\/en\/wp-json\/wp\/v2\/media?parent=11192"}],"wp:term":[{"taxonomy":"product_brand","embeddable":true,"href":"https:\/\/persoclo.fr\/en\/wp-json\/wp\/v2\/product_brand?post=11192"},{"taxonomy":"product_cat","embeddable":true,"href":"https:\/\/persoclo.fr\/en\/wp-json\/wp\/v2\/product_cat?post=11192"},{"taxonomy":"product_tag","embeddable":true,"href":"https:\/\/persoclo.fr\/en\/wp-json\/wp\/v2\/product_tag?post=11192"}],"curies":[{"name":"wp","href":"https:\/\/api.w.org\/{rel}","templated":true}]}}