{"id":3848,"date":"2017-05-18T06:35:52","date_gmt":"2017-05-18T05:35:52","guid":{"rendered":"http:\/\/persoclo.fr\/?page_id=3848"},"modified":"2020-12-31T19:58:20","modified_gmt":"2020-12-31T18:58:20","slug":"securite-et-confidentialite","status":"publish","type":"page","link":"https:\/\/persoclo.fr\/en\/besoin-daide\/securite-et-confidentialite\/","title":{"rendered":"Security and privacy policy"},"content":{"rendered":"<div id=\"pl-3848\"  class=\"panel-layout\" ><div id=\"pg-3848-0\"  class=\"panel-grid panel-no-style\" ><div id=\"pgc-3848-0-0\"  class=\"panel-grid-cell panel-grid-cell-empty\" ><\/div><div id=\"pgc-3848-0-1\"  class=\"panel-grid-cell panel-grid-cell-mobile-last\" ><div id=\"panel-3848-0-1-0\" class=\"so-panel widget widget_sow-editor panel-first-child\" data-index=\"0\" ><div\n\t\t\t\n\t\t\tclass=\"so-widget-sow-editor so-widget-sow-editor-base\"\n\t\t\t\n\t\t>\n<div class=\"siteorigin-widget-tinymce textwidget\">\n\t<p><img loading=\"lazy\" decoding=\"async\" class=\"aligncenter  wp-image-3748\" src=\"https:\/\/persoclo.fr\/wp-content\/uploads\/2015\/11\/images-1.png\" alt=\"\" width=\"92\" height=\"92\" srcset=\"https:\/\/persoclo.fr\/wp-content\/uploads\/2015\/11\/images-1.png 225w, https:\/\/persoclo.fr\/wp-content\/uploads\/2015\/11\/images-1-100x100.png 100w, https:\/\/persoclo.fr\/wp-content\/uploads\/2015\/11\/images-1-150x150.png 150w\" sizes=\"auto, (max-width: 92px) 100vw, 92px\" \/><\/p>\n<\/div>\n<\/div><\/div><div id=\"panel-3848-0-1-1\" class=\"so-panel widget widget_sow-accordion panel-last-child\" data-index=\"1\" ><div\n\t\t\t\n\t\t\tclass=\"so-widget-sow-accordion so-widget-sow-accordion-default-333d63993136-3848\"\n\t\t\t\n\t\t><div>\n\t<div class=\"sow-accordion\">\n\t\t\t<div class=\"sow-accordion-panel\n\t\t\t\t\t\"\n\t\t\t\tdata-anchor-id=\"paiement-securise\">\n\t\t\t\t\t<div class=\"sow-accordion-panel-header-container\" role=\"heading\" aria-level=\"2\">\n\t\t\t\t\t<div class=\"sow-accordion-panel-header\" tabindex=\"0\" role=\"button\" id=\"accordion-label-paiement-s%c3%a9curis%c3%a9\" aria-controls=\"accordion-content-paiement-s%c3%a9curis%c3%a9\" aria-expanded=\"false\">\n\t\t\t\t\t\t<div class=\"sow-accordion-title sow-accordion-title-icon-left\">\n\t\t\t\t\t\t\t\t\t\t\t\t\t\tPaiement S\u00e9curis\u00e9\t\t\t\t\t\t\t\t\t\t\t\t\t<\/div>\n\t\t\t\t\t\t<div class=\"sow-accordion-open-close-button\">\n\t\t\t\t\t\t\t<div class=\"sow-accordion-open-button\">\n\t\t\t\t\t\t\t\t<span class=\"sow-icon-ionicons\" data-sow-icon=\"&#xf218;\"\n\t\t \n\t\taria-hidden=\"true\"><\/span>\t\t\t\t\t\t\t<\/div>\n\t\t\t\t\t\t\t<div class=\"sow-accordion-close-button\">\n\t\t\t\t\t\t\t\t<span class=\"sow-icon-ionicons\" data-sow-icon=\"&#xf209;\"\n\t\t \n\t\taria-hidden=\"true\"><\/span>\t\t\t\t\t\t\t<\/div>\n\t\t\t\t\t\t<\/div>\n\t\t\t\t\t<\/div>\n\t\t\t\t<\/div>\n\n\t\t\t<div\n\t\t\t\tclass=\"sow-accordion-panel-content\"\n\t\t\t\trole=\"region\"\n\t\t\t\taria-labelledby=\"accordion-label-paiement-s%c3%a9curis%c3%a9\"\n\t\t\t\tid=\"accordion-content-paiement-s%c3%a9curis%c3%a9\"\n\t\t\t\tstyle=\"display: none;\"\t\t\t>\n\t\t\t\t<div class=\"sow-accordion-panel-border\">\n\t\t\t\t\t<p class=\"docHTML font_8\" style=\"text-align: justify;\"><span class=\"color_24\">Afin d'assurer la s\u00e9curit\u00e9 des paiements, le site www.persoclo.fr\u00a0utilise le service de paiement s\u00e9curis\u00e9 Payplug de google et paypal. Ces services int\u00e8grent la norme de s\u00e9curit\u00e9 SSL. Les donn\u00e9es confidentielles (le num\u00e9ro de carte bancaire \u00e0 16 chiffres, la date d'expiration ainsi que le cryptogramme) sont directement transmises crypt\u00e9es sur le serveur SIPS sans transiter sur les supports physiques du serveur persoclo. Apr\u00e8s la validation de la commande, la demande de paiement est rout\u00e9e en temps r\u00e9el sur le gestionnaire de t\u00e9l\u00e9paiement s\u00e9curis\u00e9 de payplug ou paypal. Ceux-ci adressent une demande d'autorisation au r\u00e9seau carte bancaire. Le gestionnaire de t\u00e9l\u00e9paiement d\u00e9livre un certificat \u00e9lectronique. Les informations de commande font l'objet d'un traitement automatis\u00e9.<\/span><\/p>\n<p class=\"font_7\" style=\"text-align: justify;\"><span class=\"color_24\">PersoClo aura toute libert\u00e9 de v\u00e9rifier les donn\u00e9es personnelles fournies par le client pour s\u2019assurer que le propri\u00e9taire du compte bancaire est bien la m\u00eame personne qui a pass\u00e9 commande. PersoClo se r\u00e9serve le droit d\u2019annuler la commande en cas de fraude.<\/span><\/p>\n<p class=\"font_7\" style=\"text-align: justify;\"><span class=\"color_24\">Conform\u00e9ment \u00e0 la loi informatique et libert\u00e9 du 6 janvier 1978, l'internaute dispose \u00e0 tout moment d'un droit d'acc\u00e8s, de rectification, et d'opposition \u00e0 l'ensemble des donn\u00e9es personnelles en \u00e9crivant et en justifiant de son identit\u00e9 \u00e0 :\u00a0<\/span><span class=\"color_24\">Fia-Net - Service Informatique et libert\u00e9s - 22 rue Drouot - 75009 Paris.<\/span><\/p>\n<h3 class=\"font_3\" style=\"text-align: justify;\"><\/h3>\n\t\t\t\t<\/div>\n\t\t\t<\/div>\n\t\t<\/div>\n\t\t\t<div class=\"sow-accordion-panel\n\t\t\t\t\t\"\n\t\t\t\tdata-anchor-id=\"protection-des-donnees-personnelles\">\n\t\t\t\t\t<div class=\"sow-accordion-panel-header-container\" role=\"heading\" aria-level=\"2\">\n\t\t\t\t\t<div class=\"sow-accordion-panel-header\" tabindex=\"0\" role=\"button\" id=\"accordion-label-protection-des-donn%c3%a9es-personnelles\" aria-controls=\"accordion-content-protection-des-donn%c3%a9es-personnelles\" aria-expanded=\"false\">\n\t\t\t\t\t\t<div class=\"sow-accordion-title sow-accordion-title-icon-left\">\n\t\t\t\t\t\t\t\t\t\t\t\t\t\tProtection des donn\u00e9es personnelles\t\t\t\t\t\t\t\t\t\t\t\t\t<\/div>\n\t\t\t\t\t\t<div class=\"sow-accordion-open-close-button\">\n\t\t\t\t\t\t\t<div class=\"sow-accordion-open-button\">\n\t\t\t\t\t\t\t\t<span class=\"sow-icon-ionicons\" data-sow-icon=\"&#xf218;\"\n\t\t \n\t\taria-hidden=\"true\"><\/span>\t\t\t\t\t\t\t<\/div>\n\t\t\t\t\t\t\t<div class=\"sow-accordion-close-button\">\n\t\t\t\t\t\t\t\t<span class=\"sow-icon-ionicons\" data-sow-icon=\"&#xf209;\"\n\t\t \n\t\taria-hidden=\"true\"><\/span>\t\t\t\t\t\t\t<\/div>\n\t\t\t\t\t\t<\/div>\n\t\t\t\t\t<\/div>\n\t\t\t\t<\/div>\n\n\t\t\t<div\n\t\t\t\tclass=\"sow-accordion-panel-content\"\n\t\t\t\trole=\"region\"\n\t\t\t\taria-labelledby=\"accordion-label-protection-des-donn%c3%a9es-personnelles\"\n\t\t\t\tid=\"accordion-content-protection-des-donn%c3%a9es-personnelles\"\n\t\t\t\tstyle=\"display: none;\"\t\t\t>\n\t\t\t\t<div class=\"sow-accordion-panel-border\">\n\t\t\t\t\t<p style=\"text-align: justify;\">La confidentialit\u00e9 des donn\u00e9es est extr\u00eamement importante pour nous tous et nous voulons \u00eatre compl\u00e8tement transparents sur la fa\u00e7on dont nous utilisons vos donn\u00e9es personnelles.<\/p>\n<p style=\"text-align: justify;\">Par cons\u00e9quent, nous disposons d\u2019une politique qui d\u00e9crit comment vos donn\u00e9es personnelles seront trait\u00e9es et prot\u00e9g\u00e9es.<\/p>\n<ul class=\"font_7\" style=\"text-align: justify;\">\n<li>\n<p class=\"font_7\"><b>Qui contr\u00f4le vos donn\u00e9es personnelles ?<\/b><\/p>\n<p class=\"font_7\">Le renseignement des informations nominatives collect\u00e9es dans le cadre de la vente distance est obligatoire, ces informations \u00e9tant n\u00e9cessaires pour le traitement et la livraison des commandes ainsi que pour l'\u00e9tablissement des factures. Ces informations sont strictement confidentielles et ne sont destin\u00e9es qu'\u00e0 PersoClo. Conform\u00e9ment la loi sur la protection des donn\u00e9es en vigueur, le traitement des informations nominatives collect\u00e9es sur le site \u00a0www.persoclo.fr\u00a0a fait l'objet d'une d\u00e9claration aupr\u00e8s de la Commission Nationale de l'Informatique et des Libert\u00e9s,\u00a0sous le num\u00e9ro :\u00a0<b>1934811<\/b>. L'internaute dispose d'un droit d'acc\u00e8s, de modification, de rectification et de suppression des donn\u00e9es le concernant. Pour exercer son droit, l'internaute devra envoyer un e-mail au service client de PersoClo \u00e0 l'adresse suivante : persoteam@persoclo.fr - persoclo.contact@gmail.com\u00a0ou un courrier \u00e0 l'adresse suivante :<\/p>\n<\/li>\n<\/ul>\n<p class=\"font_7\" style=\"text-align: justify;\"><span class=\"color_24\">Persoclo - 14\u00a0rue des Cendriers - 75020 Paris.<\/span><\/p>\n<ul style=\"text-align: justify;\">\n<li><b>O\u00f9 stockons-nous vos donn\u00e9es ?<\/b><\/li>\n<\/ul>\n<p style=\"padding-left: 30px; text-align: justify;\">Les donn\u00e9es que nous collectons aupr\u00e8s de vous sont stock\u00e9es en France mais peuvent \u00e9galement \u00eatre transf\u00e9r\u00e9es dans un pays ne faisant pas partie de l\u2019EEE. Ce type de transfert de vos donn\u00e9es personnelles sera effectu\u00e9 en vertu des lois applicables. Le site PersoClo est h\u00e9berg\u00e9 sur des serveurs fran\u00e7ais aupr\u00e8s de l\u2019h\u00e9bergeur LWS.<\/p>\n<ul style=\"text-align: justify;\">\n<li><b>Qui peut consulter vos donn\u00e9es ?<\/b><\/li>\n<\/ul>\n<p style=\"padding-left: 30px; text-align: justify;\">Nous ne transf\u00e9rons, ne commercialisons et ne troquons en aucun cas vos donn\u00e9es \u00e0 des fins marketing \u00e0 des parties ext\u00e9rieures. PersoClo n\u2019agira qu\u2019en qualit\u00e9 d\u2019utilisateur de donn\u00e9es et traitera les donn\u00e9es personnelles pour le compte de l\u2019entreprise. Les donn\u00e9es transf\u00e9r\u00e9es \u00e0 des tiers ne seront utilis\u00e9es qu\u2019aux fins de dispense de nos services.<\/p>\n<ul style=\"text-align: justify;\">\n<li><b>Quels sont vos droits ?<\/b><\/li>\n<\/ul>\n<p style=\"padding-left: 60px; text-align: justify;\"><b><i>Droit d\u2019acc\u00e8s :<br \/>\n<\/i><\/b>Vous avez le droit de demander des informations sur les donn\u00e9es personnelles que nous d\u00e9tenons vous concernant. Vous pouvez contacter PersoClo qui vous transmettra vos donn\u00e9es personnelles par e-mail.<\/p>\n<p style=\"padding-left: 60px; text-align: justify;\"><i><b>Droit de portabilit\u00e9 :<br \/>\n<\/b><\/i>Lorsque PersoClo traite vos donn\u00e9es personnelles par voie automatis\u00e9e selon votre consentement ou un accord, vous avez le droit d'obtenir une copie de vos donn\u00e9es transf\u00e9r\u00e9es \u00e0 vous ou \u00e0 une autre partie dans un format structur\u00e9 et courant. Cela ne concerne que les donn\u00e9es personnelles que vous nous avez transmises.<\/p>\n<p style=\"padding-left: 60px; text-align: justify;\"><b><i>Droit de rectification :<br \/>\n<\/i><\/b>Vous avez le droit de demander la rectification de vos donn\u00e9es personnelles si elles sont inexactes, y compris pour compl\u00e9ter vos donn\u00e9es personnelles incompl\u00e8tes.<\/p>\n<p style=\"padding-left: 60px; text-align: justify;\">Si vous avez un compte PersoClo, vous pouvez modifier vos donn\u00e9es personnelles dans les pages de votre compte.<\/p>\n<p style=\"padding-left: 60px; text-align: justify;\"><b><i>Droit de suppression :<br \/>\n<\/i><\/b>Vous avez le droit de supprimer toute donn\u00e9e personnelle trait\u00e9e par PersoClo \u00e0 tout moment, sauf dans les situations suivantes :<\/p>\n<p style=\"padding-left: 60px; text-align: justify;\">*vous avez une affaire en cours avec le Service clients<br \/>\n*vous avez une commande en cours qui n\u2019a pas encore \u00e9t\u00e9 livr\u00e9e ou qui a \u00e9t\u00e9 partiellement livr\u00e9e<br \/>\n*vous avez des dettes aupr\u00e8s de PersoClo, quel que soit le mode de paiement<br \/>\n*vous \u00eates suspect\u00e9(e) d\u2019avoir ou vous avez utilis\u00e9 nos services de fa\u00e7on frauduleuse au cours des quatre derni\u00e8res ann\u00e9es<\/p>\n<p style=\"padding-left: 60px; text-align: justify;\"><b><i>Votre droit de vous opposer au traitement de vos donn\u00e9es sur la base d\u2019un int\u00e9r\u00eat l\u00e9gitime :<br \/>\n<\/i><\/b>Vous avez le droit de vous opposer au traitement de vos donn\u00e9es personnelles sur la base d\u2019un int\u00e9r\u00eat l\u00e9gitime de PersoClo: PersoClo cessera d\u2019utiliser vos donn\u00e9es personnelles \u00e0 moins que nous prouvions le bien-fond\u00e9 de l\u2019utilisation de vos donn\u00e9es qui supplante votre int\u00e9r\u00eat et vos droits ou pour des raisons juridiques.<\/p>\n<p style=\"padding-left: 60px; text-align: justify;\"><b><i>Votre droit de vous opposer au marketing direct :<br \/>\n<\/i><\/b>Vous avez le droit de vous opposer au marketing direct, notamment \u00e0 l\u2019analyse de profil \u00e0 des fins marketing.<\/p>\n<p style=\"padding-left: 60px; text-align: justify;\">Vous pouvez vous d\u00e9sinscrire des supports de marketing direct des fa\u00e7ons suivantes :<\/p>\n<p style=\"padding-left: 60px; text-align: justify;\">*en suivant les instructions figurant dans chaque message marketing<br \/>\n*en modifiant vos pr\u00e9f\u00e9rences dans votre compte PersoClo<\/p>\n<p style=\"padding-left: 60px; text-align: justify;\"><b><i>Droit de restriction :<br \/>\n<\/i><\/b>Vous avez le droit de demander \u00e0 ce que PersoClo limite l\u2019utilisation de vos donn\u00e9es personnelles dans les circonstances suivantes :<\/p>\n<p style=\"padding-left: 60px; text-align: justify;\">*si vous vous opposez au traitement de vos donn\u00e9es sur la base d\u2019un int\u00e9r\u00eat l\u00e9gitime de PersoClo:s, PersoClo limitera le traitement de ces donn\u00e9es pendant la v\u00e9rification de l\u2019int\u00e9r\u00eat l\u00e9gitime.<br \/>\n*si vous d\u00e9clarez que vos donn\u00e9es personnelles sont inexactes, PersoClo doit limiter le traitement de ces donn\u00e9es en attente de la v\u00e9rification de l\u2019exactitude des donn\u00e9es personnelles.<br \/>\n*si le traitement est ill\u00e9gal, vous pouvez vous opposer \u00e0 la suppression des donn\u00e9es personnelles et demander la limitation de l\u2019utilisation de vos donn\u00e9es personnelles<br \/>\n*si PersoClo n\u2019a plus besoin des donn\u00e9es personnelles mais que cela est n\u00e9cessaire pour la d\u00e9fense d\u2019un droit en justice.<\/p>\n<p style=\"padding-left: 60px; text-align: justify;\"><b>Comment exercer vos droits ?<br \/>\n<\/b>Nous prenons la protection des donn\u00e9es tr\u00e8s au s\u00e9rieux et disposons par cons\u00e9quent d'un service client d\u00e9di\u00e9 pour r\u00e9pondre \u00e0 vos questions concernant vos droits pr\u00e9cit\u00e9s. Vous pouvez les contacter \u00e0 l'adresse persoteam@persoclo.fr<\/p>\n<p style=\"padding-left: 60px; text-align: justify;\"><b>Responsable de la protection des donn\u00e9es :<br \/>\n<\/b>Nous avons d\u00e9sign\u00e9 un Responsable de la protection des donn\u00e9es qui veillera \u00e0 ce que vos donn\u00e9es personnelles soient syst\u00e9matiquement utilis\u00e9es de fa\u00e7on transparente, exacte et conforme \u00e0 la loi. Vous pouvez contacter notre Responsable de la protection des donn\u00e9es \u00e0 l'adresse persoteam@persoclo.fr en pr\u00e9cisant DPO en objet du message.<\/p>\n<p style=\"padding-left: 60px; text-align: justify;\"><b>Droit de r\u00e9clamation aupr\u00e8s d\u2019une autorit\u00e9 de surveillance :\u00a0<\/b><br \/>\nSi vous estimez que PersoClo utilise vos donn\u00e9es personnelles de fa\u00e7on inappropri\u00e9e, vous pouvez nous contacter. Vous avez \u00e9galement le droit de d\u00e9poser une r\u00e9clamation aupr\u00e8s de l\u2019autorit\u00e9 de surveillance.<\/p>\n<p style=\"padding-left: 60px; text-align: justify;\"><b>Mises \u00e0 jour de notre Clause de confidentialit\u00e9 :<br \/>\n<\/b>Il est possible que notre Clause de confidentialit\u00e9 ait besoin d'\u00eatre mise \u00e0 jour. La derni\u00e8re version de la Clause de confidentialit\u00e9 est toujours disponible sur notre site. Nous vous communiquerons toute modification apport\u00e9e \u00e0 la Clause de confidentialit\u00e9, notamment, par exemple, l'objectif de l'utilisation de vos donn\u00e9es personnelles, l'identit\u00e9 du Contr\u00f4leur ou vos droits.<\/p>\n\t\t\t\t<\/div>\n\t\t\t<\/div>\n\t\t<\/div>\n\t\t\t<div class=\"sow-accordion-panel\n\t\t\t\t\t\"\n\t\t\t\tdata-anchor-id=\"propriete-intellectuelle\">\n\t\t\t\t\t<div class=\"sow-accordion-panel-header-container\" role=\"heading\" aria-level=\"2\">\n\t\t\t\t\t<div class=\"sow-accordion-panel-header\" tabindex=\"0\" role=\"button\" id=\"accordion-label-propri%c3%a9t%c3%a9-intellectuelle\" aria-controls=\"accordion-content-propri%c3%a9t%c3%a9-intellectuelle\" aria-expanded=\"false\">\n\t\t\t\t\t\t<div class=\"sow-accordion-title sow-accordion-title-icon-left\">\n\t\t\t\t\t\t\t\t\t\t\t\t\t\tPropri\u00e9t\u00e9 intellectuelle\t\t\t\t\t\t\t\t\t\t\t\t\t<\/div>\n\t\t\t\t\t\t<div class=\"sow-accordion-open-close-button\">\n\t\t\t\t\t\t\t<div class=\"sow-accordion-open-button\">\n\t\t\t\t\t\t\t\t<span class=\"sow-icon-ionicons\" data-sow-icon=\"&#xf218;\"\n\t\t \n\t\taria-hidden=\"true\"><\/span>\t\t\t\t\t\t\t<\/div>\n\t\t\t\t\t\t\t<div class=\"sow-accordion-close-button\">\n\t\t\t\t\t\t\t\t<span class=\"sow-icon-ionicons\" data-sow-icon=\"&#xf209;\"\n\t\t \n\t\taria-hidden=\"true\"><\/span>\t\t\t\t\t\t\t<\/div>\n\t\t\t\t\t\t<\/div>\n\t\t\t\t\t<\/div>\n\t\t\t\t<\/div>\n\n\t\t\t<div\n\t\t\t\tclass=\"sow-accordion-panel-content\"\n\t\t\t\trole=\"region\"\n\t\t\t\taria-labelledby=\"accordion-label-propri%c3%a9t%c3%a9-intellectuelle\"\n\t\t\t\tid=\"accordion-content-propri%c3%a9t%c3%a9-intellectuelle\"\n\t\t\t\tstyle=\"display: none;\"\t\t\t>\n\t\t\t\t<div class=\"sow-accordion-panel-border\">\n\t\t\t\t\t<p class=\"font_7\" style=\"text-align: justify;\">Tous les \u00e9l\u00e9ments du site www.persoclo.fr qu'ils soient visuels ou sonores, y compris la technologie sous-jacente, sont prot\u00e9g\u00e9s par le droit d'auteur, des marques ou des brevets. Ils sont la propri\u00e9t\u00e9 exclusive de la soci\u00e9t\u00e9 PersoClo. L'utilisateur qui dispose d'un site Internet \u00e0 titre personnel et qui d\u00e9sire placer, pour un usage personnel, sur son site un lien simple renvoyant directement la page d'accueil du site Persoclo doit obligatoirement en demander l'autorisation. Il ne s'agira pas dans ce cas d'une convention implicite d'affiliation. En revanche, tout lien hypertexte renvoyant au site PersoClo et utilisant notamment la technique du framing, du deep-linking, du in-line linking ou toutes autres techniques de lien profond est en tout \u00e9tat de cause formellement interdit.<\/p>\n<p class=\"font_7\" style=\"text-align: justify;\"><span class=\"color_24\">Dans tous les cas, tout lien, m\u00eame tacitement autoris\u00e9, devra \u00eatre retir\u00e9 sur simple demande de la soci\u00e9t\u00e9 persoclo.<\/span><\/p>\n\t\t\t\t<\/div>\n\t\t\t<\/div>\n\t\t<\/div>\n\t\t<\/div>\n<\/div>\n<\/div><\/div><\/div><div id=\"pgc-3848-0-2\"  class=\"panel-grid-cell panel-grid-cell-empty\" ><\/div><\/div><\/div>","protected":false},"excerpt":{"rendered":"<p>Paiement S\u00e9curis\u00e9 Afin d&#8217;assurer la s\u00e9curit\u00e9 des paiements, le site www.persoclo.fr\u00a0utilise le service de paiement s\u00e9curis\u00e9 Payplug de google et paypal. Ces services int\u00e8grent la norme de s\u00e9curit\u00e9 SSL. Les [&hellip;]<\/p>\n","protected":false},"author":91,"featured_media":0,"parent":745,"menu_order":0,"comment_status":"closed","ping_status":"closed","template":"template-full-width.php","meta":{"footnotes":""},"class_list":["post-3848","page","type-page","status-publish","hentry"],"translation":{"provider":"WPGlobus","version":"3.0.2","language":"en","enabled_languages":["fr","en"],"languages":{"fr":{"title":true,"content":true,"excerpt":false},"en":{"title":true,"content":false,"excerpt":false}}},"aioseo_notices":[],"_links":{"self":[{"href":"https:\/\/persoclo.fr\/en\/wp-json\/wp\/v2\/pages\/3848","targetHints":{"allow":["GET"]}}],"collection":[{"href":"https:\/\/persoclo.fr\/en\/wp-json\/wp\/v2\/pages"}],"about":[{"href":"https:\/\/persoclo.fr\/en\/wp-json\/wp\/v2\/types\/page"}],"author":[{"embeddable":true,"href":"https:\/\/persoclo.fr\/en\/wp-json\/wp\/v2\/users\/91"}],"replies":[{"embeddable":true,"href":"https:\/\/persoclo.fr\/en\/wp-json\/wp\/v2\/comments?post=3848"}],"version-history":[{"count":17,"href":"https:\/\/persoclo.fr\/en\/wp-json\/wp\/v2\/pages\/3848\/revisions"}],"predecessor-version":[{"id":5854,"href":"https:\/\/persoclo.fr\/en\/wp-json\/wp\/v2\/pages\/3848\/revisions\/5854"}],"up":[{"embeddable":true,"href":"https:\/\/persoclo.fr\/en\/wp-json\/wp\/v2\/pages\/745"}],"wp:attachment":[{"href":"https:\/\/persoclo.fr\/en\/wp-json\/wp\/v2\/media?parent=3848"}],"curies":[{"name":"wp","href":"https:\/\/api.w.org\/{rel}","templated":true}]}}