{"id":3105,"date":"2016-10-25T02:27:07","date_gmt":"2016-10-25T01:27:07","guid":{"rendered":"http:\/\/persoclo.fr\/?page_id=3105"},"modified":"2016-10-25T02:33:23","modified_gmt":"2016-10-25T01:33:23","slug":"astuces-maisondeco","status":"publish","type":"page","link":"https:\/\/persoclo.fr\/en\/astuces\/astuces-maisondeco\/","title":{"rendered":"Astuces Maison\/D\u00e9co"},"content":{"rendered":"<div id=\"pl-3105\"  class=\"panel-layout\" ><div id=\"pg-3105-0\"  class=\"panel-grid panel-no-style\" ><div id=\"pgc-3105-0-0\"  class=\"panel-grid-cell\" ><div id=\"panel-3105-0-0-0\" class=\"so-panel widget widget_sow-editor panel-first-child panel-last-child\" data-index=\"0\" ><div\n\t\t\t\n\t\t\tclass=\"so-widget-sow-editor so-widget-sow-editor-base\"\n\t\t\t\n\t\t>\n<div class=\"siteorigin-widget-tinymce textwidget\">\n\t<p style=\"text-align: center;\"><strong>Id\u00e9es pour la maison<\/strong><\/p>\n<\/div>\n<\/div><\/div><\/div><\/div><div id=\"pg-3105-1\"  class=\"panel-grid panel-no-style\" ><div id=\"pgc-3105-1-0\"  class=\"panel-grid-cell\" ><div id=\"panel-3105-1-0-0\" class=\"so-panel widget widget_text panel-first-child panel-last-child\" data-index=\"1\" >\t\t\t<div class=\"textwidget\">    <div data-options='{&quot;id&quot;:&quot;3108&quot;,&quot;lazy_load&quot;:&quot;no&quot;,&quot;masonry_enable&quot;:&quot;no&quot;,&quot;view_type&quot;:&quot;grid&quot;}' id=\"post-grid-3108\" class=\"post-grid grid\">\n    \n\n\n    <div class=\"grid-items\">\n      <div class=\"item item-5364 skin flat even 0 \">\n        <div class=\"layer-wrapper layout-21464\">\n          <div class=\"layer-media \"\r\n        id=\"\">\r\n        <div\r\n        class=\"element element_1  element-media \">\r\n        <img loading=\"lazy\" decoding=\"async\" width=\"900\" height=\"897\" src=\"https:\/\/persoclo.fr\/wp-content\/uploads\/2018\/10\/18893217_1374509155965220_7409207763320648794_n.jpg\" class=\"attachment-large size-large wp-post-image\" alt=\"\" \/>    <\/div>\r\n    <\/div>\r\n    <div class=\"layer-content element_3\"\r\n        id=\"\">\r\n        <div class=\"element element_4  title \">\r\n                    <a target=\"\"\r\n                href=\"https:\/\/persoclo.fr\/en\/kokedama-pour-tous\/\">Kok\u00e9dama pour tous<\/a>\r\n            <\/div>\r\n    <div class=\"element element_5  excerpt \">\r\n        Tuto :Graphiques, ludiques, \u00e9colos et vivantes, ces compositions ont tout pour s\u00e9duire, jusqu&rsquo;aux jardiniers les moins dou\u00e9s. Qu\u2019est-ce que le            <\/div>\r\n            <a class=\"element element_6  read_more \"\r\n            target=\"_parent\"\r\n            href=\"https:\/\/persoclo.fr\/en\/kokedama-pour-tous\/\">Lire la suite<\/a>\r\n        <div\r\n        class=\"element element_7  share_button \">\r\n        \r\n\t\t<span class=\"fb\">\r\n\t\t\t<a target=\"\" href=\"https:\/\/www.facebook.com\/sharer\/sharer.php?u=https:\/\/persoclo.fr\/en\/kokedama-pour-tous\/\"><i class=\"fab fa-facebook-square\"><\/i><\/a>\r\n\t\t<\/span>\r\n\t\t<span class=\"twitter\">\r\n\t\t\t<a target=\"\" href=\"https:\/\/twitter.com\/intent\/tweet?url=https:\/\/persoclo.fr\/en\/kokedama-pour-tous\/&amp;text=Kok\u00e9dama pour tous\"><i class=\"fab fa-twitter-square\"><\/i><\/a>\r\n\t\t<\/span>    <\/div>\r\n    <\/div>\r\n    <\/div>\n  <\/div><div class=\"item item-4038 skin flat odd 1 \">\n        <div class=\"layer-wrapper layout-21464\">\n          <div class=\"layer-media \"\r\n        id=\"\">\r\n        <div\r\n        class=\"element element_1  element-media \">\r\n        <img loading=\"lazy\" decoding=\"async\" width=\"900\" height=\"506\" src=\"https:\/\/persoclo.fr\/wp-content\/uploads\/2017\/05\/cuir.jpg\" class=\"attachment-large size-large wp-post-image\" alt=\"\" \/>    <\/div>\r\n    <\/div>\r\n    <div class=\"layer-content element_3\"\r\n        id=\"\">\r\n        <div class=\"element element_4  title \">\r\n                    <a target=\"\"\r\n                href=\"https:\/\/persoclo.fr\/en\/4-astuces-de-grand-mere-pour-nettoyer-le-cuir\/\">4 astuces de grand-m\u00e8re pour nettoyer le cuir<\/a>\r\n            <\/div>\r\n    <div class=\"element element_5  excerpt \">\r\n        Pas besoin de d\u00e9penser des fortunes en baume et autres produits d\u00e9tachants. La long\u00e9vit\u00e9 du cuir d\u00e9pend essentiellement de son            <\/div>\r\n            <a class=\"element element_6  read_more \"\r\n            target=\"_parent\"\r\n            href=\"https:\/\/persoclo.fr\/en\/4-astuces-de-grand-mere-pour-nettoyer-le-cuir\/\">Lire la suite<\/a>\r\n        <div\r\n        class=\"element element_7  share_button \">\r\n        \r\n\t\t<span class=\"fb\">\r\n\t\t\t<a target=\"\" href=\"https:\/\/www.facebook.com\/sharer\/sharer.php?u=https:\/\/persoclo.fr\/en\/4-astuces-de-grand-mere-pour-nettoyer-le-cuir\/\"><i class=\"fab fa-facebook-square\"><\/i><\/a>\r\n\t\t<\/span>\r\n\t\t<span class=\"twitter\">\r\n\t\t\t<a target=\"\" href=\"https:\/\/twitter.com\/intent\/tweet?url=https:\/\/persoclo.fr\/en\/4-astuces-de-grand-mere-pour-nettoyer-le-cuir\/&amp;text=4 astuces de grand-m\u00e8re pour nettoyer le cuir\"><i class=\"fab fa-twitter-square\"><\/i><\/a>\r\n\t\t<\/span>    <\/div>\r\n    <\/div>\r\n    <\/div>\n  <\/div><div class=\"item item-3449 skin flat even 2 \">\n        <div class=\"layer-wrapper layout-21464\">\n          <div class=\"layer-media \"\r\n        id=\"\">\r\n        <div\r\n        class=\"element element_1  element-media \">\r\n        <img loading=\"lazy\" decoding=\"async\" width=\"694\" height=\"625\" src=\"https:\/\/persoclo.fr\/wp-content\/uploads\/2016\/12\/Captureu.png\" class=\"attachment-large size-large wp-post-image\" alt=\"\" \/>    <\/div>\r\n    <\/div>\r\n    <div class=\"layer-content element_3\"\r\n        id=\"\">\r\n        <div class=\"element element_4  title \">\r\n                    <a target=\"\"\r\n                href=\"https:\/\/persoclo.fr\/en\/mini-table-basse-avec-4-cintres\/\">Mini table basse avec 4 cintres<\/a>\r\n            <\/div>\r\n    <div class=\"element element_5  excerpt \">\r\n        Tuto : https:\/\/www.youtube.com\/watch?v=aPn-IL_JZJs 998855 \u00a0asde123            <\/div>\r\n            <a class=\"element element_6  read_more \"\r\n            target=\"_parent\"\r\n            href=\"https:\/\/persoclo.fr\/en\/mini-table-basse-avec-4-cintres\/\">Lire la suite<\/a>\r\n        <div\r\n        class=\"element element_7  share_button \">\r\n        \r\n\t\t<span class=\"fb\">\r\n\t\t\t<a target=\"\" href=\"https:\/\/www.facebook.com\/sharer\/sharer.php?u=https:\/\/persoclo.fr\/en\/mini-table-basse-avec-4-cintres\/\"><i class=\"fab fa-facebook-square\"><\/i><\/a>\r\n\t\t<\/span>\r\n\t\t<span class=\"twitter\">\r\n\t\t\t<a target=\"\" href=\"https:\/\/twitter.com\/intent\/tweet?url=https:\/\/persoclo.fr\/en\/mini-table-basse-avec-4-cintres\/&amp;text=Mini table basse avec 4 cintres\"><i class=\"fab fa-twitter-square\"><\/i><\/a>\r\n\t\t<\/span>    <\/div>\r\n    <\/div>\r\n    <\/div>\n  <\/div><div class=\"item item-3402 skin flat odd 3 \">\n        <div class=\"layer-wrapper layout-21464\">\n          <div class=\"layer-media \"\r\n        id=\"\">\r\n        <div\r\n        class=\"element element_1  element-media \">\r\n        <img loading=\"lazy\" decoding=\"async\" width=\"777\" height=\"800\" src=\"https:\/\/persoclo.fr\/wp-content\/uploads\/2016\/11\/7ae06cfcd24c1f491544b4283abb8153-777x800.png\" class=\"attachment-large size-large wp-post-image\" alt=\"\" \/>    <\/div>\r\n    <\/div>\r\n    <div class=\"layer-content element_3\"\r\n        id=\"\">\r\n        <div class=\"element element_4  title \">\r\n                    <a target=\"\"\r\n                href=\"https:\/\/persoclo.fr\/en\/recycler-le-plastique-en-5-minutes\/\">Recycler le plastique en 5 minutes<\/a>\r\n            <\/div>\r\n    <div class=\"element element_5  excerpt \">\r\n        Tuto :On les jette tous plut\u00f4t que de les mettre dans le four. 3 minutes \u00e0 165\u00b0C et ces petites            <\/div>\r\n            <a class=\"element element_6  read_more \"\r\n            target=\"_parent\"\r\n            href=\"https:\/\/persoclo.fr\/en\/recycler-le-plastique-en-5-minutes\/\">Lire la suite<\/a>\r\n        <div\r\n        class=\"element element_7  share_button \">\r\n        \r\n\t\t<span class=\"fb\">\r\n\t\t\t<a target=\"\" href=\"https:\/\/www.facebook.com\/sharer\/sharer.php?u=https:\/\/persoclo.fr\/en\/recycler-le-plastique-en-5-minutes\/\"><i class=\"fab fa-facebook-square\"><\/i><\/a>\r\n\t\t<\/span>\r\n\t\t<span class=\"twitter\">\r\n\t\t\t<a target=\"\" href=\"https:\/\/twitter.com\/intent\/tweet?url=https:\/\/persoclo.fr\/en\/recycler-le-plastique-en-5-minutes\/&amp;text=Recycler le plastique en 5 minutes\"><i class=\"fab fa-twitter-square\"><\/i><\/a>\r\n\t\t<\/span>    <\/div>\r\n    <\/div>\r\n    <\/div>\n  <\/div><div class=\"item item-3071 skin flat even 4 \">\n        <div class=\"layer-wrapper layout-21464\">\n          <div class=\"layer-media \"\r\n        id=\"\">\r\n        <div\r\n        class=\"element element_1  element-media \">\r\n        <img loading=\"lazy\" decoding=\"async\" width=\"600\" height=\"376\" src=\"https:\/\/persoclo.fr\/wp-content\/uploads\/2016\/10\/1412788104_0.jpg\" class=\"attachment-large size-large wp-post-image\" alt=\"\" \/>    <\/div>\r\n    <\/div>\r\n    <div class=\"layer-content element_3\"\r\n        id=\"\">\r\n        <div class=\"element element_4  title \">\r\n                    <a target=\"\"\r\n                href=\"https:\/\/persoclo.fr\/en\/fabriquer-des-lanternes-dhalloween\/\">Fabriquer des lanternes d'Halloween<\/a>\r\n            <\/div>\r\n    <div class=\"element element_5  excerpt \">\r\n        Voici une id\u00e9e sympa pour fabriquer vous-m\u00eame vos lanternes d'Halloween: Mat\u00e9riel n\u00e9cessaire : 998855 Bocaux de conserve \u2013 Marqueur noir            <\/div>\r\n            <a class=\"element element_6  read_more \"\r\n            target=\"_parent\"\r\n            href=\"https:\/\/persoclo.fr\/en\/fabriquer-des-lanternes-dhalloween\/\">Lire la suite<\/a>\r\n        <div\r\n        class=\"element element_7  share_button \">\r\n        \r\n\t\t<span class=\"fb\">\r\n\t\t\t<a target=\"\" href=\"https:\/\/www.facebook.com\/sharer\/sharer.php?u=https:\/\/persoclo.fr\/en\/fabriquer-des-lanternes-dhalloween\/\"><i class=\"fab fa-facebook-square\"><\/i><\/a>\r\n\t\t<\/span>\r\n\t\t<span class=\"twitter\">\r\n\t\t\t<a target=\"\" href=\"https:\/\/twitter.com\/intent\/tweet?url=https:\/\/persoclo.fr\/en\/fabriquer-des-lanternes-dhalloween\/&amp;text=Fabriquer des lanternes d&#8217;Halloween\"><i class=\"fab fa-twitter-square\"><\/i><\/a>\r\n\t\t<\/span>    <\/div>\r\n    <\/div>\r\n    <\/div>\n  <\/div><div class=\"item item-2874 skin flat odd 5 \">\n        <div class=\"layer-wrapper layout-21464\">\n          <div class=\"layer-media \"\r\n        id=\"\">\r\n        <div\r\n        class=\"element element_1  element-media \">\r\n        <img loading=\"lazy\" decoding=\"async\" width=\"900\" height=\"339\" src=\"https:\/\/persoclo.fr\/wp-content\/uploads\/2016\/10\/chevet-table-chevet-table-nuit-chevet-beton.jpg\" class=\"attachment-large size-large wp-post-image\" alt=\"\" \/>    <\/div>\r\n    <\/div>\r\n    <div class=\"layer-content element_3\"\r\n        id=\"\">\r\n        <div class=\"element element_4  title \">\r\n                    <a target=\"\"\r\n                href=\"https:\/\/persoclo.fr\/en\/5-idees-pour-changer-sa-table-de-chevet\/\">5 id\u00e9es pour changer sa table de chevet<\/a>\r\n            <\/div>\r\n    <div class=\"element element_5  excerpt \">\r\n        Oubliez les tables de nuit \u00e0 l'ancienne ou les chevets hors de prix : pour quelques euros, on vous montre            <\/div>\r\n            <a class=\"element element_6  read_more \"\r\n            target=\"_parent\"\r\n            href=\"https:\/\/persoclo.fr\/en\/5-idees-pour-changer-sa-table-de-chevet\/\">Lire la suite<\/a>\r\n        <div\r\n        class=\"element element_7  share_button \">\r\n        \r\n\t\t<span class=\"fb\">\r\n\t\t\t<a target=\"\" href=\"https:\/\/www.facebook.com\/sharer\/sharer.php?u=https:\/\/persoclo.fr\/en\/5-idees-pour-changer-sa-table-de-chevet\/\"><i class=\"fab fa-facebook-square\"><\/i><\/a>\r\n\t\t<\/span>\r\n\t\t<span class=\"twitter\">\r\n\t\t\t<a target=\"\" href=\"https:\/\/twitter.com\/intent\/tweet?url=https:\/\/persoclo.fr\/en\/5-idees-pour-changer-sa-table-de-chevet\/&amp;text=5 id\u00e9es pour changer sa table de chevet\"><i class=\"fab fa-twitter-square\"><\/i><\/a>\r\n\t\t<\/span>    <\/div>\r\n    <\/div>\r\n    <\/div>\n  <\/div><div class=\"item item-2789 skin flat even 6 \">\n        <div class=\"layer-wrapper layout-21464\">\n          <div class=\"layer-media \"\r\n        id=\"\">\r\n        <div\r\n        class=\"element element_1  element-media \">\r\n        <img loading=\"lazy\" decoding=\"async\" width=\"266\" height=\"400\" src=\"https:\/\/persoclo.fr\/wp-content\/uploads\/2016\/09\/vh.jpg\" class=\"attachment-large size-large wp-post-image\" alt=\"\" \/>    <\/div>\r\n    <\/div>\r\n    <div class=\"layer-content element_3\"\r\n        id=\"\">\r\n        <div class=\"element element_4  title \">\r\n                    <a target=\"\"\r\n                href=\"https:\/\/persoclo.fr\/en\/realiser-un-magnifique-luminaire\/\">R\u00e9aliser un magnifique luminaire<\/a>\r\n            <\/div>\r\n    <div class=\"element element_5  excerpt \">\r\n        Des bouteilles et des cuill\u00e8res en plastique pour r\u00e9aliser un magnifique luminaire. asde123            <\/div>\r\n            <a class=\"element element_6  read_more \"\r\n            target=\"_parent\"\r\n            href=\"https:\/\/persoclo.fr\/en\/realiser-un-magnifique-luminaire\/\">Lire la suite<\/a>\r\n        <div\r\n        class=\"element element_7  share_button \">\r\n        \r\n\t\t<span class=\"fb\">\r\n\t\t\t<a target=\"\" href=\"https:\/\/www.facebook.com\/sharer\/sharer.php?u=https:\/\/persoclo.fr\/en\/realiser-un-magnifique-luminaire\/\"><i class=\"fab fa-facebook-square\"><\/i><\/a>\r\n\t\t<\/span>\r\n\t\t<span class=\"twitter\">\r\n\t\t\t<a target=\"\" href=\"https:\/\/twitter.com\/intent\/tweet?url=https:\/\/persoclo.fr\/en\/realiser-un-magnifique-luminaire\/&amp;text=R\u00e9aliser un magnifique luminaire\"><i class=\"fab fa-twitter-square\"><\/i><\/a>\r\n\t\t<\/span>    <\/div>\r\n    <\/div>\r\n    <\/div>\n  <\/div><div class=\"item item-2781 skin flat odd 7 \">\n        <div class=\"layer-wrapper layout-21464\">\n          <div class=\"layer-media \"\r\n        id=\"\">\r\n        <div\r\n        class=\"element element_1  element-media \">\r\n        <img loading=\"lazy\" decoding=\"async\" width=\"800\" height=\"331\" src=\"https:\/\/persoclo.fr\/wp-content\/uploads\/2016\/09\/astuces-deco-5.jpg\" class=\"attachment-large size-large wp-post-image\" alt=\"\" \/>    <\/div>\r\n    <\/div>\r\n    <div class=\"layer-content element_3\"\r\n        id=\"\">\r\n        <div class=\"element element_4  title \">\r\n                    <a target=\"\"\r\n                href=\"https:\/\/persoclo.fr\/en\/transformer-des-palettes-en-table\/\">Transformer des palettes en table<\/a>\r\n            <\/div>\r\n    <div class=\"element element_5  excerpt \">\r\n        R\u00e9aliser une table basse ou un salon de jardin avec du bois de palettes. asde123            <\/div>\r\n            <a class=\"element element_6  read_more \"\r\n            target=\"_parent\"\r\n            href=\"https:\/\/persoclo.fr\/en\/transformer-des-palettes-en-table\/\">Lire la suite<\/a>\r\n        <div\r\n        class=\"element element_7  share_button \">\r\n        \r\n\t\t<span class=\"fb\">\r\n\t\t\t<a target=\"\" href=\"https:\/\/www.facebook.com\/sharer\/sharer.php?u=https:\/\/persoclo.fr\/en\/transformer-des-palettes-en-table\/\"><i class=\"fab fa-facebook-square\"><\/i><\/a>\r\n\t\t<\/span>\r\n\t\t<span class=\"twitter\">\r\n\t\t\t<a target=\"\" href=\"https:\/\/twitter.com\/intent\/tweet?url=https:\/\/persoclo.fr\/en\/transformer-des-palettes-en-table\/&amp;text=Transformer des palettes en table\"><i class=\"fab fa-twitter-square\"><\/i><\/a>\r\n\t\t<\/span>    <\/div>\r\n    <\/div>\r\n    <\/div>\n  <\/div><div class=\"item item-2749 skin flat even 8 \">\n        <div class=\"layer-wrapper layout-21464\">\n          <div class=\"layer-media \"\r\n        id=\"\">\r\n        <div\r\n        class=\"element element_1  element-media \">\r\n        <img loading=\"lazy\" decoding=\"async\" width=\"400\" height=\"275\" src=\"https:\/\/persoclo.fr\/wp-content\/uploads\/2016\/09\/travaux.jpg\" class=\"attachment-large size-large wp-post-image\" alt=\"\" \/>    <\/div>\r\n    <\/div>\r\n    <div class=\"layer-content element_3\"\r\n        id=\"\">\r\n        <div class=\"element element_4  title \">\r\n                    <a target=\"\"\r\n                href=\"https:\/\/persoclo.fr\/en\/des-travaux-tout-en-proprete\/\">Des travaux tout en propret\u00e9<\/a>\r\n            <\/div>\r\n    <div class=\"element element_5  excerpt \">\r\n        Vous pensiez que faire vos travaux sans faire beaucoup de poussi\u00e8re \u00e9tait mission impossible ? Eh bien d\u00e9trompez vous !            <\/div>\r\n            <a class=\"element element_6  read_more \"\r\n            target=\"_parent\"\r\n            href=\"https:\/\/persoclo.fr\/en\/des-travaux-tout-en-proprete\/\">Lire la suite<\/a>\r\n        <div\r\n        class=\"element element_7  share_button \">\r\n        \r\n\t\t<span class=\"fb\">\r\n\t\t\t<a target=\"\" href=\"https:\/\/www.facebook.com\/sharer\/sharer.php?u=https:\/\/persoclo.fr\/en\/des-travaux-tout-en-proprete\/\"><i class=\"fab fa-facebook-square\"><\/i><\/a>\r\n\t\t<\/span>\r\n\t\t<span class=\"twitter\">\r\n\t\t\t<a target=\"\" href=\"https:\/\/twitter.com\/intent\/tweet?url=https:\/\/persoclo.fr\/en\/des-travaux-tout-en-proprete\/&amp;text=Des travaux tout en propret\u00e9\"><i class=\"fab fa-twitter-square\"><\/i><\/a>\r\n\t\t<\/span>    <\/div>\r\n    <\/div>\r\n    <\/div>\n  <\/div><div class=\"item item-2684 skin flat odd 9 \">\n        <div class=\"layer-wrapper layout-21464\">\n          <div class=\"layer-media \"\r\n        id=\"\">\r\n        <div\r\n        class=\"element element_1  element-media \">\r\n        <img loading=\"lazy\" decoding=\"async\" width=\"400\" height=\"266\" src=\"https:\/\/persoclo.fr\/wp-content\/uploads\/2016\/09\/1825692-20-astuces-qui-vont-faciliter-votre-quotidien.jpg\" class=\"attachment-large size-large wp-post-image\" alt=\"\" \/>    <\/div>\r\n    <\/div>\r\n    <div class=\"layer-content element_3\"\r\n        id=\"\">\r\n        <div class=\"element element_4  title \">\r\n                    <a target=\"\"\r\n                href=\"https:\/\/persoclo.fr\/en\/personnaliser-ses-cles\/\">Personnaliser ses cl\u00e9s<\/a>\r\n            <\/div>\r\n    <div class=\"element element_5  excerpt \">\r\n        Un trousseau bien rempli donne tendance \u00e0 confondre toutes ses clefs ! Portail, maison, garage\u2026\u00e7a n\u2019en finit pas. Une id\u00e9e            <\/div>\r\n            <a class=\"element element_6  read_more \"\r\n            target=\"_parent\"\r\n            href=\"https:\/\/persoclo.fr\/en\/personnaliser-ses-cles\/\">Lire la suite<\/a>\r\n        <div\r\n        class=\"element element_7  share_button \">\r\n        \r\n\t\t<span class=\"fb\">\r\n\t\t\t<a target=\"\" href=\"https:\/\/www.facebook.com\/sharer\/sharer.php?u=https:\/\/persoclo.fr\/en\/personnaliser-ses-cles\/\"><i class=\"fab fa-facebook-square\"><\/i><\/a>\r\n\t\t<\/span>\r\n\t\t<span class=\"twitter\">\r\n\t\t\t<a target=\"\" href=\"https:\/\/twitter.com\/intent\/tweet?url=https:\/\/persoclo.fr\/en\/personnaliser-ses-cles\/&amp;text=Personnaliser ses cl\u00e9s\"><i class=\"fab fa-twitter-square\"><\/i><\/a>\r\n\t\t<\/span>    <\/div>\r\n    <\/div>\r\n    <\/div>\n  <\/div>    <\/div>\n    <div class=\"pagination\">\n      <div class=\"paginate\">\n    <span aria-label=\"Page 1\" aria-current=\"page\" class=\"page-numbers current\">1<\/span>\n<a aria-label=\"Page 2\" class=\"page-numbers\" href=\"https:\/\/persoclo.fr\/en\/wp-json\/wp\/v2\/pages\/3105\/page\/2\/\">2<\/a>\n<a class=\"next page-numbers\" href=\"https:\/\/persoclo.fr\/en\/wp-json\/wp\/v2\/pages\/3105\/page\/2\/\">Suivantt \u00bb<\/a>  <\/div>\n  <style type=\"text\/css\">\n    #post-grid-3108 .pagination .page-numbers {\n      font-size: 16px;\n      color: #fff;\n      background: #646464;\n    }\n\n    #post-grid-3108 .pagination .page-numbers:hover,\n    #post-grid-3108 .pagination .page-numbers.current {\n      background: #4b4b4b;\n    }\n  <\/style>\n  <\/div>\n        <style type=\"text\/css\">\r\n            .layout-21464 .element_0 {\r\n                            }\r\n\r\n                    <\/style>\r\n        <style type=\"text\/css\">\r\n        .layout-21464 .element_1 {\r\n            overflow: hidden;\r\n                    }\r\n\r\n        .layout-21464 .element_1 img {\r\n            max-width: 100%;\r\n            height: auto;\r\n        }\r\n\r\n        @media only screen and (min-width: 1024px) {\r\n            .layout-21464 .element_1 {\r\n                height: auto;\r\n                            }\r\n        }\r\n\r\n        @media only screen and (min-width: 768px) and (max-width: 1023px) {\r\n            .layout-21464 .element_1 {\r\n                height: auto;\r\n                            }\r\n        }\r\n\r\n        @media only screen and (min-width: 0px) and (max-width: 767px) {\r\n            .layout-21464 .element_1 {\r\n                height: auto;\r\n                            }\r\n        }\r\n    <\/style>\r\n        <style type=\"text\/css\">\r\n            .layout-21464 .element_3 {\r\n                            }\r\n\r\n                    <\/style>\r\n        <style type=\"text\/css\">\r\n        .layout-21464 .element_4 {\r\n            display: block;font-size: 21px;line-height: normal;padding: 5px 10px;text-align: center;        }\r\n\r\n        .layout-21464 .element_4 a {\r\n            display: block;font-size: 21px;line-height: normal;padding: 5px 10px;text-align: center;        }\r\n    <\/style>\r\n    <style type=\"text\/css\">\r\n        .layout-21464 .element_5 {\r\n            display: block;font-size: 12px;padding: 5px 10px;text-align: center;        }\r\n\r\n        .layout-21464 .element_5 a {\r\n                    }\r\n    <\/style>\r\n    <style type=\"text\/css\">\r\n        .layout-21464 .element_6 {\r\n            font-size:12px;display:block;padding:10px;        }\r\n\r\n        .layout-21464 .element_6 a {\r\n                    }\r\n    <\/style>\r\n    <style type=\"text\/css\">\r\n        .layout-21464 .element_7 {\r\n            border: 1px solid rgb(68, 73, 85);border-radius: 4px;color: rgb(68, 73, 85);display: inline-block;font-size: 12px;font-weight: bold;margin: 5px 0;padding: 5px 22px;text-align: center;text-decoration: none;        }\r\n\r\n        .layout-21464 .element_7 a {\r\n                    }\r\n\r\n            <\/style>\r\n      <style type=\"text\/css\">\n      \/*Write your CSS code here*\/    <\/style>\n        <style type=\"text\/css\">\n      .layout-21464 a{text-decoration:none}\r\n.layout-21464 {\r\n  vertical-align: top;\r\n}\r\n.layout-21464 .layer-media{}\r\n.layout-21464 .layer-content {\r\n}    <\/style>\n    <script>\n          \/*Write your js code here*\/          <\/script>\n    <style type=\"text\/css\">\n    #post-grid-3108 {\n      padding: 10px;\n      background-color: #fff;\n          }\n\n    #post-grid-3108 .item {\n      padding: 0px;\n      background: #fff;\n          }\n\n    #post-grid-3108 .item .layer-media {\n      height:auto;    }\n\n    @media only screen and (min-width: 0px) and (max-width: 767px) {\n      #post-grid-3108 .grid-items {\n        text-align: center;\n              }\n\n      #post-grid-3108 .item {\n        width: 90%;\n        margin: 10px;\n        display: inline-block;\n        vertical-align: top;\n        height:auto;      }\n    }\n\n    @media only screen and (min-width: 768px) and (max-width: 1023px) {\n      #post-grid-3108 .grid-items {\n        text-align: center;\n              }\n\n      #post-grid-3108 .item {\n        width: 280px;\n        margin: 10px;\n        display: inline-block;\n        vertical-align: top;\n        max-height:auto;      }\n    }\n\n    @media only screen and (min-width: 1024px) {\n      #post-grid-3108 .grid-items {\n        text-align: center;\n              }\n\n      #post-grid-3108 .item {\n        width: 280px;\n        display: inline-block;\n        margin: 10px;\n        vertical-align: top;\n        height:auto;      }\n    }\n\n      <\/style>\n  <\/div>\n<\/div>\n\t\t<\/div><\/div><\/div><\/div>","protected":false},"excerpt":{"rendered":"<p>Id\u00e9es pour la maison<\/p>\n","protected":false},"author":91,"featured_media":0,"parent":3018,"menu_order":0,"comment_status":"closed","ping_status":"closed","template":"template-full-width.php","meta":{"footnotes":""},"class_list":["post-3105","page","type-page","status-publish","hentry"],"translation":{"provider":"WPGlobus","version":"3.0.2","language":"en","enabled_languages":["fr","en"],"languages":{"fr":{"title":true,"content":true,"excerpt":false},"en":{"title":false,"content":false,"excerpt":false}}},"aioseo_notices":[],"_links":{"self":[{"href":"https:\/\/persoclo.fr\/en\/wp-json\/wp\/v2\/pages\/3105","targetHints":{"allow":["GET"]}}],"collection":[{"href":"https:\/\/persoclo.fr\/en\/wp-json\/wp\/v2\/pages"}],"about":[{"href":"https:\/\/persoclo.fr\/en\/wp-json\/wp\/v2\/types\/page"}],"author":[{"embeddable":true,"href":"https:\/\/persoclo.fr\/en\/wp-json\/wp\/v2\/users\/91"}],"replies":[{"embeddable":true,"href":"https:\/\/persoclo.fr\/en\/wp-json\/wp\/v2\/comments?post=3105"}],"version-history":[{"count":2,"href":"https:\/\/persoclo.fr\/en\/wp-json\/wp\/v2\/pages\/3105\/revisions"}],"predecessor-version":[{"id":3109,"href":"https:\/\/persoclo.fr\/en\/wp-json\/wp\/v2\/pages\/3105\/revisions\/3109"}],"up":[{"embeddable":true,"href":"https:\/\/persoclo.fr\/en\/wp-json\/wp\/v2\/pages\/3018"}],"wp:attachment":[{"href":"https:\/\/persoclo.fr\/en\/wp-json\/wp\/v2\/media?parent=3105"}],"curies":[{"name":"wp","href":"https:\/\/api.w.org\/{rel}","templated":true}]}}