{"id":3078,"date":"2016-10-25T00:41:36","date_gmt":"2016-10-24T23:41:36","guid":{"rendered":"http:\/\/persoclo.fr\/?page_id=3078"},"modified":"2021-08-26T02:05:15","modified_gmt":"2021-08-26T01:05:15","slug":"reutiliser","status":"publish","type":"page","link":"https:\/\/persoclo.fr\/en\/reutiliser\/reutiliser\/","title":{"rendered":"R\u00e9utiliser"},"content":{"rendered":"<div id=\"pl-3078\"  class=\"panel-layout\" ><div id=\"pg-3078-0\"  class=\"panel-grid panel-has-style\" ><div class=\"panel-row-style panel-row-style-for-3078-0\" ><div id=\"pgc-3078-0-0\"  class=\"panel-grid-cell\" ><div id=\"panel-3078-0-0-0\" class=\"so-panel widget widget_sow-editor panel-first-child\" data-index=\"0\" ><div\n\t\t\t\n\t\t\tclass=\"so-widget-sow-editor so-widget-sow-editor-base\"\n\t\t\t\n\t\t>\n<div class=\"siteorigin-widget-tinymce textwidget\">\n\t<p style=\"text-align: center;\"><\/p>\n<p style=\"text-align: center;\">===============<\/p>\n<p style=\"text-align: center;\"><span style=\"font-size: 14pt;\">Votre garde-robes et votre grenier vous r\u00e9servent des surprises. <\/span><\/p>\n<p style=\"text-align: center;\"><span style=\"font-size: 14pt;\">Des artisans passionn\u00e9s vous proposent de transformer, de retoucher ou de r\u00e9parer tout ce que vous souhaitez.<\/span><\/p>\n<\/div>\n<\/div><\/div><div id=\"panel-3078-0-0-1\" class=\"so-panel widget widget_sow-editor panel-last-child\" data-index=\"1\" ><div\n\t\t\t\n\t\t\tclass=\"so-widget-sow-editor so-widget-sow-editor-base\"\n\t\t\t\n\t\t>\n<div class=\"siteorigin-widget-tinymce textwidget\">\n\t<p style=\"text-align: center;\"><span style=\"font-size: 14pt;\">\r\n            <style>.wpgmza_table_marker { display: none; }<\/style>\r\n            \r\n            \r\n            <a name='map10'><\/a>\r\n            <div class='wpgmza-marker-listing-category-filter' data-map-id='10' id='wpgmza_filter_10' style='text-align:left; margin-bottom:0px;'><span>Filter by<\/span><select mid=\"10\" id=\"wpgmza_filter_select\" name=\"wpgmza_filter_select\"><option value=\"0\">All<\/option><option value=\"2\">&nbsp;Chaussures<\/option><option value=\"11\">&nbsp;D\u00e9co<\/option><option value=\"4\">&nbsp;Objet<\/option><option value=\"3\">&nbsp;V\u00eatements<\/option><\/select><\/div>\r\n            \r\n            <div class=\"wpgmza-store-locator wpgmza_sl_main_div\" data-id=\"10\">\r\n\t<div class=\"wpgmza-address-container wpgmza-form-field wpgmza_sl_query_div\">\r\n\t\t<label class=\"wpgmza-address wpgmza-form-field__label wpgmza-form-field__label--float\" data-name=\"addressLabel\" for=\"addressInput_10\">Ville \/ CP:<\/label>\r\n\t\t<input class=\"wpgmza-address addressInput\" type=\"text\" placeholder=\"Enter a location\" autocomplete=\"off\" data-name=\"defaultAddress\" value=\"\" id=\"addressInput_10\" size=\"20\" aria-label=\"Ville \/ CP:\">\r\n\t<\/div>\r\n\t\r\n\t<div class=\"wpgmza-radius-container wpgmza-form-field wpgmza_sl_radius_div wpgmza-clearfix\">\r\n\t\t<label class=\"wpgmza-radius wpgmza-form-field__label wpgmza-form-field__label--float\" for=\"radiusSelect_10\">\r\n\t\t\tRadius:\t\t<\/label>\r\n\t\t<select class=\"wpgmza-radius wpgmza-form-field__input wpgmza_sl_radius_select\" id=\"radiusSelect_10\" aria-label=\"Radius:\"><option class=\"wpgmza-radius wpgmza_sl_select_option\" value=\"1\">1km<\/option><option class=\"wpgmza-radius wpgmza_sl_select_option\" value=\"5\">5km<\/option><option class=\"wpgmza-radius wpgmza_sl_select_option\" value=\"10\" selected>10km<\/option><option class=\"wpgmza-radius wpgmza_sl_select_option\" value=\"25\">25km<\/option><option class=\"wpgmza-radius wpgmza_sl_select_option\" value=\"50\">50km<\/option><option class=\"wpgmza-radius wpgmza_sl_select_option\" value=\"75\">75km<\/option><option class=\"wpgmza-radius wpgmza_sl_select_option\" value=\"100\">100km<\/option><option class=\"wpgmza-radius wpgmza_sl_select_option\" value=\"150\">150km<\/option><option class=\"wpgmza-radius wpgmza_sl_select_option\" value=\"200\">200km<\/option><option class=\"wpgmza-radius wpgmza_sl_select_option\" value=\"300\">300km<\/option><\/select>\r\n\t<\/div>\r\n\t\r\n\t<div class=\"wpgmza-search wpgmza_sl_search_button_div\"><input class=\"wpgmza-search wpgmza_sl_search_button_10\" value=\"Search\" type=\"button\" onclick=\"searchLocations(10)\" mid=\"10\"><\/div>\r\n\t\r\n\t<div class=\"wpgmza-reset wpgmza_sl_reset_button_div\">\n\t<input class=\"wpgmza-reset wpgmza_sl_reset_button_10\" type=\"button\" value=\"Reset\" mid=\"10\" onclick=\"resetLocations(10)\">\n<\/div><div class=\"wpgmza-no-results wpgmza-not-found-msg js-not-found-msg\" style=\"display: none;\">\r\n\t\t<p data-name=\"notFoundMessage\">Bient\u00f4t dans votre ville...<\/p>\r\n\t<\/div>\r\n<\/div>\r\n            \r\n            <div class=\"wpgmza_map \"  id=\"wpgmza_map_10\" style=\"display:block; overflow:auto; width:100%; height:400px; float:left;\" data-settings='{\"id\":\"10\",\"map_title\":\"Recycler\",\"map_width\":\"100\",\"map_height\":\"400\",\"map_start_lat\":\"47.417376\",\"map_start_lng\":\"2.273228\",\"map_start_location\":\"47.417376,2.273228\",\"map_start_zoom\":\"5\",\"default_marker\":\"\",\"type\":\"1\",\"alignment\":\"4\",\"directions_enabled\":\"0\",\"styling_enabled\":\"0\",\"styling_json\":\"\",\"active\":\"0\",\"kml\":\"\",\"bicycle\":\"0\",\"traffic\":\"0\",\"dbox\":\"1\",\"dbox_width\":\"500\",\"listmarkers\":\"0\",\"listmarkers_advanced\":\"0\",\"filterbycat\":\"1\",\"ugm_enabled\":\"0\",\"ugm_category_enabled\":\"0\",\"fusion\":\"\",\"map_width_type\":\"%\",\"map_height_type\":\"px\",\"mass_marker_support\":\"0\",\"ugm_access\":\"0\",\"order_markers_by\":\"2\",\"order_markers_choice\":\"1\",\"show_user_location\":\"0\",\"default_to\":\"\",\"other_settings\":{\"store_locator_enabled\":true,\"wpgmza_store_locator_restrict\":\"fr\",\"wpgmza_sl_animation\":\"1\",\"store_locator_category\":false,\"store_locator_query_string\":\"Ville \\\/ CP:\",\"store_locator_name_string\":\"Title \\\/ Description:\",\"store_locator_default_address\":\"\",\"store_locator_default_radius\":\"10\",\"store_locator_not_found_message\":\"Bient\\u00f4t dans votre ville...\",\"store_locator_style\":\"legacy\",\"wpgmza_store_locator_radius_style\":\"legacy\",\"store_locator_search_area\":\"radial\",\"directions_box_style\":\"default\",\"show_distance_from_location\":false,\"map_max_zoom\":\"3\",\"override_users_location_zoom_levels\":\"21\",\"map_min_zoom\":\"21\",\"sl_stroke_color\":\"#000000\",\"sl_stroke_opacity\":\"0.25\",\"sl_fill_color\":\"#000000\",\"sl_fill_opacity\":\"0.15\",\"jump_to_nearest_marker_on_initialization\":false,\"automatically_pan_to_users_location\":false,\"override_users_location_zoom_level\":false,\"click_open_link\":false,\"hide_point_of_interest\":false,\"fit_maps_bounds_to_markers\":false,\"fit_maps_bounds_to_markers_after_filtering\":false,\"wpgmza_auto_night\":0,\"transport_layer\":false,\"polygon_labels\":false,\"enable_marker_ratings\":false,\"iw_primary_color\":\"#ffffff\",\"iw_accent_color\":\"#000000\",\"iw_text_color\":\"#ffffff\",\"wpgmza_iw_type\":\"1\",\"list_markers_by\":\"1\",\"push_in_map\":\"\",\"push_in_map_placement\":\"9\",\"wpgmza_push_in_map_width\":\"30%\",\"wpgmza_push_in_map_height\":\"40%\",\"wpgmza_theme_data\":\"[{\\\\\\\"featureType\\\\\\\": \\\\\\\"administrative\\\\\\\",\\\\\\\"elementType\\\\\\\": \\\\\\\"labels.text.fill\\\\\\\",\\\\\\\"stylers\\\\\\\": [{\\\\\\\"color\\\\\\\": \\\\\\\"#444444\\\\\\\"}]},{\\\\\\\"featureType\\\\\\\": \\\\\\\"landscape\\\\\\\",\\\\\\\"elementType\\\\\\\": \\\\\\\"all\\\\\\\",\\\\\\\"stylers\\\\\\\": [{\\\\\\\"color\\\\\\\": \\\\\\\"#f2f2f2\\\\\\\"}]},{\\\\\\\"featureType\\\\\\\": \\\\\\\"poi\\\\\\\",\\\\\\\"elementType\\\\\\\": \\\\\\\"all\\\\\\\",\\\\\\\"stylers\\\\\\\": [{\\\\\\\"visibility\\\\\\\": \\\\\\\"off\\\\\\\"}]},{\\\\\\\"featureType\\\\\\\": \\\\\\\"road\\\\\\\",\\\\\\\"elementType\\\\\\\": \\\\\\\"all\\\\\\\",\\\\\\\"stylers\\\\\\\": [{\\\\\\\"saturation\\\\\\\": -100},{\\\\\\\"lightness\\\\\\\": 45}]},{\\\\\\\"featureType\\\\\\\": \\\\\\\"road.highway\\\\\\\",\\\\\\\"elementType\\\\\\\": \\\\\\\"all\\\\\\\",\\\\\\\"stylers\\\\\\\": [{\\\\\\\"visibility\\\\\\\": \\\\\\\"simplified\\\\\\\"}]},{\\\\\\\"featureType\\\\\\\": \\\\\\\"road.arterial\\\\\\\",\\\\\\\"elementType\\\\\\\": \\\\\\\"labels.icon\\\\\\\",\\\\\\\"stylers\\\\\\\": [{\\\\\\\"visibility\\\\\\\": \\\\\\\"off\\\\\\\"}]},{\\\\\\\"featureType\\\\\\\": \\\\\\\"transit\\\\\\\",\\\\\\\"elementType\\\\\\\": \\\\\\\"all\\\\\\\",\\\\\\\"stylers\\\\\\\": [{\\\\\\\"visibility\\\\\\\": \\\\\\\"off\\\\\\\"}]},{\\\\\\\"featureType\\\\\\\": \\\\\\\"water\\\\\\\",\\\\\\\"elementType\\\\\\\": \\\\\\\"all\\\\\\\",\\\\\\\"stylers\\\\\\\": [{\\\\\\\"color\\\\\\\": \\\\\\\"#46bcec\\\\\\\"},{\\\\\\\"visibility\\\\\\\": \\\\\\\"on\\\\\\\"}]}]\",\"upload_default_ul_marker\":\"\",\"upload_default_sl_marker\":\"\",\"store_locator_auto_area_max_zoom\":\"19\",\"wpgmza_dbox_width_type\":\"px\",\"default_from\":\"\",\"directions_behaviour\":\"default\",\"force_google_directions_app\":false,\"directions_route_origin_icon\":\"https:\\\/\\\/persoclo.fr\\\/wp-content\\\/plugins\\\/wp-google-maps\\\/images\\\/spotlight-poi2.png\",\"retina\":false,\"directions_route_destination_icon\":\"https:\\\/\\\/persoclo.fr\\\/wp-content\\\/plugins\\\/wp-google-maps\\\/images\\\/spotlight-poi2.png\",\"directions_route_stroke_color\":\"#4f8df5\",\"directions_route_stroke_weight\":\"4\",\"directions_route_stroke_opacity\":\"0.8\",\"enable_advanced_custom_fields_integration\":false,\"enable_toolset_woocommerce_integration\":false,\"shortcodeAttributes\":{\"id\":\"10\"},\"action\":\"wpgmza_save_map\",\"redirect_to\":\"\\\/wp-admin\\\/admin-post.php\",\"map_id\":\"10\",\"http_referer\":\"\\\/wp-admin\\\/admin.php?page=wp-google-maps-menu&amp;amp;action=edit&amp;amp;map_id=10\",\"wpgmza_id\":\"10\",\"wpgmza_start_location\":\"47.417376,2.273228\",\"wpgmza_start_zoom\":\"5\",\"directions_origin_retina\":false,\"directions_destination_retina\":false,\"directions_fit_bounds_to_route\":false,\"wpgmza_store_locator_default_radius\":\"10\",\"store_locator_distance\":false,\"wpgmza_store_locator_position\":false,\"store_locator_show_distance\":false,\"wpgmza_store_locator_use_their_location\":false,\"wpgmza_store_locator_bounce\":false,\"upload_default_sl_marker_retina\":false,\"wpgmza_store_locator_hide_before_search\":true,\"store_locator_name_search\":false,\"wpgmza_map_align\":\"1\",\"upload_default_ul_marker_retina\":false,\"wpgmza_zoom_on_marker_click\":false,\"wpgmza_zoom_on_marker_click_slider\":\"\",\"close_infowindow_on_map_click\":true,\"disable_lightbox_images\":false,\"use_Raw_Jpeg_Coordinates\":false,\"disable_polygon_info_windows\":false,\"only_load_markers_within_viewport\":false,\"wpgmza_listmarkers_by\":\"1\",\"wpgmza_marker_listing_position\":false,\"wpgmza_push_in_map\":false,\"wpgmza_push_in_map_placement\":\"1\",\"zoom_level_on_marker_listing_override\":false,\"zoom_level_on_marker_listing_click\":\"\",\"datatable_no_result_message\":\"\",\"remove_search_box_datables\":false,\"dataTable_pagination_style\":\"page-number-buttons-only\",\"datatable_search_string\":\"\",\"datatable_result_start\":\"\",\"datatable_result_of\":\"\",\"datatable_result_to\":\"\",\"datatable_result_total\":\"\",\"datatable_result_show\":\"\",\"datatable_result_entries\":\"\",\"wpgmza_savemap\":\"Enregistrer la carte \\u00bb\"}}' data-map-id='10' data-shortcode-attributes='{\"id\":\"10\"}'> <\/div>\r\n            \r\n            <div data-wpgmza-table data-wpgmza-php-class=\"WPGMZA\\MarkerListing\\BasicTable\" data-wpgmza-rest-api-route=\"\/marker-listing\/\" data-wpgmza-marker-listing=\"true\" class=\"wpgmza_marker_list_class\" style=\"width:100%;\" data-wpgmza-ajax-parameters='{\"map_id\":\"10\"}' id=\"wpgmza_marker_list_10\"><\/div>   \r\n        <\/span><\/p>\n<p style=\"text-align: center;\"><span style=\"font-size: 14pt;\">===============<\/span><\/p>\n<\/div>\n<\/div><\/div><\/div><\/div><\/div><div id=\"pg-3078-1\"  class=\"panel-grid panel-has-style\" ><div class=\"panel-row-style panel-row-style-for-3078-1\" ><div id=\"pgc-3078-1-0\"  class=\"panel-grid-cell\" ><div id=\"panel-3078-1-0-0\" class=\"so-panel widget widget_sow-accordion panel-first-child panel-last-child\" data-index=\"2\" ><div\n\t\t\t\n\t\t\tclass=\"so-widget-sow-accordion so-widget-sow-accordion-default-888cba824b63-3078\"\n\t\t\t\n\t\t><div>\n\t<div class=\"sow-accordion\">\n\t\t\t<div class=\"sow-accordion-panel\n\t\t\t\t\t\"\n\t\t\t\tdata-anchor-id=\"parcourir-la-gallerie\">\n\t\t\t\t\t<div class=\"sow-accordion-panel-header-container\" role=\"heading\" aria-level=\"2\">\n\t\t\t\t\t<div class=\"sow-accordion-panel-header\" tabindex=\"0\" role=\"button\" id=\"accordion-label-parcourir-la-gallerie\" aria-controls=\"accordion-content-parcourir-la-gallerie\" aria-expanded=\"false\">\n\t\t\t\t\t\t<div class=\"sow-accordion-title sow-accordion-title-icon-left\">\n\t\t\t\t\t\t\t\t\t\t\t\t\t\tParcourir la gallerie\t\t\t\t\t\t\t\t\t\t\t\t\t<\/div>\n\t\t\t\t\t\t<div class=\"sow-accordion-open-close-button\">\n\t\t\t\t\t\t\t<div class=\"sow-accordion-open-button\">\n\t\t\t\t\t\t\t\t<span class=\"sow-icon-ionicons\" data-sow-icon=\"&#xf218;\"\n\t\t \n\t\taria-hidden=\"true\"><\/span>\t\t\t\t\t\t\t<\/div>\n\t\t\t\t\t\t\t<div class=\"sow-accordion-close-button\">\n\t\t\t\t\t\t\t\t<span class=\"sow-icon-ionicons\" data-sow-icon=\"&#xf209;\"\n\t\t \n\t\taria-hidden=\"true\"><\/span>\t\t\t\t\t\t\t<\/div>\n\t\t\t\t\t\t<\/div>\n\t\t\t\t\t<\/div>\n\t\t\t\t<\/div>\n\n\t\t\t<div\n\t\t\t\tclass=\"sow-accordion-panel-content\"\n\t\t\t\trole=\"region\"\n\t\t\t\taria-labelledby=\"accordion-label-parcourir-la-gallerie\"\n\t\t\t\tid=\"accordion-content-parcourir-la-gallerie\"\n\t\t\t\tstyle=\"display: none;\"\t\t\t>\n\t\t\t\t<div class=\"sow-accordion-panel-border\">\n\t\t\t\t\t<p><img loading=\"lazy\" decoding=\"async\" class=\"aligncenter wp-image-23485\" src=\"https:\/\/persoclo.fr\/wp-content\/uploads\/2020\/12\/fgg-1.png\" alt=\"\" width=\"551\" height=\"180\" srcset=\"https:\/\/persoclo.fr\/wp-content\/uploads\/2020\/12\/fgg-1.png 1240w, https:\/\/persoclo.fr\/wp-content\/uploads\/2020\/12\/fgg-1-600x196.png 600w, https:\/\/persoclo.fr\/wp-content\/uploads\/2020\/12\/fgg-1-300x98.png 300w, https:\/\/persoclo.fr\/wp-content\/uploads\/2020\/12\/fgg-1-1024x334.png 1024w, https:\/\/persoclo.fr\/wp-content\/uploads\/2020\/12\/fgg-1-768x251.png 768w\" sizes=\"auto, (max-width: 551px) 100vw, 551px\" \/><\/p>\n<p style=\"text-align: center;\"><div id=\"envira-gallery-wrap-22478\" class=\"envira-gallery-wrap envira-gallery-theme-base envira-lightbox-theme-base\" itemscope itemtype=\"https:\/\/schema.org\/ImageGallery\"><div data-row-height=\"\" data-gallery-theme=\"\" id=\"envira-gallery-22478\" class=\"envira-gallery-public  envira-gallery-3-columns envira-clear enviratope envira-gallery-css-animations\" data-envira-columns=\"3\"><div id=\"envira-gallery-item-20740\" class=\"envira-gallery-item enviratope-item envira-gallery-item-1 envira-lazy-load\" style=\"padding-left: 5px; padding-bottom: 10px; padding-right: 5px;\"  itemscope itemtype=\"https:\/\/schema.org\/ImageObject\"><div class=\"envira-gallery-item-inner\"><div class=\"envira-gallery-position-overlay  envira-gallery-top-left\"><\/div><div class=\"envira-gallery-position-overlay  envira-gallery-top-right\"><\/div><div class=\"envira-gallery-position-overlay  envira-gallery-bottom-left\"><\/div><div class=\"envira-gallery-position-overlay  envira-gallery-bottom-right\"><\/div><div class=\"envira-lazy\" data-test-width=\"640\" data-test-height=\"480\" style=\"padding-bottom:75%;\"><img decoding=\"async\" id=\"envira-gallery-image-20740\" class=\"envira-gallery-image envira-gallery-image-1\" data-envira-index=\"1\" src=\"https:\/\/persoclo.fr\/wp-content\/uploads\/2020\/04\/persoclo-sneakersnchill.png\" data-envira-src=\"https:\/\/persoclo.fr\/wp-content\/uploads\/2020\/04\/persoclo-sneakersnchill.png\" data-envira-gallery-id=\"22478\" data-envira-item-id=\"20740\" data-envira-caption=\"persoclo sneakersnchill\" alt=\"\" title=\"persoclo sneakersnchill\"  itemprop=\"thumbnailUrl\" data-envira-srcset=\"https:\/\/persoclo.fr\/wp-content\/uploads\/2020\/04\/persoclo-sneakersnchill.png 400w,https:\/\/persoclo.fr\/wp-content\/uploads\/2020\/04\/persoclo-sneakersnchill.png 2x\" srcset=\"data:image\/gif;base64,R0lGODlhAQABAIAAAP\/\/\/\/\/\/\/yH5BAEKAAEALAAAAAABAAEAAAICTAEAOw==\" \/><\/div><\/div><\/div><div id=\"envira-gallery-item-20737\" class=\"envira-gallery-item enviratope-item envira-gallery-item-2 envira-lazy-load\" style=\"padding-left: 5px; padding-bottom: 10px; padding-right: 5px;\"  itemscope itemtype=\"https:\/\/schema.org\/ImageObject\"><div class=\"envira-gallery-item-inner\"><div class=\"envira-gallery-position-overlay  envira-gallery-top-left\"><\/div><div class=\"envira-gallery-position-overlay  envira-gallery-top-right\"><\/div><div class=\"envira-gallery-position-overlay  envira-gallery-bottom-left\"><\/div><div class=\"envira-gallery-position-overlay  envira-gallery-bottom-right\"><\/div><div class=\"envira-lazy\" data-test-width=\"640\" data-test-height=\"480\" style=\"padding-bottom:75%;\"><img decoding=\"async\" id=\"envira-gallery-image-20737\" class=\"envira-gallery-image envira-gallery-image-2\" data-envira-index=\"2\" src=\"https:\/\/persoclo.fr\/wp-content\/uploads\/2020\/04\/personnaliser-at.png\" data-envira-src=\"https:\/\/persoclo.fr\/wp-content\/uploads\/2020\/04\/personnaliser-at.png\" data-envira-gallery-id=\"22478\" data-envira-item-id=\"20737\" data-envira-caption=\"personnaliser at\" alt=\"\" title=\"personnaliser at\"  itemprop=\"thumbnailUrl\" data-envira-srcset=\"https:\/\/persoclo.fr\/wp-content\/uploads\/2020\/04\/personnaliser-at.png 400w,https:\/\/persoclo.fr\/wp-content\/uploads\/2020\/04\/personnaliser-at.png 2x\" srcset=\"data:image\/gif;base64,R0lGODlhAQABAIAAAP\/\/\/\/\/\/\/yH5BAEKAAEALAAAAAABAAEAAAICTAEAOw==\" \/><\/div><\/div><\/div><div id=\"envira-gallery-item-20736\" class=\"envira-gallery-item enviratope-item envira-gallery-item-3 envira-lazy-load\" style=\"padding-left: 5px; padding-bottom: 10px; padding-right: 5px;\"  itemscope itemtype=\"https:\/\/schema.org\/ImageObject\"><div class=\"envira-gallery-item-inner\"><div class=\"envira-gallery-position-overlay  envira-gallery-top-left\"><\/div><div class=\"envira-gallery-position-overlay  envira-gallery-top-right\"><\/div><div class=\"envira-gallery-position-overlay  envira-gallery-bottom-left\"><\/div><div class=\"envira-gallery-position-overlay  envira-gallery-bottom-right\"><\/div><div class=\"envira-lazy\" data-test-width=\"640\" data-test-height=\"480\" style=\"padding-bottom:75%;\"><img decoding=\"async\" id=\"envira-gallery-image-20736\" class=\"envira-gallery-image envira-gallery-image-3\" data-envira-index=\"3\" src=\"https:\/\/persoclo.fr\/wp-content\/uploads\/2020\/04\/persooo.png\" data-envira-src=\"https:\/\/persoclo.fr\/wp-content\/uploads\/2020\/04\/persooo.png\" data-envira-gallery-id=\"22478\" data-envira-item-id=\"20736\" data-envira-caption=\"persooo\" alt=\"\" title=\"persooo\"  itemprop=\"thumbnailUrl\" data-envira-srcset=\"https:\/\/persoclo.fr\/wp-content\/uploads\/2020\/04\/persooo.png 400w,https:\/\/persoclo.fr\/wp-content\/uploads\/2020\/04\/persooo.png 2x\" srcset=\"data:image\/gif;base64,R0lGODlhAQABAIAAAP\/\/\/\/\/\/\/yH5BAEKAAEALAAAAAABAAEAAAICTAEAOw==\" \/><\/div><\/div><\/div><div id=\"envira-gallery-item-20735\" class=\"envira-gallery-item enviratope-item envira-gallery-item-4 envira-lazy-load\" style=\"padding-left: 5px; padding-bottom: 10px; padding-right: 5px;\"  itemscope itemtype=\"https:\/\/schema.org\/ImageObject\"><div class=\"envira-gallery-item-inner\"><div class=\"envira-gallery-position-overlay  envira-gallery-top-left\"><\/div><div class=\"envira-gallery-position-overlay  envira-gallery-top-right\"><\/div><div class=\"envira-gallery-position-overlay  envira-gallery-bottom-left\"><\/div><div class=\"envira-gallery-position-overlay  envira-gallery-bottom-right\"><\/div><div class=\"envira-lazy\" data-test-width=\"640\" data-test-height=\"480\" style=\"padding-bottom:75%;\"><img decoding=\"async\" id=\"envira-gallery-image-20735\" class=\"envira-gallery-image envira-gallery-image-4\" data-envira-index=\"4\" src=\"https:\/\/persoclo.fr\/wp-content\/uploads\/2020\/04\/persoooo.png\" data-envira-src=\"https:\/\/persoclo.fr\/wp-content\/uploads\/2020\/04\/persoooo.png\" data-envira-gallery-id=\"22478\" data-envira-item-id=\"20735\" data-envira-caption=\"persoooo\" alt=\"\" title=\"persoooo\"  itemprop=\"thumbnailUrl\" data-envira-srcset=\"https:\/\/persoclo.fr\/wp-content\/uploads\/2020\/04\/persoooo.png 400w,https:\/\/persoclo.fr\/wp-content\/uploads\/2020\/04\/persoooo.png 2x\" srcset=\"data:image\/gif;base64,R0lGODlhAQABAIAAAP\/\/\/\/\/\/\/yH5BAEKAAEALAAAAAABAAEAAAICTAEAOw==\" \/><\/div><\/div><\/div><\/div><\/div><noscript><img decoding=\"async\" src=\"https:\/\/persoclo.fr\/wp-content\/uploads\/2020\/04\/persoclo-sneakersnchill.png\" alt=\"\" \/><img decoding=\"async\" src=\"https:\/\/persoclo.fr\/wp-content\/uploads\/2020\/04\/personnaliser-at.png\" alt=\"\" \/><img decoding=\"async\" src=\"https:\/\/persoclo.fr\/wp-content\/uploads\/2020\/04\/persooo.png\" alt=\"\" \/><img decoding=\"async\" src=\"https:\/\/persoclo.fr\/wp-content\/uploads\/2020\/04\/persoooo.png\" alt=\"\" \/><\/noscript><\/p>\n\t\t\t\t<\/div>\n\t\t\t<\/div>\n\t\t<\/div>\n\t\t<\/div>\n<\/div>\n<\/div><\/div><\/div><\/div><\/div><div id=\"pg-3078-2\"  class=\"panel-grid panel-has-style\" ><div class=\"panel-row-style panel-row-style-for-3078-2\" ><div id=\"pgc-3078-2-0\"  class=\"panel-grid-cell\" ><div id=\"panel-3078-2-0-0\" class=\"so-panel widget widget_sow-headline panel-first-child\" data-index=\"3\" ><div\n\t\t\t\n\t\t\tclass=\"so-widget-sow-headline so-widget-sow-headline-default-1d8dc3b96b20-3078\"\n\t\t\t\n\t\t><div class=\"sow-headline-container \">\n\t\t\t\t\t\t<div class=\"decoration\">\n\t\t\t\t\t\t<div class=\"decoration-inside\"><\/div>\n\t\t\t\t\t<\/div>\n\t\t\t\t\t<\/div>\n<\/div><\/div><div id=\"panel-3078-2-0-1\" class=\"so-panel widget widget_sow-image\" data-index=\"4\" ><div\n\t\t\t\n\t\t\tclass=\"so-widget-sow-image so-widget-sow-image-default-c67d20f9f743-3078\"\n\t\t\t\n\t\t>\n<div class=\"sow-image-container\">\n\t\t<img \n\tsrc=\"https:\/\/persoclo.fr\/wp-content\/uploads\/2019\/02\/Logo-nouveau.png\" width=\"150\" height=\"77\" srcset=\"https:\/\/persoclo.fr\/wp-content\/uploads\/2019\/02\/Logo-nouveau.png 867w, https:\/\/persoclo.fr\/wp-content\/uploads\/2019\/02\/Logo-nouveau-600x307.png 600w, https:\/\/persoclo.fr\/wp-content\/uploads\/2019\/02\/Logo-nouveau-300x154.png 300w, https:\/\/persoclo.fr\/wp-content\/uploads\/2019\/02\/Logo-nouveau-768x393.png 768w\" sizes=\"(max-width: 150px) 100vw, 150px\" title=\"Logo\" alt=\"\" \t\tclass=\"so-widget-image\"\/>\n\t<\/div>\n\n<\/div><\/div><div id=\"panel-3078-2-0-2\" class=\"so-panel widget widget_sow-headline panel-last-child\" data-index=\"5\" ><div class=\"panel-widget-style panel-widget-style-for-3078-2-0-2\" ><div\n\t\t\t\n\t\t\tclass=\"so-widget-sow-headline so-widget-sow-headline-default-7882cfb1e1e8-3078\"\n\t\t\t\n\t\t><div class=\"sow-headline-container \">\n\t\t\t\t\t\t<div class=\"decoration\">\n\t\t\t\t\t\t<div class=\"decoration-inside\"><\/div>\n\t\t\t\t\t<\/div>\n\t\t\t\t\t\t\t\t\t\t\t<p class=\"sow-sub-headline\">\n\t\t\t\t\t\tPersoClo oeuvre, depuis 2014, \u00e0 promouvoir une consommation alternative, plus responsable, respectueuse des Hommes et de la Plan\u00e8te.\t\t\t\t\t\t<\/p>\n\t\t\t\t\t\t<\/div>\n<\/div><\/div><\/div><\/div><\/div><\/div><div id=\"pg-3078-3\"  class=\"panel-grid panel-has-style\" ><div class=\"siteorigin-panels-stretch panel-row-style panel-row-style-for-3078-3\" data-stretch-type=\"full-stretched-padded\" ><div id=\"pgc-3078-3-0\"  class=\"panel-grid-cell\" ><div id=\"panel-3078-3-0-0\" class=\"so-panel widget widget_sow-headline panel-first-child panel-last-child\" data-index=\"6\" ><div\n\t\t\t\n\t\t\tclass=\"so-widget-sow-headline so-widget-sow-headline-default-1d8dc3b96b20-3078\"\n\t\t\t\n\t\t><div class=\"sow-headline-container \">\n\t\t\t\t\t\t<div class=\"decoration\">\n\t\t\t\t\t\t<div class=\"decoration-inside\"><\/div>\n\t\t\t\t\t<\/div>\n\t\t\t\t\t\t\t\t\t\t\t<p class=\"sow-sub-headline\">\n\t\t\t\t\t\tLe contenu de ce site est prot\u00e9g\u00e9 par la loi du copyright.\t\t\t\t\t\t<\/p>\n\t\t\t\t\t\t<\/div>\n<\/div><\/div><\/div><\/div><\/div><\/div>","protected":false},"excerpt":{"rendered":"<p>=============== Votre garde-robes et votre grenier vous r\u00e9servent des surprises. Des artisans passionn\u00e9s vous proposent de transformer, de retoucher ou de r\u00e9parer tout ce que vous souhaitez. ===============<\/p>\n","protected":false},"author":91,"featured_media":0,"parent":22259,"menu_order":0,"comment_status":"closed","ping_status":"closed","template":"template-full-width.php","meta":{"footnotes":""},"class_list":["post-3078","page","type-page","status-publish","hentry"],"translation":{"provider":"WPGlobus","version":"3.0.2","language":"en","enabled_languages":["fr","en"],"languages":{"fr":{"title":true,"content":true,"excerpt":false},"en":{"title":false,"content":false,"excerpt":false}}},"aioseo_notices":[],"_links":{"self":[{"href":"https:\/\/persoclo.fr\/en\/wp-json\/wp\/v2\/pages\/3078","targetHints":{"allow":["GET"]}}],"collection":[{"href":"https:\/\/persoclo.fr\/en\/wp-json\/wp\/v2\/pages"}],"about":[{"href":"https:\/\/persoclo.fr\/en\/wp-json\/wp\/v2\/types\/page"}],"author":[{"embeddable":true,"href":"https:\/\/persoclo.fr\/en\/wp-json\/wp\/v2\/users\/91"}],"replies":[{"embeddable":true,"href":"https:\/\/persoclo.fr\/en\/wp-json\/wp\/v2\/comments?post=3078"}],"version-history":[{"count":53,"href":"https:\/\/persoclo.fr\/en\/wp-json\/wp\/v2\/pages\/3078\/revisions"}],"predecessor-version":[{"id":24319,"href":"https:\/\/persoclo.fr\/en\/wp-json\/wp\/v2\/pages\/3078\/revisions\/24319"}],"up":[{"embeddable":true,"href":"https:\/\/persoclo.fr\/en\/wp-json\/wp\/v2\/pages\/22259"}],"wp:attachment":[{"href":"https:\/\/persoclo.fr\/en\/wp-json\/wp\/v2\/media?parent=3078"}],"curies":[{"name":"wp","href":"https:\/\/api.w.org\/{rel}","templated":true}]}}