{"id":24187,"date":"2021-05-11T10:18:49","date_gmt":"2021-05-11T09:18:49","guid":{"rendered":"https:\/\/persoclo.fr\/?page_id=24187"},"modified":"2021-05-11T10:47:22","modified_gmt":"2021-05-11T09:47:22","slug":"lart-et-la-matiere","status":"publish","type":"page","link":"https:\/\/persoclo.fr\/en\/lart-et-la-matiere\/","title":{"rendered":"L&#8217;art et la mati\u00e8re"},"content":{"rendered":"<div id=\"pl-24187\"  class=\"panel-layout\" ><div id=\"pg-24187-0\"  class=\"panel-grid panel-has-style\" ><div class=\"panel-row-style panel-row-style-for-24187-0\" ><div id=\"pgc-24187-0-0\"  class=\"panel-grid-cell\" ><div id=\"panel-24187-0-0-0\" class=\"so-panel widget widget_sow-editor panel-first-child panel-last-child\" data-index=\"0\" ><div\n\t\t\t\n\t\t\tclass=\"so-widget-sow-editor so-widget-sow-editor-base\"\n\t\t\t\n\t\t>\n<div class=\"siteorigin-widget-tinymce textwidget\">\n\t<p style=\"text-align: center;\"><span style=\"font-size: 14pt;\"><b style=\"font-size: 14pt;\">Art-plastique<\/b><b style=\"font-size: 14pt;\">-Atelier<\/b><\/span><\/p>\n<p style=\"text-align: center;\"><span style=\"font-size: 14pt;\"><img loading=\"lazy\" decoding=\"async\" class=\"aligncenter wp-image-24188 size-full\" src=\"https:\/\/persoclo.fr\/wp-content\/uploads\/2021\/05\/logo-lart-et-la-matiere-400coqu.png\" alt=\"\" width=\"400\" height=\"85\" srcset=\"https:\/\/persoclo.fr\/wp-content\/uploads\/2021\/05\/logo-lart-et-la-matiere-400coqu.png 400w, https:\/\/persoclo.fr\/wp-content\/uploads\/2021\/05\/logo-lart-et-la-matiere-400coqu-300x64.png 300w\" sizes=\"auto, (max-width: 400px) 100vw, 400px\" \/><\/span><\/p>\n<p style=\"text-align: center;\"><strong><span style=\"font-size: 14pt;\">L'Art peut \u00eatre un moyen de rencontrer la beaut\u00e9 et l'essence de l'\u00catre.<\/span><\/strong><br \/>\n<strong><span style=\"font-size: 14pt;\">Mon m\u00e9tier est de montrer le chemin.<\/span><\/strong><\/p>\n<p style=\"text-align: center;\"><span style=\"font-size: 14pt;\">L\u2019action de cr\u00e9er, transformer \u00e0 partir de mat\u00e9riaux physiques peut \u00eatre une v\u00e9ritable source de plaisir, jubilatoire. Elle nous offre l\u2019opportunit\u00e9 de changer notre quotidien, d\u00e9couvrir de nouvelles ressources ext\u00e9rieures et int\u00e9rieures, de nous reconnecter \u00e0 nos sens.<\/span><\/p>\n<p style=\"text-align: center;\"><span style=\"font-size: 14pt;\">Elle peut aussi \u00eatre un v\u00e9ritable appui pour se r\u00e9parer l\u00e0 o\u00f9 la vie nous a ab\u00eem\u00e9, pour se sentir vivre, r\u00e9-accorder nos sensations ou \u00e9motions \u00e0 notre mental.<\/span><\/p>\n<p style=\"text-align: center;\"><span style=\"font-size: 14pt;\">Que vous choisissiez de venir pour vous faire plaisir avec l\u2019expression plastique ou pour vous d\u00e9gager des difficult\u00e9s et aller mieux avec l\u2019Art-Th\u00e9rapie, ce sera avec passion et conviction dans ce que je fais que je vous accompagnerai sur ce chemin singulier.\u00a0<\/span><\/p>\n<p><span style=\"color: #ffffff;\">1234 1234a<\/span><\/p>\n<\/div>\n<\/div><\/div><\/div><\/div><\/div><div id=\"pg-24187-1\"  class=\"panel-grid panel-has-style\" ><div class=\"panel-row-style panel-row-style-for-24187-1\" ><div id=\"pgc-24187-1-0\"  class=\"panel-grid-cell\" ><div id=\"panel-24187-1-0-0\" class=\"so-panel widget widget_sow-editor panel-first-child panel-last-child\" data-index=\"1\" ><div class=\"panel-widget-style panel-widget-style-for-24187-1-0-0\" ><div\n\t\t\t\n\t\t\tclass=\"so-widget-sow-editor so-widget-sow-editor-base\"\n\t\t\t\n\t\t>\n<div class=\"siteorigin-widget-tinymce textwidget\">\n\t<h3 style=\"text-align: center;\"><img loading=\"lazy\" decoding=\"async\" class=\"aligncenter wp-image-22785\" src=\"https:\/\/persoclo.fr\/wp-content\/uploads\/2020\/09\/Icone-realisation.png\" alt=\"\" width=\"280\" height=\"80\" srcset=\"https:\/\/persoclo.fr\/wp-content\/uploads\/2020\/09\/Icone-realisation.png 395w, https:\/\/persoclo.fr\/wp-content\/uploads\/2020\/09\/Icone-realisation-300x86.png 300w\" sizes=\"auto, (max-width: 280px) 100vw, 280px\" \/><\/h3>\n<div id='gallery-1' class='gallery galleryid-24187 gallery-columns-3 gallery-size-thumbnail'><figure class='gallery-item'>\n\t\t\t<div class='gallery-icon landscape'>\n\t\t\t\t<img loading=\"lazy\" decoding=\"async\" width=\"150\" height=\"150\" src=\"https:\/\/persoclo.fr\/wp-content\/uploads\/2021\/05\/2020-moment-ville-2-150x150.jpg\" class=\"attachment-thumbnail size-thumbnail\" alt=\"\" srcset=\"https:\/\/persoclo.fr\/wp-content\/uploads\/2021\/05\/2020-moment-ville-2-150x150.jpg 150w, https:\/\/persoclo.fr\/wp-content\/uploads\/2021\/05\/2020-moment-ville-2-100x100.jpg 100w\" sizes=\"auto, (max-width: 150px) 100vw, 150px\" \/>\n\t\t\t<\/div><\/figure><figure class='gallery-item'>\n\t\t\t<div class='gallery-icon landscape'>\n\t\t\t\t<img loading=\"lazy\" decoding=\"async\" width=\"150\" height=\"150\" src=\"https:\/\/persoclo.fr\/wp-content\/uploads\/2021\/05\/atelier-lart-et-la-matiere-3-1-150x150.jpg\" class=\"attachment-thumbnail size-thumbnail\" alt=\"\" srcset=\"https:\/\/persoclo.fr\/wp-content\/uploads\/2021\/05\/atelier-lart-et-la-matiere-3-1-150x150.jpg 150w, https:\/\/persoclo.fr\/wp-content\/uploads\/2021\/05\/atelier-lart-et-la-matiere-3-1-100x100.jpg 100w\" sizes=\"auto, (max-width: 150px) 100vw, 150px\" \/>\n\t\t\t<\/div><\/figure><figure class='gallery-item'>\n\t\t\t<div class='gallery-icon landscape'>\n\t\t\t\t<img loading=\"lazy\" decoding=\"async\" width=\"150\" height=\"150\" src=\"https:\/\/persoclo.fr\/wp-content\/uploads\/2021\/05\/2018-lart-et-la-matiere-moment-japon-3-1-150x150.jpg\" class=\"attachment-thumbnail size-thumbnail\" alt=\"\" srcset=\"https:\/\/persoclo.fr\/wp-content\/uploads\/2021\/05\/2018-lart-et-la-matiere-moment-japon-3-1-150x150.jpg 150w, https:\/\/persoclo.fr\/wp-content\/uploads\/2021\/05\/2018-lart-et-la-matiere-moment-japon-3-1-400x400.jpg 400w, https:\/\/persoclo.fr\/wp-content\/uploads\/2021\/05\/2018-lart-et-la-matiere-moment-japon-3-1-100x100.jpg 100w\" sizes=\"auto, (max-width: 150px) 100vw, 150px\" \/>\n\t\t\t<\/div><\/figure><figure class='gallery-item'>\n\t\t\t<div class='gallery-icon landscape'>\n\t\t\t\t<img loading=\"lazy\" decoding=\"async\" width=\"150\" height=\"150\" src=\"https:\/\/persoclo.fr\/wp-content\/uploads\/2021\/05\/agenda-l-art-et-la-matiere-2020-2021-8-150x150.jpg\" class=\"attachment-thumbnail size-thumbnail\" alt=\"\" srcset=\"https:\/\/persoclo.fr\/wp-content\/uploads\/2021\/05\/agenda-l-art-et-la-matiere-2020-2021-8-150x150.jpg 150w, https:\/\/persoclo.fr\/wp-content\/uploads\/2021\/05\/agenda-l-art-et-la-matiere-2020-2021-8-100x100.jpg 100w\" sizes=\"auto, (max-width: 150px) 100vw, 150px\" \/>\n\t\t\t<\/div><\/figure><figure class='gallery-item'>\n\t\t\t<div class='gallery-icon landscape'>\n\t\t\t\t<img loading=\"lazy\" decoding=\"async\" width=\"150\" height=\"150\" src=\"https:\/\/persoclo.fr\/wp-content\/uploads\/2021\/05\/2018-lart-et-la-matiere-moment-portrait-1-1-150x150.jpg\" class=\"attachment-thumbnail size-thumbnail\" alt=\"\" srcset=\"https:\/\/persoclo.fr\/wp-content\/uploads\/2021\/05\/2018-lart-et-la-matiere-moment-portrait-1-1-150x150.jpg 150w, https:\/\/persoclo.fr\/wp-content\/uploads\/2021\/05\/2018-lart-et-la-matiere-moment-portrait-1-1-400x400.jpg 400w, https:\/\/persoclo.fr\/wp-content\/uploads\/2021\/05\/2018-lart-et-la-matiere-moment-portrait-1-1-100x100.jpg 100w\" sizes=\"auto, (max-width: 150px) 100vw, 150px\" \/>\n\t\t\t<\/div><\/figure><figure class='gallery-item'>\n\t\t\t<div class='gallery-icon landscape'>\n\t\t\t\t<img loading=\"lazy\" decoding=\"async\" width=\"150\" height=\"150\" src=\"https:\/\/persoclo.fr\/wp-content\/uploads\/2021\/05\/2018-lart-et-la-matiere-moment-portrait-1-150x150.jpg\" class=\"attachment-thumbnail size-thumbnail\" alt=\"\" srcset=\"https:\/\/persoclo.fr\/wp-content\/uploads\/2021\/05\/2018-lart-et-la-matiere-moment-portrait-1-150x150.jpg 150w, https:\/\/persoclo.fr\/wp-content\/uploads\/2021\/05\/2018-lart-et-la-matiere-moment-portrait-1-400x400.jpg 400w, https:\/\/persoclo.fr\/wp-content\/uploads\/2021\/05\/2018-lart-et-la-matiere-moment-portrait-1-100x100.jpg 100w\" sizes=\"auto, (max-width: 150px) 100vw, 150px\" \/>\n\t\t\t<\/div><\/figure><figure class='gallery-item'>\n\t\t\t<div class='gallery-icon landscape'>\n\t\t\t\t<img loading=\"lazy\" decoding=\"async\" width=\"150\" height=\"150\" src=\"https:\/\/persoclo.fr\/wp-content\/uploads\/2021\/05\/atelier-lart-et-la-matiere-3-150x150.jpg\" class=\"attachment-thumbnail size-thumbnail\" alt=\"\" srcset=\"https:\/\/persoclo.fr\/wp-content\/uploads\/2021\/05\/atelier-lart-et-la-matiere-3-150x150.jpg 150w, https:\/\/persoclo.fr\/wp-content\/uploads\/2021\/05\/atelier-lart-et-la-matiere-3-100x100.jpg 100w\" sizes=\"auto, (max-width: 150px) 100vw, 150px\" \/>\n\t\t\t<\/div><\/figure><figure class='gallery-item'>\n\t\t\t<div class='gallery-icon landscape'>\n\t\t\t\t<img loading=\"lazy\" decoding=\"async\" width=\"150\" height=\"150\" src=\"https:\/\/persoclo.fr\/wp-content\/uploads\/2021\/05\/atelier-lart-et-la-matiere-2-150x150.jpg\" class=\"attachment-thumbnail size-thumbnail\" alt=\"\" srcset=\"https:\/\/persoclo.fr\/wp-content\/uploads\/2021\/05\/atelier-lart-et-la-matiere-2-150x150.jpg 150w, https:\/\/persoclo.fr\/wp-content\/uploads\/2021\/05\/atelier-lart-et-la-matiere-2-100x100.jpg 100w\" sizes=\"auto, (max-width: 150px) 100vw, 150px\" \/>\n\t\t\t<\/div><\/figure><figure class='gallery-item'>\n\t\t\t<div class='gallery-icon landscape'>\n\t\t\t\t<img loading=\"lazy\" decoding=\"async\" width=\"150\" height=\"150\" src=\"https:\/\/persoclo.fr\/wp-content\/uploads\/2021\/05\/ateliers-enfants-expression-plastique-cecile-roger-150x150.jpg\" class=\"attachment-thumbnail size-thumbnail\" alt=\"\" srcset=\"https:\/\/persoclo.fr\/wp-content\/uploads\/2021\/05\/ateliers-enfants-expression-plastique-cecile-roger-150x150.jpg 150w, https:\/\/persoclo.fr\/wp-content\/uploads\/2021\/05\/ateliers-enfants-expression-plastique-cecile-roger-100x100.jpg 100w\" sizes=\"auto, (max-width: 150px) 100vw, 150px\" \/>\n\t\t\t<\/div><\/figure><figure class='gallery-item'>\n\t\t\t<div class='gallery-icon landscape'>\n\t\t\t\t<img loading=\"lazy\" decoding=\"async\" width=\"150\" height=\"150\" src=\"https:\/\/persoclo.fr\/wp-content\/uploads\/2021\/05\/agenda-l-art-et-la-matiere-2020-2021-2-150x150.jpg\" class=\"attachment-thumbnail size-thumbnail\" alt=\"\" srcset=\"https:\/\/persoclo.fr\/wp-content\/uploads\/2021\/05\/agenda-l-art-et-la-matiere-2020-2021-2-150x150.jpg 150w, https:\/\/persoclo.fr\/wp-content\/uploads\/2021\/05\/agenda-l-art-et-la-matiere-2020-2021-2-100x100.jpg 100w\" sizes=\"auto, (max-width: 150px) 100vw, 150px\" \/>\n\t\t\t<\/div><\/figure>\n\t\t<\/div>\n\n<\/div>\n<\/div><\/div><\/div><\/div><\/div><\/div><div id=\"pg-24187-2\"  class=\"panel-grid panel-has-style\" ><div class=\"panel-row-style panel-row-style-for-24187-2\" ><div id=\"pgc-24187-2-0\"  class=\"panel-grid-cell\" ><div class='the_champ_counter_container the_champ_horizontal_counter'><div id=\"panel-24187-2-0-0\" class=\"so-panel widget widget_thechamphorizontalcounter panel-first-child\" data-index=\"2\" ><ul class=\"the_champ_sharing_ul\"><li style=\"padding:7.35px 0 !important\" class=\"the_champ_facebook_like\"><div class=\"fb-like\" data-href=\"https:\/\/persoclo.fr\/en\/wp-json\/wp\/v2\/pages\/24187\" data-layout=\"button_count\" data-action=\"like\" data-show-faces=\"false\" data-share=\"false\"><\/div><\/li><\/ul><div style=\"clear:both\"><\/div><\/div><\/div><div id=\"panel-24187-2-0-1\" class=\"so-panel widget widget_sow-editor panel-last-child\" data-index=\"3\" ><div\n\t\t\t\n\t\t\tclass=\"so-widget-sow-editor so-widget-sow-editor-base\"\n\t\t\t\n\t\t>\n<div class=\"siteorigin-widget-tinymce textwidget\">\n\t<div style=\"\" id=\"the_champ_fb_commenting\"><div class=\"fb-comments\" data-href=\"https:\/\/persoclo.fr\/en\/lart-et-la-matiere\/\" data-numposts=\"0\" data-width=\"100%\" ><\/div><\/div><script type=\"text\/javascript\" src=\"\/\/connect.facebook.net\/en_US\/sdk.js\r\n    \"><\/script><script>FB.init({xfbml:1,version: \"v23.0\"});<\/script>\n<\/div>\n<\/div><\/div><\/div><\/div><\/div><div id=\"pg-24187-3\"  class=\"panel-grid panel-has-style\" ><div class=\"panel-row-style panel-row-style-for-24187-3\" ><div id=\"pgc-24187-3-0\"  class=\"panel-grid-cell\" ><div id=\"panel-24187-3-0-0\" class=\"so-panel widget widget_sow-hero panel-first-child panel-last-child\" data-index=\"4\" ><div\n\t\t\t\n\t\t\tclass=\"so-widget-sow-hero so-widget-sow-hero-default-6e283e92799f-24187 so-widget-fittext-wrapper\"\n\t\t\t data-fit-text-compressor=\"0.85\"\n\t\t>\t\t\t\t<div class=\"sow-slider-base\" style=\"display: none\" tabindex=\"0\">\n\t\t\t\t\t<ul\n\t\t\t\t\tclass=\"sow-slider-images\"\n\t\t\t\t\tdata-settings=\"{&quot;pagination&quot;:true,&quot;speed&quot;:800,&quot;timeout&quot;:8000,&quot;paused&quot;:false,&quot;pause_on_hover&quot;:false,&quot;swipe&quot;:true,&quot;nav_always_show_desktop&quot;:&quot;&quot;,&quot;nav_always_show_mobile&quot;:&quot;&quot;,&quot;breakpoint&quot;:&quot;780px&quot;,&quot;unmute&quot;:false,&quot;anchor&quot;:null}\"\n\t\t\t\t\t\t\t\t\t\tdata-anchor-id=\"\"\n\t\t\t\t>\t\t<li class=\"sow-slider-image  sow-slider-image-cover\" style=\"visibility: visible;;background-color: #ffffff;background-image: url(https:\/\/persoclo.fr\/wp-content\/uploads\/2020\/05\/RUE.png)\" >\n\t\t\t\t\t<div class=\"sow-slider-image-container\">\n\t\t\t<div class=\"sow-slider-image-wrapper\">\n\t\t\t\t<h2 style=\"text-align: center\"><img loading=\"lazy\" decoding=\"async\" class=\"aligncenter size-full wp-image-23510\" src=\"https:\/\/persoclo.fr\/wp-content\/uploads\/2020\/12\/dqsfsd.png\" alt=\"\" width=\"402\" height=\"28\" srcset=\"https:\/\/persoclo.fr\/wp-content\/uploads\/2020\/12\/dqsfsd.png 402w, https:\/\/persoclo.fr\/wp-content\/uploads\/2020\/12\/dqsfsd-400x28.png 400w, https:\/\/persoclo.fr\/wp-content\/uploads\/2020\/12\/dqsfsd-300x21.png 300w\" sizes=\"auto, (max-width: 402px) 100vw, 402px\" \/><\/h2>\n<h2 style=\"text-align: center\"><span style=\"color: #ffffff\"><strong>Je choisis cet artisan<\/strong><\/span><\/h2>\n<div class=\"sow-hero-buttons\" style=\"text-align: center\"><div\n\t\t\t\n\t\t\tclass=\"so-widget-sow-button so-widget-sow-button-wire-404db8f96430\"\n\t\t\t\n\t\t><div class=\"ow-button-base ow-button-align-center\"\n>\n\t\t\t<a\n\t\t\t\t\thref=\"https:\/\/www.lartetlamatiere.org\/\"\n\t\t\t\t\tclass=\"sowb-button ow-icon-placement-left ow-button-hover\" target=\"_blank\" rel=\"noopener noreferrer\" \t>\n\t\t<span>\n\t\t\t\n\t\t\tSite Internet\t\t<\/span>\n\t\t\t<\/a>\n\t<\/div>\n<\/div><div\n\t\t\t\n\t\t\tclass=\"so-widget-sow-button so-widget-sow-button-wire-580ba8438cf1\"\n\t\t\t\n\t\t><div class=\"ow-button-base ow-button-align-center\"\n>\n\t\t\t<a\n\t\t\t\t\thref=\"https:\/\/www.google.com\/maps\/place\/L&#039;Art+et+la+Mati%C3%A8re,+Expression+plastique+et+Art-Th%C3%A9rapie\/@48.8265854,2.2128478,17z\/data=!3m1!4b1!4m5!3m4!1s0x47e67b0e5a851167:0xe942644d301a4b83!8m2!3d48.8265674!4d2.2150539\"\n\t\t\t\t\tclass=\"sowb-button ow-icon-placement-left ow-button-hover\" target=\"_blank\" rel=\"noopener noreferrer\" \t>\n\t\t<span>\n\t\t\t\n\t\t\tAdresse\t\t<\/span>\n\t\t\t<\/a>\n\t<\/div>\n<\/div><div\n\t\t\t\n\t\t\tclass=\"so-widget-sow-button so-widget-sow-button-wire-580ba8438cf1\"\n\t\t\t\n\t\t><div class=\"ow-button-base ow-button-align-center\"\n>\n\t\t\t<a\n\t\t\t\t\thref=\"tel:+33664727584\"\n\t\t\t\t\tclass=\"sowb-button ow-icon-placement-left ow-button-hover\" target=\"_blank\" rel=\"noopener noreferrer\" \t>\n\t\t<span>\n\t\t\t\n\t\t\tT\u00e9l\u00e9phone\t\t<\/span>\n\t\t\t<\/a>\n\t<\/div>\n<\/div><\/div>\n<p><img loading=\"lazy\" decoding=\"async\" class=\"aligncenter size-full wp-image-23510\" src=\"https:\/\/persoclo.fr\/wp-content\/uploads\/2020\/12\/dqsfsd.png\" alt=\"\" width=\"402\" height=\"28\" srcset=\"https:\/\/persoclo.fr\/wp-content\/uploads\/2020\/12\/dqsfsd.png 402w, https:\/\/persoclo.fr\/wp-content\/uploads\/2020\/12\/dqsfsd-400x28.png 400w, https:\/\/persoclo.fr\/wp-content\/uploads\/2020\/12\/dqsfsd-300x21.png 300w\" sizes=\"auto, (max-width: 402px) 100vw, 402px\" \/><\/p>\n\t\t\t<\/div>\n\t\t<\/div>\n\t\t\t\t<\/li>\n\t\t<\/ul>\t\t\t\t<ol class=\"sow-slider-pagination\">\n\t\t\t\t\t\t\t\t\t\t\t<li><a href=\"#\" data-goto=\"0\" aria-label=\"Display slide 1\"><\/a><\/li>\n\t\t\t\t\t\t\t\t\t<\/ol>\n\n\t\t\t\t<div class=\"sow-slide-nav sow-slide-nav-next\">\n\t\t\t\t\t<a href=\"#\" data-goto=\"next\" aria-label=\"Next slide\" data-action=\"next\">\n\t\t\t\t\t\t<em class=\"sow-sld-icon-thin-right\"><\/em>\n\t\t\t\t\t<\/a>\n\t\t\t\t<\/div>\n\n\t\t\t\t<div class=\"sow-slide-nav sow-slide-nav-prev\">\n\t\t\t\t\t<a href=\"#\" data-goto=\"previous\" aria-label=\"Previous slide\" data-action=\"prev\">\n\t\t\t\t\t\t<em class=\"sow-sld-icon-thin-left\"><\/em>\n\t\t\t\t\t<\/a>\n\t\t\t\t<\/div>\n\t\t\t\t<\/div><\/div><\/div><\/div><\/div><\/div><\/div>","protected":false},"excerpt":{"rendered":"<p>Art-plastique-Atelier L&#8217;Art peut \u00eatre un moyen de rencontrer la beaut\u00e9 et l&#8217;essence de l&#8217;\u00catre. Mon m\u00e9tier est de montrer le chemin. L\u2019action de cr\u00e9er, transformer \u00e0 partir de mat\u00e9riaux physiques [&hellip;]<\/p>\n","protected":false},"author":91,"featured_media":0,"parent":0,"menu_order":0,"comment_status":"closed","ping_status":"closed","template":"template-full-width.php","meta":{"footnotes":""},"class_list":["post-24187","page","type-page","status-publish","hentry"],"translation":{"provider":"WPGlobus","version":"3.0.2","language":"en","enabled_languages":["fr","en"],"languages":{"fr":{"title":true,"content":true,"excerpt":false},"en":{"title":false,"content":false,"excerpt":false}}},"aioseo_notices":[],"_links":{"self":[{"href":"https:\/\/persoclo.fr\/en\/wp-json\/wp\/v2\/pages\/24187","targetHints":{"allow":["GET"]}}],"collection":[{"href":"https:\/\/persoclo.fr\/en\/wp-json\/wp\/v2\/pages"}],"about":[{"href":"https:\/\/persoclo.fr\/en\/wp-json\/wp\/v2\/types\/page"}],"author":[{"embeddable":true,"href":"https:\/\/persoclo.fr\/en\/wp-json\/wp\/v2\/users\/91"}],"replies":[{"embeddable":true,"href":"https:\/\/persoclo.fr\/en\/wp-json\/wp\/v2\/comments?post=24187"}],"version-history":[{"count":7,"href":"https:\/\/persoclo.fr\/en\/wp-json\/wp\/v2\/pages\/24187\/revisions"}],"predecessor-version":[{"id":24193,"href":"https:\/\/persoclo.fr\/en\/wp-json\/wp\/v2\/pages\/24187\/revisions\/24193"}],"wp:attachment":[{"href":"https:\/\/persoclo.fr\/en\/wp-json\/wp\/v2\/media?parent=24187"}],"curies":[{"name":"wp","href":"https:\/\/api.w.org\/{rel}","templated":true}]}}