{"id":24136,"date":"2021-02-14T17:21:21","date_gmt":"2021-02-14T16:21:21","guid":{"rendered":"https:\/\/persoclo.fr\/?page_id=24136"},"modified":"2021-02-14T19:41:50","modified_gmt":"2021-02-14T18:41:50","slug":"altan-bottier","status":"publish","type":"page","link":"https:\/\/persoclo.fr\/en\/altan-bottier\/","title":{"rendered":"Altan Bottier"},"content":{"rendered":"<div id=\"pl-24136\"  class=\"panel-layout\"><div id=\"pg-24136-0\"  class=\"panel-grid panel-has-style\"><div class=\"panel-row-style panel-row-style-for-24136-0\"><div id=\"pgc-24136-0-0\"  class=\"panel-grid-cell\"><div id=\"panel-24136-0-0-0\" class=\"so-panel widget widget_sow-editor panel-first-child panel-last-child\" data-index=\"0\"><div\n\t\t\t\n\t\t\tclass=\"so-widget-sow-editor so-widget-sow-editor-base\">\n<div class=\"siteorigin-widget-tinymce textwidget\">\n\t<p style=\"text-align: center;\"><span style=\"font-size: 14pt;\"><strong>Chaussures-<\/strong><b>Cr\u00e9er<\/b><\/span><\/p>\n<p><span style=\"font-size: 14pt;\"><img loading=\"lazy\" decoding=\"async\" class=\"aligncenter wp-image-24137 \" src=\"https:\/\/persoclo.fr\/wp-content\/uploads\/2021\/02\/logo_altan-SIte.png\" alt=\"\" width=\"291\" height=\"158\" srcset=\"https:\/\/persoclo.fr\/wp-content\/uploads\/2021\/02\/logo_altan-SIte.png 1000w, https:\/\/persoclo.fr\/wp-content\/uploads\/2021\/02\/logo_altan-SIte-300x163.png 300w, https:\/\/persoclo.fr\/wp-content\/uploads\/2021\/02\/logo_altan-SIte-768x417.png 768w, https:\/\/persoclo.fr\/wp-content\/uploads\/2021\/02\/logo_altan-SIte-600x326.png 600w\" sizes=\"auto, (max-width: 291px) 100vw, 291px\" \/><\/span><\/p>\n<p><img loading=\"lazy\" decoding=\"async\" class=\"aligncenter size-full wp-image-23510\" src=\"https:\/\/persoclo.fr\/wp-content\/uploads\/2020\/12\/dqsfsd.png\" alt=\"\" width=\"402\" height=\"28\" srcset=\"https:\/\/persoclo.fr\/wp-content\/uploads\/2020\/12\/dqsfsd.png 402w, https:\/\/persoclo.fr\/wp-content\/uploads\/2020\/12\/dqsfsd-400x28.png 400w, https:\/\/persoclo.fr\/wp-content\/uploads\/2020\/12\/dqsfsd-300x21.png 300w\" sizes=\"auto, (max-width: 402px) 100vw, 402px\" \/><\/p>\n<div id=\"comp-kh21t3ea\" data-testid=\"richTextElement\">\n<p style=\"text-align: center;\"><span style=\"font-size: 14pt;\">Activit\u00e9 historique de la maison Altan Bottier, le sur-mesure s\u2019est transmis de p\u00e8re en fils au sein de nos ateliers. De la prise de mesure jusqu\u2019au soulier final nous vous proposons une nouvelle exp\u00e9rience, celle du \u201cbespoke\u201d, o\u00f9 le fruit de vos d\u00e9sirs prend forme et mati\u00e8re.<\/span><\/p>\n<\/div>\n<p style=\"text-align: center;\"><span style=\"font-size: 14pt;\"><\/span><\/p><\/div><\/div><\/div><\/div><\/div><\/div><\/div><p> <a href=\"https:\/\/persoclo.fr\/en\/altan-bottier\/#more-24136\" class=\"more-link\">Read More<\/a><\/p>","protected":false},"excerpt":{"rendered":"<p>Chaussures-Cr\u00e9er Activit\u00e9 historique de la maison Altan Bottier, le sur-mesure s\u2019est transmis de p\u00e8re en fils au sein de nos ateliers. De la prise de mesure jusqu\u2019au soulier final nous [&hellip;]<\/p>\n","protected":false},"author":91,"featured_media":0,"parent":0,"menu_order":0,"comment_status":"closed","ping_status":"closed","template":"template-full-width.php","meta":{"footnotes":""},"class_list":["post-24136","page","type-page","status-publish","hentry"],"translation":{"provider":"WPGlobus","version":"3.0.2","language":"en","enabled_languages":["fr","en"],"languages":{"fr":{"title":true,"content":true,"excerpt":false},"en":{"title":false,"content":false,"excerpt":false}}},"aioseo_notices":[],"_links":{"self":[{"href":"https:\/\/persoclo.fr\/en\/wp-json\/wp\/v2\/pages\/24136","targetHints":{"allow":["GET"]}}],"collection":[{"href":"https:\/\/persoclo.fr\/en\/wp-json\/wp\/v2\/pages"}],"about":[{"href":"https:\/\/persoclo.fr\/en\/wp-json\/wp\/v2\/types\/page"}],"author":[{"embeddable":true,"href":"https:\/\/persoclo.fr\/en\/wp-json\/wp\/v2\/users\/91"}],"replies":[{"embeddable":true,"href":"https:\/\/persoclo.fr\/en\/wp-json\/wp\/v2\/comments?post=24136"}],"version-history":[{"count":13,"href":"https:\/\/persoclo.fr\/en\/wp-json\/wp\/v2\/pages\/24136\/revisions"}],"predecessor-version":[{"id":24162,"href":"https:\/\/persoclo.fr\/en\/wp-json\/wp\/v2\/pages\/24136\/revisions\/24162"}],"wp:attachment":[{"href":"https:\/\/persoclo.fr\/en\/wp-json\/wp\/v2\/media?parent=24136"}],"curies":[{"name":"wp","href":"https:\/\/api.w.org\/{rel}","templated":true}]}}