{"id":24046,"date":"2021-01-13T21:43:10","date_gmt":"2021-01-13T20:43:10","guid":{"rendered":"https:\/\/persoclo.fr\/?page_id=24046"},"modified":"2021-01-21T00:36:56","modified_gmt":"2021-01-20T23:36:56","slug":"decosphere-art-pose","status":"publish","type":"page","link":"https:\/\/persoclo.fr\/en\/decosphere-art-pose\/","title":{"rendered":"D\u00e9cosph\u00e8re Art-Pose"},"content":{"rendered":"<div id=\"pl-24046\"  class=\"panel-layout\"><div id=\"pg-24046-0\"  class=\"panel-grid panel-has-style\"><div class=\"panel-row-style panel-row-style-for-24046-0\"><div id=\"pgc-24046-0-0\"  class=\"panel-grid-cell\"><div id=\"panel-24046-0-0-0\" class=\"so-panel widget widget_sow-editor panel-first-child\" data-index=\"0\"><div\n\t\t\t\n\t\t\tclass=\"so-widget-sow-editor so-widget-sow-editor-base\">\n<div class=\"siteorigin-widget-tinymce textwidget\">\n\t<p style=\"text-align: center;\"><span style=\"font-size: 14pt;\"><strong>mobilier<\/strong><\/span><strong style=\"font-size: 18.6667px;\">-<\/strong><strong style=\"font-size: 14pt;\">Cr\u00e9er-R\u00e9parer<\/strong><\/p>\n<p><img loading=\"lazy\" decoding=\"async\" class=\"aligncenter wp-image-24047 \" src=\"https:\/\/persoclo.fr\/wp-content\/uploads\/2021\/01\/logo-1.png\" alt=\"\" width=\"358\" height=\"117\" srcset=\"https:\/\/persoclo.fr\/wp-content\/uploads\/2021\/01\/logo-1.png 416w, https:\/\/persoclo.fr\/wp-content\/uploads\/2021\/01\/logo-1-300x98.png 300w\" sizes=\"auto, (max-width: 358px) 100vw, 358px\" \/><\/p>\n<p><img loading=\"lazy\" decoding=\"async\" class=\"aligncenter size-full wp-image-23510\" src=\"https:\/\/persoclo.fr\/wp-content\/uploads\/2020\/12\/dqsfsd.png\" alt=\"\" width=\"402\" height=\"28\" srcset=\"https:\/\/persoclo.fr\/wp-content\/uploads\/2020\/12\/dqsfsd.png 402w, https:\/\/persoclo.fr\/wp-content\/uploads\/2020\/12\/dqsfsd-400x28.png 400w, https:\/\/persoclo.fr\/wp-content\/uploads\/2020\/12\/dqsfsd-300x21.png 300w\" sizes=\"auto, (max-width: 402px) 100vw, 402px\" \/><\/p>\n<p style=\"text-align: center;\"><span style=\"font-size: 14pt;\">Depuis 2018, Jessica ROBART vous propose des solutions personnalis\u00e9es d\u2019am\u00e9nagement et de d\u00e9coration. Envie de redonner un second souffle \u00e0 votre lieu de vie\u00a0? \u00c0 la recherche d\u2019un mobilier \u00e0 votre image, plus contemporain ou \u00e0 l\u2019esprit vintage\u00a0?\u00a0<strong>Optez sans plus attendre pour des cr\u00e9ations de meubles sur-mesure.<\/strong><\/span><\/p><\/div><\/div><\/div><\/div><\/div><\/div><\/div><p> <a href=\"https:\/\/persoclo.fr\/en\/decosphere-art-pose\/#more-24046\" class=\"more-link\">Read More<\/a><\/p>","protected":false},"excerpt":{"rendered":"<p>mobilier-Cr\u00e9er-R\u00e9parer Depuis 2018, Jessica ROBART vous propose des solutions personnalis\u00e9es d\u2019am\u00e9nagement et de d\u00e9coration. Envie de redonner un second souffle \u00e0 votre lieu de vie\u00a0? \u00c0 la recherche d\u2019un mobilier [&hellip;]<\/p>\n","protected":false},"author":91,"featured_media":0,"parent":0,"menu_order":0,"comment_status":"closed","ping_status":"closed","template":"template-full-width.php","meta":{"footnotes":""},"class_list":["post-24046","page","type-page","status-publish","hentry"],"translation":{"provider":"WPGlobus","version":"3.0.2","language":"en","enabled_languages":["fr","en"],"languages":{"fr":{"title":true,"content":true,"excerpt":false},"en":{"title":false,"content":false,"excerpt":false}}},"aioseo_notices":[],"_links":{"self":[{"href":"https:\/\/persoclo.fr\/en\/wp-json\/wp\/v2\/pages\/24046","targetHints":{"allow":["GET"]}}],"collection":[{"href":"https:\/\/persoclo.fr\/en\/wp-json\/wp\/v2\/pages"}],"about":[{"href":"https:\/\/persoclo.fr\/en\/wp-json\/wp\/v2\/types\/page"}],"author":[{"embeddable":true,"href":"https:\/\/persoclo.fr\/en\/wp-json\/wp\/v2\/users\/91"}],"replies":[{"embeddable":true,"href":"https:\/\/persoclo.fr\/en\/wp-json\/wp\/v2\/comments?post=24046"}],"version-history":[{"count":7,"href":"https:\/\/persoclo.fr\/en\/wp-json\/wp\/v2\/pages\/24046\/revisions"}],"predecessor-version":[{"id":24082,"href":"https:\/\/persoclo.fr\/en\/wp-json\/wp\/v2\/pages\/24046\/revisions\/24082"}],"wp:attachment":[{"href":"https:\/\/persoclo.fr\/en\/wp-json\/wp\/v2\/media?parent=24046"}],"curies":[{"name":"wp","href":"https:\/\/api.w.org\/{rel}","templated":true}]}}