{"id":23958,"date":"2021-01-03T19:53:42","date_gmt":"2021-01-03T18:53:42","guid":{"rendered":"https:\/\/persoclo.fr\/?page_id=23958"},"modified":"2021-01-04T07:21:51","modified_gmt":"2021-01-04T06:21:51","slug":"artn-wood","status":"publish","type":"page","link":"https:\/\/persoclo.fr\/en\/artn-wood\/","title":{"rendered":"Art&#8217;n Wood"},"content":{"rendered":"<div id=\"pl-23958\"  class=\"panel-layout\" ><div id=\"pg-23958-0\"  class=\"panel-grid panel-has-style\" ><div class=\"panel-row-style panel-row-style-for-23958-0\" ><div id=\"pgc-23958-0-0\"  class=\"panel-grid-cell\" ><div id=\"panel-23958-0-0-0\" class=\"so-panel widget widget_sow-editor panel-first-child\" data-index=\"0\" ><div\n\t\t\t\n\t\t\tclass=\"so-widget-sow-editor so-widget-sow-editor-base\"\n\t\t\t\n\t\t>\n<div class=\"siteorigin-widget-tinymce textwidget\">\n\t<p style=\"text-align: center;\"><span style=\"font-size: 14pt;\"><strong>Bijoux-Cr\u00e9er-Personnaliser<\/strong><\/span><\/p>\n<p><img loading=\"lazy\" decoding=\"async\" class=\"aligncenter wp-image-23977 \" src=\"https:\/\/persoclo.fr\/wp-content\/uploads\/2021\/01\/Art-n-Wood-bijoux-sculptures.jpg\" alt=\"\" width=\"178\" height=\"182\" \/><\/p>\n<p><img loading=\"lazy\" decoding=\"async\" class=\"aligncenter size-full wp-image-23510\" src=\"https:\/\/persoclo.fr\/wp-content\/uploads\/2020\/12\/dqsfsd.png\" alt=\"\" width=\"402\" height=\"28\" srcset=\"https:\/\/persoclo.fr\/wp-content\/uploads\/2020\/12\/dqsfsd.png 402w, https:\/\/persoclo.fr\/wp-content\/uploads\/2020\/12\/dqsfsd-400x28.png 400w, https:\/\/persoclo.fr\/wp-content\/uploads\/2020\/12\/dqsfsd-300x21.png 300w\" sizes=\"auto, (max-width: 402px) 100vw, 402px\" \/><\/p>\n<p style=\"text-align: center;\"><strong><span style=\"font-size: 14pt;\">Transformez vos photos, dessins, logo en des cr\u00e9ations uniques!<\/span><\/strong><\/p>\n<p style=\"text-align: center;\"><span style=\"font-size: 14pt;\">De la personnalisation d'un objet, pr\u00e9sent\u00e9 dans la boutique, \u00e0 la v\u00e9ritable cr\u00e9ation sur-mesure, je mets \u00e0 votre disposition mes comp\u00e9tences de sculpteur \u00e0 fa\u00e7on et d'artisan cr\u00e9ateur pour donner vie \u00e0 vos d\u00e9sirs. <\/span><\/p>\n<p style=\"text-align: center;\"><span style=\"font-size: 14pt;\">Bijoux, sculptures, portraits, cadeaux d'art, produits d\u00e9riv\u00e9s du Patrimoine Culturel ou objets publicitaires, j'\u00e9tudie avec vous la faisabilit\u00e9 de votre projet et vous accompagne tout au long du processus de r\u00e9alisation.<\/span><\/p>\n<p style=\"text-align: center;\"><span style=\"font-size: 14pt;\">Particulier, entreprise, boutique de mus\u00e9e, Office de Tourisme, association, ... vous avez un projet, une id\u00e9e de bijou, de pin's ou d'insigne, de sculpture, de cadeau d'art ou d'entreprise... ou envisagez de la mise au point d'une gamme de produits d\u00e9riv\u00e9s?<\/span><\/p>\n<p style=\"text-align: center;\"><span style=\"font-size: 14pt;\">Vous pouvez m'envoyer un courriel avec une photo, un dessin, un croquis, quelques mots d\u00e9crivant ce que vous souhaitez, quel que soit l'\u00e9tat d'avancement de votre projet. Nous \u00e9tudierons ensemble sa r\u00e9alisation.\u00a0\u00a0<\/span><\/p>\n<p><span style=\"color: #ffffff;\">CRPRS1 CRPRS2 pp56<\/span><\/p>\n<p style=\"text-align: center;\">\n<\/div>\n<\/div><\/div><div id=\"panel-23958-0-0-1\" class=\"so-panel widget widget_sow-editor panel-last-child\" data-index=\"1\" ><div\n\t\t\t\n\t\t\tclass=\"so-widget-sow-editor so-widget-sow-editor-base\"\n\t\t\t\n\t\t>\n<div class=\"siteorigin-widget-tinymce textwidget\">\n\t<p><img loading=\"lazy\" decoding=\"async\" class=\"aligncenter wp-image-22785\" src=\"https:\/\/persoclo.fr\/wp-content\/uploads\/2020\/09\/Icone-realisation.png\" alt=\"\" width=\"280\" height=\"80\" srcset=\"https:\/\/persoclo.fr\/wp-content\/uploads\/2020\/09\/Icone-realisation.png 395w, https:\/\/persoclo.fr\/wp-content\/uploads\/2020\/09\/Icone-realisation-300x86.png 300w\" sizes=\"auto, (max-width: 280px) 100vw, 280px\" \/><\/p>\n<div id='gallery-1' class='gallery galleryid-23958 gallery-columns-3 gallery-size-thumbnail'><figure class='gallery-item'>\n\t\t\t<div class='gallery-icon portrait'>\n\t\t\t\t<img loading=\"lazy\" decoding=\"async\" width=\"150\" height=\"150\" src=\"https:\/\/persoclo.fr\/wp-content\/uploads\/2021\/01\/bijou-pendentif-personnalise-photo-gravee-l-Art-n-Wood-150x150.jpg\" class=\"attachment-thumbnail size-thumbnail\" alt=\"\" srcset=\"https:\/\/persoclo.fr\/wp-content\/uploads\/2021\/01\/bijou-pendentif-personnalise-photo-gravee-l-Art-n-Wood-150x150.jpg 150w, https:\/\/persoclo.fr\/wp-content\/uploads\/2021\/01\/bijou-pendentif-personnalise-photo-gravee-l-Art-n-Wood-100x100.jpg 100w\" sizes=\"auto, (max-width: 150px) 100vw, 150px\" \/>\n\t\t\t<\/div><\/figure><figure class='gallery-item'>\n\t\t\t<div class='gallery-icon portrait'>\n\t\t\t\t<img loading=\"lazy\" decoding=\"async\" width=\"150\" height=\"150\" src=\"https:\/\/persoclo.fr\/wp-content\/uploads\/2021\/01\/bijou-portrait-ivoire-vegetal-colore-personnalise-220-150x150.jpg\" class=\"attachment-thumbnail size-thumbnail\" alt=\"\" srcset=\"https:\/\/persoclo.fr\/wp-content\/uploads\/2021\/01\/bijou-portrait-ivoire-vegetal-colore-personnalise-220-150x150.jpg 150w, https:\/\/persoclo.fr\/wp-content\/uploads\/2021\/01\/bijou-portrait-ivoire-vegetal-colore-personnalise-220-100x100.jpg 100w\" sizes=\"auto, (max-width: 150px) 100vw, 150px\" \/>\n\t\t\t<\/div><\/figure><figure class='gallery-item'>\n\t\t\t<div class='gallery-icon portrait'>\n\t\t\t\t<img loading=\"lazy\" decoding=\"async\" width=\"150\" height=\"150\" src=\"https:\/\/persoclo.fr\/wp-content\/uploads\/2021\/01\/porte-cle-corse-stilla-corsica-bronze-Art-n-Wood-150x150.jpg\" class=\"attachment-thumbnail size-thumbnail\" alt=\"\" srcset=\"https:\/\/persoclo.fr\/wp-content\/uploads\/2021\/01\/porte-cle-corse-stilla-corsica-bronze-Art-n-Wood-150x150.jpg 150w, https:\/\/persoclo.fr\/wp-content\/uploads\/2021\/01\/porte-cle-corse-stilla-corsica-bronze-Art-n-Wood-400x400.jpg 400w, https:\/\/persoclo.fr\/wp-content\/uploads\/2021\/01\/porte-cle-corse-stilla-corsica-bronze-Art-n-Wood-100x100.jpg 100w\" sizes=\"auto, (max-width: 150px) 100vw, 150px\" \/>\n\t\t\t<\/div><\/figure><figure class='gallery-item'>\n\t\t\t<div class='gallery-icon portrait'>\n\t\t\t\t<img loading=\"lazy\" decoding=\"async\" width=\"150\" height=\"150\" src=\"https:\/\/persoclo.fr\/wp-content\/uploads\/2021\/01\/Sculpture-foot-ASSE-St-Etienne-Art-n-Wood-150x150.jpg\" class=\"attachment-thumbnail size-thumbnail\" alt=\"\" srcset=\"https:\/\/persoclo.fr\/wp-content\/uploads\/2021\/01\/Sculpture-foot-ASSE-St-Etienne-Art-n-Wood-150x150.jpg 150w, https:\/\/persoclo.fr\/wp-content\/uploads\/2021\/01\/Sculpture-foot-ASSE-St-Etienne-Art-n-Wood-400x400.jpg 400w, https:\/\/persoclo.fr\/wp-content\/uploads\/2021\/01\/Sculpture-foot-ASSE-St-Etienne-Art-n-Wood-100x100.jpg 100w\" sizes=\"auto, (max-width: 150px) 100vw, 150px\" \/>\n\t\t\t<\/div><\/figure><figure class='gallery-item'>\n\t\t\t<div class='gallery-icon portrait'>\n\t\t\t\t<img loading=\"lazy\" decoding=\"async\" width=\"150\" height=\"150\" src=\"https:\/\/persoclo.fr\/wp-content\/uploads\/2021\/01\/bijou-de-sac-pirate-noir-150x150.jpg\" class=\"attachment-thumbnail size-thumbnail\" alt=\"\" srcset=\"https:\/\/persoclo.fr\/wp-content\/uploads\/2021\/01\/bijou-de-sac-pirate-noir-150x150.jpg 150w, https:\/\/persoclo.fr\/wp-content\/uploads\/2021\/01\/bijou-de-sac-pirate-noir-400x400.jpg 400w, https:\/\/persoclo.fr\/wp-content\/uploads\/2021\/01\/bijou-de-sac-pirate-noir-100x100.jpg 100w\" sizes=\"auto, (max-width: 150px) 100vw, 150px\" \/>\n\t\t\t<\/div><\/figure><figure class='gallery-item'>\n\t\t\t<div class='gallery-icon landscape'>\n\t\t\t\t<img loading=\"lazy\" decoding=\"async\" width=\"150\" height=\"150\" src=\"https:\/\/persoclo.fr\/wp-content\/uploads\/2021\/01\/Pendentif-personnalise-lapin-roux-debout-Art-n-Wood-bijoux-150x150.jpg\" class=\"attachment-thumbnail size-thumbnail\" alt=\"\" srcset=\"https:\/\/persoclo.fr\/wp-content\/uploads\/2021\/01\/Pendentif-personnalise-lapin-roux-debout-Art-n-Wood-bijoux-150x150.jpg 150w, https:\/\/persoclo.fr\/wp-content\/uploads\/2021\/01\/Pendentif-personnalise-lapin-roux-debout-Art-n-Wood-bijoux-300x300.jpg 300w, https:\/\/persoclo.fr\/wp-content\/uploads\/2021\/01\/Pendentif-personnalise-lapin-roux-debout-Art-n-Wood-bijoux-400x400.jpg 400w, https:\/\/persoclo.fr\/wp-content\/uploads\/2021\/01\/Pendentif-personnalise-lapin-roux-debout-Art-n-Wood-bijoux-100x100.jpg 100w, https:\/\/persoclo.fr\/wp-content\/uploads\/2021\/01\/Pendentif-personnalise-lapin-roux-debout-Art-n-Wood-bijoux.jpg 506w\" sizes=\"auto, (max-width: 150px) 100vw, 150px\" \/>\n\t\t\t<\/div><\/figure><figure class='gallery-item'>\n\t\t\t<div class='gallery-icon portrait'>\n\t\t\t\t<img loading=\"lazy\" decoding=\"async\" width=\"150\" height=\"150\" src=\"https:\/\/persoclo.fr\/wp-content\/uploads\/2021\/01\/bijou-coeur-ivoire-vegetal-rouge-art-n-wood-150x150.jpg\" class=\"attachment-thumbnail size-thumbnail\" alt=\"\" srcset=\"https:\/\/persoclo.fr\/wp-content\/uploads\/2021\/01\/bijou-coeur-ivoire-vegetal-rouge-art-n-wood-150x150.jpg 150w, https:\/\/persoclo.fr\/wp-content\/uploads\/2021\/01\/bijou-coeur-ivoire-vegetal-rouge-art-n-wood-400x400.jpg 400w, https:\/\/persoclo.fr\/wp-content\/uploads\/2021\/01\/bijou-coeur-ivoire-vegetal-rouge-art-n-wood-100x100.jpg 100w, https:\/\/persoclo.fr\/wp-content\/uploads\/2021\/01\/bijou-coeur-ivoire-vegetal-rouge-art-n-wood.jpg 506w\" sizes=\"auto, (max-width: 150px) 100vw, 150px\" \/>\n\t\t\t<\/div><\/figure><figure class='gallery-item'>\n\t\t\t<div class='gallery-icon landscape'>\n\t\t\t\t<img loading=\"lazy\" decoding=\"async\" width=\"150\" height=\"150\" src=\"https:\/\/persoclo.fr\/wp-content\/uploads\/2021\/01\/Bague-oreille-triskel-gauche-Art-n-Wood-bijoux-150x150.jpg\" class=\"attachment-thumbnail size-thumbnail\" alt=\"\" srcset=\"https:\/\/persoclo.fr\/wp-content\/uploads\/2021\/01\/Bague-oreille-triskel-gauche-Art-n-Wood-bijoux-150x150.jpg 150w, https:\/\/persoclo.fr\/wp-content\/uploads\/2021\/01\/Bague-oreille-triskel-gauche-Art-n-Wood-bijoux-300x300.jpg 300w, https:\/\/persoclo.fr\/wp-content\/uploads\/2021\/01\/Bague-oreille-triskel-gauche-Art-n-Wood-bijoux-400x400.jpg 400w, https:\/\/persoclo.fr\/wp-content\/uploads\/2021\/01\/Bague-oreille-triskel-gauche-Art-n-Wood-bijoux-100x100.jpg 100w, https:\/\/persoclo.fr\/wp-content\/uploads\/2021\/01\/Bague-oreille-triskel-gauche-Art-n-Wood-bijoux.jpg 506w\" sizes=\"auto, (max-width: 150px) 100vw, 150px\" \/>\n\t\t\t<\/div><\/figure><figure class='gallery-item'>\n\t\t\t<div class='gallery-icon landscape'>\n\t\t\t\t<img loading=\"lazy\" decoding=\"async\" width=\"150\" height=\"150\" src=\"https:\/\/persoclo.fr\/wp-content\/uploads\/2021\/01\/BO-tagua-vert-sapin-Art-n-Wood-150x150.jpg\" class=\"attachment-thumbnail size-thumbnail\" alt=\"\" srcset=\"https:\/\/persoclo.fr\/wp-content\/uploads\/2021\/01\/BO-tagua-vert-sapin-Art-n-Wood-150x150.jpg 150w, https:\/\/persoclo.fr\/wp-content\/uploads\/2021\/01\/BO-tagua-vert-sapin-Art-n-Wood-100x100.jpg 100w, https:\/\/persoclo.fr\/wp-content\/uploads\/2021\/01\/BO-tagua-vert-sapin-Art-n-Wood.jpg 220w\" sizes=\"auto, (max-width: 150px) 100vw, 150px\" \/>\n\t\t\t<\/div><\/figure><figure class='gallery-item'>\n\t\t\t<div class='gallery-icon landscape'>\n\t\t\t\t<img loading=\"lazy\" decoding=\"async\" width=\"150\" height=\"150\" src=\"https:\/\/persoclo.fr\/wp-content\/uploads\/2021\/01\/BO-fil-metal-argente-lapin-Art-n-Wood-bijoux-150x150.jpg\" class=\"attachment-thumbnail size-thumbnail\" alt=\"\" srcset=\"https:\/\/persoclo.fr\/wp-content\/uploads\/2021\/01\/BO-fil-metal-argente-lapin-Art-n-Wood-bijoux-150x150.jpg 150w, https:\/\/persoclo.fr\/wp-content\/uploads\/2021\/01\/BO-fil-metal-argente-lapin-Art-n-Wood-bijoux-300x300.jpg 300w, https:\/\/persoclo.fr\/wp-content\/uploads\/2021\/01\/BO-fil-metal-argente-lapin-Art-n-Wood-bijoux-400x400.jpg 400w, https:\/\/persoclo.fr\/wp-content\/uploads\/2021\/01\/BO-fil-metal-argente-lapin-Art-n-Wood-bijoux-100x100.jpg 100w, https:\/\/persoclo.fr\/wp-content\/uploads\/2021\/01\/BO-fil-metal-argente-lapin-Art-n-Wood-bijoux.jpg 560w\" sizes=\"auto, (max-width: 150px) 100vw, 150px\" \/>\n\t\t\t<\/div><\/figure><figure class='gallery-item'>\n\t\t\t<div class='gallery-icon landscape'>\n\t\t\t\t<img loading=\"lazy\" decoding=\"async\" width=\"150\" height=\"150\" src=\"https:\/\/persoclo.fr\/wp-content\/uploads\/2021\/01\/BO-fil-metal-Noel-lapin-Art-n-Wood-bijoux-150x150.jpg\" class=\"attachment-thumbnail size-thumbnail\" alt=\"\" srcset=\"https:\/\/persoclo.fr\/wp-content\/uploads\/2021\/01\/BO-fil-metal-Noel-lapin-Art-n-Wood-bijoux-150x150.jpg 150w, https:\/\/persoclo.fr\/wp-content\/uploads\/2021\/01\/BO-fil-metal-Noel-lapin-Art-n-Wood-bijoux-300x300.jpg 300w, https:\/\/persoclo.fr\/wp-content\/uploads\/2021\/01\/BO-fil-metal-Noel-lapin-Art-n-Wood-bijoux-400x400.jpg 400w, https:\/\/persoclo.fr\/wp-content\/uploads\/2021\/01\/BO-fil-metal-Noel-lapin-Art-n-Wood-bijoux-100x100.jpg 100w, https:\/\/persoclo.fr\/wp-content\/uploads\/2021\/01\/BO-fil-metal-Noel-lapin-Art-n-Wood-bijoux.jpg 560w\" sizes=\"auto, (max-width: 150px) 100vw, 150px\" \/>\n\t\t\t<\/div><\/figure><figure class='gallery-item'>\n\t\t\t<div class='gallery-icon portrait'>\n\t\t\t\t<img loading=\"lazy\" decoding=\"async\" width=\"150\" height=\"150\" src=\"https:\/\/persoclo.fr\/wp-content\/uploads\/2021\/01\/porte-cle-croix-celtique-bois-de-rose-L-Art-n-Wood-150x150.jpg\" class=\"attachment-thumbnail size-thumbnail\" alt=\"\" srcset=\"https:\/\/persoclo.fr\/wp-content\/uploads\/2021\/01\/porte-cle-croix-celtique-bois-de-rose-L-Art-n-Wood-150x150.jpg 150w, https:\/\/persoclo.fr\/wp-content\/uploads\/2021\/01\/porte-cle-croix-celtique-bois-de-rose-L-Art-n-Wood-100x100.jpg 100w\" sizes=\"auto, (max-width: 150px) 100vw, 150px\" \/>\n\t\t\t<\/div><\/figure><figure class='gallery-item'>\n\t\t\t<div class='gallery-icon portrait'>\n\t\t\t\t<img loading=\"lazy\" decoding=\"async\" width=\"150\" height=\"150\" src=\"https:\/\/persoclo.fr\/wp-content\/uploads\/2021\/01\/pendentif-homme-croix-celtique-bois-de-rose-Art-n-Wood-150x150.jpg\" class=\"attachment-thumbnail size-thumbnail\" alt=\"\" srcset=\"https:\/\/persoclo.fr\/wp-content\/uploads\/2021\/01\/pendentif-homme-croix-celtique-bois-de-rose-Art-n-Wood-150x150.jpg 150w, https:\/\/persoclo.fr\/wp-content\/uploads\/2021\/01\/pendentif-homme-croix-celtique-bois-de-rose-Art-n-Wood-400x400.jpg 400w, https:\/\/persoclo.fr\/wp-content\/uploads\/2021\/01\/pendentif-homme-croix-celtique-bois-de-rose-Art-n-Wood-100x100.jpg 100w\" sizes=\"auto, (max-width: 150px) 100vw, 150px\" \/>\n\t\t\t<\/div><\/figure><figure class='gallery-item'>\n\t\t\t<div class='gallery-icon portrait'>\n\t\t\t\t<img loading=\"lazy\" decoding=\"async\" width=\"150\" height=\"150\" src=\"https:\/\/persoclo.fr\/wp-content\/uploads\/2021\/01\/bijou-croix-celtique-bois-de-rose-Art-n-Wood-150x150.jpg\" class=\"attachment-thumbnail size-thumbnail\" alt=\"\" srcset=\"https:\/\/persoclo.fr\/wp-content\/uploads\/2021\/01\/bijou-croix-celtique-bois-de-rose-Art-n-Wood-150x150.jpg 150w, https:\/\/persoclo.fr\/wp-content\/uploads\/2021\/01\/bijou-croix-celtique-bois-de-rose-Art-n-Wood-400x400.jpg 400w, https:\/\/persoclo.fr\/wp-content\/uploads\/2021\/01\/bijou-croix-celtique-bois-de-rose-Art-n-Wood-100x100.jpg 100w\" sizes=\"auto, (max-width: 150px) 100vw, 150px\" \/>\n\t\t\t<\/div><\/figure><figure class='gallery-item'>\n\t\t\t<div class='gallery-icon portrait'>\n\t\t\t\t<img loading=\"lazy\" decoding=\"async\" width=\"150\" height=\"150\" src=\"https:\/\/persoclo.fr\/wp-content\/uploads\/2021\/01\/bijou-lithophanie-portrait-sculpte-personnalise-220-Art-n-Wood-150x150.jpg\" class=\"attachment-thumbnail size-thumbnail\" alt=\"\" srcset=\"https:\/\/persoclo.fr\/wp-content\/uploads\/2021\/01\/bijou-lithophanie-portrait-sculpte-personnalise-220-Art-n-Wood-150x150.jpg 150w, https:\/\/persoclo.fr\/wp-content\/uploads\/2021\/01\/bijou-lithophanie-portrait-sculpte-personnalise-220-Art-n-Wood-100x100.jpg 100w\" sizes=\"auto, (max-width: 150px) 100vw, 150px\" \/>\n\t\t\t<\/div><\/figure><figure class='gallery-item'>\n\t\t\t<div class='gallery-icon landscape'>\n\t\t\t\t<img loading=\"lazy\" decoding=\"async\" width=\"150\" height=\"150\" src=\"https:\/\/persoclo.fr\/wp-content\/uploads\/2021\/01\/pendentif-portrait-chien-Art-n-Wood-bijoux-150x150.jpg\" class=\"attachment-thumbnail size-thumbnail\" alt=\"\" srcset=\"https:\/\/persoclo.fr\/wp-content\/uploads\/2021\/01\/pendentif-portrait-chien-Art-n-Wood-bijoux-150x150.jpg 150w, https:\/\/persoclo.fr\/wp-content\/uploads\/2021\/01\/pendentif-portrait-chien-Art-n-Wood-bijoux-300x300.jpg 300w, https:\/\/persoclo.fr\/wp-content\/uploads\/2021\/01\/pendentif-portrait-chien-Art-n-Wood-bijoux-400x400.jpg 400w, https:\/\/persoclo.fr\/wp-content\/uploads\/2021\/01\/pendentif-portrait-chien-Art-n-Wood-bijoux-100x100.jpg 100w, https:\/\/persoclo.fr\/wp-content\/uploads\/2021\/01\/pendentif-portrait-chien-Art-n-Wood-bijoux.jpg 506w\" sizes=\"auto, (max-width: 150px) 100vw, 150px\" \/>\n\t\t\t<\/div><\/figure><figure class='gallery-item'>\n\t\t\t<div class='gallery-icon landscape'>\n\t\t\t\t<img loading=\"lazy\" decoding=\"async\" width=\"150\" height=\"150\" src=\"https:\/\/persoclo.fr\/wp-content\/uploads\/2021\/01\/lithophanie-tagua-face-Art-n-Wood-bijoux-150x150.jpg\" class=\"attachment-thumbnail size-thumbnail\" alt=\"\" srcset=\"https:\/\/persoclo.fr\/wp-content\/uploads\/2021\/01\/lithophanie-tagua-face-Art-n-Wood-bijoux-150x150.jpg 150w, https:\/\/persoclo.fr\/wp-content\/uploads\/2021\/01\/lithophanie-tagua-face-Art-n-Wood-bijoux-300x300.jpg 300w, https:\/\/persoclo.fr\/wp-content\/uploads\/2021\/01\/lithophanie-tagua-face-Art-n-Wood-bijoux-400x400.jpg 400w, https:\/\/persoclo.fr\/wp-content\/uploads\/2021\/01\/lithophanie-tagua-face-Art-n-Wood-bijoux-100x100.jpg 100w, https:\/\/persoclo.fr\/wp-content\/uploads\/2021\/01\/lithophanie-tagua-face-Art-n-Wood-bijoux.jpg 506w\" sizes=\"auto, (max-width: 150px) 100vw, 150px\" \/>\n\t\t\t<\/div><\/figure>\n\t\t<\/div>\n\n<\/div>\n<\/div><\/div><\/div><\/div><\/div><div id=\"pg-23958-1\"  class=\"panel-grid panel-has-style\" ><div class=\"panel-row-style panel-row-style-for-23958-1\" ><div id=\"pgc-23958-1-0\"  class=\"panel-grid-cell\" ><div class='the_champ_counter_container the_champ_horizontal_counter'><div id=\"panel-23958-1-0-0\" class=\"so-panel widget widget_thechamphorizontalcounter panel-first-child\" data-index=\"2\" ><ul class=\"the_champ_sharing_ul\"><li style=\"padding:7.35px 0 !important\" class=\"the_champ_facebook_like\"><div class=\"fb-like\" data-href=\"https:\/\/persoclo.fr\/en\/wp-json\/wp\/v2\/pages\/23958\" data-layout=\"button_count\" data-action=\"like\" data-show-faces=\"false\" data-share=\"false\"><\/div><\/li><\/ul><div style=\"clear:both\"><\/div><\/div><\/div><div id=\"panel-23958-1-0-1\" class=\"so-panel widget widget_sow-editor panel-last-child\" data-index=\"3\" ><div\n\t\t\t\n\t\t\tclass=\"so-widget-sow-editor so-widget-sow-editor-base\"\n\t\t\t\n\t\t>\n<div class=\"siteorigin-widget-tinymce textwidget\">\n\t<div style=\"\" id=\"the_champ_fb_commenting\"><div class=\"fb-comments\" data-href=\"https:\/\/persoclo.fr\/en\/artn-wood\/\" data-numposts=\"0\" data-width=\"100%\" ><\/div><\/div><script type=\"text\/javascript\" src=\"\/\/connect.facebook.net\/en_US\/sdk.js\r\n    \"><\/script><script>FB.init({xfbml:1,version: \"v23.0\"});<\/script>\n<\/div>\n<\/div><\/div><\/div><\/div><\/div><div id=\"pg-23958-2\"  class=\"panel-grid panel-has-style\" ><div class=\"panel-row-style panel-row-style-for-23958-2\" ><div id=\"pgc-23958-2-0\"  class=\"panel-grid-cell\" ><div id=\"panel-23958-2-0-0\" class=\"so-panel widget widget_sow-hero panel-first-child panel-last-child\" data-index=\"4\" ><div\n\t\t\t\n\t\t\tclass=\"so-widget-sow-hero so-widget-sow-hero-default-6e283e92799f-23958 so-widget-fittext-wrapper\"\n\t\t\t data-fit-text-compressor=\"0.85\"\n\t\t>\t\t\t\t<div class=\"sow-slider-base\" style=\"display: none\" tabindex=\"0\">\n\t\t\t\t\t<ul\n\t\t\t\t\tclass=\"sow-slider-images\"\n\t\t\t\t\tdata-settings=\"{&quot;pagination&quot;:true,&quot;speed&quot;:800,&quot;timeout&quot;:8000,&quot;paused&quot;:false,&quot;pause_on_hover&quot;:false,&quot;swipe&quot;:true,&quot;nav_always_show_desktop&quot;:&quot;&quot;,&quot;nav_always_show_mobile&quot;:&quot;&quot;,&quot;breakpoint&quot;:&quot;780px&quot;,&quot;unmute&quot;:false,&quot;anchor&quot;:null}\"\n\t\t\t\t\t\t\t\t\t\tdata-anchor-id=\"\"\n\t\t\t\t>\t\t<li class=\"sow-slider-image  sow-slider-image-cover\" style=\"visibility: visible;;background-color: #ffffff;background-image: url(https:\/\/persoclo.fr\/wp-content\/uploads\/2020\/05\/RUE.png)\" >\n\t\t\t\t\t<div class=\"sow-slider-image-container\">\n\t\t\t<div class=\"sow-slider-image-wrapper\">\n\t\t\t\t<h2 style=\"text-align: center\"><img loading=\"lazy\" decoding=\"async\" class=\"aligncenter size-full wp-image-23510\" src=\"https:\/\/persoclo.fr\/wp-content\/uploads\/2020\/12\/dqsfsd.png\" alt=\"\" width=\"402\" height=\"28\" srcset=\"https:\/\/persoclo.fr\/wp-content\/uploads\/2020\/12\/dqsfsd.png 402w, https:\/\/persoclo.fr\/wp-content\/uploads\/2020\/12\/dqsfsd-400x28.png 400w, https:\/\/persoclo.fr\/wp-content\/uploads\/2020\/12\/dqsfsd-300x21.png 300w\" sizes=\"auto, (max-width: 402px) 100vw, 402px\" \/><\/h2>\n<h2 style=\"text-align: center\"><span style=\"color: #ffffff\"><strong>Je choisis cet artisan<\/strong><\/span><\/h2>\n<div class=\"sow-hero-buttons\" style=\"text-align: center\"><div\n\t\t\t\n\t\t\tclass=\"so-widget-sow-button so-widget-sow-button-wire-404db8f96430\"\n\t\t\t\n\t\t><div class=\"ow-button-base ow-button-align-center\"\n>\n\t\t\t<a\n\t\t\t\t\thref=\"https:\/\/couture-bastyla.fr\/\"\n\t\t\t\t\tclass=\"sowb-button ow-icon-placement-left ow-button-hover\" target=\"_blank\" rel=\"noopener noreferrer\" \t>\n\t\t<span>\n\t\t\t\n\t\t\tSite Internet\t\t<\/span>\n\t\t\t<\/a>\n\t<\/div>\n<\/div><div\n\t\t\t\n\t\t\tclass=\"so-widget-sow-button so-widget-sow-button-wire-580ba8438cf1\"\n\t\t\t\n\t\t><div class=\"ow-button-base ow-button-align-center\"\n>\n\t\t\t<a\n\t\t\t\t\thref=\"https:\/\/www.google.com\/maps\/place\/24+Rue+des+Buissons,+68350+Brunstatt-Didenheim\/data=!4m2!3m1!1s0x47919afc1c988b1b:0x14ce55de60f1c4ec?sa=X&#038;ved=2ahUKEwjYvKKJqIDuAhWmAWMBHapNAi0Q8gEwAHoECAMQAQ\"\n\t\t\t\t\tclass=\"sowb-button ow-icon-placement-left ow-button-hover\" target=\"_blank\" rel=\"noopener noreferrer\" \t>\n\t\t<span>\n\t\t\t\n\t\t\tAdresse\t\t<\/span>\n\t\t\t<\/a>\n\t<\/div>\n<\/div><\/div>\n<p><img loading=\"lazy\" decoding=\"async\" class=\"aligncenter size-full wp-image-23510\" src=\"https:\/\/persoclo.fr\/wp-content\/uploads\/2020\/12\/dqsfsd.png\" alt=\"\" width=\"402\" height=\"28\" srcset=\"https:\/\/persoclo.fr\/wp-content\/uploads\/2020\/12\/dqsfsd.png 402w, https:\/\/persoclo.fr\/wp-content\/uploads\/2020\/12\/dqsfsd-400x28.png 400w, https:\/\/persoclo.fr\/wp-content\/uploads\/2020\/12\/dqsfsd-300x21.png 300w\" sizes=\"auto, (max-width: 402px) 100vw, 402px\" \/><\/p>\n\t\t\t<\/div>\n\t\t<\/div>\n\t\t\t\t<\/li>\n\t\t<\/ul>\t\t\t\t<ol class=\"sow-slider-pagination\">\n\t\t\t\t\t\t\t\t\t\t\t<li><a href=\"#\" data-goto=\"0\" aria-label=\"Display slide 1\"><\/a><\/li>\n\t\t\t\t\t\t\t\t\t<\/ol>\n\n\t\t\t\t<div class=\"sow-slide-nav sow-slide-nav-next\">\n\t\t\t\t\t<a href=\"#\" data-goto=\"next\" aria-label=\"Next slide\" data-action=\"next\">\n\t\t\t\t\t\t<em class=\"sow-sld-icon-thin-right\"><\/em>\n\t\t\t\t\t<\/a>\n\t\t\t\t<\/div>\n\n\t\t\t\t<div class=\"sow-slide-nav sow-slide-nav-prev\">\n\t\t\t\t\t<a href=\"#\" data-goto=\"previous\" aria-label=\"Previous slide\" data-action=\"prev\">\n\t\t\t\t\t\t<em class=\"sow-sld-icon-thin-left\"><\/em>\n\t\t\t\t\t<\/a>\n\t\t\t\t<\/div>\n\t\t\t\t<\/div><\/div><\/div><\/div><\/div><\/div><\/div>","protected":false},"excerpt":{"rendered":"<p>Bijoux-Cr\u00e9er-Personnaliser Transformez vos photos, dessins, logo en des cr\u00e9ations uniques! De la personnalisation d&#8217;un objet, pr\u00e9sent\u00e9 dans la boutique, \u00e0 la v\u00e9ritable cr\u00e9ation sur-mesure, je mets \u00e0 votre disposition mes [&hellip;]<\/p>\n","protected":false},"author":91,"featured_media":0,"parent":0,"menu_order":0,"comment_status":"closed","ping_status":"closed","template":"template-full-width.php","meta":{"footnotes":""},"class_list":["post-23958","page","type-page","status-publish","hentry"],"translation":{"provider":"WPGlobus","version":"3.0.2","language":"en","enabled_languages":["fr","en"],"languages":{"fr":{"title":true,"content":true,"excerpt":false},"en":{"title":false,"content":false,"excerpt":false}}},"aioseo_notices":[],"_links":{"self":[{"href":"https:\/\/persoclo.fr\/en\/wp-json\/wp\/v2\/pages\/23958","targetHints":{"allow":["GET"]}}],"collection":[{"href":"https:\/\/persoclo.fr\/en\/wp-json\/wp\/v2\/pages"}],"about":[{"href":"https:\/\/persoclo.fr\/en\/wp-json\/wp\/v2\/types\/page"}],"author":[{"embeddable":true,"href":"https:\/\/persoclo.fr\/en\/wp-json\/wp\/v2\/users\/91"}],"replies":[{"embeddable":true,"href":"https:\/\/persoclo.fr\/en\/wp-json\/wp\/v2\/comments?post=23958"}],"version-history":[{"count":11,"href":"https:\/\/persoclo.fr\/en\/wp-json\/wp\/v2\/pages\/23958\/revisions"}],"predecessor-version":[{"id":23966,"href":"https:\/\/persoclo.fr\/en\/wp-json\/wp\/v2\/pages\/23958\/revisions\/23966"}],"wp:attachment":[{"href":"https:\/\/persoclo.fr\/en\/wp-json\/wp\/v2\/media?parent=23958"}],"curies":[{"name":"wp","href":"https:\/\/api.w.org\/{rel}","templated":true}]}}