{"id":23881,"date":"2021-01-02T07:02:32","date_gmt":"2021-01-02T06:02:32","guid":{"rendered":"https:\/\/persoclo.fr\/?page_id=23881"},"modified":"2021-02-14T19:41:32","modified_gmt":"2021-02-14T18:41:32","slug":"ateliers-orme","status":"publish","type":"page","link":"https:\/\/persoclo.fr\/en\/ateliers-orme\/","title":{"rendered":"Ateliers ORME"},"content":{"rendered":"<div id=\"pl-23881\"  class=\"panel-layout\"><div id=\"pg-23881-0\"  class=\"panel-grid panel-has-style\"><div class=\"panel-row-style panel-row-style-for-23881-0\"><div id=\"pgc-23881-0-0\"  class=\"panel-grid-cell\"><div id=\"panel-23881-0-0-0\" class=\"so-panel widget widget_sow-editor panel-first-child panel-last-child\" data-index=\"0\"><div\n\t\t\t\n\t\t\tclass=\"so-widget-sow-editor so-widget-sow-editor-base\">\n<div class=\"siteorigin-widget-tinymce textwidget\">\n\t<p style=\"text-align: center;\"><span style=\"font-size: 14pt;\"><strong>Chaussures-<\/strong><b>Cr\u00e9er<\/b><\/span><\/p>\n<p><span style=\"font-size: 14pt;\"><img loading=\"lazy\" decoding=\"async\" class=\"aligncenter wp-image-23893 size-full\" src=\"https:\/\/persoclo.fr\/wp-content\/uploads\/2021\/01\/Capture55.png\" alt=\"\" width=\"210\" height=\"120\" \/><\/span><\/p>\n<p><img loading=\"lazy\" decoding=\"async\" class=\"aligncenter size-full wp-image-23510\" src=\"https:\/\/persoclo.fr\/wp-content\/uploads\/2020\/12\/dqsfsd.png\" alt=\"\" width=\"402\" height=\"28\" srcset=\"https:\/\/persoclo.fr\/wp-content\/uploads\/2020\/12\/dqsfsd.png 402w, https:\/\/persoclo.fr\/wp-content\/uploads\/2020\/12\/dqsfsd-400x28.png 400w, https:\/\/persoclo.fr\/wp-content\/uploads\/2020\/12\/dqsfsd-300x21.png 300w\" sizes=\"auto, (max-width: 402px) 100vw, 402px\" \/><\/p>\n<div id=\"comp-kh21t3ea\" class=\"_1Z_nJ\" data-testid=\"richTextElement\">\n<p class=\"font_2\" style=\"text-align: center;\"><span style=\"font-size: 14pt;\">Une marque responsable qui vous propose une nouvelle fa\u00e7on de voir la mode.<\/span><\/p>\n<h2 class=\"font_2\" style=\"text-align: center;\">Cr\u00e9ez votre paire de chaussures<\/h2>\n<\/div>\n<div id=\"comp-kh21t3eh\" class=\"_1Z_nJ\" data-testid=\"richTextElement\">\n<p class=\"font_8\" style=\"text-align: center;\"><span style=\"font-size: 14pt;\">Enti\u00e8rement \u00e0 la main et\u00a0100% personnalis\u00e9e!<\/span><\/p>\n<\/div>\n<p><span style=\"font-size: 14pt;\"><\/span><\/p><\/div><\/div><\/div><\/div><\/div><\/div><\/div><p> <a href=\"https:\/\/persoclo.fr\/en\/ateliers-orme\/#more-23881\" class=\"more-link\">Read More<\/a><\/p>","protected":false},"excerpt":{"rendered":"<p>Chaussures-Cr\u00e9er Une marque responsable qui vous propose une nouvelle fa\u00e7on de voir la mode. Cr\u00e9ez votre paire de chaussures Enti\u00e8rement \u00e0 la main et\u00a0100% personnalis\u00e9e! Vous choisirez lors de votre [&hellip;]<\/p>\n","protected":false},"author":91,"featured_media":0,"parent":0,"menu_order":0,"comment_status":"closed","ping_status":"closed","template":"template-full-width.php","meta":{"footnotes":""},"class_list":["post-23881","page","type-page","status-publish","hentry"],"translation":{"provider":"WPGlobus","version":"3.0.2","language":"en","enabled_languages":["fr","en"],"languages":{"fr":{"title":true,"content":true,"excerpt":false},"en":{"title":false,"content":false,"excerpt":false}}},"aioseo_notices":[],"_links":{"self":[{"href":"https:\/\/persoclo.fr\/en\/wp-json\/wp\/v2\/pages\/23881","targetHints":{"allow":["GET"]}}],"collection":[{"href":"https:\/\/persoclo.fr\/en\/wp-json\/wp\/v2\/pages"}],"about":[{"href":"https:\/\/persoclo.fr\/en\/wp-json\/wp\/v2\/types\/page"}],"author":[{"embeddable":true,"href":"https:\/\/persoclo.fr\/en\/wp-json\/wp\/v2\/users\/91"}],"replies":[{"embeddable":true,"href":"https:\/\/persoclo.fr\/en\/wp-json\/wp\/v2\/comments?post=23881"}],"version-history":[{"count":13,"href":"https:\/\/persoclo.fr\/en\/wp-json\/wp\/v2\/pages\/23881\/revisions"}],"predecessor-version":[{"id":23900,"href":"https:\/\/persoclo.fr\/en\/wp-json\/wp\/v2\/pages\/23881\/revisions\/23900"}],"wp:attachment":[{"href":"https:\/\/persoclo.fr\/en\/wp-json\/wp\/v2\/media?parent=23881"}],"curies":[{"name":"wp","href":"https:\/\/api.w.org\/{rel}","templated":true}]}}