{"id":23537,"date":"2020-12-16T20:00:22","date_gmt":"2020-12-16T19:00:22","guid":{"rendered":"https:\/\/persoclo.fr\/?page_id=23537"},"modified":"2020-12-31T19:55:12","modified_gmt":"2020-12-31T18:55:12","slug":"clinique-du-rasoir-electrique","status":"publish","type":"page","link":"https:\/\/persoclo.fr\/en\/clinique-du-rasoir-electrique\/","title":{"rendered":"Clinique du rasoir \u00e9lectrique"},"content":{"rendered":"<div id=\"pl-23537\"  class=\"panel-layout\" ><div id=\"pg-23537-0\"  class=\"panel-grid panel-no-style\" ><div id=\"pgc-23537-0-0\"  class=\"panel-grid-cell\" ><div id=\"panel-23537-0-0-0\" class=\"so-panel widget widget_sow-editor panel-first-child panel-last-child\" data-index=\"0\" ><div\n\t\t\t\n\t\t\tclass=\"so-widget-sow-editor so-widget-sow-editor-base\"\n\t\t\t\n\t\t>\n<div class=\"siteorigin-widget-tinymce textwidget\">\n\t<p style=\"text-align: center;\"><span style=\"font-size: 14pt;\"><strong style=\"text-align: justify;\">Electrom\u00e9nager-R\u00e9parer<\/strong><\/span><\/p>\n<p style=\"text-align: center;\"><span style=\"font-size: 14pt;\"><img loading=\"lazy\" decoding=\"async\" class=\"aligncenter wp-image-23546 \" src=\"https:\/\/persoclo.fr\/wp-content\/uploads\/2020\/12\/IX4SPVZNMC2GJXA6GRLGUFERHM.jpg\" alt=\"\" width=\"208\" height=\"156\" srcset=\"https:\/\/persoclo.fr\/wp-content\/uploads\/2020\/12\/IX4SPVZNMC2GJXA6GRLGUFERHM.jpg 400w, https:\/\/persoclo.fr\/wp-content\/uploads\/2020\/12\/IX4SPVZNMC2GJXA6GRLGUFERHM-300x225.jpg 300w\" sizes=\"(max-width: 208px) 100vw, 208px\" \/><\/span><\/p>\n<p style=\"text-align: center;\"><span style=\"font-size: 14pt;\">Une raret\u00e9, petit atelier \u00e0 l'ambiance poussi\u00e9reuse. On op\u00e8re un retour rapide dans les 50's, pour b\u00e9n\u00e9ficier d'un vrai service de r\u00e9paration imm\u00e9diate propos\u00e9 par un passionn\u00e9.<\/span><\/p>\n<h2 class=\"mb-3 hrc_text--semi-bold\"><span style=\"font-size: 14pt;\">Depuis pr\u00e8s de 60 ans, un petit atelier parisien r\u00e9pare les rasoirs et tondeuses \u00e9lectriques.<\/span><\/h2>\n<\/div>\n<\/div><\/div><\/div><\/div><div id=\"pg-23537-1\"  class=\"panel-grid panel-no-style\" ><div id=\"pgc-23537-1-0\"  class=\"panel-grid-cell\" ><div id=\"panel-23537-1-0-0\" class=\"so-panel widget widget_sow-editor panel-first-child panel-last-child\" data-index=\"1\" ><div\n\t\t\t\n\t\t\tclass=\"so-widget-sow-editor so-widget-sow-editor-base\"\n\t\t\t\n\t\t>\n<div class=\"siteorigin-widget-tinymce textwidget\">\n\t<h3 style=\"text-align: center;\"><img loading=\"lazy\" decoding=\"async\" class=\"aligncenter wp-image-22785\" src=\"https:\/\/persoclo.fr\/wp-content\/uploads\/2020\/09\/Icone-realisation.png\" alt=\"\" width=\"279\" height=\"80\" srcset=\"https:\/\/persoclo.fr\/wp-content\/uploads\/2020\/09\/Icone-realisation.png 395w, https:\/\/persoclo.fr\/wp-content\/uploads\/2020\/09\/Icone-realisation-300x86.png 300w\" sizes=\"(max-width: 279px) 100vw, 279px\" \/><\/h3>\n<p style=\"text-align: center;\">\t\t<div id=\"instagram-gallery-feed-46\" class=\"instagram-gallery-feed\" data-feed=\"{&quot;id&quot;:46,&quot;account_id&quot;:&quot;17841402794725486&quot;,&quot;source&quot;:&quot;tag&quot;,&quot;tag&quot;:&quot;cliniquedurasoirelectrique&quot;,&quot;order_by&quot;:&quot;top_media&quot;,&quot;layout&quot;:&quot;carousel&quot;,&quot;limit&quot;:12,&quot;columns&quot;:3,&quot;lazy&quot;:true,&quot;spacing&quot;:10,&quot;highlight&quot;:{&quot;tag&quot;:&quot;&quot;,&quot;id&quot;:&quot;&quot;,&quot;position&quot;:&quot;&quot;},&quot;reel&quot;:{&quot;hide&quot;:false},&quot;copyright&quot;:{&quot;hide&quot;:false,&quot;placeholder&quot;:&quot;&quot;},&quot;profile&quot;:{&quot;display&quot;:false,&quot;auto&quot;:false,&quot;username&quot;:&quot;&quot;,&quot;nickname&quot;:&quot;&quot;,&quot;website&quot;:&quot;&quot;,&quot;biography&quot;:&quot;&quot;,&quot;link_text&quot;:&quot;Follow&quot;,&quot;website_text&quot;:&quot;Website&quot;,&quot;avatar&quot;:&quot;&quot;},&quot;box&quot;:{&quot;display&quot;:false,&quot;padding&quot;:1,&quot;radius&quot;:0,&quot;background&quot;:&quot;#fefefe&quot;,&quot;profile&quot;:false,&quot;desc&quot;:&quot;&quot;,&quot;text_color&quot;:&quot;#000000&quot;},&quot;mask&quot;:{&quot;display&quot;:true,&quot;background&quot;:&quot;#000000&quot;,&quot;likes_count&quot;:true,&quot;comments_count&quot;:true},&quot;card&quot;:{&quot;display&quot;:false,&quot;radius&quot;:1,&quot;font_size&quot;:12,&quot;background&quot;:&quot;#ffffff&quot;,&quot;background_hover&quot;:&quot;#ffffff&quot;,&quot;text_color&quot;:&quot;#000000&quot;,&quot;padding&quot;:5,&quot;likes_count&quot;:true,&quot;text_length&quot;:10,&quot;comments_count&quot;:true,&quot;text_align&quot;:&quot;left&quot;},&quot;carousel&quot;:{&quot;slidespv&quot;:4,&quot;centered_slides&quot;:false,&quot;autoplay&quot;:true,&quot;autoplay_interval&quot;:3000,&quot;navarrows&quot;:true,&quot;navarrows_color&quot;:&quot;&quot;,&quot;pagination&quot;:true,&quot;pagination_color&quot;:&quot;&quot;},&quot;modal&quot;:{&quot;display&quot;:true,&quot;profile&quot;:false,&quot;media_description&quot;:true,&quot;likes_count&quot;:true,&quot;comments_count&quot;:true,&quot;text_align&quot;:&quot;left&quot;,&quot;modal_align&quot;:&quot;right&quot;,&quot;text_length&quot;:10000,&quot;font_size&quot;:12},&quot;button&quot;:{&quot;display&quot;:false,&quot;text&quot;:&quot;View on Instagram&quot;,&quot;text_color&quot;:&quot;#ffff&quot;,&quot;background&quot;:&quot;&quot;,&quot;background_hover&quot;:&quot;&quot;},&quot;button_load&quot;:{&quot;display&quot;:false,&quot;text&quot;:&quot;Load more...&quot;,&quot;text_color&quot;:&quot;#ffff&quot;,&quot;background&quot;:&quot;&quot;,&quot;background_hover&quot;:&quot;&quot;}}\">\n\t\t<!-- <FeedContainer\/> -->\n\t\t<\/div>\n\t\t<\/p>\n<\/div>\n<\/div><\/div><\/div><\/div><div id=\"pg-23537-2\"  class=\"panel-grid panel-has-style\" ><div class=\"panel-row-style panel-row-style-for-23537-2\" ><div id=\"pgc-23537-2-0\"  class=\"panel-grid-cell\" ><div class='the_champ_counter_container the_champ_horizontal_counter'><div id=\"panel-23537-2-0-0\" class=\"so-panel widget widget_thechamphorizontalcounter panel-first-child\" data-index=\"2\" ><ul class=\"the_champ_sharing_ul\"><li style=\"padding:7.35px 0 !important\" class=\"the_champ_facebook_like\"><div class=\"fb-like\" data-href=\"https:\/\/persoclo.fr\/en\/wp-json\/wp\/v2\/pages\/23537\" data-layout=\"button_count\" data-action=\"like\" data-show-faces=\"false\" data-share=\"false\"><\/div><\/li><\/ul><div style=\"clear:both\"><\/div><\/div><\/div><div id=\"panel-23537-2-0-1\" class=\"so-panel widget widget_sow-editor panel-last-child\" data-index=\"3\" ><div\n\t\t\t\n\t\t\tclass=\"so-widget-sow-editor so-widget-sow-editor-base\"\n\t\t\t\n\t\t>\n<div class=\"siteorigin-widget-tinymce textwidget\">\n\t<div style=\"\" id=\"the_champ_fb_commenting\"><div class=\"fb-comments\" data-href=\"https:\/\/persoclo.fr\/en\/clinique-du-rasoir-electrique\/\" data-numposts=\"0\" data-width=\"100%\" ><\/div><\/div><script type=\"text\/javascript\" src=\"\/\/connect.facebook.net\/en_US\/sdk.js\r\n    \"><\/script><script>FB.init({xfbml:1,version: \"v20.0\"});<\/script>\n<\/div>\n<\/div><\/div><\/div><\/div><\/div><div id=\"pg-23537-3\"  class=\"panel-grid panel-no-style\" ><div id=\"pgc-23537-3-0\"  class=\"panel-grid-cell\" ><div id=\"panel-23537-3-0-0\" class=\"so-panel widget widget_sow-editor panel-first-child panel-last-child\" data-index=\"4\" ><div\n\t\t\t\n\t\t\tclass=\"so-widget-sow-editor so-widget-sow-editor-base\"\n\t\t\t\n\t\t>\n<div class=\"siteorigin-widget-tinymce textwidget\">\n\t<h2 style=\"text-align: center;\">============<\/h2>\n<h2 style=\"text-align: center;\"><strong>Je choisis cet artisan<\/strong><\/h2>\n<\/div>\n<\/div><\/div><\/div><\/div><div id=\"pg-23537-4\"  class=\"panel-grid panel-has-style\" ><div class=\"panel-row-style panel-row-style-for-23537-4\" ><div id=\"pgc-23537-4-0\"  class=\"panel-grid-cell\" ><div id=\"panel-23537-4-0-0\" class=\"so-panel widget widget_sow-accordion panel-first-child panel-last-child\" data-index=\"5\" ><div\n\t\t\t\n\t\t\tclass=\"so-widget-sow-accordion so-widget-sow-accordion-default-76b98cfa8603-23537\"\n\t\t\t\n\t\t><div>\n\t<div class=\"sow-accordion\">\n\t\t\t<div class=\"sow-accordion-panel\"\n\t\t\t data-anchor-id=\"infos-pratiques\">\n\t\t\t\t<div class=\"sow-accordion-panel-header-container\" role=\"heading\" aria-level=\"2\">\n\t\t\t\t\t<div class=\"sow-accordion-panel-header\" tabindex=\"0\" role=\"button\" id=\"accordion-label-infos-pratiques\" aria-controls=\"accordion-content-infos-pratiques\" aria-expanded=\"false\">\n\t\t\t\t\t\t<div class=\"sow-accordion-title sow-accordion-title-icon-left\">\n\t\t\t\t\t\t\t\t\t\t\t\t\t\tInfos pratiques\t\t\t\t\t\t\t\t\t\t\t\t\t<\/div>\n\t\t\t\t\t\t<div class=\"sow-accordion-open-close-button\">\n\t\t\t\t\t\t\t<div class=\"sow-accordion-open-button\">\n\t\t\t\t\t\t\t\t<span class=\"sow-icon-ionicons\" data-sow-icon=\"&#xf218;\"\n\t\t \n\t\taria-hidden=\"true\"><\/span>\t\t\t\t\t\t\t<\/div>\n\t\t\t\t\t\t\t<div class=\"sow-accordion-close-button\">\n\t\t\t\t\t\t\t\t<span class=\"sow-icon-ionicons\" data-sow-icon=\"&#xf209;\"\n\t\t \n\t\taria-hidden=\"true\"><\/span>\t\t\t\t\t\t\t<\/div>\n\t\t\t\t\t\t<\/div>\n\t\t\t\t\t<\/div>\n\t\t\t\t<\/div>\n\n\t\t\t<div\n\t\t\t\tclass=\"sow-accordion-panel-content\"\n\t\t\t\trole=\"region\"\n\t\t\t\taria-labelledby=\"accordion-label-infos-pratiques\"\n\t\t\t\tid=\"accordion-content-infos-pratiques\"\n\t\t\t\tstyle=\"display: none;\"\t\t\t>\n\t\t\t\t<div class=\"sow-accordion-panel-border\">\n\t\t\t\t\t<p style=\"text-align: center;\"><strong>Clinique du rasoir \u00e9lectrique<\/strong><\/p>\n<p style=\"text-align: center;\"><a class=\"teaser-item black-icon address streetAddress clearfix map-click-zone pj-lb pj-link\" title=\"Ouvrir la carte pour g\u00e9olocaliser ce pro\" href=\"http:\/\/42 rue Roquette, 75011 PARIS\" data-pjsearchctx-sethref=\"\" data-pjstats=\"{&quot;idTag&quot;:&quot;ADRESSE-PRO&quot;,&quot;genreBloc&quot;:&quot;6&quot;,&quot;pjscript&quot;:&quot;tag.click.send({elem:{},level2:{%xtn2},name:'adresse',chapter1:chap_1_clics,chapter2:'teaser',type:'action',customObject:{idrequete:pjstatVars.idRequete||''}});tag.publisher.send({click:{campaignId:'[FD]',creation:'['+type_transac+']',variant:'['+thematique_transac+']',detailedPlacement:'[adresse]',format:'[contact]',advertiserId:'['+clc_contact+']'}});clc_contact+=1;&quot;,&quot;pos&quot;:&quot;0&quot;}\"><span class=\"noTrad\">42 r Roquette<\/span><span class=\"noTrad\">, <\/span><\/a><\/p>\n<p style=\"text-align: center;\"><a class=\"teaser-item black-icon address streetAddress clearfix map-click-zone pj-lb pj-link\" title=\"Ouvrir la carte pour g\u00e9olocaliser ce pro\" href=\"http:\/\/42 rue Roquette, 75011 PARIS\" data-pjsearchctx-sethref=\"\" data-pjstats=\"{&quot;idTag&quot;:&quot;ADRESSE-PRO&quot;,&quot;genreBloc&quot;:&quot;6&quot;,&quot;pjscript&quot;:&quot;tag.click.send({elem:{},level2:{%xtn2},name:'adresse',chapter1:chap_1_clics,chapter2:'teaser',type:'action',customObject:{idrequete:pjstatVars.idRequete||''}});tag.publisher.send({click:{campaignId:'[FD]',creation:'['+type_transac+']',variant:'['+thematique_transac+']',detailedPlacement:'[adresse]',format:'[contact]',advertiserId:'['+clc_contact+']'}});clc_contact+=1;&quot;,&quot;pos&quot;:&quot;0&quot;}\"><span class=\"noTrad\">75011<\/span><span class=\"noTrad\">\u00a0PARIS<\/span><\/a><\/p>\n<p><span style=\"color: #ffffff;\"><b>RepAT123\u00a0<\/b><\/span><\/p>\n\t\t\t\t<\/div>\n\t\t\t<\/div>\n\t\t<\/div>\n\t\t<\/div>\n<\/div>\n<\/div><\/div><\/div><\/div><\/div><\/div>","protected":false},"excerpt":{"rendered":"<p>Electrom\u00e9nager-R\u00e9parer Une raret\u00e9, petit atelier \u00e0 l&#8217;ambiance poussi\u00e9reuse. On op\u00e8re un retour rapide dans les 50&#8217;s, pour b\u00e9n\u00e9ficier d&#8217;un vrai service de r\u00e9paration imm\u00e9diate propos\u00e9 par un passionn\u00e9. Depuis pr\u00e8s [&hellip;]<\/p>\n","protected":false},"author":91,"featured_media":0,"parent":0,"menu_order":0,"comment_status":"closed","ping_status":"closed","template":"template-full-width.php","meta":{"pgc_meta":"","footnotes":""},"class_list":["post-23537","page","type-page","status-publish","hentry"],"translation":{"provider":"WPGlobus","version":"2.12.2","language":"en","enabled_languages":["fr","en"],"languages":{"fr":{"title":true,"content":true,"excerpt":false},"en":{"title":false,"content":false,"excerpt":false}}},"aioseo_notices":[],"pgc_meta":"","_links":{"self":[{"href":"https:\/\/persoclo.fr\/en\/wp-json\/wp\/v2\/pages\/23537"}],"collection":[{"href":"https:\/\/persoclo.fr\/en\/wp-json\/wp\/v2\/pages"}],"about":[{"href":"https:\/\/persoclo.fr\/en\/wp-json\/wp\/v2\/types\/page"}],"author":[{"embeddable":true,"href":"https:\/\/persoclo.fr\/en\/wp-json\/wp\/v2\/users\/91"}],"replies":[{"embeddable":true,"href":"https:\/\/persoclo.fr\/en\/wp-json\/wp\/v2\/comments?post=23537"}],"version-history":[{"count":10,"href":"https:\/\/persoclo.fr\/en\/wp-json\/wp\/v2\/pages\/23537\/revisions"}],"predecessor-version":[{"id":23782,"href":"https:\/\/persoclo.fr\/en\/wp-json\/wp\/v2\/pages\/23537\/revisions\/23782"}],"wp:attachment":[{"href":"https:\/\/persoclo.fr\/en\/wp-json\/wp\/v2\/media?parent=23537"}],"curies":[{"name":"wp","href":"https:\/\/api.w.org\/{rel}","templated":true}]}}