{"id":23255,"date":"2020-11-15T17:17:18","date_gmt":"2020-11-15T16:17:18","guid":{"rendered":"https:\/\/persoclo.fr\/?page_id=23255"},"modified":"2020-12-31T19:53:51","modified_gmt":"2020-12-31T18:53:51","slug":"les-toiles-dm-r","status":"publish","type":"page","link":"https:\/\/persoclo.fr\/en\/les-toiles-dm-r\/","title":{"rendered":"Les Toiles d&#8217;M.R."},"content":{"rendered":"<div id=\"pl-23255\"  class=\"panel-layout\" ><div id=\"pg-23255-0\"  class=\"panel-grid panel-has-style\" ><div class=\"panel-row-style panel-row-style-for-23255-0\" ><div id=\"pgc-23255-0-0\"  class=\"panel-grid-cell\" ><div id=\"panel-23255-0-0-0\" class=\"so-panel widget widget_sow-editor panel-first-child panel-last-child\" data-index=\"0\" ><div\n\t\t\t\n\t\t\tclass=\"so-widget-sow-editor so-widget-sow-editor-base\"\n\t\t\t\n\t\t>\n<div class=\"siteorigin-widget-tinymce textwidget\">\n\t<p style=\"text-align: center;\"><span style=\"font-size: 14pt;\"><strong>Couture-Cr\u00e9er<\/strong><img loading=\"lazy\" decoding=\"async\" class=\"aligncenter wp-image-23227\" src=\"https:\/\/persoclo.fr\/wp-content\/uploads\/2020\/11\/rachel-magnard-remporte-le-trophee-de-l-unacac-et-va-exposer-au-louvre-1545948267-e1605453338561.jpg\" alt=\"\" width=\"106\" height=\"119\" srcset=\"https:\/\/persoclo.fr\/wp-content\/uploads\/2020\/11\/rachel-magnard-remporte-le-trophee-de-l-unacac-et-va-exposer-au-louvre-1545948267-e1605453338561.jpg 618w, https:\/\/persoclo.fr\/wp-content\/uploads\/2020\/11\/rachel-magnard-remporte-le-trophee-de-l-unacac-et-va-exposer-au-louvre-1545948267-e1605453338561-600x670.jpg 600w, https:\/\/persoclo.fr\/wp-content\/uploads\/2020\/11\/rachel-magnard-remporte-le-trophee-de-l-unacac-et-va-exposer-au-louvre-1545948267-e1605453338561-269x300.jpg 269w\" sizes=\"auto, (max-width: 106px) 100vw, 106px\" \/><\/span><\/p>\n<p style=\"text-align: center;\"><span style=\"font-size: 14pt;\">Parce que prendre le temps de vous rencontrer est ma priorit\u00e9, un espace d\u00e9di\u00e9 \u00e0 l'\u00e9coute et \u00e0 la cr\u00e9ation vous ouvre ses portes.<\/span><\/p>\n<p style=\"text-align: center;\"><span style=\"font-size: 14pt;\">Discret ou extravagant, avant-gardiste ou traditionnel, notre premier rendez-vous m'aide \u00e0 cerner votre personnalit\u00e9 et d\u00e9terminera le caract\u00e8re de votre tenue.<\/span><\/p>\n<p style=\"text-align: center;\"><span style=\"font-size: 14pt;\">La cr\u00e9ation sur mesure est une d\u00e9marche de confiance, de relation et de plaisir, entre vous et moi. Je vous propose :<\/span><\/p>\n<p style=\"text-align: center;\"><span style=\"font-size: 14pt;\">de vous \u00e9couter, d'\u00e9changer sur ce que vous aimez ou non <\/span><span style=\"font-size: 14pt;\">de dessiner et vous sugg\u00e9rer le choix des mati\u00e8res<\/span><\/p>\n<p style=\"text-align: center;\"><span style=\"font-size: 14pt;\">de discuter de votre budget et vous proposer des solutions ad\u00e9quates<\/span><\/p>\n<p style=\"text-align: center;\"><span style=\"font-size: 14pt;\">Par d\u00e9finition, votre mod\u00e8le n'existe pas encore et n'existera que pour vous.<\/span><br \/>\n<span style=\"font-size: 14pt;\">Au fil des rendez-vous, je vous propose des croquis, puis l'essayage<\/span><br \/>\n<span style=\"font-size: 14pt;\">de votre toile, le moulage avec votre mati\u00e8re et enfin la d\u00e9couverte de votre tenue.<\/span><\/p>\n<\/div>\n<\/div><\/div><\/div><\/div><\/div><div id=\"pg-23255-1\"  class=\"panel-grid panel-has-style\" ><div class=\"panel-row-style panel-row-style-for-23255-1\" ><div id=\"pgc-23255-1-0\"  class=\"panel-grid-cell\" ><div id=\"panel-23255-1-0-0\" class=\"so-panel widget widget_sow-editor panel-first-child panel-last-child\" data-index=\"1\" ><div\n\t\t\t\n\t\t\tclass=\"so-widget-sow-editor so-widget-sow-editor-base\"\n\t\t\t\n\t\t>\n<div class=\"siteorigin-widget-tinymce textwidget\">\n\t<h3 style=\"text-align: center;\"><img loading=\"lazy\" decoding=\"async\" class=\"aligncenter wp-image-22785\" src=\"https:\/\/persoclo.fr\/wp-content\/uploads\/2020\/09\/Icone-realisation.png\" alt=\"\" width=\"287\" height=\"82\" srcset=\"https:\/\/persoclo.fr\/wp-content\/uploads\/2020\/09\/Icone-realisation.png 395w, https:\/\/persoclo.fr\/wp-content\/uploads\/2020\/09\/Icone-realisation-300x86.png 300w\" sizes=\"auto, (max-width: 287px) 100vw, 287px\" \/><\/h3>\n<p style=\"text-align: center;\"><div id=\"envira-gallery-wrap-23231\" class=\"envira-gallery-wrap envira-gallery-theme-base envira-lightbox-theme-base\" itemscope itemtype=\"https:\/\/schema.org\/ImageGallery\"><div data-row-height=\"\" data-gallery-theme=\"\" id=\"envira-gallery-23231\" class=\"envira-gallery-public  envira-gallery-3-columns envira-clear enviratope envira-gallery-css-animations\" data-envira-columns=\"3\"><div id=\"envira-gallery-item-23242\" class=\"envira-gallery-item enviratope-item envira-gallery-item-1 envira-lazy-load\" style=\"padding-left: 5px; padding-bottom: 10px; padding-right: 5px;\"  itemscope itemtype=\"https:\/\/schema.org\/ImageObject\"><div class=\"envira-gallery-item-inner\"><div class=\"envira-gallery-position-overlay  envira-gallery-top-left\"><\/div><div class=\"envira-gallery-position-overlay  envira-gallery-top-right\"><\/div><div class=\"envira-gallery-position-overlay  envira-gallery-bottom-left\"><\/div><div class=\"envira-gallery-position-overlay  envira-gallery-bottom-right\"><\/div><a href=\"https:\/\/persoclo.fr\/wp-content\/uploads\/2020\/11\/umyhmiok.png\" class=\"envira-gallery-23231 envira-gallery-link\" rel=\"enviragallery23231\" title=\"Magnard Rachel\" data-envira-caption=\"Magnard Rachel\" data-envira-retina=\"\" data-thumbnail=\"\"  itemprop=\"contentUrl\"><div class=\"envira-lazy\" data-test-width=\"640\" data-test-height=\"480\" style=\"padding-bottom:75%;\"><img decoding=\"async\" id=\"envira-gallery-image-23242\" class=\"envira-gallery-image envira-gallery-image-1\" data-envira-index=\"1\" src=\"https:\/\/persoclo.fr\/wp-content\/uploads\/2020\/11\/umyhmiok.png\" data-envira-src=\"https:\/\/persoclo.fr\/wp-content\/uploads\/2020\/11\/umyhmiok.png\" data-envira-gallery-id=\"23231\" data-envira-item-id=\"23242\" data-envira-caption=\"Magnard Rachel\" alt=\"Magnard Rachel\" title=\"Magnard Rachel\"  itemprop=\"thumbnailUrl\" data-envira-srcset=\"https:\/\/persoclo.fr\/wp-content\/uploads\/2020\/11\/umyhmiok.png 400w,https:\/\/persoclo.fr\/wp-content\/uploads\/2020\/11\/umyhmiok.png 2x\" srcset=\"data:image\/gif;base64,R0lGODlhAQABAIAAAP\/\/\/\/\/\/\/yH5BAEKAAEALAAAAAABAAEAAAICTAEAOw==\" \/><\/div><\/a><\/div><\/div><div id=\"envira-gallery-item-23243\" class=\"envira-gallery-item enviratope-item envira-gallery-item-2 envira-lazy-load\" style=\"padding-left: 5px; padding-bottom: 10px; padding-right: 5px;\"  itemscope itemtype=\"https:\/\/schema.org\/ImageObject\"><div class=\"envira-gallery-item-inner\"><div class=\"envira-gallery-position-overlay  envira-gallery-top-left\"><\/div><div class=\"envira-gallery-position-overlay  envira-gallery-top-right\"><\/div><div class=\"envira-gallery-position-overlay  envira-gallery-bottom-left\"><\/div><div class=\"envira-gallery-position-overlay  envira-gallery-bottom-right\"><\/div><a href=\"https:\/\/persoclo.fr\/wp-content\/uploads\/2020\/11\/lkjygyg.png\" class=\"envira-gallery-23231 envira-gallery-link\" rel=\"enviragallery23231\" title=\"Magnard Rachel\" data-envira-caption=\"Magnard Rachel\" data-envira-retina=\"\" data-thumbnail=\"\"  itemprop=\"contentUrl\"><div class=\"envira-lazy\" data-test-width=\"640\" data-test-height=\"480\" style=\"padding-bottom:75%;\"><img decoding=\"async\" id=\"envira-gallery-image-23243\" class=\"envira-gallery-image envira-gallery-image-2\" data-envira-index=\"2\" src=\"https:\/\/persoclo.fr\/wp-content\/uploads\/2020\/11\/lkjygyg.png\" data-envira-src=\"https:\/\/persoclo.fr\/wp-content\/uploads\/2020\/11\/lkjygyg.png\" data-envira-gallery-id=\"23231\" data-envira-item-id=\"23243\" data-envira-caption=\"Magnard Rachel\" alt=\"Magnard Rachel\" title=\"Magnard Rachel\"  itemprop=\"thumbnailUrl\" data-envira-srcset=\"https:\/\/persoclo.fr\/wp-content\/uploads\/2020\/11\/lkjygyg.png 400w,https:\/\/persoclo.fr\/wp-content\/uploads\/2020\/11\/lkjygyg.png 2x\" srcset=\"data:image\/gif;base64,R0lGODlhAQABAIAAAP\/\/\/\/\/\/\/yH5BAEKAAEALAAAAAABAAEAAAICTAEAOw==\" \/><\/div><\/a><\/div><\/div><div id=\"envira-gallery-item-23244\" class=\"envira-gallery-item enviratope-item envira-gallery-item-3 envira-lazy-load\" style=\"padding-left: 5px; padding-bottom: 10px; padding-right: 5px;\"  itemscope itemtype=\"https:\/\/schema.org\/ImageObject\"><div class=\"envira-gallery-item-inner\"><div class=\"envira-gallery-position-overlay  envira-gallery-top-left\"><\/div><div class=\"envira-gallery-position-overlay  envira-gallery-top-right\"><\/div><div class=\"envira-gallery-position-overlay  envira-gallery-bottom-left\"><\/div><div class=\"envira-gallery-position-overlay  envira-gallery-bottom-right\"><\/div><a href=\"https:\/\/persoclo.fr\/wp-content\/uploads\/2020\/11\/uytuy.png\" class=\"envira-gallery-23231 envira-gallery-link\" rel=\"enviragallery23231\" title=\"Magnard Rachel\" data-envira-caption=\"Magnard Rachel\" data-envira-retina=\"\" data-thumbnail=\"\"  itemprop=\"contentUrl\"><div class=\"envira-lazy\" data-test-width=\"640\" data-test-height=\"480\" style=\"padding-bottom:75%;\"><img decoding=\"async\" id=\"envira-gallery-image-23244\" class=\"envira-gallery-image envira-gallery-image-3\" data-envira-index=\"3\" src=\"https:\/\/persoclo.fr\/wp-content\/uploads\/2020\/11\/uytuy.png\" data-envira-src=\"https:\/\/persoclo.fr\/wp-content\/uploads\/2020\/11\/uytuy.png\" data-envira-gallery-id=\"23231\" data-envira-item-id=\"23244\" data-envira-caption=\"Magnard Rachel\" alt=\"Magnard Rachel\" title=\"Magnard Rachel\"  itemprop=\"thumbnailUrl\" data-envira-srcset=\"https:\/\/persoclo.fr\/wp-content\/uploads\/2020\/11\/uytuy.png 400w,https:\/\/persoclo.fr\/wp-content\/uploads\/2020\/11\/uytuy.png 2x\" srcset=\"data:image\/gif;base64,R0lGODlhAQABAIAAAP\/\/\/\/\/\/\/yH5BAEKAAEALAAAAAABAAEAAAICTAEAOw==\" \/><\/div><\/a><\/div><\/div><div id=\"envira-gallery-item-23245\" class=\"envira-gallery-item enviratope-item envira-gallery-item-4 envira-lazy-load\" style=\"padding-left: 5px; padding-bottom: 10px; padding-right: 5px;\"  itemscope itemtype=\"https:\/\/schema.org\/ImageObject\"><div class=\"envira-gallery-item-inner\"><div class=\"envira-gallery-position-overlay  envira-gallery-top-left\"><\/div><div class=\"envira-gallery-position-overlay  envira-gallery-top-right\"><\/div><div class=\"envira-gallery-position-overlay  envira-gallery-bottom-left\"><\/div><div class=\"envira-gallery-position-overlay  envira-gallery-bottom-right\"><\/div><a href=\"https:\/\/persoclo.fr\/wp-content\/uploads\/2020\/11\/gjchg.png\" class=\"envira-gallery-23231 envira-gallery-link\" rel=\"enviragallery23231\" title=\"Magnard Rachel\" data-envira-caption=\"Magnard Rachel\" data-envira-retina=\"\" data-thumbnail=\"\"  itemprop=\"contentUrl\"><div class=\"envira-lazy\" data-test-width=\"640\" data-test-height=\"480\" style=\"padding-bottom:75%;\"><img decoding=\"async\" id=\"envira-gallery-image-23245\" class=\"envira-gallery-image envira-gallery-image-4\" data-envira-index=\"4\" src=\"https:\/\/persoclo.fr\/wp-content\/uploads\/2020\/11\/gjchg.png\" data-envira-src=\"https:\/\/persoclo.fr\/wp-content\/uploads\/2020\/11\/gjchg.png\" data-envira-gallery-id=\"23231\" data-envira-item-id=\"23245\" data-envira-caption=\"Magnard Rachel\" alt=\"Magnard Rachel\" title=\"Magnard Rachel\"  itemprop=\"thumbnailUrl\" data-envira-srcset=\"https:\/\/persoclo.fr\/wp-content\/uploads\/2020\/11\/gjchg.png 400w,https:\/\/persoclo.fr\/wp-content\/uploads\/2020\/11\/gjchg.png 2x\" srcset=\"data:image\/gif;base64,R0lGODlhAQABAIAAAP\/\/\/\/\/\/\/yH5BAEKAAEALAAAAAABAAEAAAICTAEAOw==\" \/><\/div><\/a><\/div><\/div><div id=\"envira-gallery-item-23246\" class=\"envira-gallery-item enviratope-item envira-gallery-item-5 envira-lazy-load\" style=\"padding-left: 5px; padding-bottom: 10px; padding-right: 5px;\"  itemscope itemtype=\"https:\/\/schema.org\/ImageObject\"><div class=\"envira-gallery-item-inner\"><div class=\"envira-gallery-position-overlay  envira-gallery-top-left\"><\/div><div class=\"envira-gallery-position-overlay  envira-gallery-top-right\"><\/div><div class=\"envira-gallery-position-overlay  envira-gallery-bottom-left\"><\/div><div class=\"envira-gallery-position-overlay  envira-gallery-bottom-right\"><\/div><a href=\"https:\/\/persoclo.fr\/wp-content\/uploads\/2020\/11\/yugjg.png\" class=\"envira-gallery-23231 envira-gallery-link\" rel=\"enviragallery23231\" title=\"Magnard Rachel\" data-envira-caption=\"Magnard Rachel\" data-envira-retina=\"\" data-thumbnail=\"\"  itemprop=\"contentUrl\"><div class=\"envira-lazy\" data-test-width=\"640\" data-test-height=\"480\" style=\"padding-bottom:75%;\"><img decoding=\"async\" id=\"envira-gallery-image-23246\" class=\"envira-gallery-image envira-gallery-image-5\" data-envira-index=\"5\" src=\"https:\/\/persoclo.fr\/wp-content\/uploads\/2020\/11\/yugjg.png\" data-envira-src=\"https:\/\/persoclo.fr\/wp-content\/uploads\/2020\/11\/yugjg.png\" data-envira-gallery-id=\"23231\" data-envira-item-id=\"23246\" data-envira-caption=\"Magnard Rachel\" alt=\"Magnard Rachel\" title=\"Magnard Rachel\"  itemprop=\"thumbnailUrl\" data-envira-srcset=\"https:\/\/persoclo.fr\/wp-content\/uploads\/2020\/11\/yugjg.png 400w,https:\/\/persoclo.fr\/wp-content\/uploads\/2020\/11\/yugjg.png 2x\" srcset=\"data:image\/gif;base64,R0lGODlhAQABAIAAAP\/\/\/\/\/\/\/yH5BAEKAAEALAAAAAABAAEAAAICTAEAOw==\" \/><\/div><\/a><\/div><\/div><div id=\"envira-gallery-item-23247\" class=\"envira-gallery-item enviratope-item envira-gallery-item-6 envira-lazy-load\" style=\"padding-left: 5px; padding-bottom: 10px; padding-right: 5px;\"  itemscope itemtype=\"https:\/\/schema.org\/ImageObject\"><div class=\"envira-gallery-item-inner\"><div class=\"envira-gallery-position-overlay  envira-gallery-top-left\"><\/div><div class=\"envira-gallery-position-overlay  envira-gallery-top-right\"><\/div><div class=\"envira-gallery-position-overlay  envira-gallery-bottom-left\"><\/div><div class=\"envira-gallery-position-overlay  envira-gallery-bottom-right\"><\/div><a href=\"https:\/\/persoclo.fr\/wp-content\/uploads\/2020\/11\/hfcf.png\" class=\"envira-gallery-23231 envira-gallery-link\" rel=\"enviragallery23231\" title=\"Magnard Rachel\" data-envira-caption=\"Magnard Rachel\" data-envira-retina=\"\" data-thumbnail=\"\"  itemprop=\"contentUrl\"><div class=\"envira-lazy\" data-test-width=\"640\" data-test-height=\"480\" style=\"padding-bottom:75%;\"><img decoding=\"async\" id=\"envira-gallery-image-23247\" class=\"envira-gallery-image envira-gallery-image-6\" data-envira-index=\"6\" src=\"https:\/\/persoclo.fr\/wp-content\/uploads\/2020\/11\/hfcf.png\" data-envira-src=\"https:\/\/persoclo.fr\/wp-content\/uploads\/2020\/11\/hfcf.png\" data-envira-gallery-id=\"23231\" data-envira-item-id=\"23247\" data-envira-caption=\"Magnard Rachel\" alt=\"Magnard Rachel\" title=\"Magnard Rachel\"  itemprop=\"thumbnailUrl\" data-envira-srcset=\"https:\/\/persoclo.fr\/wp-content\/uploads\/2020\/11\/hfcf.png 400w,https:\/\/persoclo.fr\/wp-content\/uploads\/2020\/11\/hfcf.png 2x\" srcset=\"data:image\/gif;base64,R0lGODlhAQABAIAAAP\/\/\/\/\/\/\/yH5BAEKAAEALAAAAAABAAEAAAICTAEAOw==\" \/><\/div><\/a><\/div><\/div><div id=\"envira-gallery-item-23248\" class=\"envira-gallery-item enviratope-item envira-gallery-item-7 envira-lazy-load\" style=\"padding-left: 5px; padding-bottom: 10px; padding-right: 5px;\"  itemscope itemtype=\"https:\/\/schema.org\/ImageObject\"><div class=\"envira-gallery-item-inner\"><div class=\"envira-gallery-position-overlay  envira-gallery-top-left\"><\/div><div class=\"envira-gallery-position-overlay  envira-gallery-top-right\"><\/div><div class=\"envira-gallery-position-overlay  envira-gallery-bottom-left\"><\/div><div class=\"envira-gallery-position-overlay  envira-gallery-bottom-right\"><\/div><a href=\"https:\/\/persoclo.fr\/wp-content\/uploads\/2020\/11\/ygflg.png\" class=\"envira-gallery-23231 envira-gallery-link\" rel=\"enviragallery23231\" title=\"Magnard Rachel\" data-envira-caption=\"Magnard Rachel\" data-envira-retina=\"\" data-thumbnail=\"\"  itemprop=\"contentUrl\"><div class=\"envira-lazy\" data-test-width=\"640\" data-test-height=\"480\" style=\"padding-bottom:75%;\"><img decoding=\"async\" id=\"envira-gallery-image-23248\" class=\"envira-gallery-image envira-gallery-image-7\" data-envira-index=\"7\" src=\"https:\/\/persoclo.fr\/wp-content\/uploads\/2020\/11\/ygflg.png\" data-envira-src=\"https:\/\/persoclo.fr\/wp-content\/uploads\/2020\/11\/ygflg.png\" data-envira-gallery-id=\"23231\" data-envira-item-id=\"23248\" data-envira-caption=\"Magnard Rachel\" alt=\"Magnard Rachel\" title=\"Magnard Rachel\"  itemprop=\"thumbnailUrl\" data-envira-srcset=\"https:\/\/persoclo.fr\/wp-content\/uploads\/2020\/11\/ygflg.png 400w,https:\/\/persoclo.fr\/wp-content\/uploads\/2020\/11\/ygflg.png 2x\" srcset=\"data:image\/gif;base64,R0lGODlhAQABAIAAAP\/\/\/\/\/\/\/yH5BAEKAAEALAAAAAABAAEAAAICTAEAOw==\" \/><\/div><\/a><\/div><\/div><div id=\"envira-gallery-item-23249\" class=\"envira-gallery-item enviratope-item envira-gallery-item-8 envira-lazy-load\" style=\"padding-left: 5px; padding-bottom: 10px; padding-right: 5px;\"  itemscope itemtype=\"https:\/\/schema.org\/ImageObject\"><div class=\"envira-gallery-item-inner\"><div class=\"envira-gallery-position-overlay  envira-gallery-top-left\"><\/div><div class=\"envira-gallery-position-overlay  envira-gallery-top-right\"><\/div><div class=\"envira-gallery-position-overlay  envira-gallery-bottom-left\"><\/div><div class=\"envira-gallery-position-overlay  envira-gallery-bottom-right\"><\/div><a href=\"https:\/\/persoclo.fr\/wp-content\/uploads\/2020\/11\/fd.png\" class=\"envira-gallery-23231 envira-gallery-link\" rel=\"enviragallery23231\" title=\"Magnard Rachel\" data-envira-caption=\"Magnard Rachel\" data-envira-retina=\"\" data-thumbnail=\"\"  itemprop=\"contentUrl\"><div class=\"envira-lazy\" data-test-width=\"640\" data-test-height=\"480\" style=\"padding-bottom:75%;\"><img decoding=\"async\" id=\"envira-gallery-image-23249\" class=\"envira-gallery-image envira-gallery-image-8\" data-envira-index=\"8\" src=\"https:\/\/persoclo.fr\/wp-content\/uploads\/2020\/11\/fd.png\" data-envira-src=\"https:\/\/persoclo.fr\/wp-content\/uploads\/2020\/11\/fd.png\" data-envira-gallery-id=\"23231\" data-envira-item-id=\"23249\" data-envira-caption=\"Magnard Rachel\" alt=\"Magnard Rachel\" title=\"Magnard Rachel\"  itemprop=\"thumbnailUrl\" data-envira-srcset=\"https:\/\/persoclo.fr\/wp-content\/uploads\/2020\/11\/fd.png 400w,https:\/\/persoclo.fr\/wp-content\/uploads\/2020\/11\/fd.png 2x\" srcset=\"data:image\/gif;base64,R0lGODlhAQABAIAAAP\/\/\/\/\/\/\/yH5BAEKAAEALAAAAAABAAEAAAICTAEAOw==\" \/><\/div><\/a><\/div><\/div><\/div><\/div><noscript><img decoding=\"async\" src=\"https:\/\/persoclo.fr\/wp-content\/uploads\/2020\/11\/umyhmiok.png\" alt=\"Magnard Rachel\" \/><img decoding=\"async\" src=\"https:\/\/persoclo.fr\/wp-content\/uploads\/2020\/11\/lkjygyg.png\" alt=\"Magnard Rachel\" \/><img decoding=\"async\" src=\"https:\/\/persoclo.fr\/wp-content\/uploads\/2020\/11\/uytuy.png\" alt=\"Magnard Rachel\" \/><img decoding=\"async\" src=\"https:\/\/persoclo.fr\/wp-content\/uploads\/2020\/11\/gjchg.png\" alt=\"Magnard Rachel\" \/><img decoding=\"async\" src=\"https:\/\/persoclo.fr\/wp-content\/uploads\/2020\/11\/yugjg.png\" alt=\"Magnard Rachel\" \/><img decoding=\"async\" src=\"https:\/\/persoclo.fr\/wp-content\/uploads\/2020\/11\/hfcf.png\" alt=\"Magnard Rachel\" \/><img decoding=\"async\" src=\"https:\/\/persoclo.fr\/wp-content\/uploads\/2020\/11\/ygflg.png\" alt=\"Magnard Rachel\" \/><img decoding=\"async\" src=\"https:\/\/persoclo.fr\/wp-content\/uploads\/2020\/11\/fd.png\" alt=\"Magnard Rachel\" \/><\/noscript><\/p>\n<\/div>\n<\/div><\/div><\/div><\/div><\/div><div id=\"pg-23255-2\"  class=\"panel-grid panel-has-style\" ><div class=\"panel-row-style panel-row-style-for-23255-2\" ><div id=\"pgc-23255-2-0\"  class=\"panel-grid-cell\" ><div class='the_champ_counter_container the_champ_horizontal_counter'><div id=\"panel-23255-2-0-0\" class=\"so-panel widget widget_thechamphorizontalcounter panel-first-child\" data-index=\"2\" ><ul class=\"the_champ_sharing_ul\"><li style=\"padding:7.35px 0 !important\" class=\"the_champ_facebook_like\"><div class=\"fb-like\" data-href=\"https:\/\/persoclo.fr\/en\/wp-json\/wp\/v2\/pages\/23255\" data-layout=\"button_count\" data-action=\"like\" data-show-faces=\"false\" data-share=\"false\"><\/div><\/li><\/ul><div style=\"clear:both\"><\/div><\/div><\/div><div id=\"panel-23255-2-0-1\" class=\"so-panel widget widget_sow-editor panel-last-child\" data-index=\"3\" ><div\n\t\t\t\n\t\t\tclass=\"so-widget-sow-editor so-widget-sow-editor-base\"\n\t\t\t\n\t\t>\n<div class=\"siteorigin-widget-tinymce textwidget\">\n\t<div style=\"\" id=\"the_champ_fb_commenting\"><div class=\"fb-comments\" data-href=\"https:\/\/persoclo.fr\/en\/les-toiles-dm-r\/\" data-numposts=\"0\" data-width=\"100%\" ><\/div><\/div><script type=\"text\/javascript\" src=\"\/\/connect.facebook.net\/en_US\/sdk.js\r\n    \"><\/script><script>FB.init({xfbml:1,version: \"v23.0\"});<\/script>\n<\/div>\n<\/div><\/div><\/div><\/div><\/div><div id=\"pg-23255-3\"  class=\"panel-grid panel-has-style\" ><div class=\"panel-row-style panel-row-style-for-23255-3\" ><div id=\"pgc-23255-3-0\"  class=\"panel-grid-cell\" ><div id=\"panel-23255-3-0-0\" class=\"so-panel widget widget_sow-editor panel-first-child\" data-index=\"4\" ><div\n\t\t\t\n\t\t\tclass=\"so-widget-sow-editor so-widget-sow-editor-base\"\n\t\t\t\n\t\t>\n<div class=\"siteorigin-widget-tinymce textwidget\">\n\t<h2 style=\"text-align: center;\">==============<\/h2>\n<h2 style=\"text-align: center;\"><strong>Je choisis cet artisan<\/strong><\/h2>\n<\/div>\n<\/div><\/div><div id=\"panel-23255-3-0-1\" class=\"so-panel widget widget_sow-button panel-last-child\" data-index=\"5\" ><div\n\t\t\t\n\t\t\tclass=\"so-widget-sow-button so-widget-sow-button-wire-e06600456520-23255\"\n\t\t\t\n\t\t><div class=\"ow-button-base ow-button-align-center\"\n>\n\t\t\t<a\n\t\t\t\t\thref=\"http:\/\/www.rachelmagnard.com\/\"\n\t\t\t\t\tclass=\"sowb-button ow-icon-placement-left ow-button-hover\" target=\"_blank\" rel=\"noopener noreferrer\" \t>\n\t\t<span>\n\t\t\t\n\t\t\tC'est parti!\t\t<\/span>\n\t\t\t<\/a>\n\t<\/div>\n<\/div><\/div><\/div><\/div><\/div><div id=\"pg-23255-4\"  class=\"panel-grid panel-has-style\" ><div class=\"panel-row-style panel-row-style-for-23255-4\" ><div id=\"pgc-23255-4-0\"  class=\"panel-grid-cell\" ><div id=\"panel-23255-4-0-0\" class=\"so-panel widget widget_sow-accordion panel-first-child panel-last-child\" data-index=\"6\" ><div\n\t\t\t\n\t\t\tclass=\"so-widget-sow-accordion so-widget-sow-accordion-default-a7f7c6c54927-23255\"\n\t\t\t\n\t\t><div>\n\t<div class=\"sow-accordion\">\n\t\t\t<div class=\"sow-accordion-panel\n\t\t\t\t\t\"\n\t\t\t\tdata-anchor-id=\"infos-pratiques\">\n\t\t\t\t\t<div class=\"sow-accordion-panel-header-container\" role=\"heading\" aria-level=\"2\">\n\t\t\t\t\t<div class=\"sow-accordion-panel-header\" tabindex=\"0\" role=\"button\" id=\"accordion-label-infos-pratiques\" aria-controls=\"accordion-content-infos-pratiques\" aria-expanded=\"false\">\n\t\t\t\t\t\t<div class=\"sow-accordion-title sow-accordion-title-icon-left\">\n\t\t\t\t\t\t\t\t\t\t\t\t\t\tInfos pratiques\t\t\t\t\t\t\t\t\t\t\t\t\t<\/div>\n\t\t\t\t\t\t<div class=\"sow-accordion-open-close-button\">\n\t\t\t\t\t\t\t<div class=\"sow-accordion-open-button\">\n\t\t\t\t\t\t\t\t<span class=\"sow-icon-ionicons\" data-sow-icon=\"&#xf218;\"\n\t\t \n\t\taria-hidden=\"true\"><\/span>\t\t\t\t\t\t\t<\/div>\n\t\t\t\t\t\t\t<div class=\"sow-accordion-close-button\">\n\t\t\t\t\t\t\t\t<span class=\"sow-icon-ionicons\" data-sow-icon=\"&#xf209;\"\n\t\t \n\t\taria-hidden=\"true\"><\/span>\t\t\t\t\t\t\t<\/div>\n\t\t\t\t\t\t<\/div>\n\t\t\t\t\t<\/div>\n\t\t\t\t<\/div>\n\n\t\t\t<div\n\t\t\t\tclass=\"sow-accordion-panel-content\"\n\t\t\t\trole=\"region\"\n\t\t\t\taria-labelledby=\"accordion-label-infos-pratiques\"\n\t\t\t\tid=\"accordion-content-infos-pratiques\"\n\t\t\t\tstyle=\"display: none;\"\t\t\t>\n\t\t\t\t<div class=\"sow-accordion-panel-border\">\n\t\t\t\t\t<p style=\"text-align: center;\">Rachel Magnard<\/p>\n<p style=\"text-align: center;\"><a href=\"http:\/\/www.rachelmagnard.com\/\">Site internet<\/a><\/p>\n<div class=\"\" style=\"text-align: center;\">Site de Grosberty<\/div>\n<div class=\"\" style=\"text-align: center;\">188 Avenue Ferdinand Janvier<\/div>\n<div class=\"\" style=\"text-align: center;\">07100 ANNONAY<\/div>\n<div style=\"text-align: center;\">Tel: 04 75 32 39 51<\/div>\n<p><span style=\"color: #ffffff;\"><b>\u00a0<\/b>CRPRS1\u00a0 \u00a0CRPRS0<\/span><\/p>\n\t\t\t\t<\/div>\n\t\t\t<\/div>\n\t\t<\/div>\n\t\t<\/div>\n<\/div>\n<\/div><\/div><\/div><\/div><\/div><\/div>","protected":false},"excerpt":{"rendered":"<p>Couture-Cr\u00e9er Parce que prendre le temps de vous rencontrer est ma priorit\u00e9, un espace d\u00e9di\u00e9 \u00e0 l&#8217;\u00e9coute et \u00e0 la cr\u00e9ation vous ouvre ses portes. Discret ou extravagant, avant-gardiste ou [&hellip;]<\/p>\n","protected":false},"author":91,"featured_media":0,"parent":0,"menu_order":0,"comment_status":"closed","ping_status":"closed","template":"template-full-width.php","meta":{"footnotes":""},"class_list":["post-23255","page","type-page","status-publish","hentry"],"translation":{"provider":"WPGlobus","version":"3.0.2","language":"en","enabled_languages":["fr","en"],"languages":{"fr":{"title":true,"content":true,"excerpt":false},"en":{"title":false,"content":false,"excerpt":false}}},"aioseo_notices":[],"_links":{"self":[{"href":"https:\/\/persoclo.fr\/en\/wp-json\/wp\/v2\/pages\/23255","targetHints":{"allow":["GET"]}}],"collection":[{"href":"https:\/\/persoclo.fr\/en\/wp-json\/wp\/v2\/pages"}],"about":[{"href":"https:\/\/persoclo.fr\/en\/wp-json\/wp\/v2\/types\/page"}],"author":[{"embeddable":true,"href":"https:\/\/persoclo.fr\/en\/wp-json\/wp\/v2\/users\/91"}],"replies":[{"embeddable":true,"href":"https:\/\/persoclo.fr\/en\/wp-json\/wp\/v2\/comments?post=23255"}],"version-history":[{"count":9,"href":"https:\/\/persoclo.fr\/en\/wp-json\/wp\/v2\/pages\/23255\/revisions"}],"predecessor-version":[{"id":23258,"href":"https:\/\/persoclo.fr\/en\/wp-json\/wp\/v2\/pages\/23255\/revisions\/23258"}],"wp:attachment":[{"href":"https:\/\/persoclo.fr\/en\/wp-json\/wp\/v2\/media?parent=23255"}],"curies":[{"name":"wp","href":"https:\/\/api.w.org\/{rel}","templated":true}]}}