{"id":23194,"date":"2020-11-15T15:09:23","date_gmt":"2020-11-15T14:09:23","guid":{"rendered":"https:\/\/persoclo.fr\/?page_id=23194"},"modified":"2020-12-31T19:21:00","modified_gmt":"2020-12-31T18:21:00","slug":"mes-propres-chaussures","status":"publish","type":"page","link":"https:\/\/persoclo.fr\/en\/mes-propres-chaussures\/","title":{"rendered":"Mes Propres Chaussures"},"content":{"rendered":"<div id=\"pl-23194\"  class=\"panel-layout\" ><div id=\"pg-23194-0\"  class=\"panel-grid panel-has-style\" ><div class=\"panel-row-style panel-row-style-for-23194-0\" ><div id=\"pgc-23194-0-0\"  class=\"panel-grid-cell\" ><div id=\"panel-23194-0-0-0\" class=\"so-panel widget widget_sow-editor panel-first-child panel-last-child\" data-index=\"0\" ><div\n\t\t\t\n\t\t\tclass=\"so-widget-sow-editor so-widget-sow-editor-base\"\n\t\t\t\n\t\t>\n<div class=\"siteorigin-widget-tinymce textwidget\">\n\t<p style=\"text-align: center;\"><span style=\"font-size: 14pt;\"><strong>Chaussures-<\/strong><b>Cr\u00e9er<\/b><\/span><\/p>\n<p><span style=\"font-size: 14pt;\"><a href=\"https:\/\/persoclo.fr\/wp-content\/uploads\/2020\/11\/mes-propres-chaussures.png\"><img loading=\"lazy\" decoding=\"async\" class=\"aligncenter wp-image-23196 \" src=\"https:\/\/persoclo.fr\/wp-content\/uploads\/2020\/11\/mes-propres-chaussures.png\" alt=\"\" width=\"309\" height=\"62\" srcset=\"https:\/\/persoclo.fr\/wp-content\/uploads\/2020\/11\/mes-propres-chaussures.png 399w, https:\/\/persoclo.fr\/wp-content\/uploads\/2020\/11\/mes-propres-chaussures-300x60.png 300w\" sizes=\"auto, (max-width: 309px) 100vw, 309px\" \/><\/a><\/span><\/p>\n<p style=\"text-align: center;\"><span style=\"font-size: 14pt;\">Votre atelier\u00a0<strong>Mes Propres Chaussures au Castellet<\/strong>\u00a0cr\u00e9er sur commande,\u00a0<strong>des souliers, mocassins, escarpins, derbies, bottes et bottines\u00a0sur-mesure pour femmes.<\/strong><\/span><\/p>\n<p style=\"text-align: center;\"><span style=\"font-size: 14pt;\"><strong>Votre bottier\u00a0<\/strong>vous propose des pi\u00e8ces uniques et originales qui t\u00e9moignent de la cr\u00e9ativit\u00e9 et du\u00a0<strong>savoir-faire artisanal de votre artisan.<\/strong><\/span><\/p>\n<p><span style=\"font-size: 14pt;\">Que vous recherchiez\u00a0<strong>des chaussures modernes<\/strong>,\u00a0<strong>r\u00e9tro, originales<\/strong>\u00a0ou bien\u00a0<strong>classiques,\u00a0<\/strong>faites confiance \u00e0 votre\u00a0<strong>bottier<\/strong>\u00a0dans le\u00a0<strong>Var<\/strong>\u00a0pour confectionner un\u00a0mod\u00e8le unique qui s\u2019accordera parfaitement avec\u00a0<strong>votre style vestimentaire.<\/strong><\/span><\/p>\n<p><span style=\"font-size: 14pt;\">D\u00e9couvrez les diff\u00e9rents mod\u00e8les confectionn\u00e9s par votre\u00a0<strong>cr\u00e9ateur de chaussures sur mesure\u00a0:<\/strong><\/span><\/p>\n<p style=\"text-align: center;\"><span style=\"font-size: 14pt;\">Escarpins - Mocassins - Richelieus - Salom\u00e9 - Derbies - Babies - Ballerines - Bottillons - Bottines - Bottes - Chaussures confort - Sandales - Imitations...<\/span><\/p>\n<p><span style=\"font-size: 14pt;\"><strong>Mes Propres Chaussures<\/strong> offre \u00e0 vos pieds la possibilit\u00e9\u00a0de porter de v\u00e9ritables bijoux\u00a0!<\/span><\/p>\n<\/div>\n<\/div><\/div><\/div><\/div><\/div><div id=\"pg-23194-1\"  class=\"panel-grid panel-has-style\" ><div class=\"panel-row-style panel-row-style-for-23194-1\" ><div id=\"pgc-23194-1-0\"  class=\"panel-grid-cell\" ><div id=\"panel-23194-1-0-0\" class=\"so-panel widget widget_sow-editor panel-first-child panel-last-child\" data-index=\"1\" ><div\n\t\t\t\n\t\t\tclass=\"so-widget-sow-editor so-widget-sow-editor-base\"\n\t\t\t\n\t\t>\n<div class=\"siteorigin-widget-tinymce textwidget\">\n\t<h3 style=\"text-align: center;\"><img loading=\"lazy\" decoding=\"async\" class=\"aligncenter wp-image-22785\" src=\"https:\/\/persoclo.fr\/wp-content\/uploads\/2020\/09\/Icone-realisation.png\" alt=\"\" width=\"290\" height=\"83\" srcset=\"https:\/\/persoclo.fr\/wp-content\/uploads\/2020\/09\/Icone-realisation.png 395w, https:\/\/persoclo.fr\/wp-content\/uploads\/2020\/09\/Icone-realisation-300x86.png 300w\" sizes=\"auto, (max-width: 290px) 100vw, 290px\" \/><\/h3>\n<p style=\"text-align: center;\"><div id=\"envira-gallery-wrap-23197\" class=\"envira-gallery-wrap envira-gallery-theme-base envira-lightbox-theme-base\" itemscope itemtype=\"https:\/\/schema.org\/ImageGallery\"><div data-row-height=\"\" data-gallery-theme=\"\" id=\"envira-gallery-23197\" class=\"envira-gallery-public  envira-gallery-3-columns envira-clear enviratope envira-gallery-css-animations\" data-envira-columns=\"3\"><div id=\"envira-gallery-item-23198\" class=\"envira-gallery-item enviratope-item envira-gallery-item-1 envira-lazy-load\" style=\"padding-left: 5px; padding-bottom: 10px; padding-right: 5px;\"  itemscope itemtype=\"https:\/\/schema.org\/ImageObject\"><div class=\"envira-gallery-item-inner\"><div class=\"envira-gallery-position-overlay  envira-gallery-top-left\"><\/div><div class=\"envira-gallery-position-overlay  envira-gallery-top-right\"><\/div><div class=\"envira-gallery-position-overlay  envira-gallery-bottom-left\"><\/div><div class=\"envira-gallery-position-overlay  envira-gallery-bottom-right\"><\/div><a href=\"https:\/\/persoclo.fr\/wp-content\/uploads\/2020\/11\/mpccc.png\" class=\"envira-gallery-23197 envira-gallery-link\" rel=\"enviragallery23197\" title=\"Mes Propres Chaussures\" data-envira-caption=\"Mes Propres Chaussures\" data-envira-retina=\"\" data-thumbnail=\"\"  itemprop=\"contentUrl\"><div class=\"envira-lazy\" data-test-width=\"640\" data-test-height=\"480\" style=\"padding-bottom:75%;\"><img decoding=\"async\" id=\"envira-gallery-image-23198\" class=\"envira-gallery-image envira-gallery-image-1\" data-envira-index=\"1\" src=\"https:\/\/persoclo.fr\/wp-content\/uploads\/2020\/11\/mpccc-150x150.png\" data-envira-src=\"https:\/\/persoclo.fr\/wp-content\/uploads\/2020\/11\/mpccc-150x150.png\" data-envira-gallery-id=\"23197\" data-envira-item-id=\"23198\" data-envira-caption=\"Mes Propres Chaussures\" alt=\"Mes Propres Chaussures\" title=\"Mes Propres Chaussures\"  itemprop=\"thumbnailUrl\" data-envira-srcset=\"https:\/\/persoclo.fr\/wp-content\/uploads\/2020\/11\/mpccc-150x150.png 400w,https:\/\/persoclo.fr\/wp-content\/uploads\/2020\/11\/mpccc-150x150.png 2x\" srcset=\"data:image\/gif;base64,R0lGODlhAQABAIAAAP\/\/\/\/\/\/\/yH5BAEKAAEALAAAAAABAAEAAAICTAEAOw==\" \/><\/div><\/a><\/div><\/div><div id=\"envira-gallery-item-23199\" class=\"envira-gallery-item enviratope-item envira-gallery-item-2 envira-lazy-load\" style=\"padding-left: 5px; padding-bottom: 10px; padding-right: 5px;\"  itemscope itemtype=\"https:\/\/schema.org\/ImageObject\"><div class=\"envira-gallery-item-inner\"><div class=\"envira-gallery-position-overlay  envira-gallery-top-left\"><\/div><div class=\"envira-gallery-position-overlay  envira-gallery-top-right\"><\/div><div class=\"envira-gallery-position-overlay  envira-gallery-bottom-left\"><\/div><div class=\"envira-gallery-position-overlay  envira-gallery-bottom-right\"><\/div><a href=\"https:\/\/persoclo.fr\/wp-content\/uploads\/2020\/11\/mpcc.png\" class=\"envira-gallery-23197 envira-gallery-link\" rel=\"enviragallery23197\" title=\"Mes Propres Chaussures\" data-envira-caption=\"Mes Propres Chaussures\" data-envira-retina=\"\" data-thumbnail=\"\"  itemprop=\"contentUrl\"><div class=\"envira-lazy\" data-test-width=\"640\" data-test-height=\"480\" style=\"padding-bottom:75%;\"><img decoding=\"async\" id=\"envira-gallery-image-23199\" class=\"envira-gallery-image envira-gallery-image-2\" data-envira-index=\"2\" src=\"https:\/\/persoclo.fr\/wp-content\/uploads\/2020\/11\/mpcc-150x150.png\" data-envira-src=\"https:\/\/persoclo.fr\/wp-content\/uploads\/2020\/11\/mpcc-150x150.png\" data-envira-gallery-id=\"23197\" data-envira-item-id=\"23199\" data-envira-caption=\"Mes Propres Chaussures\" alt=\"Mes Propres Chaussures\" title=\"Mes Propres Chaussures\"  itemprop=\"thumbnailUrl\" data-envira-srcset=\"https:\/\/persoclo.fr\/wp-content\/uploads\/2020\/11\/mpcc-150x150.png 400w,https:\/\/persoclo.fr\/wp-content\/uploads\/2020\/11\/mpcc-150x150.png 2x\" srcset=\"data:image\/gif;base64,R0lGODlhAQABAIAAAP\/\/\/\/\/\/\/yH5BAEKAAEALAAAAAABAAEAAAICTAEAOw==\" \/><\/div><\/a><\/div><\/div><div id=\"envira-gallery-item-23200\" class=\"envira-gallery-item enviratope-item envira-gallery-item-3 envira-lazy-load\" style=\"padding-left: 5px; padding-bottom: 10px; padding-right: 5px;\"  itemscope itemtype=\"https:\/\/schema.org\/ImageObject\"><div class=\"envira-gallery-item-inner\"><div class=\"envira-gallery-position-overlay  envira-gallery-top-left\"><\/div><div class=\"envira-gallery-position-overlay  envira-gallery-top-right\"><\/div><div class=\"envira-gallery-position-overlay  envira-gallery-bottom-left\"><\/div><div class=\"envira-gallery-position-overlay  envira-gallery-bottom-right\"><\/div><a href=\"https:\/\/persoclo.fr\/wp-content\/uploads\/2020\/11\/mpcn.png\" class=\"envira-gallery-23197 envira-gallery-link\" rel=\"enviragallery23197\" title=\"Mes Propres Chaussures\" data-envira-caption=\"Mes Propres Chaussures\" data-envira-retina=\"\" data-thumbnail=\"\"  itemprop=\"contentUrl\"><div class=\"envira-lazy\" data-test-width=\"640\" data-test-height=\"480\" style=\"padding-bottom:75%;\"><img decoding=\"async\" id=\"envira-gallery-image-23200\" class=\"envira-gallery-image envira-gallery-image-3\" data-envira-index=\"3\" src=\"https:\/\/persoclo.fr\/wp-content\/uploads\/2020\/11\/mpcn-150x150.png\" data-envira-src=\"https:\/\/persoclo.fr\/wp-content\/uploads\/2020\/11\/mpcn-150x150.png\" data-envira-gallery-id=\"23197\" data-envira-item-id=\"23200\" data-envira-caption=\"Mes Propres Chaussures\" alt=\"Mes Propres Chaussures\" title=\"Mes Propres Chaussures\"  itemprop=\"thumbnailUrl\" data-envira-srcset=\"https:\/\/persoclo.fr\/wp-content\/uploads\/2020\/11\/mpcn-150x150.png 400w,https:\/\/persoclo.fr\/wp-content\/uploads\/2020\/11\/mpcn-150x150.png 2x\" srcset=\"data:image\/gif;base64,R0lGODlhAQABAIAAAP\/\/\/\/\/\/\/yH5BAEKAAEALAAAAAABAAEAAAICTAEAOw==\" \/><\/div><\/a><\/div><\/div><div id=\"envira-gallery-item-23201\" class=\"envira-gallery-item enviratope-item envira-gallery-item-4 envira-lazy-load\" style=\"padding-left: 5px; padding-bottom: 10px; padding-right: 5px;\"  itemscope itemtype=\"https:\/\/schema.org\/ImageObject\"><div class=\"envira-gallery-item-inner\"><div class=\"envira-gallery-position-overlay  envira-gallery-top-left\"><\/div><div class=\"envira-gallery-position-overlay  envira-gallery-top-right\"><\/div><div class=\"envira-gallery-position-overlay  envira-gallery-bottom-left\"><\/div><div class=\"envira-gallery-position-overlay  envira-gallery-bottom-right\"><\/div><a href=\"https:\/\/persoclo.fr\/wp-content\/uploads\/2020\/11\/mpc3.png\" class=\"envira-gallery-23197 envira-gallery-link\" rel=\"enviragallery23197\" title=\"Mes Propres Chaussures\" data-envira-caption=\"Mes Propres Chaussures\" data-envira-retina=\"\" data-thumbnail=\"\"  itemprop=\"contentUrl\"><div class=\"envira-lazy\" data-test-width=\"640\" data-test-height=\"480\" style=\"padding-bottom:75%;\"><img decoding=\"async\" id=\"envira-gallery-image-23201\" class=\"envira-gallery-image envira-gallery-image-4\" data-envira-index=\"4\" src=\"https:\/\/persoclo.fr\/wp-content\/uploads\/2020\/11\/mpc3-150x150.png\" data-envira-src=\"https:\/\/persoclo.fr\/wp-content\/uploads\/2020\/11\/mpc3-150x150.png\" data-envira-gallery-id=\"23197\" data-envira-item-id=\"23201\" data-envira-caption=\"Mes Propres Chaussures\" alt=\"Mes Propres Chaussures\" title=\"Mes Propres Chaussures\"  itemprop=\"thumbnailUrl\" data-envira-srcset=\"https:\/\/persoclo.fr\/wp-content\/uploads\/2020\/11\/mpc3-150x150.png 400w,https:\/\/persoclo.fr\/wp-content\/uploads\/2020\/11\/mpc3-150x150.png 2x\" srcset=\"data:image\/gif;base64,R0lGODlhAQABAIAAAP\/\/\/\/\/\/\/yH5BAEKAAEALAAAAAABAAEAAAICTAEAOw==\" \/><\/div><\/a><\/div><\/div><div id=\"envira-gallery-item-23202\" class=\"envira-gallery-item enviratope-item envira-gallery-item-5 envira-lazy-load\" style=\"padding-left: 5px; padding-bottom: 10px; padding-right: 5px;\"  itemscope itemtype=\"https:\/\/schema.org\/ImageObject\"><div class=\"envira-gallery-item-inner\"><div class=\"envira-gallery-position-overlay  envira-gallery-top-left\"><\/div><div class=\"envira-gallery-position-overlay  envira-gallery-top-right\"><\/div><div class=\"envira-gallery-position-overlay  envira-gallery-bottom-left\"><\/div><div class=\"envira-gallery-position-overlay  envira-gallery-bottom-right\"><\/div><a href=\"https:\/\/persoclo.fr\/wp-content\/uploads\/2020\/11\/mpc2.png\" class=\"envira-gallery-23197 envira-gallery-link\" rel=\"enviragallery23197\" title=\"Mes Propres Chaussures\" data-envira-caption=\"Mes Propres Chaussures\" data-envira-retina=\"\" data-thumbnail=\"\"  itemprop=\"contentUrl\"><div class=\"envira-lazy\" data-test-width=\"640\" data-test-height=\"480\" style=\"padding-bottom:75%;\"><img decoding=\"async\" id=\"envira-gallery-image-23202\" class=\"envira-gallery-image envira-gallery-image-5\" data-envira-index=\"5\" src=\"https:\/\/persoclo.fr\/wp-content\/uploads\/2020\/11\/mpc2-150x150.png\" data-envira-src=\"https:\/\/persoclo.fr\/wp-content\/uploads\/2020\/11\/mpc2-150x150.png\" data-envira-gallery-id=\"23197\" data-envira-item-id=\"23202\" data-envira-caption=\"Mes Propres Chaussures\" alt=\"Mes Propres Chaussures\" title=\"Mes Propres Chaussures\"  itemprop=\"thumbnailUrl\" data-envira-srcset=\"https:\/\/persoclo.fr\/wp-content\/uploads\/2020\/11\/mpc2-150x150.png 400w,https:\/\/persoclo.fr\/wp-content\/uploads\/2020\/11\/mpc2-150x150.png 2x\" srcset=\"data:image\/gif;base64,R0lGODlhAQABAIAAAP\/\/\/\/\/\/\/yH5BAEKAAEALAAAAAABAAEAAAICTAEAOw==\" \/><\/div><\/a><\/div><\/div><div id=\"envira-gallery-item-23203\" class=\"envira-gallery-item enviratope-item envira-gallery-item-6 envira-lazy-load\" style=\"padding-left: 5px; padding-bottom: 10px; padding-right: 5px;\"  itemscope itemtype=\"https:\/\/schema.org\/ImageObject\"><div class=\"envira-gallery-item-inner\"><div class=\"envira-gallery-position-overlay  envira-gallery-top-left\"><\/div><div class=\"envira-gallery-position-overlay  envira-gallery-top-right\"><\/div><div class=\"envira-gallery-position-overlay  envira-gallery-bottom-left\"><\/div><div class=\"envira-gallery-position-overlay  envira-gallery-bottom-right\"><\/div><a href=\"https:\/\/persoclo.fr\/wp-content\/uploads\/2020\/11\/mpc.png\" class=\"envira-gallery-23197 envira-gallery-link\" rel=\"enviragallery23197\" title=\"Mes Propres Chaussures\" data-envira-caption=\"Mes Propres Chaussures\" data-envira-retina=\"\" data-thumbnail=\"\"  itemprop=\"contentUrl\"><div class=\"envira-lazy\" data-test-width=\"640\" data-test-height=\"480\" style=\"padding-bottom:75%;\"><img decoding=\"async\" id=\"envira-gallery-image-23203\" class=\"envira-gallery-image envira-gallery-image-6\" data-envira-index=\"6\" src=\"https:\/\/persoclo.fr\/wp-content\/uploads\/2020\/11\/mpc-150x150.png\" data-envira-src=\"https:\/\/persoclo.fr\/wp-content\/uploads\/2020\/11\/mpc-150x150.png\" data-envira-gallery-id=\"23197\" data-envira-item-id=\"23203\" data-envira-caption=\"Mes Propres Chaussures\" alt=\"Mes Propres Chaussures\" title=\"Mes Propres Chaussures\"  itemprop=\"thumbnailUrl\" data-envira-srcset=\"https:\/\/persoclo.fr\/wp-content\/uploads\/2020\/11\/mpc-150x150.png 400w,https:\/\/persoclo.fr\/wp-content\/uploads\/2020\/11\/mpc-150x150.png 2x\" srcset=\"data:image\/gif;base64,R0lGODlhAQABAIAAAP\/\/\/\/\/\/\/yH5BAEKAAEALAAAAAABAAEAAAICTAEAOw==\" \/><\/div><\/a><\/div><\/div><\/div><\/div><noscript><img decoding=\"async\" src=\"https:\/\/persoclo.fr\/wp-content\/uploads\/2020\/11\/mpccc.png\" alt=\"Mes Propres Chaussures\" \/><img decoding=\"async\" src=\"https:\/\/persoclo.fr\/wp-content\/uploads\/2020\/11\/mpcc.png\" alt=\"Mes Propres Chaussures\" \/><img decoding=\"async\" src=\"https:\/\/persoclo.fr\/wp-content\/uploads\/2020\/11\/mpcn.png\" alt=\"Mes Propres Chaussures\" \/><img decoding=\"async\" src=\"https:\/\/persoclo.fr\/wp-content\/uploads\/2020\/11\/mpc3.png\" alt=\"Mes Propres Chaussures\" \/><img decoding=\"async\" src=\"https:\/\/persoclo.fr\/wp-content\/uploads\/2020\/11\/mpc2.png\" alt=\"Mes Propres Chaussures\" \/><img decoding=\"async\" src=\"https:\/\/persoclo.fr\/wp-content\/uploads\/2020\/11\/mpc.png\" alt=\"Mes Propres Chaussures\" \/><\/noscript><\/p>\n<\/div>\n<\/div><\/div><\/div><\/div><\/div><div id=\"pg-23194-2\"  class=\"panel-grid panel-has-style\" ><div class=\"panel-row-style panel-row-style-for-23194-2\" ><div id=\"pgc-23194-2-0\"  class=\"panel-grid-cell\" ><div class='the_champ_counter_container the_champ_horizontal_counter'><div id=\"panel-23194-2-0-0\" class=\"so-panel widget widget_thechamphorizontalcounter panel-first-child\" data-index=\"2\" ><ul class=\"the_champ_sharing_ul\"><li style=\"padding:7.35px 0 !important\" class=\"the_champ_facebook_like\"><div class=\"fb-like\" data-href=\"https:\/\/persoclo.fr\/en\/wp-json\/wp\/v2\/pages\/23194\" data-layout=\"button_count\" data-action=\"like\" data-show-faces=\"false\" data-share=\"false\"><\/div><\/li><\/ul><div style=\"clear:both\"><\/div><\/div><\/div><div id=\"panel-23194-2-0-1\" class=\"so-panel widget widget_sow-editor panel-last-child\" data-index=\"3\" ><div\n\t\t\t\n\t\t\tclass=\"so-widget-sow-editor so-widget-sow-editor-base\"\n\t\t\t\n\t\t>\n<div class=\"siteorigin-widget-tinymce textwidget\">\n\t<div style=\"\" id=\"the_champ_fb_commenting\"><div class=\"fb-comments\" data-href=\"https:\/\/persoclo.fr\/en\/mes-propres-chaussures\/\" data-numposts=\"0\" data-width=\"100%\" ><\/div><\/div><script type=\"text\/javascript\" src=\"\/\/connect.facebook.net\/en_US\/sdk.js\r\n    \"><\/script><script>FB.init({xfbml:1,version: \"v23.0\"});<\/script>\n<\/div>\n<\/div><\/div><\/div><\/div><\/div><div id=\"pg-23194-3\"  class=\"panel-grid panel-has-style\" ><div class=\"panel-row-style panel-row-style-for-23194-3\" ><div id=\"pgc-23194-3-0\"  class=\"panel-grid-cell\" ><div id=\"panel-23194-3-0-0\" class=\"so-panel widget widget_sow-editor panel-first-child\" data-index=\"4\" ><div\n\t\t\t\n\t\t\tclass=\"so-widget-sow-editor so-widget-sow-editor-base\"\n\t\t\t\n\t\t>\n<div class=\"siteorigin-widget-tinymce textwidget\">\n\t<h2 style=\"text-align: center;\">============<\/h2>\n<h2 style=\"text-align: center;\"><strong>Je choisis cet artisan<\/strong><\/h2>\n<\/div>\n<\/div><\/div><div id=\"panel-23194-3-0-1\" class=\"so-panel widget widget_sow-button panel-last-child\" data-index=\"5\" ><div\n\t\t\t\n\t\t\tclass=\"so-widget-sow-button so-widget-sow-button-wire-a039bb0bb1ce-23194\"\n\t\t\t\n\t\t><div class=\"ow-button-base ow-button-align-center\"\n>\n\t\t\t<a\n\t\t\t\t\thref=\"https:\/\/www.chaussures-sur-mesure.fr\/creations-femmes\"\n\t\t\t\t\tclass=\"sowb-button ow-icon-placement-left ow-button-hover\" target=\"_blank\" rel=\"noopener noreferrer\" \t>\n\t\t<span>\n\t\t\t\n\t\t\tC'est parti!\t\t<\/span>\n\t\t\t<\/a>\n\t<\/div>\n<\/div><\/div><\/div><\/div><\/div><div id=\"pg-23194-4\"  class=\"panel-grid panel-has-style\" ><div class=\"panel-row-style panel-row-style-for-23194-4\" ><div id=\"pgc-23194-4-0\"  class=\"panel-grid-cell\" ><div id=\"panel-23194-4-0-0\" class=\"so-panel widget widget_sow-accordion panel-first-child panel-last-child\" data-index=\"6\" ><div\n\t\t\t\n\t\t\tclass=\"so-widget-sow-accordion so-widget-sow-accordion-default-a7f7c6c54927-23194\"\n\t\t\t\n\t\t><div>\n\t<div class=\"sow-accordion\">\n\t\t\t<div class=\"sow-accordion-panel\n\t\t\t\t\t\"\n\t\t\t\tdata-anchor-id=\"infos-pratiques\">\n\t\t\t\t\t<div class=\"sow-accordion-panel-header-container\" role=\"heading\" aria-level=\"2\">\n\t\t\t\t\t<div class=\"sow-accordion-panel-header\" tabindex=\"0\" role=\"button\" id=\"accordion-label-infos-pratiques\" aria-controls=\"accordion-content-infos-pratiques\" aria-expanded=\"false\">\n\t\t\t\t\t\t<div class=\"sow-accordion-title sow-accordion-title-icon-left\">\n\t\t\t\t\t\t\t\t\t\t\t\t\t\tInfos pratiques\t\t\t\t\t\t\t\t\t\t\t\t\t<\/div>\n\t\t\t\t\t\t<div class=\"sow-accordion-open-close-button\">\n\t\t\t\t\t\t\t<div class=\"sow-accordion-open-button\">\n\t\t\t\t\t\t\t\t<span class=\"sow-icon-ionicons\" data-sow-icon=\"&#xf218;\"\n\t\t \n\t\taria-hidden=\"true\"><\/span>\t\t\t\t\t\t\t<\/div>\n\t\t\t\t\t\t\t<div class=\"sow-accordion-close-button\">\n\t\t\t\t\t\t\t\t<span class=\"sow-icon-ionicons\" data-sow-icon=\"&#xf209;\"\n\t\t \n\t\taria-hidden=\"true\"><\/span>\t\t\t\t\t\t\t<\/div>\n\t\t\t\t\t\t<\/div>\n\t\t\t\t\t<\/div>\n\t\t\t\t<\/div>\n\n\t\t\t<div\n\t\t\t\tclass=\"sow-accordion-panel-content\"\n\t\t\t\trole=\"region\"\n\t\t\t\taria-labelledby=\"accordion-label-infos-pratiques\"\n\t\t\t\tid=\"accordion-content-infos-pratiques\"\n\t\t\t\tstyle=\"display: none;\"\t\t\t>\n\t\t\t\t<div class=\"sow-accordion-panel-border\">\n\t\t\t\t\t<p style=\"text-align: center;\">Mes Propres Souliers<\/p>\n<p style=\"text-align: center;\"><a href=\"https:\/\/www.dessinemoiunsoulier.com\/fr\">Site internet<\/a><\/p>\n<p style=\"text-align: center;\">83330 Le Castellet<\/p>\n<p style=\"text-align: center;\">Tel: 09 54 56 57 11\u00a0\/\u00a006 29 56 74 16<\/p>\n<p><span style=\"color: #ffffff;\"><b>CRPRS1 CRPRS3<\/b><\/span><\/p>\n\t\t\t\t<\/div>\n\t\t\t<\/div>\n\t\t<\/div>\n\t\t<\/div>\n<\/div>\n<\/div><\/div><\/div><\/div><\/div><\/div>","protected":false},"excerpt":{"rendered":"<p>Chaussures-Cr\u00e9er Votre atelier\u00a0Mes Propres Chaussures au Castellet\u00a0cr\u00e9er sur commande,\u00a0des souliers, mocassins, escarpins, derbies, bottes et bottines\u00a0sur-mesure pour femmes. Votre bottier\u00a0vous propose des pi\u00e8ces uniques et originales qui t\u00e9moignent de la [&hellip;]<\/p>\n","protected":false},"author":91,"featured_media":0,"parent":0,"menu_order":0,"comment_status":"closed","ping_status":"closed","template":"template-full-width.php","meta":{"footnotes":""},"class_list":["post-23194","page","type-page","status-publish","hentry"],"translation":{"provider":"WPGlobus","version":"3.0.2","language":"en","enabled_languages":["fr","en"],"languages":{"fr":{"title":true,"content":true,"excerpt":false},"en":{"title":false,"content":false,"excerpt":false}}},"aioseo_notices":[],"_links":{"self":[{"href":"https:\/\/persoclo.fr\/en\/wp-json\/wp\/v2\/pages\/23194","targetHints":{"allow":["GET"]}}],"collection":[{"href":"https:\/\/persoclo.fr\/en\/wp-json\/wp\/v2\/pages"}],"about":[{"href":"https:\/\/persoclo.fr\/en\/wp-json\/wp\/v2\/types\/page"}],"author":[{"embeddable":true,"href":"https:\/\/persoclo.fr\/en\/wp-json\/wp\/v2\/users\/91"}],"replies":[{"embeddable":true,"href":"https:\/\/persoclo.fr\/en\/wp-json\/wp\/v2\/comments?post=23194"}],"version-history":[{"count":7,"href":"https:\/\/persoclo.fr\/en\/wp-json\/wp\/v2\/pages\/23194\/revisions"}],"predecessor-version":[{"id":23217,"href":"https:\/\/persoclo.fr\/en\/wp-json\/wp\/v2\/pages\/23194\/revisions\/23217"}],"wp:attachment":[{"href":"https:\/\/persoclo.fr\/en\/wp-json\/wp\/v2\/media?parent=23194"}],"curies":[{"name":"wp","href":"https:\/\/api.w.org\/{rel}","templated":true}]}}