{"id":22792,"date":"2020-09-23T23:26:06","date_gmt":"2020-09-23T22:26:06","guid":{"rendered":"https:\/\/persoclo.fr\/?page_id=22792"},"modified":"2021-01-01T17:44:41","modified_gmt":"2021-01-01T16:44:41","slug":"amand","status":"publish","type":"page","link":"https:\/\/persoclo.fr\/en\/amand\/","title":{"rendered":"AMAND"},"content":{"rendered":"<div id=\"pl-22792\"  class=\"panel-layout\"><div id=\"pg-22792-0\"  class=\"panel-grid panel-has-style\"><div class=\"panel-row-style panel-row-style-for-22792-0\"><div id=\"pgc-22792-0-0\"  class=\"panel-grid-cell\"><div id=\"panel-22792-0-0-0\" class=\"so-panel widget widget_sow-editor panel-first-child panel-last-child\" data-index=\"0\"><div\n\t\t\t\n\t\t\tclass=\"so-widget-sow-editor so-widget-sow-editor-base\">\n<div class=\"siteorigin-widget-tinymce textwidget\">\n\t<p style=\"text-align: center;\"><span style=\"font-size: 14pt;\"><strong>Maroquinerie-Cr\u00e9ation<\/strong><\/span><\/p>\n<p><span style=\"font-size: 14pt;\"><img loading=\"lazy\" decoding=\"async\" class=\"aligncenter wp-image-22805 size-full\" src=\"https:\/\/persoclo.fr\/wp-content\/uploads\/2020\/09\/amand-1.png\" alt=\"\" width=\"262\" height=\"103\" \/><\/span><\/p>\n<p><span style=\"font-size: 14pt;\"><img loading=\"lazy\" decoding=\"async\" class=\"aligncenter size-full wp-image-23510\" src=\"https:\/\/persoclo.fr\/wp-content\/uploads\/2020\/12\/dqsfsd.png\" alt=\"\" width=\"402\" height=\"28\" srcset=\"https:\/\/persoclo.fr\/wp-content\/uploads\/2020\/12\/dqsfsd.png 402w, https:\/\/persoclo.fr\/wp-content\/uploads\/2020\/12\/dqsfsd-400x28.png 400w, https:\/\/persoclo.fr\/wp-content\/uploads\/2020\/12\/dqsfsd-300x21.png 300w\" sizes=\"auto, (max-width: 402px) 100vw, 402px\" \/><\/span><\/p>\n<p style=\"text-align: center;\"><span style=\"font-size: 14pt;\"><strong>ET SI LE TEMPS D\u2019UN INSTANT, C\u2019\u00c9TAIT VOUS LE CR\u00c9ATEUR ?<\/strong><\/span><\/p>\n<div class=\" et_pb_row et_pb_row_3\">\n<div class=\"et_pb_column et_pb_column_1_2 et_pb_column_8\">\n<div class=\"et_pb_text et_pb_module et_pb_bg_layout_light et_pb_text_align_left et_pb_text_2\">\n<p style=\"text-align: center;\"><span style=\"font-size: 14pt;\"><strong>ll vous est aussi possible de commander vos propres cr\u00e9ations gr\u00e2ce \u00e0 l\u2019onglet \u00ab\u00a0sur-mesure\u00a0\u00bb.<\/strong><\/span><br \/>\n<span style=\"font-size: 14pt;\">A travers le formulaire de demande interactif, vous pouvez simuler votre sac id\u00e9al, et envoyer une demande de r\u00e9alisation.<\/span><\/p>\n<\/div>\n<\/div>\n<\/div>\n<div class=\" et_pb_row et_pb_row_4\">\n<div class=\"et_pb_column et_pb_column_4_4 et_pb_column_9\">\n<div class=\"et_pb_text et_pb_module et_pb_bg_layout_light et_pb_text_align_center et_pb_text_3\">\n<p style=\"text-align: center;\"><span style=\"font-size: 14pt;\">J\u2019esp\u00e8re que l\u2019univers A.M.A.N.D vous plaira, moi il rend mes journ\u00e9es encore plus belles\u00a0\u2026<\/span><\/p>\n<p style=\"text-align: center;\"><span style=\"font-size: 14pt;\">N\u2019h\u00e9sitez pas \u00e0 \u00e9changer et me faire partager votre avis sur la marque et les collections dans la rubrique contact. Je serai ravie d\u2019en discuter avec vous.<\/span> <span style=\"font-size: 14pt;\"><span style=\"color: #ffffff;\">cRPRS1\u00a0 CRPRS2<\/span><\/span><\/p>\n<\/div>\n<\/div>\n<\/div>\n<p><\/p><\/div><\/div><\/div><\/div><\/div><\/div><\/div><p> <a href=\"https:\/\/persoclo.fr\/en\/amand\/#more-22792\" class=\"more-link\">Read More<\/a><\/p>","protected":false},"excerpt":{"rendered":"<p>Maroquinerie-Cr\u00e9ation ET SI LE TEMPS D\u2019UN INSTANT, C\u2019\u00c9TAIT VOUS LE CR\u00c9ATEUR ? ll vous est aussi possible de commander vos propres cr\u00e9ations gr\u00e2ce \u00e0 l\u2019onglet \u00ab\u00a0sur-mesure\u00a0\u00bb. A travers le formulaire [&hellip;]<\/p>\n","protected":false},"author":91,"featured_media":0,"parent":0,"menu_order":0,"comment_status":"closed","ping_status":"closed","template":"template-full-width.php","meta":{"footnotes":""},"class_list":["post-22792","page","type-page","status-publish","hentry"],"translation":{"provider":"WPGlobus","version":"3.0.2","language":"en","enabled_languages":["fr","en"],"languages":{"fr":{"title":true,"content":true,"excerpt":false},"en":{"title":false,"content":false,"excerpt":false}}},"aioseo_notices":[],"_links":{"self":[{"href":"https:\/\/persoclo.fr\/en\/wp-json\/wp\/v2\/pages\/22792","targetHints":{"allow":["GET"]}}],"collection":[{"href":"https:\/\/persoclo.fr\/en\/wp-json\/wp\/v2\/pages"}],"about":[{"href":"https:\/\/persoclo.fr\/en\/wp-json\/wp\/v2\/types\/page"}],"author":[{"embeddable":true,"href":"https:\/\/persoclo.fr\/en\/wp-json\/wp\/v2\/users\/91"}],"replies":[{"embeddable":true,"href":"https:\/\/persoclo.fr\/en\/wp-json\/wp\/v2\/comments?post=22792"}],"version-history":[{"count":15,"href":"https:\/\/persoclo.fr\/en\/wp-json\/wp\/v2\/pages\/22792\/revisions"}],"predecessor-version":[{"id":23877,"href":"https:\/\/persoclo.fr\/en\/wp-json\/wp\/v2\/pages\/22792\/revisions\/23877"}],"wp:attachment":[{"href":"https:\/\/persoclo.fr\/en\/wp-json\/wp\/v2\/media?parent=22792"}],"curies":[{"name":"wp","href":"https:\/\/api.w.org\/{rel}","templated":true}]}}